{"id":30631,"date":"2018-10-02T13:58:21","date_gmt":"2018-10-02T13:58:21","guid":{"rendered":"https:\/\/staging-schaffenburg.nl\/product\/dextro-plus-elektrischer-sitz-steh-schreibtisch\/"},"modified":"2018-10-02T13:58:21","modified_gmt":"2018-10-02T13:58:21","slug":"dextro-plus-elektrischer-sitz-steh-schreibtisch","status":"publish","type":"product","link":"https:\/\/portal.schaffenburg.nl\/de\/produkt\/dextro-plus-elektrischer-sitz-steh-schreibtisch\/","title":{"rendered":"Dextro Plus elektrischer Sitz-Steh-Schreibtisch"},"content":{"rendered":"Arbeiten Sie in Bewegung mit dem elektrischen Sitz-\/Stehpult Dextro Plus! Mit zwei Motoren, die vollst\u00e4ndig in die Beine integriert sind, erf\u00fcllt der Schreibtisch die NPR1813-Richtlinie bis zu einer H\u00f6he von 130 cm. Genie\u00dfen Sie die ger\u00e4uschlose Bewegung von hoch zu niedrig \u00fcber das Touch-Display mit drei Speicherfunktionen und Sicherheitsstopp. Verwenden Sie ihn als Schreibtisch oder Konferenztisch und w\u00e4hlen Sie aus drei Gestellfarben und sieben Plattenfarben.   \nDie vom T\u00dcV Rheinland nach EN527 gepr\u00fcfte und zertifizierte DEXTRO PLUS Serie hat eine maximale Tragkraft von 100 kg. Dank seiner zwei Motoren l\u00e4sst er sich von 64,5 - 130,5 cm mit einer Geschwindigkeit von 38 mm pro Sekunde verstellen. Der Schreibtisch kann mit Kabelmanagement-Zubeh\u00f6r, CPU-Halter und Frontplatte aus Stahl erweitert werden.  \nDie Bedienung des Dextro Plus Tisches erfolgt ganz einfach \u00fcber das Bedienfeld unter der Tischplatte. Die Tischplatten aus 25 mm starkem Melamin sind in verschiedenen Farben erh\u00e4ltlich und ruhen auf einem stabilen Metallgestell mit T-F\u00fc\u00dfen, die mit verstellbaren F\u00fc\u00dfen ausgestattet sind. \nEntscheiden Sie sich f\u00fcr Bewegung am Arbeitsplatz mit der Dextro Plus Serie. Neben dem elektrischen Sitz-Steh-Tisch ist der Schreibtisch auch als Dextro Basic, Dextro Slinger und Dextro Plus Duo erh\u00e4ltlich. Lassen Sie Ihren Arbeitsplatz f\u00fcr sich arbeiten mit der Dextro Plus Serie!  \n<h6>Eigenschaften<\/h6>\n<ul>\n<li>H\u00f6henverstellbar durch Elektromotor<\/li>\n<li>H\u00f6henverstellbar von 64,5 - 130,5 cm<\/li>\n<li>38 mm pro Sekunde mit 2 Motoren<\/li>\n<li>Maximale Belastung: 100 kg<\/li>\n<li>Erweiterbar mit Kabelmanagement-Zubeh\u00f6r, CPU-Halter und Frontplattenstahl<\/li>\n<li>Ausgestattet mit einer elektrischen H\u00f6henverstellung (Sitz-Steh-Arbeitsplatz)<\/li>\n<li>Bedienung mit Bedienfeld unter der Arbeitsplatte<\/li>\n<li>Verschiedene Farben f\u00fcr Oberteil und Rahmen<\/li>\n<li>Tischplatten aus 25 mm starkem Melamin<\/li>\n<li>Sockel aus Metall<\/li>\n<li>T-Fu\u00df mit verstellbaren F\u00fc\u00dfen<\/li>\n<li>Auch erh\u00e4ltlich als <a href=\"https:\/\/www.schaffenburg.nl\/shop\/snellever\/dextro-basic-elektrisch-bureau\/\" target=\"_blank\" rel=\"noopener noreferrer\">Dextro Basic<\/a>, <a href=\"https:\/\/www.schaffenburg.nl\/shop\/snellever\/dextro-slinger-bureau\/\" target=\"_blank\" rel=\"noopener noreferrer\">Dextro Slinger<\/a> und <a href=\"https:\/\/www.schaffenburg.nl\/shop\/snellever\/dextro-plus-duo-bureaus\/\" target=\"_blank\" rel=\"noopener noreferrer\">Dextro Plus Duo<\/a><\/li>\n<\/ul>\n","protected":false},"excerpt":{"rendered":"<p>Der elektrische Sitz-\/Stehtisch Dextro Plus ist ein hochwertiger, verstellbarer Schreibtisch mit zwei Motoren in den Beinen. Durch die ger\u00e4uschlose Bewegung und das Touch-Display mit Speicherfunktionen kann der Tisch sowohl als Schreibtisch als auch als Konferenztisch verwendet werden. Erh\u00e4ltlich in verschiedenen Farben und erweiterbar mit Zubeh\u00f6r.  <\/p>\n","protected":false},"featured_media":17048,"comment_status":"closed","ping_status":"closed","template":"","meta":{"_acf_changed":false},"product_brand":[],"product_cat":[2882,2883,2140],"product_tag":[2148,2902,2918,5074,2153,2903,2972,5075,2285,2904,3133,5076,2295,2905,3681,5077,2467,2906,3724,5078,2618,2907,3957,5079,2619,2908,4078,5080,2620,2909,4086,5081,2641,2910,4088,5082,2884,2911,4228,5083,2886,2912,4370,2890,2913,4376,2891,2914,4377,2892,2915,4429,2900,2916,5046,2142,2901,2917,5048],"class_list":{"0":"post-30631","1":"product","2":"type-product","3":"status-publish","4":"has-post-thumbnail","6":"product_cat-schreibtische","7":"product_cat-sitz-steh-schreibtische","8":"product_cat-schnelle-lieferung","9":"product_tag-entwurf","10":"product_tag-hoehenverstellbar","11":"product_tag-touch-display-de","12":"product_tag-100-kg-last","13":"product_tag-nachhaltigkeit","14":"product_tag-buero","15":"product_tag-von-zu-hause-aus-arbeiten","16":"product_tag-2-motoren-de","17":"product_tag-buro","18":"product_tag-t-bein","19":"product_tag-zubehoer","20":"product_tag-bewegung-in-der-werkstatt","21":"product_tag-solide-de","22":"product_tag-tabelle","23":"product_tag-von-zu-hause-aus-arbeiten-de","24":"product_tag-dextro-plus-serie-de","25":"product_tag-produktivitat","26":"product_tag-sit-sta","27":"product_tag-plus-de","28":"product_tag-en527-getestet","29":"product_tag-heimburo","30":"product_tag-bedienfeld","31":"product_tag-umweltfreundlich","32":"product_tag-ergonomischer-schreibtisch","33":"product_tag-buro-de","34":"product_tag-dextro-basic-de","35":"product_tag-schreibtisch-de","36":"product_tag-gerauschloser-schreibtisch","37":"product_tag-kabelmanagement-de","38":"product_tag-dextro-plus-duo-de","39":"product_tag-gesunde-arbeit","40":"product_tag-npr1813-richtlinie","41":"product_tag-ergonomie-de","42":"product_tag-elektrisch-de","43":"product_tag-konzentration","44":"product_tag-tuv-rheinland-zertifiziert","45":"product_tag-npr-1813-de","46":"product_tag-elektromotor-de","47":"product_tag-steh-sitz-schreibtisch","48":"product_tag-verstellbarer-schreibtisch","49":"product_tag-cpu-halter","50":"product_tag-metallbasis","51":"product_tag-verschiedene-farben-de","52":"product_tag-nivellierfuesse","53":"product_tag-besprechungstisch","54":"product_tag-schreibtische","55":"product_tag-schreibtisch","56":"product_tag-stumm","57":"product_tag-schreibtisch-tische","58":"product_tag-dextro-de","59":"product_tag-speicher","60":"product_tag-25-mm-dickes-melamin","61":"product_tag-dextro-schleuder","62":"product_tag-speicherfunktionen","63":"product_tag-elektrischer-schreibtisch","64":"product_tag-komfort","65":"product_tag-frontplatte-aus-stahl","66":"product_tag-solide-moebel","67":"product_tag-t-beine","68":"pa_blad-kleur-eiche-robbson","69":"pa_blad-kleur-halifax-auswaerts","70":"pa_blad-kleur-havanna-kirsche-hell","71":"pa_blad-kleur-hellgrau","72":"pa_blad-kleur-honig-castello","73":"pa_blad-kleur-kreideweiss","74":"pa_blad-kleur-lindberg-oak-abgehend","75":"pa_blad-kleur-logan-eiche","76":"pa_blad-kleur-schatten-schwarz","77":"pa_bladsoort-25mm-melamin","78":"pa_diepte-100cm-de","79":"pa_diepte-80cm-de","80":"pa_diepte-90cm-de","81":"pa_frame-kleur-aluminium-ral9006-de","82":"pa_frame-kleur-schwarz-ral9011","83":"pa_frame-kleur-weiss-ral9010","84":"pa_hoogte-64-130cm-de","85":"pa_lengte-120cm-de","86":"pa_lengte-140cm-de","87":"pa_lengte-160cm-de","88":"pa_lengte-180cm-de","89":"pa_lengte-200cm-de","90":"pa_onderstel-elektrische-sitz-stehverstellung","91":"pa_soorten-poot-t-bein","92":"pa_vorm-rechtwinklig","94":"first","95":"instock","96":"purchasable","97":"product-type-variable"},"acf":{"downloads":[{"label":"DEXTRO-PLUS-memory-2-11-2021","bestand":34671,"toegankelijkheid":"resellers"},{"label":"Zertifizierungsdokument-DEXTRO-PLUS","bestand":34674,"toegankelijkheid":"resellers"},{"label":"DEXTRO-PLUS-MEMORY-ENG","bestand":34677,"toegankelijkheid":"resellers"},{"label":"factsheet_OS_Dextro_plus_2019_v3","bestand":26670,"toegankelijkheid":"openbaar"},{"label":"factsheet_OS_Dextro_plus_2019_v4","bestand":26674,"toegankelijkheid":"resellers"},{"label":"factsheet_OS_Dextro_plus_2019-v1","bestand":34819,"toegankelijkheid":"resellers"},{"label":"","bestand":34822,"toegankelijkheid":"resellers"},{"label":"","bestand":34825,"toegankelijkheid":"resellers"}]},"yoast_head":"<!-- This site is optimized with the Yoast SEO plugin v26.7 - https:\/\/yoast.com\/wordpress\/plugins\/seo\/ -->\n<title>Dextro Plus elektrischer Sitz-Steh-Schreibtisch - Schaffenburg<\/title>\n<meta name=\"robots\" content=\"index, follow, max-snippet:-1, max-image-preview:large, max-video-preview:-1\" \/>\n<link rel=\"canonical\" href=\"https:\/\/portal.schaffenburg.nl\/de\/produkt\/dextro-plus-elektrischer-sitz-steh-schreibtisch\/\" \/>\n<meta property=\"og:locale\" content=\"de_DE\" \/>\n<meta property=\"og:type\" content=\"article\" \/>\n<meta property=\"og:title\" content=\"Dextro Plus elektrischer Sitz-Steh-Schreibtisch - Schaffenburg\" \/>\n<meta property=\"og:description\" content=\"Der elektrische Sitz-\/Stehtisch Dextro Plus ist ein hochwertiger, verstellbarer Schreibtisch mit zwei Motoren in den Beinen. Durch die ger\u00e4uschlose Bewegung und das Touch-Display mit Speicherfunktionen kann der Tisch sowohl als Schreibtisch als auch als Konferenztisch verwendet werden. Erh\u00e4ltlich in verschiedenen Farben und erweiterbar mit Zubeh\u00f6r.\" \/>\n<meta property=\"og:url\" content=\"https:\/\/portal.schaffenburg.nl\/de\/produkt\/dextro-plus-elektrischer-sitz-steh-schreibtisch\/\" \/>\n<meta property=\"og:site_name\" content=\"Schaffenburg\" \/>\n<meta property=\"og:image\" content=\"https:\/\/portal.schaffenburg.nl\/wp-content\/uploads\/2024\/09\/Tafel_verhoging_dextro-plus.jpg?wsr\" \/>\n\t<meta property=\"og:image:width\" content=\"1772\" \/>\n\t<meta property=\"og:image:height\" content=\"1772\" \/>\n\t<meta property=\"og:image:type\" content=\"image\/jpeg\" \/>\n<meta name=\"twitter:card\" content=\"summary_large_image\" \/>\n<meta name=\"twitter:label1\" content=\"Gesch\u00e4tzte Lesezeit\" \/>\n\t<meta name=\"twitter:data1\" content=\"1\u00a0Minute\" \/>\n<script type=\"application\/ld+json\" class=\"yoast-schema-graph\">{\"@context\":\"https:\/\/schema.org\",\"@graph\":[{\"@type\":\"WebPage\",\"@id\":\"https:\/\/portal.schaffenburg.nl\/de\/produkt\/dextro-plus-elektrischer-sitz-steh-schreibtisch\/\",\"url\":\"https:\/\/portal.schaffenburg.nl\/de\/produkt\/dextro-plus-elektrischer-sitz-steh-schreibtisch\/\",\"name\":\"Dextro Plus elektrischer Sitz-Steh-Schreibtisch - Schaffenburg\",\"isPartOf\":{\"@id\":\"https:\/\/portal.schaffenburg.nl\/de\/#website\"},\"primaryImageOfPage\":{\"@id\":\"https:\/\/portal.schaffenburg.nl\/de\/produkt\/dextro-plus-elektrischer-sitz-steh-schreibtisch\/#primaryimage\"},\"image\":{\"@id\":\"https:\/\/portal.schaffenburg.nl\/de\/produkt\/dextro-plus-elektrischer-sitz-steh-schreibtisch\/#primaryimage\"},\"thumbnailUrl\":\"https:\/\/portal.schaffenburg.nl\/wp-content\/uploads\/2024\/09\/Tafel_verhoging_dextro-plus.jpg?wsr\",\"datePublished\":\"2018-10-02T13:58:21+00:00\",\"breadcrumb\":{\"@id\":\"https:\/\/portal.schaffenburg.nl\/de\/produkt\/dextro-plus-elektrischer-sitz-steh-schreibtisch\/#breadcrumb\"},\"inLanguage\":\"de\",\"potentialAction\":[{\"@type\":\"ReadAction\",\"target\":[\"https:\/\/portal.schaffenburg.nl\/de\/produkt\/dextro-plus-elektrischer-sitz-steh-schreibtisch\/\"]}]},{\"@type\":\"ImageObject\",\"inLanguage\":\"de\",\"@id\":\"https:\/\/portal.schaffenburg.nl\/de\/produkt\/dextro-plus-elektrischer-sitz-steh-schreibtisch\/#primaryimage\",\"url\":\"https:\/\/portal.schaffenburg.nl\/wp-content\/uploads\/2024\/09\/Tafel_verhoging_dextro-plus.jpg?wsr\",\"contentUrl\":\"https:\/\/portal.schaffenburg.nl\/wp-content\/uploads\/2024\/09\/Tafel_verhoging_dextro-plus.jpg?wsr\",\"width\":1772,\"height\":1772,\"caption\":\"Dextro Plus elektrischer Sitz-Steh-Schreibtisch\"},{\"@type\":\"BreadcrumbList\",\"@id\":\"https:\/\/portal.schaffenburg.nl\/de\/produkt\/dextro-plus-elektrischer-sitz-steh-schreibtisch\/#breadcrumb\",\"itemListElement\":[{\"@type\":\"ListItem\",\"position\":1,\"name\":\"Home\",\"item\":\"https:\/\/portal.schaffenburg.nl\/de\/\"},{\"@type\":\"ListItem\",\"position\":2,\"name\":\"Dextro Plus elektrischer Sitz-Steh-Schreibtisch\"}]},{\"@type\":\"WebSite\",\"@id\":\"https:\/\/portal.schaffenburg.nl\/de\/#website\",\"url\":\"https:\/\/portal.schaffenburg.nl\/de\/\",\"name\":\"Schaffenburg\",\"description\":\"\",\"potentialAction\":[{\"@type\":\"SearchAction\",\"target\":{\"@type\":\"EntryPoint\",\"urlTemplate\":\"https:\/\/portal.schaffenburg.nl\/de\/?s={search_term_string}\"},\"query-input\":{\"@type\":\"PropertyValueSpecification\",\"valueRequired\":true,\"valueName\":\"search_term_string\"}}],\"inLanguage\":\"de\"}]}<\/script>\n<!-- \/ Yoast SEO plugin. -->","yoast_head_json":{"title":"Dextro Plus elektrischer Sitz-Steh-Schreibtisch - Schaffenburg","robots":{"index":"index","follow":"follow","max-snippet":"max-snippet:-1","max-image-preview":"max-image-preview:large","max-video-preview":"max-video-preview:-1"},"canonical":"https:\/\/portal.schaffenburg.nl\/de\/produkt\/dextro-plus-elektrischer-sitz-steh-schreibtisch\/","og_locale":"de_DE","og_type":"article","og_title":"Dextro Plus elektrischer Sitz-Steh-Schreibtisch - Schaffenburg","og_description":"Der elektrische Sitz-\/Stehtisch Dextro Plus ist ein hochwertiger, verstellbarer Schreibtisch mit zwei Motoren in den Beinen. Durch die ger\u00e4uschlose Bewegung und das Touch-Display mit Speicherfunktionen kann der Tisch sowohl als Schreibtisch als auch als Konferenztisch verwendet werden. Erh\u00e4ltlich in verschiedenen Farben und erweiterbar mit Zubeh\u00f6r.","og_url":"https:\/\/portal.schaffenburg.nl\/de\/produkt\/dextro-plus-elektrischer-sitz-steh-schreibtisch\/","og_site_name":"Schaffenburg","og_image":[{"width":1772,"height":1772,"url":"https:\/\/portal.schaffenburg.nl\/wp-content\/uploads\/2024\/09\/Tafel_verhoging_dextro-plus.jpg?wsr","type":"image\/jpeg"}],"twitter_card":"summary_large_image","twitter_misc":{"Gesch\u00e4tzte Lesezeit":"1\u00a0Minute"},"schema":{"@context":"https:\/\/schema.org","@graph":[{"@type":"WebPage","@id":"https:\/\/portal.schaffenburg.nl\/de\/produkt\/dextro-plus-elektrischer-sitz-steh-schreibtisch\/","url":"https:\/\/portal.schaffenburg.nl\/de\/produkt\/dextro-plus-elektrischer-sitz-steh-schreibtisch\/","name":"Dextro Plus elektrischer Sitz-Steh-Schreibtisch - Schaffenburg","isPartOf":{"@id":"https:\/\/portal.schaffenburg.nl\/de\/#website"},"primaryImageOfPage":{"@id":"https:\/\/portal.schaffenburg.nl\/de\/produkt\/dextro-plus-elektrischer-sitz-steh-schreibtisch\/#primaryimage"},"image":{"@id":"https:\/\/portal.schaffenburg.nl\/de\/produkt\/dextro-plus-elektrischer-sitz-steh-schreibtisch\/#primaryimage"},"thumbnailUrl":"https:\/\/portal.schaffenburg.nl\/wp-content\/uploads\/2024\/09\/Tafel_verhoging_dextro-plus.jpg?wsr","datePublished":"2018-10-02T13:58:21+00:00","breadcrumb":{"@id":"https:\/\/portal.schaffenburg.nl\/de\/produkt\/dextro-plus-elektrischer-sitz-steh-schreibtisch\/#breadcrumb"},"inLanguage":"de","potentialAction":[{"@type":"ReadAction","target":["https:\/\/portal.schaffenburg.nl\/de\/produkt\/dextro-plus-elektrischer-sitz-steh-schreibtisch\/"]}]},{"@type":"ImageObject","inLanguage":"de","@id":"https:\/\/portal.schaffenburg.nl\/de\/produkt\/dextro-plus-elektrischer-sitz-steh-schreibtisch\/#primaryimage","url":"https:\/\/portal.schaffenburg.nl\/wp-content\/uploads\/2024\/09\/Tafel_verhoging_dextro-plus.jpg?wsr","contentUrl":"https:\/\/portal.schaffenburg.nl\/wp-content\/uploads\/2024\/09\/Tafel_verhoging_dextro-plus.jpg?wsr","width":1772,"height":1772,"caption":"Dextro Plus elektrischer Sitz-Steh-Schreibtisch"},{"@type":"BreadcrumbList","@id":"https:\/\/portal.schaffenburg.nl\/de\/produkt\/dextro-plus-elektrischer-sitz-steh-schreibtisch\/#breadcrumb","itemListElement":[{"@type":"ListItem","position":1,"name":"Home","item":"https:\/\/portal.schaffenburg.nl\/de\/"},{"@type":"ListItem","position":2,"name":"Dextro Plus elektrischer Sitz-Steh-Schreibtisch"}]},{"@type":"WebSite","@id":"https:\/\/portal.schaffenburg.nl\/de\/#website","url":"https:\/\/portal.schaffenburg.nl\/de\/","name":"Schaffenburg","description":"","potentialAction":[{"@type":"SearchAction","target":{"@type":"EntryPoint","urlTemplate":"https:\/\/portal.schaffenburg.nl\/de\/?s={search_term_string}"},"query-input":{"@type":"PropertyValueSpecification","valueRequired":true,"valueName":"search_term_string"}}],"inLanguage":"de"}]}},"_links":{"self":[{"href":"https:\/\/portal.schaffenburg.nl\/de\/wp-json\/wp\/v2\/product\/30631","targetHints":{"allow":["GET"]}}],"collection":[{"href":"https:\/\/portal.schaffenburg.nl\/de\/wp-json\/wp\/v2\/product"}],"about":[{"href":"https:\/\/portal.schaffenburg.nl\/de\/wp-json\/wp\/v2\/types\/product"}],"replies":[{"embeddable":true,"href":"https:\/\/portal.schaffenburg.nl\/de\/wp-json\/wp\/v2\/comments?post=30631"}],"wp:featuredmedia":[{"embeddable":true,"href":"https:\/\/portal.schaffenburg.nl\/de\/wp-json\/wp\/v2\/media\/17048"}],"wp:attachment":[{"href":"https:\/\/portal.schaffenburg.nl\/de\/wp-json\/wp\/v2\/media?parent=30631"}],"wp:term":[{"taxonomy":"product_brand","embeddable":true,"href":"https:\/\/portal.schaffenburg.nl\/de\/wp-json\/wp\/v2\/product_brand?post=30631"},{"taxonomy":"product_cat","embeddable":true,"href":"https:\/\/portal.schaffenburg.nl\/de\/wp-json\/wp\/v2\/product_cat?post=30631"},{"taxonomy":"product_tag","embeddable":true,"href":"https:\/\/portal.schaffenburg.nl\/de\/wp-json\/wp\/v2\/product_tag?post=30631"}],"curies":[{"name":"wp","href":"https:\/\/api.w.org\/{rel}","templated":true}]}}