{"id":31120,"date":"2018-10-02T13:58:21","date_gmt":"2018-10-02T11:58:21","guid":{"rendered":"https:\/\/staging-schaffenburg.nl\/product\/claudius-tiefenfuehrung\/"},"modified":"2018-10-02T13:58:21","modified_gmt":"2018-10-02T13:58:21","slug":"claudius-tiefenfuehrung","status":"publish","type":"product","link":"https:\/\/portal.schaffenburg.nl\/de\/produkt\/claudius-tiefenfuehrung\/","title":{"rendered":"Claudius Tiefenf\u00fchrung"},"content":{"rendered":"Lernen Sie die Claudius Tiefenf\u00fchrung kennen: die perfekte Erg\u00e4nzung f\u00fcr den <a href=\"https:\/\/www.schaffenburg.nl\/shop\/projects\/opbergen-projects\/roldeurkasten-projects\/claudius-plus-roldeurkast\/\">Claudius Plus Rollladenschrank<\/a>. Mit dieser Tiefenf\u00fchrung k\u00f6nnen Sie Ihre H\u00e4ngemappen ganz einfach an einem Auszugsbord aufh\u00e4ngen. Sie ben\u00f6tigen lediglich zwei Tiefenf\u00fchrungen pro Regal. Dieses aus hochwertigem Stahl gefertigte und in elegantem Schwarz erh\u00e4ltliche Zubeh\u00f6r ist eine praktische und langlebige L\u00f6sung f\u00fcr die Organisation Ihrer Dokumente und Akten.   \nOb Sie den <a href=\"https:\/\/www.schaffenburg.nl\/shop\/projects\/accessoires-projects\/uittrekrek-roldeurkast\/\">Auszug Claudius Plus 80cm schwarz<\/a> oder den <a href=\"https:\/\/www.schaffenburg.nl\/shop\/projects\/accessoires-projects\/uittrekrek-roldeurkast\/\">Auszug Claudius Plus 120cm schwarz<\/a> haben, diese Tiefenf\u00fchrungen sind f\u00fcr beide Gr\u00f6\u00dfen geeignet. Die Tiefenf\u00fchrungen erm\u00f6glichen es Ihnen, Ihre H\u00e4ngeregister frontal zu positionieren. So k\u00f6nnen Sie die H\u00e4ngeregisterreiter von vorne sehen und m\u00fcssen nicht seitlich in den Auszug schauen. Das spart nicht nur Zeit und Komfort, sondern sorgt auch daf\u00fcr, dass Ihre Dokumente und Akten besser organisiert und sichtbar sind.  \nDie Claudius Tiefenf\u00fchrung ist ein einfaches und effektives Hilfsmittel, um Ihre Produktivit\u00e4t zu steigern und Ihren Arbeitsplatz zu organisieren. Mit diesem Zubeh\u00f6r k\u00f6nnen Sie Ihre H\u00e4ngemappen schnell und einfach organisieren, so dass Sie immer die richtigen Dokumente zur Hand haben. Mit seinem robusten Stahl und dem eleganten schwarzen Finish ist er au\u00dferdem eine stilvolle Erg\u00e4nzung f\u00fcr Ihr B\u00fcro.  \nKurz gesagt, wenn Sie nach einer praktischen und dauerhaften L\u00f6sung suchen, um Ihre H\u00e4ngemappen an einem Auszugsbord aufzuh\u00e4ngen, ist die Claudius Tiefenf\u00fchrung das Zubeh\u00f6r, das Sie brauchen. Mit seinem schlichten Design und den hochwertigen Materialien bietet dieses Zubeh\u00f6r die perfekte L\u00f6sung f\u00fcr die Organisation Ihrer Dokumente und Akten und sieht dabei auch noch stilvoll aus. Bestellen Sie die Claudius Tiefenf\u00fchrung noch heute und genie\u00dfen Sie einen organisierten und produktiven Arbeitsplatz!  \n<h6>Eigenschaften<\/h6>\n<ul>\n<li>Material: Stahl<\/li>\n<li>Farbe: Schwarz<\/li>\n<li>BITTE BEACHTEN: zwei St\u00fcck pro Gestell erforderlich!<\/li>\n<\/ul>\n","protected":false},"excerpt":{"rendered":"<p>Die Claudius Tiefenf\u00fchrung ist ein praktisches Zubeh\u00f6r f\u00fcr den Claudius Plus Trolley Door Cabinet, das aus hochwertigem Stahl gefertigt und in Schwarz erh\u00e4ltlich ist. Sie erm\u00f6glicht es Ihnen, H\u00e4ngemappen ganz einfach an einem Auszugsregal aufzuh\u00e4ngen und f\u00fcr eine bessere Organisation frontal zu positionieren. <\/p>\n","protected":false},"featured_media":17090,"comment_status":"closed","ping_status":"closed","template":"","meta":{"_acf_changed":false},"product_brand":[],"product_cat":[2140,2423],"product_tag":[2426,3624,5100,2428,3626,5101,2429,3854,5102,2431,4430,5103,2466,4964,5104,2467,4970,5105,2468,4976,5106,2469,4979,5107,2143,2471,5092,5108,2145,2472,5093,5109,2150,2473,5094,5110,2151,2581,5095,5111,2158,2623,5096,5112,2161,2966,5097,5113,2164,3132,5098,2285,3325,5099],"class_list":{"0":"post-31120","1":"product","2":"type-product","3":"status-publish","4":"has-post-thumbnail","6":"product_cat-schnelle-lieferung","7":"product_cat-lagerung","8":"product_tag-dokumente","9":"product_tag-arbeitsbereich","10":"product_tag-einfaches-design","11":"product_tag-claudius-de","12":"product_tag-organisation","13":"product_tag-frontal","14":"product_tag-organisiert","15":"product_tag-smart","16":"product_tag-hangemappenrahmen","17":"product_tag-losung","18":"product_tag-schnell","19":"product_tag-hangemappenschubladen","20":"product_tag-qualitat","21":"product_tag-claudius-plus-de","22":"product_tag-hangemappen-reiter","23":"product_tag-produktivitat","24":"product_tag-schrank","25":"product_tag-hangemappen-systeme","26":"product_tag-effizienz","27":"product_tag-rollladenschrank","28":"product_tag-hochwertiger-stahl","29":"product_tag-zubehor","30":"product_tag-auszug","31":"product_tag-ressource","32":"product_tag-nachhaltig","33":"product_tag-effizient","34":"product_tag-zubehor-fur-das-buro","35":"product_tag-burobedarf-de","36":"product_tag-schwarz","37":"product_tag-handy","38":"product_tag-verwaltung","39":"product_tag-hangend","40":"product_tag-funktional","41":"product_tag-hangemappen","42":"product_tag-archiv-de","43":"product_tag-bestellung-de","44":"product_tag-professionell","45":"product_tag-entwurf-de","46":"product_tag-archivierung","47":"product_tag-stahl","48":"product_tag-stilvoll","49":"product_tag-zubehor-fur-den-schreibtisch","50":"product_tag-bessere-organisation","51":"product_tag-zugriff-auf","52":"product_tag-einfach","53":"product_tag-lagerung","54":"product_tag-buroausstattung","55":"product_tag-erhohen-sie","56":"product_tag-praktisch-de","57":"product_tag-arbeitsplatz-de","58":"product_tag-tiefenfuhrung","59":"product_tag-buro","60":"product_tag-burobedarf","61":"product_tag-dateien","62":"pa_staal-kleur-schwarz","63":"pa_vorm-rechtwinklig","65":"first","66":"instock","67":"purchasable","68":"product-type-simple"},"acf":{"downloads":null},"yoast_head":"<!-- This site is optimized with the Yoast SEO plugin v26.7 - https:\/\/yoast.com\/wordpress\/plugins\/seo\/ -->\n<title>Claudius Tiefenf\u00fchrung - F\u00fcr Claudius Plus Rollladenschrank - Schaffenburg<\/title>\n<meta name=\"description\" content=\"Claudius Tiefenf\u00fchrung: ein praktisches Zubeh\u00f6r f\u00fcr den Claudius Plus Rollladenschrank, mit dem Sie H\u00e4ngemappen ganz einfach an einen Auszug h\u00e4ngen k\u00f6nnen.\" \/>\n<meta name=\"robots\" content=\"index, follow, max-snippet:-1, max-image-preview:large, max-video-preview:-1\" \/>\n<link rel=\"canonical\" href=\"https:\/\/portal.schaffenburg.nl\/de\/produkt\/claudius-tiefenfuehrung\/\" \/>\n<meta property=\"og:locale\" content=\"de_DE\" \/>\n<meta property=\"og:type\" content=\"article\" \/>\n<meta property=\"og:title\" content=\"Claudius Tiefenf\u00fchrung - F\u00fcr Claudius Plus Rollladenschrank - Schaffenburg\" \/>\n<meta property=\"og:description\" content=\"Claudius Tiefenf\u00fchrung: ein praktisches Zubeh\u00f6r f\u00fcr den Claudius Plus Rollladenschrank, mit dem Sie H\u00e4ngemappen ganz einfach an einen Auszug h\u00e4ngen k\u00f6nnen.\" \/>\n<meta property=\"og:url\" content=\"https:\/\/portal.schaffenburg.nl\/de\/produkt\/claudius-tiefenfuehrung\/\" \/>\n<meta property=\"og:site_name\" content=\"Schaffenburg\" \/>\n<meta property=\"article:modified_time\" content=\"2018-10-02T13:58:21+00:00\" \/>\n<meta property=\"og:image\" content=\"https:\/\/portal.schaffenburg.nl\/wp-content\/uploads\/2024\/09\/DG-UTR.jpg?wsr\" \/>\n\t<meta property=\"og:image:width\" content=\"1200\" \/>\n\t<meta property=\"og:image:height\" content=\"800\" \/>\n\t<meta property=\"og:image:type\" content=\"image\/jpeg\" \/>\n<meta name=\"twitter:card\" content=\"summary_large_image\" \/>\n<meta name=\"twitter:label1\" content=\"Gesch\u00e4tzte Lesezeit\" \/>\n\t<meta name=\"twitter:data1\" content=\"2\u00a0Minuten\" \/>\n<script type=\"application\/ld+json\" class=\"yoast-schema-graph\">{\"@context\":\"https:\/\/schema.org\",\"@graph\":[{\"@type\":\"WebPage\",\"@id\":\"https:\/\/portal.schaffenburg.nl\/de\/produkt\/claudius-tiefenfuehrung\/\",\"url\":\"https:\/\/portal.schaffenburg.nl\/de\/produkt\/claudius-tiefenfuehrung\/\",\"name\":\"Claudius Tiefenf\u00fchrung - F\u00fcr Claudius Plus Rollladenschrank - Schaffenburg\",\"isPartOf\":{\"@id\":\"https:\/\/portal.schaffenburg.nl\/de\/#website\"},\"primaryImageOfPage\":{\"@id\":\"https:\/\/portal.schaffenburg.nl\/de\/produkt\/claudius-tiefenfuehrung\/#primaryimage\"},\"image\":{\"@id\":\"https:\/\/portal.schaffenburg.nl\/de\/produkt\/claudius-tiefenfuehrung\/#primaryimage\"},\"thumbnailUrl\":\"https:\/\/portal.schaffenburg.nl\/wp-content\/uploads\/2024\/09\/DG-UTR.jpg?wsr\",\"datePublished\":\"2018-10-02T11:58:21+00:00\",\"dateModified\":\"2018-10-02T13:58:21+00:00\",\"description\":\"Claudius Tiefenf\u00fchrung: ein praktisches Zubeh\u00f6r f\u00fcr den Claudius Plus Rollladenschrank, mit dem Sie H\u00e4ngemappen ganz einfach an einen Auszug h\u00e4ngen k\u00f6nnen.\",\"breadcrumb\":{\"@id\":\"https:\/\/portal.schaffenburg.nl\/de\/produkt\/claudius-tiefenfuehrung\/#breadcrumb\"},\"inLanguage\":\"de\",\"potentialAction\":[{\"@type\":\"ReadAction\",\"target\":[\"https:\/\/portal.schaffenburg.nl\/de\/produkt\/claudius-tiefenfuehrung\/\"]}]},{\"@type\":\"ImageObject\",\"inLanguage\":\"de\",\"@id\":\"https:\/\/portal.schaffenburg.nl\/de\/produkt\/claudius-tiefenfuehrung\/#primaryimage\",\"url\":\"https:\/\/portal.schaffenburg.nl\/wp-content\/uploads\/2024\/09\/DG-UTR.jpg?wsr\",\"contentUrl\":\"https:\/\/portal.schaffenburg.nl\/wp-content\/uploads\/2024\/09\/DG-UTR.jpg?wsr\",\"width\":1200,\"height\":800,\"caption\":\"Claudius Tiefenf\u00fchrung Stahl schwarz (2Stk. pro Gestell)\"},{\"@type\":\"BreadcrumbList\",\"@id\":\"https:\/\/portal.schaffenburg.nl\/de\/produkt\/claudius-tiefenfuehrung\/#breadcrumb\",\"itemListElement\":[{\"@type\":\"ListItem\",\"position\":1,\"name\":\"Home\",\"item\":\"https:\/\/portal.schaffenburg.nl\/de\/\"},{\"@type\":\"ListItem\",\"position\":2,\"name\":\"Claudius Tiefenf\u00fchrung\"}]},{\"@type\":\"WebSite\",\"@id\":\"https:\/\/portal.schaffenburg.nl\/de\/#website\",\"url\":\"https:\/\/portal.schaffenburg.nl\/de\/\",\"name\":\"Schaffenburg\",\"description\":\"\",\"potentialAction\":[{\"@type\":\"SearchAction\",\"target\":{\"@type\":\"EntryPoint\",\"urlTemplate\":\"https:\/\/portal.schaffenburg.nl\/de\/?s={search_term_string}\"},\"query-input\":{\"@type\":\"PropertyValueSpecification\",\"valueRequired\":true,\"valueName\":\"search_term_string\"}}],\"inLanguage\":\"de\"}]}<\/script>\n<!-- \/ Yoast SEO plugin. -->","yoast_head_json":{"title":"Claudius Tiefenf\u00fchrung - F\u00fcr Claudius Plus Rollladenschrank - Schaffenburg","description":"Claudius Tiefenf\u00fchrung: ein praktisches Zubeh\u00f6r f\u00fcr den Claudius Plus Rollladenschrank, mit dem Sie H\u00e4ngemappen ganz einfach an einen Auszug h\u00e4ngen k\u00f6nnen.","robots":{"index":"index","follow":"follow","max-snippet":"max-snippet:-1","max-image-preview":"max-image-preview:large","max-video-preview":"max-video-preview:-1"},"canonical":"https:\/\/portal.schaffenburg.nl\/de\/produkt\/claudius-tiefenfuehrung\/","og_locale":"de_DE","og_type":"article","og_title":"Claudius Tiefenf\u00fchrung - F\u00fcr Claudius Plus Rollladenschrank - Schaffenburg","og_description":"Claudius Tiefenf\u00fchrung: ein praktisches Zubeh\u00f6r f\u00fcr den Claudius Plus Rollladenschrank, mit dem Sie H\u00e4ngemappen ganz einfach an einen Auszug h\u00e4ngen k\u00f6nnen.","og_url":"https:\/\/portal.schaffenburg.nl\/de\/produkt\/claudius-tiefenfuehrung\/","og_site_name":"Schaffenburg","article_modified_time":"2018-10-02T13:58:21+00:00","og_image":[{"width":1200,"height":800,"url":"https:\/\/portal.schaffenburg.nl\/wp-content\/uploads\/2024\/09\/DG-UTR.jpg?wsr","type":"image\/jpeg"}],"twitter_card":"summary_large_image","twitter_misc":{"Gesch\u00e4tzte Lesezeit":"2\u00a0Minuten"},"schema":{"@context":"https:\/\/schema.org","@graph":[{"@type":"WebPage","@id":"https:\/\/portal.schaffenburg.nl\/de\/produkt\/claudius-tiefenfuehrung\/","url":"https:\/\/portal.schaffenburg.nl\/de\/produkt\/claudius-tiefenfuehrung\/","name":"Claudius Tiefenf\u00fchrung - F\u00fcr Claudius Plus Rollladenschrank - Schaffenburg","isPartOf":{"@id":"https:\/\/portal.schaffenburg.nl\/de\/#website"},"primaryImageOfPage":{"@id":"https:\/\/portal.schaffenburg.nl\/de\/produkt\/claudius-tiefenfuehrung\/#primaryimage"},"image":{"@id":"https:\/\/portal.schaffenburg.nl\/de\/produkt\/claudius-tiefenfuehrung\/#primaryimage"},"thumbnailUrl":"https:\/\/portal.schaffenburg.nl\/wp-content\/uploads\/2024\/09\/DG-UTR.jpg?wsr","datePublished":"2018-10-02T11:58:21+00:00","dateModified":"2018-10-02T13:58:21+00:00","description":"Claudius Tiefenf\u00fchrung: ein praktisches Zubeh\u00f6r f\u00fcr den Claudius Plus Rollladenschrank, mit dem Sie H\u00e4ngemappen ganz einfach an einen Auszug h\u00e4ngen k\u00f6nnen.","breadcrumb":{"@id":"https:\/\/portal.schaffenburg.nl\/de\/produkt\/claudius-tiefenfuehrung\/#breadcrumb"},"inLanguage":"de","potentialAction":[{"@type":"ReadAction","target":["https:\/\/portal.schaffenburg.nl\/de\/produkt\/claudius-tiefenfuehrung\/"]}]},{"@type":"ImageObject","inLanguage":"de","@id":"https:\/\/portal.schaffenburg.nl\/de\/produkt\/claudius-tiefenfuehrung\/#primaryimage","url":"https:\/\/portal.schaffenburg.nl\/wp-content\/uploads\/2024\/09\/DG-UTR.jpg?wsr","contentUrl":"https:\/\/portal.schaffenburg.nl\/wp-content\/uploads\/2024\/09\/DG-UTR.jpg?wsr","width":1200,"height":800,"caption":"Claudius Tiefenf\u00fchrung Stahl schwarz (2Stk. pro Gestell)"},{"@type":"BreadcrumbList","@id":"https:\/\/portal.schaffenburg.nl\/de\/produkt\/claudius-tiefenfuehrung\/#breadcrumb","itemListElement":[{"@type":"ListItem","position":1,"name":"Home","item":"https:\/\/portal.schaffenburg.nl\/de\/"},{"@type":"ListItem","position":2,"name":"Claudius Tiefenf\u00fchrung"}]},{"@type":"WebSite","@id":"https:\/\/portal.schaffenburg.nl\/de\/#website","url":"https:\/\/portal.schaffenburg.nl\/de\/","name":"Schaffenburg","description":"","potentialAction":[{"@type":"SearchAction","target":{"@type":"EntryPoint","urlTemplate":"https:\/\/portal.schaffenburg.nl\/de\/?s={search_term_string}"},"query-input":{"@type":"PropertyValueSpecification","valueRequired":true,"valueName":"search_term_string"}}],"inLanguage":"de"}]}},"_links":{"self":[{"href":"https:\/\/portal.schaffenburg.nl\/de\/wp-json\/wp\/v2\/product\/31120","targetHints":{"allow":["GET"]}}],"collection":[{"href":"https:\/\/portal.schaffenburg.nl\/de\/wp-json\/wp\/v2\/product"}],"about":[{"href":"https:\/\/portal.schaffenburg.nl\/de\/wp-json\/wp\/v2\/types\/product"}],"replies":[{"embeddable":true,"href":"https:\/\/portal.schaffenburg.nl\/de\/wp-json\/wp\/v2\/comments?post=31120"}],"wp:featuredmedia":[{"embeddable":true,"href":"https:\/\/portal.schaffenburg.nl\/de\/wp-json\/wp\/v2\/media\/17090"}],"wp:attachment":[{"href":"https:\/\/portal.schaffenburg.nl\/de\/wp-json\/wp\/v2\/media?parent=31120"}],"wp:term":[{"taxonomy":"product_brand","embeddable":true,"href":"https:\/\/portal.schaffenburg.nl\/de\/wp-json\/wp\/v2\/product_brand?post=31120"},{"taxonomy":"product_cat","embeddable":true,"href":"https:\/\/portal.schaffenburg.nl\/de\/wp-json\/wp\/v2\/product_cat?post=31120"},{"taxonomy":"product_tag","embeddable":true,"href":"https:\/\/portal.schaffenburg.nl\/de\/wp-json\/wp\/v2\/product_tag?post=31120"}],"curies":[{"name":"wp","href":"https:\/\/api.w.org\/{rel}","templated":true}]}}