{"id":31142,"date":"2018-10-02T13:58:22","date_gmt":"2018-10-02T13:58:22","guid":{"rendered":"https:\/\/staging-schaffenburg.nl\/product\/domino-plus-hoehenverstellbarer-sitz-steh-schreibtisch\/"},"modified":"2018-10-02T13:58:22","modified_gmt":"2018-10-02T13:58:22","slug":"domino-plus-hoehenverstellbarer-sitz-steh-schreibtisch","status":"publish","type":"product","link":"https:\/\/portal.schaffenburg.nl\/de\/produkt\/domino-plus-hoehenverstellbarer-sitz-steh-schreibtisch\/","title":{"rendered":"Domino Plus h\u00f6henverstellbarer Sitz\/Steh-Schreibtisch"},"content":{"rendered":"Domino Plus h\u00f6henverstellbarer Sitz-\/Stehtisch: einzigartiges Design mit schwebender Tischplatte und O-Beinen. Das durchgehende rechteckige Beindesign und die schwebende Tischplatte verleihen diesem Schreibtisch einen modernen Look. Die O-Beine sind mit verstellbaren F\u00fc\u00dfen ausgestattet und die H\u00f6he des Tisches l\u00e4sst sich mit einer Inbusschraube in Schritten von 1 cm von 62 bis 85 cm einstellen. Mit einer maximalen Belastbarkeit von 70 kg ist dieser Schreibtisch f\u00fcr alle Ihre Arbeitsanforderungen geeignet.   \nDieser Schreibtisch ist in drei Gestellfarben und sieben Plattenfarben erh\u00e4ltlich, so dass Sie ihn perfekt an den Stil Ihres B\u00fcros anpassen k\u00f6nnen. Und mit der Option, Zubeh\u00f6r f\u00fcr das Kabelmanagement, CPU-Halterungen und Frontblenden hinzuzuf\u00fcgen, bleibt Ihr Arbeitsbereich ordentlich und aufger\u00e4umt. Die Tischplatte besteht aus 25 mm starkem Melamin und der Metallfu\u00df bietet eine solide Basis.  \nDie Domino Plus Linie ist nicht nur als Schreibtisch, sondern auch als Ansteck- und Konferenztische im gleichen Design erh\u00e4ltlich. Und wenn Sie die H\u00f6he Ihres Arbeitsplatzes anpassen m\u00f6chten, k\u00f6nnen Sie dies ganz einfach mit der H\u00f6henverstellung in 1 cm Schritten tun. Au\u00dferdem kann die Linie mit Domino Basic und Domino Stehtisch erweitert werden, so dass Sie ein komplettes Set f\u00fcr Ihr B\u00fcro erhalten.  \nKurz gesagt, der h\u00f6henverstellbare Sitz-\/Stehschreibtisch Domino Plus ist der perfekte Schreibtisch f\u00fcr alle, die modernes Design mit funktionalen Eigenschaften suchen. Mit seiner schwebenden Tischplatte, der verstellbaren H\u00f6he und den stilvollen Farboptionen ist er ein Must-Have f\u00fcr jeden Arbeitsplatz. Ganz gleich, ob Sie ein Heimb\u00fcro haben oder ein gro\u00dfes Unternehmen leiten, Domino Plus wird Ihre Arbeitserfahrung verbessern und zu einer h\u00f6heren Produktivit\u00e4t beitragen. Bestellen Sie jetzt Ihren Domino Plus und geben Sie Ihrem Arbeitsplatz die Aufwertung, die er verdient!   \n<h6>Eigenschaften<\/h6>\n<ul>\n<li>H\u00f6henverstellbar durch Innensechskantschraube mit Raster im Bein<\/li>\n<li>H\u00f6henverstellbar von 62 bis 85 cm<\/li>\n<li>In Schritten von 1 cm<\/li>\n<li>Maximale Belastung: 70 kg<\/li>\n<li>Erweiterbar mit Kabelmanagement-Zubeh\u00f6r, CPU-Halter und Frontplatte<\/li>\n<li>Verschiedene Farben f\u00fcr Oberteil und Rahmen<\/li>\n<li>Tischplatten aus 25 mm starkem Melamin<\/li>\n<li>Sockel aus Metall<\/li>\n<li>O-Beine mit verstellbaren F\u00fc\u00dfen<\/li>\n<li>Erh\u00e4ltlich als O-Fu\u00df-Schreibtisch<\/li>\n<li>Auch in der Domino-Serie erh\u00e4ltlich: <a href=\"https:\/\/www.schaffenburg.nl\/shop\/snellever\/bureaus-snellever\/bureaus-zit-zit-snellever\/domino-basic-vaste-hoogte-zit-zit-tafel\/\" target=\"_blank\" rel=\"noopener noreferrer\">Domino Basic<\/a> und <a href=\"https:\/\/www.schaffenburg.nl\/shop\/snellever\/bureaus-snellever\/bureaus-zit-zit-snellever\/domino-basic-statafel\/\" target=\"_blank\" rel=\"noopener noreferrer\">Domino Tisch<\/a><\/li>\n<\/ul>\n","protected":false},"excerpt":{"rendered":"<p>Domino Plus ist ein einzigartiges Design mit schwebender Tischplatte, O-Beinen und verstellbarer H\u00f6he von 62 bis 85 cm. Maximale Belastung: 70 kg. Erh\u00e4ltlich in drei Gestellfarben und sieben Plattenfarben. Ideal f\u00fcr einen modernen und funktionellen Arbeitsplatz.   <\/p>\n","protected":false},"featured_media":17120,"comment_status":"closed","ping_status":"closed","template":"","meta":{"_acf_changed":false},"product_brand":[],"product_cat":[2882,4077,2140],"product_tag":[2885,4096,5189,2886,4204,5190,2887,4206,5191,2888,4227,5192,2143,2890,4228,5193,2150,2902,4376,5194,2152,2905,4377,5195,2157,2912,4380,2158,2913,5085,2285,3117,5182,2467,3132,5183,2618,3681,5184,2619,3687,5185,2620,3724,5186,2707,4078,5187,2783,4080,5188],"class_list":{"0":"post-31142","1":"product","2":"type-product","3":"status-publish","4":"has-post-thumbnail","6":"product_cat-schreibtische","7":"product_cat-schreibtische-sitzen-sitzen","8":"product_cat-schnelle-lieferung","9":"product_tag-blattfarben","10":"product_tag-hohenverstellbar-de","11":"product_tag-buromobel-de-2","12":"product_tag-cpu-halter","13":"product_tag-produktiv","14":"product_tag-o-fus-schreibtisch","15":"product_tag-rahmenfarben","16":"product_tag-steuer","17":"product_tag-stiloptionen","18":"product_tag-melamin","19":"product_tag-agentur-fur-hausaufgabenbetreuung","20":"product_tag-stilvoller-schreibtisch","21":"product_tag-nachhaltig","22":"product_tag-nivellierfuesse","23":"product_tag-steh-sitz-schreibtisch","24":"product_tag-einzigartiges-design","25":"product_tag-funktional","26":"product_tag-hoehenverstellbar","27":"product_tag-schreibtische","28":"product_tag-verstellbarer-tisch","29":"product_tag-schwimmend","30":"product_tag-tabelle","31":"product_tag-schreibtisch-tische","32":"product_tag-verstellbarer-arbeitstisch","33":"product_tag-modern-de","34":"product_tag-metallbasis","35":"product_tag-tische","36":"product_tag-stilvoll","37":"product_tag-besprechungstisch","38":"product_tag-burotisch","39":"product_tag-buro","40":"product_tag-tischplatte","41":"product_tag-designermobel","42":"product_tag-produktivitat","43":"product_tag-arbeitsplatz-de","44":"product_tag-domino-de","45":"product_tag-heimburo","46":"product_tag-von-zu-hause-aus-arbeiten-de","47":"product_tag-domino-basic-de","48":"product_tag-buro-de","49":"product_tag-hohenverstellung","50":"product_tag-domino-plus-de","51":"product_tag-kabelmanagement-de","52":"product_tag-plus-de","53":"product_tag-domino-programm","54":"product_tag-ergonomisch-de","55":"product_tag-schreibtisch-de","56":"product_tag-domino-tisch","57":"product_tag-moderne-mobel","58":"product_tag-verlangerungstisch","59":"product_tag-frontplatte","60":"pa_blad-kleur-eiche-robbson","61":"pa_blad-kleur-halifax-auswaerts","62":"pa_blad-kleur-havanna-kirsche-hell","63":"pa_blad-kleur-hellgrau","64":"pa_blad-kleur-honig-castello","65":"pa_blad-kleur-kreideweiss","66":"pa_blad-kleur-lindberg-oak-abgehend","67":"pa_blad-kleur-logan-eiche","68":"pa_blad-kleur-schatten-schwarz","69":"pa_bladsoort-25mm-melamin","70":"pa_diepte-80cm-de","71":"pa_frame-kleur-aluminium-ral9006-de","72":"pa_frame-kleur-schwarz-ral9011","73":"pa_frame-kleur-weiss-ral9010","74":"pa_hoogte-62-85cm-de","75":"pa_lengte-120cm-de","76":"pa_lengte-160cm-de","77":"pa_onderstel-einstellbar","78":"pa_soorten-poot-o-bein","79":"pa_vorm-rechtwinklig","80":"pa_werkplekken-eine","82":"first","83":"instock","84":"purchasable","85":"product-type-variable"},"acf":{"downloads":[{"label":"Merkblatt_onst_dominoplus_2019-v3","bestand":34690,"toegankelijkheid":"resellers"}]},"yoast_head":"<!-- This site is optimized with the Yoast SEO plugin v26.7 - https:\/\/yoast.com\/wordpress\/plugins\/seo\/ -->\n<title>Domino Plus h\u00f6henverstellbarer Sitz\/Steh-Schreibtisch - Schaffenburg<\/title>\n<meta name=\"robots\" content=\"index, follow, max-snippet:-1, max-image-preview:large, max-video-preview:-1\" \/>\n<link rel=\"canonical\" href=\"https:\/\/portal.schaffenburg.nl\/de\/produkt\/domino-plus-hoehenverstellbarer-sitz-steh-schreibtisch\/\" \/>\n<meta property=\"og:locale\" content=\"de_DE\" \/>\n<meta property=\"og:type\" content=\"article\" \/>\n<meta property=\"og:title\" content=\"Domino Plus h\u00f6henverstellbarer Sitz\/Steh-Schreibtisch - Schaffenburg\" \/>\n<meta property=\"og:description\" content=\"Domino Plus ist ein einzigartiges Design mit schwebender Tischplatte, O-Beinen und verstellbarer H\u00f6he von 62 bis 85 cm. Maximale Belastung: 70 kg. Erh\u00e4ltlich in drei Gestellfarben und sieben Plattenfarben. Ideal f\u00fcr einen modernen und funktionellen Arbeitsplatz.\" \/>\n<meta property=\"og:url\" content=\"https:\/\/portal.schaffenburg.nl\/de\/produkt\/domino-plus-hoehenverstellbarer-sitz-steh-schreibtisch\/\" \/>\n<meta property=\"og:site_name\" content=\"Schaffenburg\" \/>\n<meta property=\"og:image\" content=\"https:\/\/portal.schaffenburg.nl\/wp-content\/uploads\/2024\/09\/Tafel_verhoging_domino-plus.jpg?wsr\" \/>\n\t<meta property=\"og:image:width\" content=\"1772\" \/>\n\t<meta property=\"og:image:height\" content=\"1772\" \/>\n\t<meta property=\"og:image:type\" content=\"image\/jpeg\" \/>\n<meta name=\"twitter:card\" content=\"summary_large_image\" \/>\n<meta name=\"twitter:label1\" content=\"Gesch\u00e4tzte Lesezeit\" \/>\n\t<meta name=\"twitter:data1\" content=\"2\u00a0Minuten\" \/>\n<script type=\"application\/ld+json\" class=\"yoast-schema-graph\">{\"@context\":\"https:\/\/schema.org\",\"@graph\":[{\"@type\":\"WebPage\",\"@id\":\"https:\/\/portal.schaffenburg.nl\/de\/produkt\/domino-plus-hoehenverstellbarer-sitz-steh-schreibtisch\/\",\"url\":\"https:\/\/portal.schaffenburg.nl\/de\/produkt\/domino-plus-hoehenverstellbarer-sitz-steh-schreibtisch\/\",\"name\":\"Domino Plus h\u00f6henverstellbarer Sitz\/Steh-Schreibtisch - Schaffenburg\",\"isPartOf\":{\"@id\":\"https:\/\/portal.schaffenburg.nl\/de\/#website\"},\"primaryImageOfPage\":{\"@id\":\"https:\/\/portal.schaffenburg.nl\/de\/produkt\/domino-plus-hoehenverstellbarer-sitz-steh-schreibtisch\/#primaryimage\"},\"image\":{\"@id\":\"https:\/\/portal.schaffenburg.nl\/de\/produkt\/domino-plus-hoehenverstellbarer-sitz-steh-schreibtisch\/#primaryimage\"},\"thumbnailUrl\":\"https:\/\/portal.schaffenburg.nl\/wp-content\/uploads\/2024\/09\/Tafel_verhoging_domino-plus.jpg?wsr\",\"datePublished\":\"2018-10-02T13:58:22+00:00\",\"breadcrumb\":{\"@id\":\"https:\/\/portal.schaffenburg.nl\/de\/produkt\/domino-plus-hoehenverstellbarer-sitz-steh-schreibtisch\/#breadcrumb\"},\"inLanguage\":\"de\",\"potentialAction\":[{\"@type\":\"ReadAction\",\"target\":[\"https:\/\/portal.schaffenburg.nl\/de\/produkt\/domino-plus-hoehenverstellbarer-sitz-steh-schreibtisch\/\"]}]},{\"@type\":\"ImageObject\",\"inLanguage\":\"de\",\"@id\":\"https:\/\/portal.schaffenburg.nl\/de\/produkt\/domino-plus-hoehenverstellbarer-sitz-steh-schreibtisch\/#primaryimage\",\"url\":\"https:\/\/portal.schaffenburg.nl\/wp-content\/uploads\/2024\/09\/Tafel_verhoging_domino-plus.jpg?wsr\",\"contentUrl\":\"https:\/\/portal.schaffenburg.nl\/wp-content\/uploads\/2024\/09\/Tafel_verhoging_domino-plus.jpg?wsr\",\"width\":1772,\"height\":1772,\"caption\":\"Domino Plus h\u00f6henverstellbarer Sitz\/Steh-Schreibtisch\"},{\"@type\":\"BreadcrumbList\",\"@id\":\"https:\/\/portal.schaffenburg.nl\/de\/produkt\/domino-plus-hoehenverstellbarer-sitz-steh-schreibtisch\/#breadcrumb\",\"itemListElement\":[{\"@type\":\"ListItem\",\"position\":1,\"name\":\"Home\",\"item\":\"https:\/\/portal.schaffenburg.nl\/de\/\"},{\"@type\":\"ListItem\",\"position\":2,\"name\":\"Domino Plus h\u00f6henverstellbarer Sitz\/Steh-Schreibtisch\"}]},{\"@type\":\"WebSite\",\"@id\":\"https:\/\/portal.schaffenburg.nl\/de\/#website\",\"url\":\"https:\/\/portal.schaffenburg.nl\/de\/\",\"name\":\"Schaffenburg\",\"description\":\"\",\"potentialAction\":[{\"@type\":\"SearchAction\",\"target\":{\"@type\":\"EntryPoint\",\"urlTemplate\":\"https:\/\/portal.schaffenburg.nl\/de\/?s={search_term_string}\"},\"query-input\":{\"@type\":\"PropertyValueSpecification\",\"valueRequired\":true,\"valueName\":\"search_term_string\"}}],\"inLanguage\":\"de\"}]}<\/script>\n<!-- \/ Yoast SEO plugin. -->","yoast_head_json":{"title":"Domino Plus h\u00f6henverstellbarer Sitz\/Steh-Schreibtisch - Schaffenburg","robots":{"index":"index","follow":"follow","max-snippet":"max-snippet:-1","max-image-preview":"max-image-preview:large","max-video-preview":"max-video-preview:-1"},"canonical":"https:\/\/portal.schaffenburg.nl\/de\/produkt\/domino-plus-hoehenverstellbarer-sitz-steh-schreibtisch\/","og_locale":"de_DE","og_type":"article","og_title":"Domino Plus h\u00f6henverstellbarer Sitz\/Steh-Schreibtisch - Schaffenburg","og_description":"Domino Plus ist ein einzigartiges Design mit schwebender Tischplatte, O-Beinen und verstellbarer H\u00f6he von 62 bis 85 cm. Maximale Belastung: 70 kg. Erh\u00e4ltlich in drei Gestellfarben und sieben Plattenfarben. Ideal f\u00fcr einen modernen und funktionellen Arbeitsplatz.","og_url":"https:\/\/portal.schaffenburg.nl\/de\/produkt\/domino-plus-hoehenverstellbarer-sitz-steh-schreibtisch\/","og_site_name":"Schaffenburg","og_image":[{"width":1772,"height":1772,"url":"https:\/\/portal.schaffenburg.nl\/wp-content\/uploads\/2024\/09\/Tafel_verhoging_domino-plus.jpg?wsr","type":"image\/jpeg"}],"twitter_card":"summary_large_image","twitter_misc":{"Gesch\u00e4tzte Lesezeit":"2\u00a0Minuten"},"schema":{"@context":"https:\/\/schema.org","@graph":[{"@type":"WebPage","@id":"https:\/\/portal.schaffenburg.nl\/de\/produkt\/domino-plus-hoehenverstellbarer-sitz-steh-schreibtisch\/","url":"https:\/\/portal.schaffenburg.nl\/de\/produkt\/domino-plus-hoehenverstellbarer-sitz-steh-schreibtisch\/","name":"Domino Plus h\u00f6henverstellbarer Sitz\/Steh-Schreibtisch - Schaffenburg","isPartOf":{"@id":"https:\/\/portal.schaffenburg.nl\/de\/#website"},"primaryImageOfPage":{"@id":"https:\/\/portal.schaffenburg.nl\/de\/produkt\/domino-plus-hoehenverstellbarer-sitz-steh-schreibtisch\/#primaryimage"},"image":{"@id":"https:\/\/portal.schaffenburg.nl\/de\/produkt\/domino-plus-hoehenverstellbarer-sitz-steh-schreibtisch\/#primaryimage"},"thumbnailUrl":"https:\/\/portal.schaffenburg.nl\/wp-content\/uploads\/2024\/09\/Tafel_verhoging_domino-plus.jpg?wsr","datePublished":"2018-10-02T13:58:22+00:00","breadcrumb":{"@id":"https:\/\/portal.schaffenburg.nl\/de\/produkt\/domino-plus-hoehenverstellbarer-sitz-steh-schreibtisch\/#breadcrumb"},"inLanguage":"de","potentialAction":[{"@type":"ReadAction","target":["https:\/\/portal.schaffenburg.nl\/de\/produkt\/domino-plus-hoehenverstellbarer-sitz-steh-schreibtisch\/"]}]},{"@type":"ImageObject","inLanguage":"de","@id":"https:\/\/portal.schaffenburg.nl\/de\/produkt\/domino-plus-hoehenverstellbarer-sitz-steh-schreibtisch\/#primaryimage","url":"https:\/\/portal.schaffenburg.nl\/wp-content\/uploads\/2024\/09\/Tafel_verhoging_domino-plus.jpg?wsr","contentUrl":"https:\/\/portal.schaffenburg.nl\/wp-content\/uploads\/2024\/09\/Tafel_verhoging_domino-plus.jpg?wsr","width":1772,"height":1772,"caption":"Domino Plus h\u00f6henverstellbarer Sitz\/Steh-Schreibtisch"},{"@type":"BreadcrumbList","@id":"https:\/\/portal.schaffenburg.nl\/de\/produkt\/domino-plus-hoehenverstellbarer-sitz-steh-schreibtisch\/#breadcrumb","itemListElement":[{"@type":"ListItem","position":1,"name":"Home","item":"https:\/\/portal.schaffenburg.nl\/de\/"},{"@type":"ListItem","position":2,"name":"Domino Plus h\u00f6henverstellbarer Sitz\/Steh-Schreibtisch"}]},{"@type":"WebSite","@id":"https:\/\/portal.schaffenburg.nl\/de\/#website","url":"https:\/\/portal.schaffenburg.nl\/de\/","name":"Schaffenburg","description":"","potentialAction":[{"@type":"SearchAction","target":{"@type":"EntryPoint","urlTemplate":"https:\/\/portal.schaffenburg.nl\/de\/?s={search_term_string}"},"query-input":{"@type":"PropertyValueSpecification","valueRequired":true,"valueName":"search_term_string"}}],"inLanguage":"de"}]}},"_links":{"self":[{"href":"https:\/\/portal.schaffenburg.nl\/de\/wp-json\/wp\/v2\/product\/31142","targetHints":{"allow":["GET"]}}],"collection":[{"href":"https:\/\/portal.schaffenburg.nl\/de\/wp-json\/wp\/v2\/product"}],"about":[{"href":"https:\/\/portal.schaffenburg.nl\/de\/wp-json\/wp\/v2\/types\/product"}],"replies":[{"embeddable":true,"href":"https:\/\/portal.schaffenburg.nl\/de\/wp-json\/wp\/v2\/comments?post=31142"}],"wp:featuredmedia":[{"embeddable":true,"href":"https:\/\/portal.schaffenburg.nl\/de\/wp-json\/wp\/v2\/media\/17120"}],"wp:attachment":[{"href":"https:\/\/portal.schaffenburg.nl\/de\/wp-json\/wp\/v2\/media?parent=31142"}],"wp:term":[{"taxonomy":"product_brand","embeddable":true,"href":"https:\/\/portal.schaffenburg.nl\/de\/wp-json\/wp\/v2\/product_brand?post=31142"},{"taxonomy":"product_cat","embeddable":true,"href":"https:\/\/portal.schaffenburg.nl\/de\/wp-json\/wp\/v2\/product_cat?post=31142"},{"taxonomy":"product_tag","embeddable":true,"href":"https:\/\/portal.schaffenburg.nl\/de\/wp-json\/wp\/v2\/product_tag?post=31142"}],"curies":[{"name":"wp","href":"https:\/\/api.w.org\/{rel}","templated":true}]}}