{"id":31394,"date":"2018-10-02T13:58:24","date_gmt":"2018-10-02T11:58:24","guid":{"rendered":"https:\/\/staging-schaffenburg.nl\/product\/kabelrinne-59-cm\/"},"modified":"2018-10-02T13:58:24","modified_gmt":"2018-10-02T13:58:24","slug":"kabelrinne-59-cm","status":"publish","type":"product","link":"https:\/\/portal.schaffenburg.nl\/de\/produkt\/kabelrinne-59-cm\/","title":{"rendered":"Kabelrinne 59 cm"},"content":{"rendered":"Haben Sie es satt, st\u00e4ndig \u00fcber herumliegende Kabel zu stolpern oder ein Gewirr von Kabeln zu sehen, das Sie ablenkt? Dann haben wir die L\u00f6sung f\u00fcr Sie! Die Kabelschublade 59 cm ist die perfekte L\u00f6sung f\u00fcr all Ihre Bed\u00fcrfnisse in Sachen Kabelmanagement. Mit dieser Schublade k\u00f6nnen Sie all Ihre Kabel und Steckdosen sicher und geordnet unter Ihrer Arbeitsplatte verstauen.   \nDiese Schublade ist einfach zu montieren und aus robustem Metall gefertigt, so dass Sie sicher sein k\u00f6nnen, dass Ihre Kabel sicher verstaut sind. Sie m\u00fcssen sich keine Sorgen machen, dass sich die Kabel verheddern oder verwickeln. \nDie Kabelwanne 59 cm ist in drei eleganten Farben erh\u00e4ltlich, n\u00e4mlich Aluminium, Wei\u00df und Schwarz. So k\u00f6nnen Sie die Farbe w\u00e4hlen, die am besten zu Ihrem Arbeitsbereich passt und Ihren Schreibtisch ordentlich aussehen l\u00e4sst. \nDiese Schublade sorgt nicht nur f\u00fcr einen aufger\u00e4umten Arbeitsbereich, sondern sch\u00fctzt auch Ihre Kabel vor Besch\u00e4digung und Abnutzung. Es ist die ideale L\u00f6sung sowohl f\u00fcr Heimarbeiter als auch f\u00fcr Profis, die ihren Arbeitsplatz aufger\u00e4umt halten m\u00f6chten. \nAu\u00dferdem ist diese Kabelschublade komplett offen, so dass Sie bei Bedarf schnell auf Ihre Kabel und Steckdosen zugreifen k\u00f6nnen.\nMit der Kabelschublade 59 cm werden Sie nie wieder mit herumliegenden Kabeln k\u00e4mpfen m\u00fcssen. W\u00e4hlen Sie noch heute die Farbe, die zu Ihrem Arbeitsbereich passt, und genie\u00dfen Sie einen aufger\u00e4umten Schreibtisch. \nWorauf warten Sie also noch? Bestellen Sie den Cable Tray 59 cm noch heute und machen Sie dem Kabelsalat ein Ende! \n<h4>Eigenschaften<\/h4>\n<ul>\n<li class=\"p1\">Kabelkanal (59cm) unter der Arbeitsplatte<\/li>\n<li>Metall<\/li>\n<li>Schwarz, Wei\u00df oder Aluminium<\/li>\n<li class=\"p1\">ACHTUNG, ab 140cm Breite sind 2 (oder mehr) Kabelkan\u00e4le erforderlich<\/li>\n<\/ul>\n","protected":false},"excerpt":{"rendered":"<p>Die 59 cm lange Kabelschublade ist die ideale L\u00f6sung, um Kabel und Steckdosen ordentlich und sicher unter der Tischplatte zu verstecken. Hergestellt aus robustem Metall und erh\u00e4ltlich in Aluminium, Wei\u00df und Schwarz. <\/p>\n","protected":false},"featured_media":17304,"comment_status":"closed","ping_status":"closed","template":"","meta":{"_acf_changed":false},"product_brand":[],"product_cat":[2415,2140,2616],"product_tag":[2625,2626,2627,2628,2629,2145,2630,2424,2631,2427,2632,2617,2633,2618,2634,2619,2635,2620,2636,2621,3132,2622,3329,2623,5213,2624],"class_list":{"0":"post-31394","1":"product","2":"type-product","3":"status-publish","4":"has-post-thumbnail","6":"product_cat-schreibtisch-tischzubehor","7":"product_cat-schnelle-lieferung","8":"product_cat-kabelfuhrung","9":"product_tag-kabel-de","10":"product_tag-kabelmanagement-de-2","11":"product_tag-kabelbox","12":"product_tag-kabelkanal","13":"product_tag-kabelrinne","14":"product_tag-schwarz","15":"product_tag-kabel-organisieren","16":"product_tag-aluminium-de","17":"product_tag-kabelmanagement-de-3","18":"product_tag-weis","19":"product_tag-kippen","20":"product_tag-einstellbar","21":"product_tag-aufgelost","22":"product_tag-heimburo","23":"product_tag-zusammenklappbar","24":"product_tag-buro-de","25":"product_tag-arbeitsblatt","26":"product_tag-kabelmanagement-de","27":"product_tag-arbeitsplatz","28":"product_tag-metall","29":"product_tag-arbeitsplatz-de","30":"product_tag-universal-de","31":"product_tag-zubehor-fur-den-schreibtisch-de","32":"product_tag-zubehor-fur-den-schreibtisch","33":"product_tag-breite-59-cm","34":"product_tag-desktop-de","35":"pa_kleuren-accessoires-aluminium-de","36":"pa_kleuren-accessoires-schwarz","37":"pa_kleuren-accessoires-weiss","38":"pa_lengte-59cm-de","40":"first","41":"instock","42":"purchasable","43":"product-type-variable"},"acf":{"downloads":null},"yoast_head":"<!-- This site is optimized with the Yoast SEO plugin v26.7 - https:\/\/yoast.com\/wordpress\/plugins\/seo\/ -->\n<title>Kabelrinne 59 cm - Schaffenburg<\/title>\n<meta name=\"robots\" content=\"index, follow, max-snippet:-1, max-image-preview:large, max-video-preview:-1\" \/>\n<link rel=\"canonical\" href=\"https:\/\/portal.schaffenburg.nl\/de\/produkt\/kabelrinne-59-cm\/\" \/>\n<meta property=\"og:locale\" content=\"de_DE\" \/>\n<meta property=\"og:type\" content=\"article\" \/>\n<meta property=\"og:title\" content=\"Kabelrinne 59 cm - Schaffenburg\" \/>\n<meta property=\"og:description\" content=\"Die 59 cm lange Kabelschublade ist die ideale L\u00f6sung, um Kabel und Steckdosen ordentlich und sicher unter der Tischplatte zu verstecken. Hergestellt aus robustem Metall und erh\u00e4ltlich in Aluminium, Wei\u00df und Schwarz.\" \/>\n<meta property=\"og:url\" content=\"https:\/\/portal.schaffenburg.nl\/de\/produkt\/kabelrinne-59-cm\/\" \/>\n<meta property=\"og:site_name\" content=\"Schaffenburg\" \/>\n<meta property=\"article:modified_time\" content=\"2018-10-02T13:58:24+00:00\" \/>\n<meta property=\"og:image\" content=\"https:\/\/portal.schaffenburg.nl\/wp-content\/uploads\/2024\/09\/DOKL59N-A.png?wsr\" \/>\n\t<meta property=\"og:image:width\" content=\"1407\" \/>\n\t<meta property=\"og:image:height\" content=\"657\" \/>\n\t<meta property=\"og:image:type\" content=\"image\/png\" \/>\n<meta name=\"twitter:card\" content=\"summary_large_image\" \/>\n<meta name=\"twitter:label1\" content=\"Gesch\u00e4tzte Lesezeit\" \/>\n\t<meta name=\"twitter:data1\" content=\"1\u00a0Minute\" \/>\n<script type=\"application\/ld+json\" class=\"yoast-schema-graph\">{\"@context\":\"https:\/\/schema.org\",\"@graph\":[{\"@type\":\"WebPage\",\"@id\":\"https:\/\/portal.schaffenburg.nl\/de\/produkt\/kabelrinne-59-cm\/\",\"url\":\"https:\/\/portal.schaffenburg.nl\/de\/produkt\/kabelrinne-59-cm\/\",\"name\":\"Kabelrinne 59 cm - Schaffenburg\",\"isPartOf\":{\"@id\":\"https:\/\/portal.schaffenburg.nl\/de\/#website\"},\"primaryImageOfPage\":{\"@id\":\"https:\/\/portal.schaffenburg.nl\/de\/produkt\/kabelrinne-59-cm\/#primaryimage\"},\"image\":{\"@id\":\"https:\/\/portal.schaffenburg.nl\/de\/produkt\/kabelrinne-59-cm\/#primaryimage\"},\"thumbnailUrl\":\"https:\/\/portal.schaffenburg.nl\/wp-content\/uploads\/2024\/09\/DOKL59N-A.png?wsr\",\"datePublished\":\"2018-10-02T11:58:24+00:00\",\"dateModified\":\"2018-10-02T13:58:24+00:00\",\"breadcrumb\":{\"@id\":\"https:\/\/portal.schaffenburg.nl\/de\/produkt\/kabelrinne-59-cm\/#breadcrumb\"},\"inLanguage\":\"de\",\"potentialAction\":[{\"@type\":\"ReadAction\",\"target\":[\"https:\/\/portal.schaffenburg.nl\/de\/produkt\/kabelrinne-59-cm\/\"]}]},{\"@type\":\"ImageObject\",\"inLanguage\":\"de\",\"@id\":\"https:\/\/portal.schaffenburg.nl\/de\/produkt\/kabelrinne-59-cm\/#primaryimage\",\"url\":\"https:\/\/portal.schaffenburg.nl\/wp-content\/uploads\/2024\/09\/DOKL59N-A.png?wsr\",\"contentUrl\":\"https:\/\/portal.schaffenburg.nl\/wp-content\/uploads\/2024\/09\/DOKL59N-A.png?wsr\",\"width\":1407,\"height\":657,\"caption\":\"Kabelrinne 59 cm\"},{\"@type\":\"BreadcrumbList\",\"@id\":\"https:\/\/portal.schaffenburg.nl\/de\/produkt\/kabelrinne-59-cm\/#breadcrumb\",\"itemListElement\":[{\"@type\":\"ListItem\",\"position\":1,\"name\":\"Home\",\"item\":\"https:\/\/portal.schaffenburg.nl\/de\/\"},{\"@type\":\"ListItem\",\"position\":2,\"name\":\"Kabelrinne 59 cm\"}]},{\"@type\":\"WebSite\",\"@id\":\"https:\/\/portal.schaffenburg.nl\/de\/#website\",\"url\":\"https:\/\/portal.schaffenburg.nl\/de\/\",\"name\":\"Schaffenburg\",\"description\":\"\",\"potentialAction\":[{\"@type\":\"SearchAction\",\"target\":{\"@type\":\"EntryPoint\",\"urlTemplate\":\"https:\/\/portal.schaffenburg.nl\/de\/?s={search_term_string}\"},\"query-input\":{\"@type\":\"PropertyValueSpecification\",\"valueRequired\":true,\"valueName\":\"search_term_string\"}}],\"inLanguage\":\"de\"}]}<\/script>\n<!-- \/ Yoast SEO plugin. -->","yoast_head_json":{"title":"Kabelrinne 59 cm - Schaffenburg","robots":{"index":"index","follow":"follow","max-snippet":"max-snippet:-1","max-image-preview":"max-image-preview:large","max-video-preview":"max-video-preview:-1"},"canonical":"https:\/\/portal.schaffenburg.nl\/de\/produkt\/kabelrinne-59-cm\/","og_locale":"de_DE","og_type":"article","og_title":"Kabelrinne 59 cm - Schaffenburg","og_description":"Die 59 cm lange Kabelschublade ist die ideale L\u00f6sung, um Kabel und Steckdosen ordentlich und sicher unter der Tischplatte zu verstecken. Hergestellt aus robustem Metall und erh\u00e4ltlich in Aluminium, Wei\u00df und Schwarz.","og_url":"https:\/\/portal.schaffenburg.nl\/de\/produkt\/kabelrinne-59-cm\/","og_site_name":"Schaffenburg","article_modified_time":"2018-10-02T13:58:24+00:00","og_image":[{"width":1407,"height":657,"url":"https:\/\/portal.schaffenburg.nl\/wp-content\/uploads\/2024\/09\/DOKL59N-A.png?wsr","type":"image\/png"}],"twitter_card":"summary_large_image","twitter_misc":{"Gesch\u00e4tzte Lesezeit":"1\u00a0Minute"},"schema":{"@context":"https:\/\/schema.org","@graph":[{"@type":"WebPage","@id":"https:\/\/portal.schaffenburg.nl\/de\/produkt\/kabelrinne-59-cm\/","url":"https:\/\/portal.schaffenburg.nl\/de\/produkt\/kabelrinne-59-cm\/","name":"Kabelrinne 59 cm - Schaffenburg","isPartOf":{"@id":"https:\/\/portal.schaffenburg.nl\/de\/#website"},"primaryImageOfPage":{"@id":"https:\/\/portal.schaffenburg.nl\/de\/produkt\/kabelrinne-59-cm\/#primaryimage"},"image":{"@id":"https:\/\/portal.schaffenburg.nl\/de\/produkt\/kabelrinne-59-cm\/#primaryimage"},"thumbnailUrl":"https:\/\/portal.schaffenburg.nl\/wp-content\/uploads\/2024\/09\/DOKL59N-A.png?wsr","datePublished":"2018-10-02T11:58:24+00:00","dateModified":"2018-10-02T13:58:24+00:00","breadcrumb":{"@id":"https:\/\/portal.schaffenburg.nl\/de\/produkt\/kabelrinne-59-cm\/#breadcrumb"},"inLanguage":"de","potentialAction":[{"@type":"ReadAction","target":["https:\/\/portal.schaffenburg.nl\/de\/produkt\/kabelrinne-59-cm\/"]}]},{"@type":"ImageObject","inLanguage":"de","@id":"https:\/\/portal.schaffenburg.nl\/de\/produkt\/kabelrinne-59-cm\/#primaryimage","url":"https:\/\/portal.schaffenburg.nl\/wp-content\/uploads\/2024\/09\/DOKL59N-A.png?wsr","contentUrl":"https:\/\/portal.schaffenburg.nl\/wp-content\/uploads\/2024\/09\/DOKL59N-A.png?wsr","width":1407,"height":657,"caption":"Kabelrinne 59 cm"},{"@type":"BreadcrumbList","@id":"https:\/\/portal.schaffenburg.nl\/de\/produkt\/kabelrinne-59-cm\/#breadcrumb","itemListElement":[{"@type":"ListItem","position":1,"name":"Home","item":"https:\/\/portal.schaffenburg.nl\/de\/"},{"@type":"ListItem","position":2,"name":"Kabelrinne 59 cm"}]},{"@type":"WebSite","@id":"https:\/\/portal.schaffenburg.nl\/de\/#website","url":"https:\/\/portal.schaffenburg.nl\/de\/","name":"Schaffenburg","description":"","potentialAction":[{"@type":"SearchAction","target":{"@type":"EntryPoint","urlTemplate":"https:\/\/portal.schaffenburg.nl\/de\/?s={search_term_string}"},"query-input":{"@type":"PropertyValueSpecification","valueRequired":true,"valueName":"search_term_string"}}],"inLanguage":"de"}]}},"_links":{"self":[{"href":"https:\/\/portal.schaffenburg.nl\/de\/wp-json\/wp\/v2\/product\/31394","targetHints":{"allow":["GET"]}}],"collection":[{"href":"https:\/\/portal.schaffenburg.nl\/de\/wp-json\/wp\/v2\/product"}],"about":[{"href":"https:\/\/portal.schaffenburg.nl\/de\/wp-json\/wp\/v2\/types\/product"}],"replies":[{"embeddable":true,"href":"https:\/\/portal.schaffenburg.nl\/de\/wp-json\/wp\/v2\/comments?post=31394"}],"wp:featuredmedia":[{"embeddable":true,"href":"https:\/\/portal.schaffenburg.nl\/de\/wp-json\/wp\/v2\/media\/17304"}],"wp:attachment":[{"href":"https:\/\/portal.schaffenburg.nl\/de\/wp-json\/wp\/v2\/media?parent=31394"}],"wp:term":[{"taxonomy":"product_brand","embeddable":true,"href":"https:\/\/portal.schaffenburg.nl\/de\/wp-json\/wp\/v2\/product_brand?post=31394"},{"taxonomy":"product_cat","embeddable":true,"href":"https:\/\/portal.schaffenburg.nl\/de\/wp-json\/wp\/v2\/product_cat?post=31394"},{"taxonomy":"product_tag","embeddable":true,"href":"https:\/\/portal.schaffenburg.nl\/de\/wp-json\/wp\/v2\/product_tag?post=31394"}],"curies":[{"name":"wp","href":"https:\/\/api.w.org\/{rel}","templated":true}]}}