{"id":31635,"date":"2018-10-02T13:58:22","date_gmt":"2018-10-02T13:58:22","guid":{"rendered":"https:\/\/staging-schaffenburg.nl\/product\/domino-plus-hoehenverstellbarer-steh-sitz-tisch\/"},"modified":"2018-10-02T13:58:22","modified_gmt":"2018-10-02T13:58:22","slug":"domino-plus-hoehenverstellbarer-steh-sitz-tisch","status":"publish","type":"product","link":"https:\/\/portal.schaffenburg.nl\/de\/produkt\/domino-plus-hoehenverstellbarer-steh-sitz-tisch\/","title":{"rendered":"Domino Plus h\u00f6henverstellbarer Steh-Sitz-Tisch"},"content":{"rendered":"Erweitern Sie Ihren Arbeitsplatz mit dem Domino Plus h\u00f6henverstellbaren Sitz-Sitz-Erweiterungstisch. Dieser Erweiterungstisch eignet sich perfekt zur Erweiterung Ihres Arbeitsplatzes und ist mit dem Domino <a href=\"https:\/\/www.schaffenburg.nl\/shop\/snellever\/bureaus-snellever\/bureaus-zit-zit-snellever\/domino-plus-hoogte-instelbaar-zit-zit-bureau\/\">Plus Tisch<\/a> kompatibel. Dank der H\u00f6henverstellbarkeit (62 - 85 cm) k\u00f6nnen Sie Ihren Arbeitsplatz ganz nach Ihren Bed\u00fcrfnissen einrichten. Eine bequemere Arbeitshaltung und weniger k\u00f6rperliche Belastung f\u00fchren zu einer h\u00f6heren Produktivit\u00e4t.   \nMit einer Breite von 80 x 60 cm oder 120 x 60 cm ist dieser Anbautisch in sieben verschiedenen Plattenfarben erh\u00e4ltlich. So k\u00f6nnen Sie ihn problemlos mit dem Domino Plus Schreibtisch kombinieren. Die Platte besteht aus 25 mm starkem Melamin und bietet eine robuste und langlebige Arbeitsfl\u00e4che.  \nDas durchgehende O-Fu\u00df-Gestell ist in Schwarz, Wei\u00df und Aluminium erh\u00e4ltlich, so dass Sie die perfekte Erg\u00e4nzung zu Ihrer vorhandenen Einrichtung finden k\u00f6nnen. Das O-Fu\u00df-Gestell ist mit verstellbaren F\u00fc\u00dfen ausgestattet, so dass Sie es leicht auf jede Oberfl\u00e4che stellen k\u00f6nnen. \nUnd das Beste ist, dass sowohl das Gestell als auch die Platte an Ihren vorhandenen Domino Plus Schreibtisch angepasst werden k\u00f6nnen. So erhalten Sie ein konsistentes und einheitliches Aussehen Ihres Arbeitsplatzes. \nder h\u00f6henverstellbare Domino Plus Sitz-Steh-Erweiterungstisch bietet die perfekte L\u00f6sung. Ganz gleich, ob Sie zus\u00e4tzlichen Platz ben\u00f6tigen, um Ihre Papiere zu sortieren, Ihren Computer zu platzieren oder einfach nur, um Ihre Beine beim Arbeiten auszustrecken. Bestellen Sie ihn noch heute und erleben Sie den Unterschied in Ihrem Arbeitsbereich!  \n<h6>Eigenschaften<\/h6>\n<ul>\n<li>H\u00f6henverstellbar durch Innensechskantschraube mit Raster im Bein<\/li>\n<li>Verschiedene Farben f\u00fcr Oberteil und Rahmen<\/li>\n<li>Tischplatten aus 25 mm starkem Melamin<\/li>\n<li>Sockel aus Metall<\/li>\n<li>O-Beine mit verstellbaren F\u00fc\u00dfen<\/li>\n<\/ul>\n","protected":false},"excerpt":{"rendered":"<p>Der Domino Plus h\u00f6henverstellbare Sitz\/Sitz-Erweiterungstisch ist eine Erweiterung des Domino Plus Schreibtisches mit H\u00f6henverstellm\u00f6glichkeiten (62-85cm), einer Melaminplatte in 7 Farben und einem durchgehenden O-Fu\u00df-Gestell in Schwarz, Wei\u00df oder Aluminium. Er l\u00e4sst sich nahtlos mit Ihrem vorhandenen Domino Plus Schreibtisch kombinieren. <\/p>\n","protected":false},"featured_media":17296,"comment_status":"closed","ping_status":"closed","template":"","meta":{"_acf_changed":false},"product_brand":[],"product_cat":[2882,4077,2140],"product_tag":[2424,3685,5230,2427,3724,5231,2466,3830,5232,2467,4078,5233,2469,4080,5234,2474,4081,5235,2619,4376,5236,2641,4377,5237,2142,2643,4380,2143,2707,4464,2145,2890,5183,2148,2902,5185,2157,2905,5186,2159,3623,5227,2161,3624,5228,2285,3681,5229],"class_list":{"0":"post-31635","1":"product","2":"type-product","3":"status-publish","4":"has-post-thumbnail","6":"product_cat-schreibtische","7":"product_cat-schreibtische-sitzen-sitzen","8":"product_cat-schnelle-lieferung","9":"product_tag-aluminium-de","10":"product_tag-gesundheit","11":"product_tag-konsistenz","12":"product_tag-weis","13":"product_tag-plus-de","14":"product_tag-melaminplatte","15":"product_tag-qualitat","16":"product_tag-passend-zu","17":"product_tag-o-bein-rahmen","18":"product_tag-produktivitat","19":"product_tag-schreibtisch-de","20":"product_tag-stress-abbauen","21":"product_tag-zubehor","22":"product_tag-verlangerungstisch","23":"product_tag-durchwahl","24":"product_tag-robust","25":"product_tag-hohenverstellbar","26":"product_tag-einheitlichkeit","27":"product_tag-buro-de","28":"product_tag-schreibtische","29":"product_tag-sieben-farben","30":"product_tag-ergonomie-de","31":"product_tag-schreibtisch-tische","32":"product_tag-sitzen-sitzen","33":"product_tag-komfort","34":"product_tag-flexibilitat","35":"product_tag-tische","36":"product_tag-nachhaltig","37":"product_tag-ergonomisch-de","38":"product_tag-passender-schreibtisch","39":"product_tag-schwarz","40":"product_tag-nivellierfuesse","41":"product_tag-domino-de","42":"product_tag-entwurf","43":"product_tag-hoehenverstellbar","44":"product_tag-domino-plus-de","45":"product_tag-modern-de","46":"product_tag-tabelle","47":"product_tag-domino-programm","48":"product_tag-funktionalitat","49":"product_tag-multifunktional","50":"product_tag-120x60cm-de","51":"product_tag-einfach","52":"product_tag-arbeitsbereich","53":"product_tag-80x60cm-de","54":"product_tag-buro","55":"product_tag-von-zu-hause-aus-arbeiten-de","56":"product_tag-anpassung","57":"pa_blad-kleur-eiche-robbson","58":"pa_blad-kleur-halifax-auswaerts","59":"pa_blad-kleur-havanna-kirsche-hell","60":"pa_blad-kleur-hellgrau","61":"pa_blad-kleur-kreideweiss","62":"pa_blad-kleur-lindberg-oak-abgehend","63":"pa_blad-kleur-logan-eiche","64":"pa_bladsoort-25mm-melamin","65":"pa_diepte-60cm-de","66":"pa_frame-kleur-aluminium-ral9006-de","67":"pa_frame-kleur-schwarz-ral9011","68":"pa_frame-kleur-weiss-ral9010","69":"pa_hoogte-62-85cm-de","70":"pa_lengte-120cm-de","71":"pa_lengte-80cm-de","72":"pa_onderstel-einstellbar","73":"pa_soorten-poot-o-bein","74":"pa_vorm-rechtwinklig","75":"pa_werkplekken-eine","77":"first","78":"instock","79":"purchasable","80":"product-type-variable"},"acf":{"downloads":null},"yoast_head":"<!-- This site is optimized with the Yoast SEO plugin v26.7 - https:\/\/yoast.com\/wordpress\/plugins\/seo\/ -->\n<title>Domino Plus h\u00f6henverstellbarer Steh-Sitz-Tisch - Schaffenburg<\/title>\n<meta name=\"robots\" content=\"index, follow, max-snippet:-1, max-image-preview:large, max-video-preview:-1\" \/>\n<link rel=\"canonical\" href=\"https:\/\/portal.schaffenburg.nl\/de\/produkt\/domino-plus-hoehenverstellbarer-steh-sitz-tisch\/\" \/>\n<meta property=\"og:locale\" content=\"de_DE\" \/>\n<meta property=\"og:type\" content=\"article\" \/>\n<meta property=\"og:title\" content=\"Domino Plus h\u00f6henverstellbarer Steh-Sitz-Tisch - Schaffenburg\" \/>\n<meta property=\"og:description\" content=\"Der Domino Plus h\u00f6henverstellbare Sitz\/Sitz-Erweiterungstisch ist eine Erweiterung des Domino Plus Schreibtisches mit H\u00f6henverstellm\u00f6glichkeiten (62-85cm), einer Melaminplatte in 7 Farben und einem durchgehenden O-Fu\u00df-Gestell in Schwarz, Wei\u00df oder Aluminium. Er l\u00e4sst sich nahtlos mit Ihrem vorhandenen Domino Plus Schreibtisch kombinieren.\" \/>\n<meta property=\"og:url\" content=\"https:\/\/portal.schaffenburg.nl\/de\/produkt\/domino-plus-hoehenverstellbarer-steh-sitz-tisch\/\" \/>\n<meta property=\"og:site_name\" content=\"Schaffenburg\" \/>\n<meta property=\"og:image\" content=\"https:\/\/portal.schaffenburg.nl\/wp-content\/uploads\/2024\/09\/DOB-PLA126-HAVW-M25-1.jpg?wsr\" \/>\n\t<meta property=\"og:image:width\" content=\"1181\" \/>\n\t<meta property=\"og:image:height\" content=\"787\" \/>\n\t<meta property=\"og:image:type\" content=\"image\/jpeg\" \/>\n<meta name=\"twitter:card\" content=\"summary_large_image\" \/>\n<meta name=\"twitter:label1\" content=\"Gesch\u00e4tzte Lesezeit\" \/>\n\t<meta name=\"twitter:data1\" content=\"1\u00a0Minute\" \/>\n<script type=\"application\/ld+json\" class=\"yoast-schema-graph\">{\"@context\":\"https:\/\/schema.org\",\"@graph\":[{\"@type\":\"WebPage\",\"@id\":\"https:\/\/portal.schaffenburg.nl\/de\/produkt\/domino-plus-hoehenverstellbarer-steh-sitz-tisch\/\",\"url\":\"https:\/\/portal.schaffenburg.nl\/de\/produkt\/domino-plus-hoehenverstellbarer-steh-sitz-tisch\/\",\"name\":\"Domino Plus h\u00f6henverstellbarer Steh-Sitz-Tisch - Schaffenburg\",\"isPartOf\":{\"@id\":\"https:\/\/portal.schaffenburg.nl\/de\/#website\"},\"primaryImageOfPage\":{\"@id\":\"https:\/\/portal.schaffenburg.nl\/de\/produkt\/domino-plus-hoehenverstellbarer-steh-sitz-tisch\/#primaryimage\"},\"image\":{\"@id\":\"https:\/\/portal.schaffenburg.nl\/de\/produkt\/domino-plus-hoehenverstellbarer-steh-sitz-tisch\/#primaryimage\"},\"thumbnailUrl\":\"https:\/\/portal.schaffenburg.nl\/wp-content\/uploads\/2024\/09\/DOB-PLA126-HAVW-M25-1.jpg?wsr\",\"datePublished\":\"2018-10-02T13:58:22+00:00\",\"breadcrumb\":{\"@id\":\"https:\/\/portal.schaffenburg.nl\/de\/produkt\/domino-plus-hoehenverstellbarer-steh-sitz-tisch\/#breadcrumb\"},\"inLanguage\":\"de\",\"potentialAction\":[{\"@type\":\"ReadAction\",\"target\":[\"https:\/\/portal.schaffenburg.nl\/de\/produkt\/domino-plus-hoehenverstellbarer-steh-sitz-tisch\/\"]}]},{\"@type\":\"ImageObject\",\"inLanguage\":\"de\",\"@id\":\"https:\/\/portal.schaffenburg.nl\/de\/produkt\/domino-plus-hoehenverstellbarer-steh-sitz-tisch\/#primaryimage\",\"url\":\"https:\/\/portal.schaffenburg.nl\/wp-content\/uploads\/2024\/09\/DOB-PLA126-HAVW-M25-1.jpg?wsr\",\"contentUrl\":\"https:\/\/portal.schaffenburg.nl\/wp-content\/uploads\/2024\/09\/DOB-PLA126-HAVW-M25-1.jpg?wsr\",\"width\":1181,\"height\":787,\"caption\":\"Domino Plus h\u00f6henverstellbarer Steh-Sitz-Tisch\"},{\"@type\":\"BreadcrumbList\",\"@id\":\"https:\/\/portal.schaffenburg.nl\/de\/produkt\/domino-plus-hoehenverstellbarer-steh-sitz-tisch\/#breadcrumb\",\"itemListElement\":[{\"@type\":\"ListItem\",\"position\":1,\"name\":\"Home\",\"item\":\"https:\/\/portal.schaffenburg.nl\/de\/\"},{\"@type\":\"ListItem\",\"position\":2,\"name\":\"Domino Plus h\u00f6henverstellbarer Steh-Sitz-Tisch\"}]},{\"@type\":\"WebSite\",\"@id\":\"https:\/\/portal.schaffenburg.nl\/de\/#website\",\"url\":\"https:\/\/portal.schaffenburg.nl\/de\/\",\"name\":\"Schaffenburg\",\"description\":\"\",\"potentialAction\":[{\"@type\":\"SearchAction\",\"target\":{\"@type\":\"EntryPoint\",\"urlTemplate\":\"https:\/\/portal.schaffenburg.nl\/de\/?s={search_term_string}\"},\"query-input\":{\"@type\":\"PropertyValueSpecification\",\"valueRequired\":true,\"valueName\":\"search_term_string\"}}],\"inLanguage\":\"de\"}]}<\/script>\n<!-- \/ Yoast SEO plugin. -->","yoast_head_json":{"title":"Domino Plus h\u00f6henverstellbarer Steh-Sitz-Tisch - Schaffenburg","robots":{"index":"index","follow":"follow","max-snippet":"max-snippet:-1","max-image-preview":"max-image-preview:large","max-video-preview":"max-video-preview:-1"},"canonical":"https:\/\/portal.schaffenburg.nl\/de\/produkt\/domino-plus-hoehenverstellbarer-steh-sitz-tisch\/","og_locale":"de_DE","og_type":"article","og_title":"Domino Plus h\u00f6henverstellbarer Steh-Sitz-Tisch - Schaffenburg","og_description":"Der Domino Plus h\u00f6henverstellbare Sitz\/Sitz-Erweiterungstisch ist eine Erweiterung des Domino Plus Schreibtisches mit H\u00f6henverstellm\u00f6glichkeiten (62-85cm), einer Melaminplatte in 7 Farben und einem durchgehenden O-Fu\u00df-Gestell in Schwarz, Wei\u00df oder Aluminium. Er l\u00e4sst sich nahtlos mit Ihrem vorhandenen Domino Plus Schreibtisch kombinieren.","og_url":"https:\/\/portal.schaffenburg.nl\/de\/produkt\/domino-plus-hoehenverstellbarer-steh-sitz-tisch\/","og_site_name":"Schaffenburg","og_image":[{"width":1181,"height":787,"url":"https:\/\/portal.schaffenburg.nl\/wp-content\/uploads\/2024\/09\/DOB-PLA126-HAVW-M25-1.jpg?wsr","type":"image\/jpeg"}],"twitter_card":"summary_large_image","twitter_misc":{"Gesch\u00e4tzte Lesezeit":"1\u00a0Minute"},"schema":{"@context":"https:\/\/schema.org","@graph":[{"@type":"WebPage","@id":"https:\/\/portal.schaffenburg.nl\/de\/produkt\/domino-plus-hoehenverstellbarer-steh-sitz-tisch\/","url":"https:\/\/portal.schaffenburg.nl\/de\/produkt\/domino-plus-hoehenverstellbarer-steh-sitz-tisch\/","name":"Domino Plus h\u00f6henverstellbarer Steh-Sitz-Tisch - Schaffenburg","isPartOf":{"@id":"https:\/\/portal.schaffenburg.nl\/de\/#website"},"primaryImageOfPage":{"@id":"https:\/\/portal.schaffenburg.nl\/de\/produkt\/domino-plus-hoehenverstellbarer-steh-sitz-tisch\/#primaryimage"},"image":{"@id":"https:\/\/portal.schaffenburg.nl\/de\/produkt\/domino-plus-hoehenverstellbarer-steh-sitz-tisch\/#primaryimage"},"thumbnailUrl":"https:\/\/portal.schaffenburg.nl\/wp-content\/uploads\/2024\/09\/DOB-PLA126-HAVW-M25-1.jpg?wsr","datePublished":"2018-10-02T13:58:22+00:00","breadcrumb":{"@id":"https:\/\/portal.schaffenburg.nl\/de\/produkt\/domino-plus-hoehenverstellbarer-steh-sitz-tisch\/#breadcrumb"},"inLanguage":"de","potentialAction":[{"@type":"ReadAction","target":["https:\/\/portal.schaffenburg.nl\/de\/produkt\/domino-plus-hoehenverstellbarer-steh-sitz-tisch\/"]}]},{"@type":"ImageObject","inLanguage":"de","@id":"https:\/\/portal.schaffenburg.nl\/de\/produkt\/domino-plus-hoehenverstellbarer-steh-sitz-tisch\/#primaryimage","url":"https:\/\/portal.schaffenburg.nl\/wp-content\/uploads\/2024\/09\/DOB-PLA126-HAVW-M25-1.jpg?wsr","contentUrl":"https:\/\/portal.schaffenburg.nl\/wp-content\/uploads\/2024\/09\/DOB-PLA126-HAVW-M25-1.jpg?wsr","width":1181,"height":787,"caption":"Domino Plus h\u00f6henverstellbarer Steh-Sitz-Tisch"},{"@type":"BreadcrumbList","@id":"https:\/\/portal.schaffenburg.nl\/de\/produkt\/domino-plus-hoehenverstellbarer-steh-sitz-tisch\/#breadcrumb","itemListElement":[{"@type":"ListItem","position":1,"name":"Home","item":"https:\/\/portal.schaffenburg.nl\/de\/"},{"@type":"ListItem","position":2,"name":"Domino Plus h\u00f6henverstellbarer Steh-Sitz-Tisch"}]},{"@type":"WebSite","@id":"https:\/\/portal.schaffenburg.nl\/de\/#website","url":"https:\/\/portal.schaffenburg.nl\/de\/","name":"Schaffenburg","description":"","potentialAction":[{"@type":"SearchAction","target":{"@type":"EntryPoint","urlTemplate":"https:\/\/portal.schaffenburg.nl\/de\/?s={search_term_string}"},"query-input":{"@type":"PropertyValueSpecification","valueRequired":true,"valueName":"search_term_string"}}],"inLanguage":"de"}]}},"_links":{"self":[{"href":"https:\/\/portal.schaffenburg.nl\/de\/wp-json\/wp\/v2\/product\/31635","targetHints":{"allow":["GET"]}}],"collection":[{"href":"https:\/\/portal.schaffenburg.nl\/de\/wp-json\/wp\/v2\/product"}],"about":[{"href":"https:\/\/portal.schaffenburg.nl\/de\/wp-json\/wp\/v2\/types\/product"}],"replies":[{"embeddable":true,"href":"https:\/\/portal.schaffenburg.nl\/de\/wp-json\/wp\/v2\/comments?post=31635"}],"wp:featuredmedia":[{"embeddable":true,"href":"https:\/\/portal.schaffenburg.nl\/de\/wp-json\/wp\/v2\/media\/17296"}],"wp:attachment":[{"href":"https:\/\/portal.schaffenburg.nl\/de\/wp-json\/wp\/v2\/media?parent=31635"}],"wp:term":[{"taxonomy":"product_brand","embeddable":true,"href":"https:\/\/portal.schaffenburg.nl\/de\/wp-json\/wp\/v2\/product_brand?post=31635"},{"taxonomy":"product_cat","embeddable":true,"href":"https:\/\/portal.schaffenburg.nl\/de\/wp-json\/wp\/v2\/product_cat?post=31635"},{"taxonomy":"product_tag","embeddable":true,"href":"https:\/\/portal.schaffenburg.nl\/de\/wp-json\/wp\/v2\/product_tag?post=31635"}],"curies":[{"name":"wp","href":"https:\/\/api.w.org\/{rel}","templated":true}]}}