{"id":31772,"date":"2018-10-02T13:58:24","date_gmt":"2018-10-02T13:58:24","guid":{"rendered":"https:\/\/staging-schaffenburg.nl\/product\/domino-basic-sitz-steh-tisch-mit-fester-hoehe\/"},"modified":"2018-10-02T13:58:24","modified_gmt":"2018-10-02T13:58:24","slug":"domino-basic-sitz-steh-tisch-mit-fester-hoehe","status":"publish","type":"product","link":"https:\/\/portal.schaffenburg.nl\/de\/produkt\/domino-basic-sitz-steh-tisch-mit-fester-hoehe\/","title":{"rendered":"Domino Basic Sitz-Steh-Tisch mit fester H\u00f6he"},"content":{"rendered":"Der Domino Basic Tisch mit fester Sitzh\u00f6he ist ein vielseitiges M\u00f6belst\u00fcck, ideal f\u00fcr Kantinen oder Konferenzr\u00e4ume. Diese umfassende Serie bietet verschiedene Gr\u00f6\u00dfen und Farben. Das Gestell des Tisches besteht aus einem 30 x 30 mm Vierkantrohr und hat verstellbare F\u00fc\u00dfe f\u00fcr zus\u00e4tzliche Stabilit\u00e4t. Der Tisch ist auch als Stehtisch erh\u00e4ltlich. Der Domino Basic ist in drei Gestellfarben und sieben Plattenfarben erh\u00e4ltlich, so dass f\u00fcr jeden Raum eine passende Variante zur Verf\u00fcgung steht.    \nDurch die feste H\u00f6he von 74 cm ist der Tisch sowohl zum Sitzen als auch zum Stehen geeignet. Die 25 mm dicke Melamin-Tischplatte ist langlebig und leicht zu reinigen. Die 30\u00d730 mm Vierkantrohrbeine sind robust und mit verstellbaren F\u00fc\u00dfen f\u00fcr einen stabilen Stand ausgestattet. Das macht den Domino Basic Tisch zu einer zuverl\u00e4ssigen Wahl f\u00fcr verschiedene Anwendungen.   \nNeben dem Sitz-Steh-Tisch bietet die Domino-Serie noch weitere Optionen. Der Domino-Tisch ist beispielsweise h\u00f6henverstellbar, w\u00e4hrend der Domino Plus-Tisch \u00fcber eine Kippfunktion verf\u00fcgt. Au\u00dferdem gibt es den Domino Table, der sich ideal f\u00fcr informelle Zusammenk\u00fcnfte eignet.  \nEntscheiden Sie sich f\u00fcr den vielseitigen und zuverl\u00e4ssigen Domino Basic Tisch mit fester Sitzh\u00f6he und schaffen Sie so die perfekte Umgebung f\u00fcr Besprechungen, Mittagspausen oder andere Anl\u00e4sse. Mit verschiedenen Farben und Gr\u00f6\u00dfen ist immer eine passende Option verf\u00fcgbar. Bestellen Sie noch heute und profitieren Sie von den Vorteilen dieses umfassenden M\u00f6belprogramms.  \n<h6>Eigenschaften<\/h6>\n<ul>\n<li>Ausgef\u00fchrt in einer festen H\u00f6he von 74 cm.<\/li>\n<li>Verschiedene Blatt- und Rahmenfarben.<\/li>\n<li>Tischplatten aus 25 mm dickem Melamin.<\/li>\n<li>Beine aus Vierkantrohr 30\u00d730 mm mit Stabilisatoren.<\/li>\n<li>Auch in der Domino-Reihe erh\u00e4ltlich: <a href=\"https:\/\/www.schaffenburg.nl\/shop\/snellever\/bureaus-snellever\/bureaus-zit-zit-snellever\/domino-plus-bureau\/\" target=\"_blank\" rel=\"noopener noreferrer\">Domino Plus <\/a>und <a href=\"https:\/\/www.schaffenburg.nl\/shop\/snellever\/bureaus-snellever\/bureaus-zit-zit-snellever\/domino-basic-statafel\/\" target=\"_blank\" rel=\"noopener noreferrer\">Domino Table<\/a>.<\/li>\n<\/ul>\n","protected":false},"excerpt":{"rendered":"<p>Der Domino Basic Tisch mit fester Sitzh\u00f6he ist eine zuverl\u00e4ssige Wahl f\u00fcr Konferenzr\u00e4ume und Kantinen. Die Serie bietet verschiedene Gr\u00f6\u00dfen und Farben, ein Gestell aus Vierkantrohr und verstellbare F\u00fc\u00dfe. Erh\u00e4ltlich als Stehtisch, h\u00f6henverstellbarer Tisch mit und ohne Auszug. Strapazierf\u00e4hige Melaminplatte mit einer St\u00e4rke von 25 mm.   <\/p>\n","protected":false},"featured_media":17320,"comment_status":"closed","ping_status":"closed","template":"","meta":{"_acf_changed":false},"product_brand":[],"product_cat":[3109,2140],"product_tag":[2887,4377,2143,2890,4380,2148,2905,5186,2150,2913,5231,2151,2964,5284,2153,3112,5285,2157,3169,5286,2158,3384,5287,2164,3576,5288,2289,3619,5289,2572,3628,5290,2583,3743,5291,2585,4000,5292,2619,4096,5293,2720,4207,2781,4376],"class_list":{"0":"post-31772","1":"product","2":"type-product","3":"status-publish","4":"has-post-thumbnail","6":"product_cat-besprechungs-und-konferenztische","7":"product_cat-schnelle-lieferung","8":"product_tag-rahmenfarben","9":"product_tag-schreibtisch-tische","10":"product_tag-nachhaltig","11":"product_tag-nivellierfuesse","12":"product_tag-tische","13":"product_tag-entwurf","14":"product_tag-tabelle","15":"product_tag-domino-programm","16":"product_tag-funktional","17":"product_tag-besprechungstisch","18":"product_tag-melaminplatte","19":"product_tag-professionell","20":"product_tag-stabil","21":"product_tag-geschaftsraum","22":"product_tag-nachhaltigkeit","23":"product_tag-robuste","24":"product_tag-verschiedene-grosen-de","25":"product_tag-modern-de","26":"product_tag-verschiedene-farben","27":"product_tag-informell","28":"product_tag-stilvoll","29":"product_tag-burogestaltung","30":"product_tag-neigungsfunktion","31":"product_tag-praktisch-de","32":"product_tag-zuverlassig","33":"product_tag-kantinentisch","34":"product_tag-zeitlos","35":"product_tag-leicht-zu-reinigen","36":"product_tag-mittagstisch","37":"product_tag-elegant-de","38":"product_tag-individuell","39":"product_tag-mobel-de-3","40":"product_tag-vielseitig","41":"product_tag-zuverlassigkeit","42":"product_tag-stehtisch","43":"product_tag-vielseitigkeit","44":"product_tag-formliche-sitzungen","45":"product_tag-tischplatten","46":"product_tag-buro-de","47":"product_tag-hohenverstellbar-de","48":"product_tag-vierkantrohr","49":"product_tag-flexibel-de","50":"product_tag-feste-hohe","51":"product_tag-hohe-qualitat","52":"product_tag-schreibtische","53":"pa_blad-kleur-eiche-robbson","54":"pa_blad-kleur-halifax-auswaerts","55":"pa_blad-kleur-havanna-kirsche-hell","56":"pa_blad-kleur-hellgrau","57":"pa_blad-kleur-honig-castello","58":"pa_blad-kleur-kreideweiss","59":"pa_blad-kleur-lindberg-oak-abgehend","60":"pa_blad-kleur-logan-eiche","61":"pa_blad-kleur-schatten-schwarz","62":"pa_bladsoort-25mm-melamin","63":"pa_diepte-80cm-de","64":"pa_frame-kleur-aluminium-ral9006-de","65":"pa_frame-kleur-schwarz-ral9011","66":"pa_frame-kleur-weiss-ral9010","67":"pa_hoogte-62-85cm-de","68":"pa_hoogte-74cm-de","69":"pa_lengte-120cm-de","70":"pa_lengte-160cm-de","71":"pa_lengte-180cm-de","72":"pa_lengte-200cm-de","73":"pa_lengte-80cm-de","74":"pa_onderstel-einstellbar","75":"pa_onderstel-feste-hohe","76":"pa_soorten-poot-4-beinig","77":"pa_vorm-rechtwinklig","78":"pa_werkplekken-eine","80":"first","81":"instock","82":"purchasable","83":"product-type-variable"},"acf":{"downloads":[{"label":"Merkblatt_onst_domino_basic_2019-v2","bestand":26652,"toegankelijkheid":"resellers"},{"label":"factsheet_os_domino_basic_2019-v1","bestand":26654,"toegankelijkheid":"resellers"}]},"yoast_head":"<!-- This site is optimized with the Yoast SEO plugin v26.7 - https:\/\/yoast.com\/wordpress\/plugins\/seo\/ -->\n<title>Domino Basic Sitz-Steh-Tisch mit fester H\u00f6he - Schaffenburg<\/title>\n<meta name=\"robots\" content=\"index, follow, max-snippet:-1, max-image-preview:large, max-video-preview:-1\" \/>\n<link rel=\"canonical\" href=\"https:\/\/portal.schaffenburg.nl\/de\/produkt\/domino-basic-sitz-steh-tisch-mit-fester-hoehe\/\" \/>\n<meta property=\"og:locale\" content=\"de_DE\" \/>\n<meta property=\"og:type\" content=\"article\" \/>\n<meta property=\"og:title\" content=\"Domino Basic Sitz-Steh-Tisch mit fester H\u00f6he - Schaffenburg\" \/>\n<meta property=\"og:description\" content=\"Der Domino Basic Tisch mit fester Sitzh\u00f6he ist eine zuverl\u00e4ssige Wahl f\u00fcr Konferenzr\u00e4ume und Kantinen. Die Serie bietet verschiedene Gr\u00f6\u00dfen und Farben, ein Gestell aus Vierkantrohr und verstellbare F\u00fc\u00dfe. Erh\u00e4ltlich als Stehtisch, h\u00f6henverstellbarer Tisch mit und ohne Auszug. Strapazierf\u00e4hige Melaminplatte mit einer St\u00e4rke von 25 mm.\" \/>\n<meta property=\"og:url\" content=\"https:\/\/portal.schaffenburg.nl\/de\/produkt\/domino-basic-sitz-steh-tisch-mit-fester-hoehe\/\" \/>\n<meta property=\"og:site_name\" content=\"Schaffenburg\" \/>\n<meta property=\"og:image\" content=\"https:\/\/portal.schaffenburg.nl\/wp-content\/uploads\/2024\/09\/DOMB_prod.jpg?wsr\" \/>\n\t<meta property=\"og:image:width\" content=\"1500\" \/>\n\t<meta property=\"og:image:height\" content=\"1500\" \/>\n\t<meta property=\"og:image:type\" content=\"image\/jpeg\" \/>\n<meta name=\"twitter:card\" content=\"summary_large_image\" \/>\n<meta name=\"twitter:label1\" content=\"Gesch\u00e4tzte Lesezeit\" \/>\n\t<meta name=\"twitter:data1\" content=\"1\u00a0Minute\" \/>\n<script type=\"application\/ld+json\" class=\"yoast-schema-graph\">{\"@context\":\"https:\/\/schema.org\",\"@graph\":[{\"@type\":\"WebPage\",\"@id\":\"https:\/\/portal.schaffenburg.nl\/de\/produkt\/domino-basic-sitz-steh-tisch-mit-fester-hoehe\/\",\"url\":\"https:\/\/portal.schaffenburg.nl\/de\/produkt\/domino-basic-sitz-steh-tisch-mit-fester-hoehe\/\",\"name\":\"Domino Basic Sitz-Steh-Tisch mit fester H\u00f6he - Schaffenburg\",\"isPartOf\":{\"@id\":\"https:\/\/portal.schaffenburg.nl\/de\/#website\"},\"primaryImageOfPage\":{\"@id\":\"https:\/\/portal.schaffenburg.nl\/de\/produkt\/domino-basic-sitz-steh-tisch-mit-fester-hoehe\/#primaryimage\"},\"image\":{\"@id\":\"https:\/\/portal.schaffenburg.nl\/de\/produkt\/domino-basic-sitz-steh-tisch-mit-fester-hoehe\/#primaryimage\"},\"thumbnailUrl\":\"https:\/\/portal.schaffenburg.nl\/wp-content\/uploads\/2024\/09\/DOMB_prod.jpg?wsr\",\"datePublished\":\"2018-10-02T13:58:24+00:00\",\"breadcrumb\":{\"@id\":\"https:\/\/portal.schaffenburg.nl\/de\/produkt\/domino-basic-sitz-steh-tisch-mit-fester-hoehe\/#breadcrumb\"},\"inLanguage\":\"de\",\"potentialAction\":[{\"@type\":\"ReadAction\",\"target\":[\"https:\/\/portal.schaffenburg.nl\/de\/produkt\/domino-basic-sitz-steh-tisch-mit-fester-hoehe\/\"]}]},{\"@type\":\"ImageObject\",\"inLanguage\":\"de\",\"@id\":\"https:\/\/portal.schaffenburg.nl\/de\/produkt\/domino-basic-sitz-steh-tisch-mit-fester-hoehe\/#primaryimage\",\"url\":\"https:\/\/portal.schaffenburg.nl\/wp-content\/uploads\/2024\/09\/DOMB_prod.jpg?wsr\",\"contentUrl\":\"https:\/\/portal.schaffenburg.nl\/wp-content\/uploads\/2024\/09\/DOMB_prod.jpg?wsr\",\"width\":1500,\"height\":1500,\"caption\":\"Domino Basic Sitz-Steh-Tisch mit fester H\u00f6he\"},{\"@type\":\"BreadcrumbList\",\"@id\":\"https:\/\/portal.schaffenburg.nl\/de\/produkt\/domino-basic-sitz-steh-tisch-mit-fester-hoehe\/#breadcrumb\",\"itemListElement\":[{\"@type\":\"ListItem\",\"position\":1,\"name\":\"Home\",\"item\":\"https:\/\/portal.schaffenburg.nl\/de\/\"},{\"@type\":\"ListItem\",\"position\":2,\"name\":\"Domino Basic Sitz-Steh-Tisch mit fester H\u00f6he\"}]},{\"@type\":\"WebSite\",\"@id\":\"https:\/\/portal.schaffenburg.nl\/de\/#website\",\"url\":\"https:\/\/portal.schaffenburg.nl\/de\/\",\"name\":\"Schaffenburg\",\"description\":\"\",\"potentialAction\":[{\"@type\":\"SearchAction\",\"target\":{\"@type\":\"EntryPoint\",\"urlTemplate\":\"https:\/\/portal.schaffenburg.nl\/de\/?s={search_term_string}\"},\"query-input\":{\"@type\":\"PropertyValueSpecification\",\"valueRequired\":true,\"valueName\":\"search_term_string\"}}],\"inLanguage\":\"de\"}]}<\/script>\n<!-- \/ Yoast SEO plugin. -->","yoast_head_json":{"title":"Domino Basic Sitz-Steh-Tisch mit fester H\u00f6he - Schaffenburg","robots":{"index":"index","follow":"follow","max-snippet":"max-snippet:-1","max-image-preview":"max-image-preview:large","max-video-preview":"max-video-preview:-1"},"canonical":"https:\/\/portal.schaffenburg.nl\/de\/produkt\/domino-basic-sitz-steh-tisch-mit-fester-hoehe\/","og_locale":"de_DE","og_type":"article","og_title":"Domino Basic Sitz-Steh-Tisch mit fester H\u00f6he - Schaffenburg","og_description":"Der Domino Basic Tisch mit fester Sitzh\u00f6he ist eine zuverl\u00e4ssige Wahl f\u00fcr Konferenzr\u00e4ume und Kantinen. Die Serie bietet verschiedene Gr\u00f6\u00dfen und Farben, ein Gestell aus Vierkantrohr und verstellbare F\u00fc\u00dfe. Erh\u00e4ltlich als Stehtisch, h\u00f6henverstellbarer Tisch mit und ohne Auszug. Strapazierf\u00e4hige Melaminplatte mit einer St\u00e4rke von 25 mm.","og_url":"https:\/\/portal.schaffenburg.nl\/de\/produkt\/domino-basic-sitz-steh-tisch-mit-fester-hoehe\/","og_site_name":"Schaffenburg","og_image":[{"width":1500,"height":1500,"url":"https:\/\/portal.schaffenburg.nl\/wp-content\/uploads\/2024\/09\/DOMB_prod.jpg?wsr","type":"image\/jpeg"}],"twitter_card":"summary_large_image","twitter_misc":{"Gesch\u00e4tzte Lesezeit":"1\u00a0Minute"},"schema":{"@context":"https:\/\/schema.org","@graph":[{"@type":"WebPage","@id":"https:\/\/portal.schaffenburg.nl\/de\/produkt\/domino-basic-sitz-steh-tisch-mit-fester-hoehe\/","url":"https:\/\/portal.schaffenburg.nl\/de\/produkt\/domino-basic-sitz-steh-tisch-mit-fester-hoehe\/","name":"Domino Basic Sitz-Steh-Tisch mit fester H\u00f6he - Schaffenburg","isPartOf":{"@id":"https:\/\/portal.schaffenburg.nl\/de\/#website"},"primaryImageOfPage":{"@id":"https:\/\/portal.schaffenburg.nl\/de\/produkt\/domino-basic-sitz-steh-tisch-mit-fester-hoehe\/#primaryimage"},"image":{"@id":"https:\/\/portal.schaffenburg.nl\/de\/produkt\/domino-basic-sitz-steh-tisch-mit-fester-hoehe\/#primaryimage"},"thumbnailUrl":"https:\/\/portal.schaffenburg.nl\/wp-content\/uploads\/2024\/09\/DOMB_prod.jpg?wsr","datePublished":"2018-10-02T13:58:24+00:00","breadcrumb":{"@id":"https:\/\/portal.schaffenburg.nl\/de\/produkt\/domino-basic-sitz-steh-tisch-mit-fester-hoehe\/#breadcrumb"},"inLanguage":"de","potentialAction":[{"@type":"ReadAction","target":["https:\/\/portal.schaffenburg.nl\/de\/produkt\/domino-basic-sitz-steh-tisch-mit-fester-hoehe\/"]}]},{"@type":"ImageObject","inLanguage":"de","@id":"https:\/\/portal.schaffenburg.nl\/de\/produkt\/domino-basic-sitz-steh-tisch-mit-fester-hoehe\/#primaryimage","url":"https:\/\/portal.schaffenburg.nl\/wp-content\/uploads\/2024\/09\/DOMB_prod.jpg?wsr","contentUrl":"https:\/\/portal.schaffenburg.nl\/wp-content\/uploads\/2024\/09\/DOMB_prod.jpg?wsr","width":1500,"height":1500,"caption":"Domino Basic Sitz-Steh-Tisch mit fester H\u00f6he"},{"@type":"BreadcrumbList","@id":"https:\/\/portal.schaffenburg.nl\/de\/produkt\/domino-basic-sitz-steh-tisch-mit-fester-hoehe\/#breadcrumb","itemListElement":[{"@type":"ListItem","position":1,"name":"Home","item":"https:\/\/portal.schaffenburg.nl\/de\/"},{"@type":"ListItem","position":2,"name":"Domino Basic Sitz-Steh-Tisch mit fester H\u00f6he"}]},{"@type":"WebSite","@id":"https:\/\/portal.schaffenburg.nl\/de\/#website","url":"https:\/\/portal.schaffenburg.nl\/de\/","name":"Schaffenburg","description":"","potentialAction":[{"@type":"SearchAction","target":{"@type":"EntryPoint","urlTemplate":"https:\/\/portal.schaffenburg.nl\/de\/?s={search_term_string}"},"query-input":{"@type":"PropertyValueSpecification","valueRequired":true,"valueName":"search_term_string"}}],"inLanguage":"de"}]}},"_links":{"self":[{"href":"https:\/\/portal.schaffenburg.nl\/de\/wp-json\/wp\/v2\/product\/31772","targetHints":{"allow":["GET"]}}],"collection":[{"href":"https:\/\/portal.schaffenburg.nl\/de\/wp-json\/wp\/v2\/product"}],"about":[{"href":"https:\/\/portal.schaffenburg.nl\/de\/wp-json\/wp\/v2\/types\/product"}],"replies":[{"embeddable":true,"href":"https:\/\/portal.schaffenburg.nl\/de\/wp-json\/wp\/v2\/comments?post=31772"}],"wp:featuredmedia":[{"embeddable":true,"href":"https:\/\/portal.schaffenburg.nl\/de\/wp-json\/wp\/v2\/media\/17320"}],"wp:attachment":[{"href":"https:\/\/portal.schaffenburg.nl\/de\/wp-json\/wp\/v2\/media?parent=31772"}],"wp:term":[{"taxonomy":"product_brand","embeddable":true,"href":"https:\/\/portal.schaffenburg.nl\/de\/wp-json\/wp\/v2\/product_brand?post=31772"},{"taxonomy":"product_cat","embeddable":true,"href":"https:\/\/portal.schaffenburg.nl\/de\/wp-json\/wp\/v2\/product_cat?post=31772"},{"taxonomy":"product_tag","embeddable":true,"href":"https:\/\/portal.schaffenburg.nl\/de\/wp-json\/wp\/v2\/product_tag?post=31772"}],"curies":[{"name":"wp","href":"https:\/\/api.w.org\/{rel}","templated":true}]}}