{"id":31857,"date":"2018-10-02T13:58:26","date_gmt":"2018-10-02T13:58:26","guid":{"rendered":"https:\/\/staging-schaffenburg.nl\/product\/teleskopierbare-kabelrinne\/"},"modified":"2018-10-02T13:58:26","modified_gmt":"2018-10-02T13:58:26","slug":"teleskopierbare-kabelrinne","status":"publish","type":"product","link":"https:\/\/portal.schaffenburg.nl\/de\/produkt\/teleskopierbare-kabelrinne\/","title":{"rendered":"Teleskopierbare Kabelrinne"},"content":{"rendered":"Lernen Sie die Teleskop-Kabelschublade kennen, die ideale L\u00f6sung, um Ihren Arbeitsplatz in eine organisierte Oase ohne Kabelsalat zu verwandeln! Dieses innovative Accessoire wurde speziell f\u00fcr die Anbringung unter Ihrem Schreibtisch entwickelt und bietet eine elegante und stilvolle M\u00f6glichkeit, Ihre Kabel ordentlich zu ordnen und sie au\u00dfer Sichtweite zu halten. \nMit dieser Kabelschublade k\u00f6nnen Sie m\u00fchelos einen aufger\u00e4umten und stromlinienf\u00f6rmigen Arbeitsbereich schaffen. Dank des Teleskopdesigns k\u00f6nnen Sie die Schublade problemlos an verschiedene Schreibtischgr\u00f6\u00dfen anpassen, von 100 bis 180 cm. Ganz gleich, ob Sie einen kompakten Schreibtisch oder eine ger\u00e4umigere Arbeitsfl\u00e4che haben, diese vielseitige Kabelwanne passt sich perfekt an Ihre Bed\u00fcrfnisse an.  \nUnd als w\u00e4re das noch nicht genug, ist die Kabelrinne in drei trendigen Farben erh\u00e4ltlich: Schwarz, Wei\u00df und Aluminium. So k\u00f6nnen Sie dieses Accessoire perfekt auf den Stil und die Einrichtung Ihres B\u00fcros abstimmen. Ganz gleich, ob Sie ein schlichtes und modernes Design anstreben oder einen klassischen Look beibehalten m\u00f6chten, es gibt immer eine Farbe, die Ihrem Geschmack und Ihren Vorlieben entspricht.  \nDank dieser Kabelwanne geh\u00f6ren verworrene und verhedderte Kabel der Vergangenheit an. Mit einer einfachen und benutzerfreundlichen Installation k\u00f6nnen Sie Ihre Kabel sicher aufbewahren und haben bei Bedarf trotzdem leichten Zugang zu ihnen. Kein \u00c4rger mehr mit Kabeln, die sich \u00fcber Ihren Schreibtisch schl\u00e4ngeln und sich verheddern - diese Kabelwanne bietet eine ordentliche und aufger\u00e4umte L\u00f6sung f\u00fcr Ihr Kabelmanagement.  \nKurzum, mit unserer Kabelschublade k\u00f6nnen Sie Ihren Arbeitsplatz optimieren und ein professionelles Erscheinungsbild schaffen. Bestellen Sie noch heute Ihre Teleskop-Kabelschublade in Schwarz, Wei\u00df oder Aluminium und genie\u00dfen Sie einen aufger\u00e4umten Schreibtisch, auf dem Sie effizient und organisiert arbeiten k\u00f6nnen. Sagen Sie dem Kabelsalat Lebewohl!  \n<h6>Eigenschaften<\/h6>\n<ul>\n<li class=\"p1\">Teleskopische Kabelrinne 100 - 180 cm.<\/li>\n<li class=\"p1\">Schwarz, Wei\u00df oder Aluminium.<\/li>\n<\/ul>\n","protected":false},"excerpt":{"rendered":"<p>Entdecken Sie den Teleskop-Kabelauszug, die L\u00f6sung f\u00fcr einen organisierten Arbeitsplatz. Befestigen Sie diese Schublade unter Ihrem Schreibtisch und verstecken Sie Ihre Kabel m\u00fchelos au\u00dfer Sichtweite. Mit einem Verstellbereich von 100-180 cm passt sie auf eine Vielzahl von Schreibtischgr\u00f6\u00dfen. W\u00e4hlen Sie zwischen Aluminium, Wei\u00df oder Schwarz, damit sie perfekt zu Ihrem B\u00fcrostil passt. Kein \u00c4rger mehr mit Kabelsalat - diese Kabelablage sorgt f\u00fcr einen aufger\u00e4umten und effizienten Arbeitsplatz. Bestellen Sie jetzt und schaffen Sie einen aufger\u00e4umten Arbeitsplatz, der Ihre Produktivit\u00e4t steigert!     <\/p>\n","protected":false},"featured_media":17354,"comment_status":"closed","ping_status":"closed","template":"","meta":{"_acf_changed":false},"product_brand":[],"product_cat":[4490,2137,5294],"product_tag":[3323,5303,5319,2143,3330,5304,5320,2145,3498,5305,5321,2164,3576,5306,5322,2424,3730,5307,5323,2427,3752,5308,5324,2583,3959,5309,5325,2620,5249,5310,2626,5295,5311,2631,5296,5312,2637,5297,5313,2707,5298,5314,2784,5299,5315,3192,5300,5316,3247,5301,5317,3250,5302,5318],"class_list":{"0":"post-31857","1":"product","2":"type-product","3":"status-publish","4":"has-post-thumbnail","6":"product_cat-projekte-zubehor","7":"product_cat-projekte","8":"product_cat-kabelfuhrung-de","9":"product_tag-benutzerfreundlich","10":"product_tag-kabelspeicher","11":"product_tag-clevere-losung","12":"product_tag-nachhaltig","13":"product_tag-einfache-installation-de","14":"product_tag-kabel-organisator","15":"product_tag-elegantes-interieur","16":"product_tag-schwarz","17":"product_tag-organisation-am-arbeitsplatz","18":"product_tag-kabelversteck","19":"product_tag-teleskopische-konstruktion","20":"product_tag-praktisch-de","21":"product_tag-zuverlassig","22":"product_tag-burolosung","23":"product_tag-teleskopierbare-kabelrinne","24":"product_tag-aluminium-de","25":"product_tag-effizient-arbeiten","26":"product_tag-buroartikel","27":"product_tag-trendige-farben","28":"product_tag-weis","29":"product_tag-innovativ","30":"product_tag-burozubehor","31":"product_tag-verbesserte-produktivitat","32":"product_tag-vielseitig","33":"product_tag-elegantes-design-de","34":"product_tag-klassisches-interieur","35":"product_tag-anpassbares-design","36":"product_tag-kabelmanagement-de","37":"product_tag-ablageschublade","38":"product_tag-minimalismus","39":"product_tag-kabelmanagement-de-2","40":"product_tag-desktop-accessoire","41":"product_tag-minimalistisches-design","42":"product_tag-kabelmanagement-de-3","43":"product_tag-buroflache-optimieren","44":"product_tag-minimalistischer-stil","45":"product_tag-arbeitsplatz-accessoire","46":"product_tag-nachhaltiges-design","47":"product_tag-saubere-umgebung","48":"product_tag-ergonomisch-de","49":"product_tag-ordnungsamt","50":"product_tag-geordnete-umgebung","51":"product_tag-professionelles-aussehen","52":"product_tag-organisiertes-arbeiten","53":"product_tag-produktivitat-steigern-de","54":"product_tag-sauberer-arbeitsplatz","55":"product_tag-kabelmanagement-zubehor","56":"product_tag-professionelles-buro","57":"product_tag-benutzerfreundlichkeit","58":"product_tag-kabelaufbewahrungssystem","59":"product_tag-unordnung-im-arbeitsbereich","60":"product_tag-asthetisch-ansprechend","61":"product_tag-kabelfreiheit","62":"product_tag-platzsparend-de","63":"pa_kleuren-accessoires-aluminium-de","64":"pa_kleuren-accessoires-schwarz","65":"pa_kleuren-accessoires-weiss","67":"first","68":"instock","69":"purchasable","70":"product-type-variable"},"acf":{"downloads":null},"yoast_head":"<!-- This site is optimized with the Yoast SEO plugin v26.7 - https:\/\/yoast.com\/wordpress\/plugins\/seo\/ -->\n<title>Teleskopierbare Kabelrinne - Schaffenburg<\/title>\n<meta name=\"robots\" content=\"index, follow, max-snippet:-1, max-image-preview:large, max-video-preview:-1\" \/>\n<link rel=\"canonical\" href=\"https:\/\/portal.schaffenburg.nl\/de\/produkt\/teleskopierbare-kabelrinne\/\" \/>\n<meta property=\"og:locale\" content=\"de_DE\" \/>\n<meta property=\"og:type\" content=\"article\" \/>\n<meta property=\"og:title\" content=\"Teleskopierbare Kabelrinne - Schaffenburg\" \/>\n<meta property=\"og:description\" content=\"Entdecken Sie den Teleskop-Kabelauszug, die L\u00f6sung f\u00fcr einen organisierten Arbeitsplatz. Befestigen Sie diese Schublade unter Ihrem Schreibtisch und verstecken Sie Ihre Kabel m\u00fchelos au\u00dfer Sichtweite. Mit einem Verstellbereich von 100-180 cm passt sie auf eine Vielzahl von Schreibtischgr\u00f6\u00dfen. W\u00e4hlen Sie zwischen Aluminium, Wei\u00df oder Schwarz, damit sie perfekt zu Ihrem B\u00fcrostil passt. Kein \u00c4rger mehr mit Kabelsalat - diese Kabelablage sorgt f\u00fcr einen aufger\u00e4umten und effizienten Arbeitsplatz. Bestellen Sie jetzt und schaffen Sie einen aufger\u00e4umten Arbeitsplatz, der Ihre Produktivit\u00e4t steigert!\" \/>\n<meta property=\"og:url\" content=\"https:\/\/portal.schaffenburg.nl\/de\/produkt\/teleskopierbare-kabelrinne\/\" \/>\n<meta property=\"og:site_name\" content=\"Schaffenburg\" \/>\n<meta property=\"og:image\" content=\"https:\/\/portal.schaffenburg.nl\/wp-content\/uploads\/2024\/09\/ER-HP1018-A.jpg?wsr\" \/>\n\t<meta property=\"og:image:width\" content=\"540\" \/>\n\t<meta property=\"og:image:height\" content=\"540\" \/>\n\t<meta property=\"og:image:type\" content=\"image\/jpeg\" \/>\n<meta name=\"twitter:card\" content=\"summary_large_image\" \/>\n<meta name=\"twitter:label1\" content=\"Gesch\u00e4tzte Lesezeit\" \/>\n\t<meta name=\"twitter:data1\" content=\"1\u00a0Minute\" \/>\n<script type=\"application\/ld+json\" class=\"yoast-schema-graph\">{\"@context\":\"https:\/\/schema.org\",\"@graph\":[{\"@type\":\"WebPage\",\"@id\":\"https:\/\/portal.schaffenburg.nl\/de\/produkt\/teleskopierbare-kabelrinne\/\",\"url\":\"https:\/\/portal.schaffenburg.nl\/de\/produkt\/teleskopierbare-kabelrinne\/\",\"name\":\"Teleskopierbare Kabelrinne - Schaffenburg\",\"isPartOf\":{\"@id\":\"https:\/\/portal.schaffenburg.nl\/de\/#website\"},\"primaryImageOfPage\":{\"@id\":\"https:\/\/portal.schaffenburg.nl\/de\/produkt\/teleskopierbare-kabelrinne\/#primaryimage\"},\"image\":{\"@id\":\"https:\/\/portal.schaffenburg.nl\/de\/produkt\/teleskopierbare-kabelrinne\/#primaryimage\"},\"thumbnailUrl\":\"https:\/\/portal.schaffenburg.nl\/wp-content\/uploads\/2024\/09\/ER-HP1018-A.jpg?wsr\",\"datePublished\":\"2018-10-02T13:58:26+00:00\",\"breadcrumb\":{\"@id\":\"https:\/\/portal.schaffenburg.nl\/de\/produkt\/teleskopierbare-kabelrinne\/#breadcrumb\"},\"inLanguage\":\"de\",\"potentialAction\":[{\"@type\":\"ReadAction\",\"target\":[\"https:\/\/portal.schaffenburg.nl\/de\/produkt\/teleskopierbare-kabelrinne\/\"]}]},{\"@type\":\"ImageObject\",\"inLanguage\":\"de\",\"@id\":\"https:\/\/portal.schaffenburg.nl\/de\/produkt\/teleskopierbare-kabelrinne\/#primaryimage\",\"url\":\"https:\/\/portal.schaffenburg.nl\/wp-content\/uploads\/2024\/09\/ER-HP1018-A.jpg?wsr\",\"contentUrl\":\"https:\/\/portal.schaffenburg.nl\/wp-content\/uploads\/2024\/09\/ER-HP1018-A.jpg?wsr\",\"width\":540,\"height\":540,\"caption\":\"Kabelrinne Lectro 100-180cm. Aluminimum\"},{\"@type\":\"BreadcrumbList\",\"@id\":\"https:\/\/portal.schaffenburg.nl\/de\/produkt\/teleskopierbare-kabelrinne\/#breadcrumb\",\"itemListElement\":[{\"@type\":\"ListItem\",\"position\":1,\"name\":\"Home\",\"item\":\"https:\/\/portal.schaffenburg.nl\/de\/\"},{\"@type\":\"ListItem\",\"position\":2,\"name\":\"Teleskopierbare Kabelrinne\"}]},{\"@type\":\"WebSite\",\"@id\":\"https:\/\/portal.schaffenburg.nl\/de\/#website\",\"url\":\"https:\/\/portal.schaffenburg.nl\/de\/\",\"name\":\"Schaffenburg\",\"description\":\"\",\"potentialAction\":[{\"@type\":\"SearchAction\",\"target\":{\"@type\":\"EntryPoint\",\"urlTemplate\":\"https:\/\/portal.schaffenburg.nl\/de\/?s={search_term_string}\"},\"query-input\":{\"@type\":\"PropertyValueSpecification\",\"valueRequired\":true,\"valueName\":\"search_term_string\"}}],\"inLanguage\":\"de\"}]}<\/script>\n<!-- \/ Yoast SEO plugin. -->","yoast_head_json":{"title":"Teleskopierbare Kabelrinne - Schaffenburg","robots":{"index":"index","follow":"follow","max-snippet":"max-snippet:-1","max-image-preview":"max-image-preview:large","max-video-preview":"max-video-preview:-1"},"canonical":"https:\/\/portal.schaffenburg.nl\/de\/produkt\/teleskopierbare-kabelrinne\/","og_locale":"de_DE","og_type":"article","og_title":"Teleskopierbare Kabelrinne - Schaffenburg","og_description":"Entdecken Sie den Teleskop-Kabelauszug, die L\u00f6sung f\u00fcr einen organisierten Arbeitsplatz. Befestigen Sie diese Schublade unter Ihrem Schreibtisch und verstecken Sie Ihre Kabel m\u00fchelos au\u00dfer Sichtweite. Mit einem Verstellbereich von 100-180 cm passt sie auf eine Vielzahl von Schreibtischgr\u00f6\u00dfen. W\u00e4hlen Sie zwischen Aluminium, Wei\u00df oder Schwarz, damit sie perfekt zu Ihrem B\u00fcrostil passt. Kein \u00c4rger mehr mit Kabelsalat - diese Kabelablage sorgt f\u00fcr einen aufger\u00e4umten und effizienten Arbeitsplatz. Bestellen Sie jetzt und schaffen Sie einen aufger\u00e4umten Arbeitsplatz, der Ihre Produktivit\u00e4t steigert!","og_url":"https:\/\/portal.schaffenburg.nl\/de\/produkt\/teleskopierbare-kabelrinne\/","og_site_name":"Schaffenburg","og_image":[{"width":540,"height":540,"url":"https:\/\/portal.schaffenburg.nl\/wp-content\/uploads\/2024\/09\/ER-HP1018-A.jpg?wsr","type":"image\/jpeg"}],"twitter_card":"summary_large_image","twitter_misc":{"Gesch\u00e4tzte Lesezeit":"1\u00a0Minute"},"schema":{"@context":"https:\/\/schema.org","@graph":[{"@type":"WebPage","@id":"https:\/\/portal.schaffenburg.nl\/de\/produkt\/teleskopierbare-kabelrinne\/","url":"https:\/\/portal.schaffenburg.nl\/de\/produkt\/teleskopierbare-kabelrinne\/","name":"Teleskopierbare Kabelrinne - Schaffenburg","isPartOf":{"@id":"https:\/\/portal.schaffenburg.nl\/de\/#website"},"primaryImageOfPage":{"@id":"https:\/\/portal.schaffenburg.nl\/de\/produkt\/teleskopierbare-kabelrinne\/#primaryimage"},"image":{"@id":"https:\/\/portal.schaffenburg.nl\/de\/produkt\/teleskopierbare-kabelrinne\/#primaryimage"},"thumbnailUrl":"https:\/\/portal.schaffenburg.nl\/wp-content\/uploads\/2024\/09\/ER-HP1018-A.jpg?wsr","datePublished":"2018-10-02T13:58:26+00:00","breadcrumb":{"@id":"https:\/\/portal.schaffenburg.nl\/de\/produkt\/teleskopierbare-kabelrinne\/#breadcrumb"},"inLanguage":"de","potentialAction":[{"@type":"ReadAction","target":["https:\/\/portal.schaffenburg.nl\/de\/produkt\/teleskopierbare-kabelrinne\/"]}]},{"@type":"ImageObject","inLanguage":"de","@id":"https:\/\/portal.schaffenburg.nl\/de\/produkt\/teleskopierbare-kabelrinne\/#primaryimage","url":"https:\/\/portal.schaffenburg.nl\/wp-content\/uploads\/2024\/09\/ER-HP1018-A.jpg?wsr","contentUrl":"https:\/\/portal.schaffenburg.nl\/wp-content\/uploads\/2024\/09\/ER-HP1018-A.jpg?wsr","width":540,"height":540,"caption":"Kabelrinne Lectro 100-180cm. Aluminimum"},{"@type":"BreadcrumbList","@id":"https:\/\/portal.schaffenburg.nl\/de\/produkt\/teleskopierbare-kabelrinne\/#breadcrumb","itemListElement":[{"@type":"ListItem","position":1,"name":"Home","item":"https:\/\/portal.schaffenburg.nl\/de\/"},{"@type":"ListItem","position":2,"name":"Teleskopierbare Kabelrinne"}]},{"@type":"WebSite","@id":"https:\/\/portal.schaffenburg.nl\/de\/#website","url":"https:\/\/portal.schaffenburg.nl\/de\/","name":"Schaffenburg","description":"","potentialAction":[{"@type":"SearchAction","target":{"@type":"EntryPoint","urlTemplate":"https:\/\/portal.schaffenburg.nl\/de\/?s={search_term_string}"},"query-input":{"@type":"PropertyValueSpecification","valueRequired":true,"valueName":"search_term_string"}}],"inLanguage":"de"}]}},"_links":{"self":[{"href":"https:\/\/portal.schaffenburg.nl\/de\/wp-json\/wp\/v2\/product\/31857","targetHints":{"allow":["GET"]}}],"collection":[{"href":"https:\/\/portal.schaffenburg.nl\/de\/wp-json\/wp\/v2\/product"}],"about":[{"href":"https:\/\/portal.schaffenburg.nl\/de\/wp-json\/wp\/v2\/types\/product"}],"replies":[{"embeddable":true,"href":"https:\/\/portal.schaffenburg.nl\/de\/wp-json\/wp\/v2\/comments?post=31857"}],"wp:featuredmedia":[{"embeddable":true,"href":"https:\/\/portal.schaffenburg.nl\/de\/wp-json\/wp\/v2\/media\/17354"}],"wp:attachment":[{"href":"https:\/\/portal.schaffenburg.nl\/de\/wp-json\/wp\/v2\/media?parent=31857"}],"wp:term":[{"taxonomy":"product_brand","embeddable":true,"href":"https:\/\/portal.schaffenburg.nl\/de\/wp-json\/wp\/v2\/product_brand?post=31857"},{"taxonomy":"product_cat","embeddable":true,"href":"https:\/\/portal.schaffenburg.nl\/de\/wp-json\/wp\/v2\/product_cat?post=31857"},{"taxonomy":"product_tag","embeddable":true,"href":"https:\/\/portal.schaffenburg.nl\/de\/wp-json\/wp\/v2\/product_tag?post=31857"}],"curies":[{"name":"wp","href":"https:\/\/api.w.org\/{rel}","templated":true}]}}