{"id":32102,"date":"2018-10-02T13:58:24","date_gmt":"2018-10-02T11:58:24","guid":{"rendered":"https:\/\/staging-schaffenburg.nl\/product\/domino-grundtabelle\/"},"modified":"2018-10-02T13:58:24","modified_gmt":"2018-10-02T13:58:24","slug":"domino-grundtabelle","status":"publish","type":"product","link":"https:\/\/portal.schaffenburg.nl\/de\/produkt\/domino-grundtabelle\/","title":{"rendered":"Domino Grundtabelle"},"content":{"rendered":"Der Domino Basic Stehtisch mit fester H\u00f6he von 110 cm ist die perfekte Erg\u00e4nzung f\u00fcr Ihr B\u00fcro oder Ihre Veranstaltung. Das verst\u00e4rkte H-Gestell mit Vierkantrohrbeinen und verstellbaren F\u00fc\u00dfen garantiert Stabilit\u00e4t und Langlebigkeit. Kombinieren Sie den Stehtisch einfach mit dem Domino Basic Kantinentisch f\u00fcr einen einheitlichen Look.  \nMit der teleskopischen Zwischenstange k\u00f6nnen Sie den Tisch ganz einfach an verschiedene Tischplattengr\u00f6\u00dfen anpassen, von 120 cm bis 180 cm. W\u00e4hlen Sie aus sieben Plattenfarben und drei Gestellfarben, um den Stehtisch an Ihren pers\u00f6nlichen Stil und Geschmack anzupassen. \nDer Domino Basic Stehtisch hat ein 4-beiniges Design mit einem H-verst\u00e4rkten Rahmen und Vierkantrohrbeinen von 50x50mm mit Verstellkappen. Die Tischplatte besteht aus 25 mm dickem Melamin, das f\u00fcr eine robuste und langlebige Konstruktion sorgt. \nDieser Tisch ist nicht nur praktisch und stilvoll, sondern auch leicht zu pflegen und zu reinigen. W\u00e4hlen Sie den Domino Basic Stehtisch und genie\u00dfen Sie einen komfortablen und flexiblen Arbeitsplatz oder Veranstaltungsort. \nNeben dem Domino Basic Stehtisch mit fester H\u00f6he bieten wir auch den Domino und den Domino PLUS an, mit denen Sie eine komplette und einheitliche Einrichtung schaffen k\u00f6nnen. Bestellen Sie jetzt und profitieren Sie von unserer schnellen Lieferung und unserem hervorragenden Service. Entdecken Sie den Komfort und die Vielseitigkeit des Domino Basic Stehtisches!  \n<h6>Eigenschaften<\/h6>\n<ul>\n<li>Ausgef\u00fchrt in einer festen H\u00f6he von 110 cm.<\/li>\n<li>4-Bein-Stehtisch mit H-Verst\u00e4rkung.<\/li>\n<li>Vierkantrohrbeine von 50\u00d750 mm mit Stabilisatoren.<\/li>\n<li>Verschiedene Blatt- und Rahmenfarben.<\/li>\n<li>Tischplatten aus 25 mm dickem Melamin.<\/li>\n<li>Auch in der Domino-Reihe erh\u00e4ltlich: <a href=\"https:\/\/www.schaffenburg.nl\/shop\/snellever\/bureaus-snellever\/bureaus-zit-zit-snellever\/domino-basic-vaste-hoogte-zit-zit-tafel\/\">Domino BASIC<\/a> und <a href=\"https:\/\/www.schaffenburg.nl\/shop\/snellever\/bureaus-snellever\/bureaus-zit-zit-snellever\/domino-plus-bureau\/\">Domino PLUS<\/a>.<\/li>\n<\/ul>\n","protected":false},"excerpt":{"rendered":"<p>Der Domino Basic Stehtisch mit einer festen H\u00f6he von 110 cm hat ein verst\u00e4rktes H-Gestell mit Vierkantrohrbeinen und verstellbaren F\u00fc\u00dfen. Die Tischplatte ist aus 25 mm dickem Melamin und der Tisch ist in sieben Plattenfarben und drei Gestellfarben erh\u00e4ltlich. Perfekt f\u00fcr einen flexiblen und stilvollen Arbeitsplatz oder Veranstaltungsort.  <\/p>\n","protected":false},"featured_media":17328,"comment_status":"closed","ping_status":"closed","template":"","meta":{"_acf_changed":false},"product_brand":[],"product_cat":[3109,2140],"product_tag":[2148,2887,5185,2150,2890,5186,2157,2905,5288,2161,2964,5291,2164,3168,5369,2285,3576,5370,2583,3620,5371,2584,3749,5372,2707,3958,5373,2711,4207,5374,2713,4229,5375,2720,4314,5376,2721,4315,5377,2722,4693,5378,2725,4695,5379,2143,2885,5183],"class_list":{"0":"post-32102","1":"product","2":"type-product","3":"status-publish","4":"has-post-thumbnail","6":"product_cat-besprechungs-und-konferenztische","7":"product_cat-schnelle-lieferung","8":"product_tag-entwurf","9":"product_tag-rahmenfarben","10":"product_tag-domino-plus-de","11":"product_tag-funktional","12":"product_tag-nivellierfuesse","13":"product_tag-domino-programm","14":"product_tag-modern-de","15":"product_tag-tabelle","16":"product_tag-kantinentisch","17":"product_tag-einfach","18":"product_tag-stabil","19":"product_tag-stehtisch","20":"product_tag-praktisch-de","21":"product_tag-erschwinglich","22":"product_tag-stehtisch-de","23":"product_tag-buro","24":"product_tag-zuverlassig","25":"product_tag-cafe-de","26":"product_tag-vielseitig","27":"product_tag-einheitliches-erscheinungsbild","28":"product_tag-vollstandiges-programm","29":"product_tag-anpassbar","30":"product_tag-industrie","31":"product_tag-kuche","32":"product_tag-ergonomisch-de","33":"product_tag-restaurant-de","34":"product_tag-kuchentisch","35":"product_tag-bequem-de","36":"product_tag-feste-hohe","37":"product_tag-reinigung-de","38":"product_tag-minimalistisch-de","39":"product_tag-tischplatte-aus-melamin","40":"product_tag-schnelle-lieferung","41":"product_tag-flexibel-de","42":"product_tag-entwurf-de-2","43":"product_tag-teleskoptraverse","44":"product_tag-interieur-de","45":"product_tag-mobel-de","46":"product_tag-hervorragender-service","47":"product_tag-pflegeleichte","48":"product_tag-bar-de","49":"product_tag-verstarktes-h-fahrgestell","50":"product_tag-veranstaltung","51":"product_tag-verpflegung","52":"product_tag-quadratrohr-fuse","53":"product_tag-nachhaltig","54":"product_tag-blattfarben","55":"product_tag-domino-de","56":"pa_blad-kleur-eiche-robbson","57":"pa_blad-kleur-halifax-auswaerts","58":"pa_blad-kleur-havanna-kirsche-hell","59":"pa_blad-kleur-hellgrau","60":"pa_blad-kleur-honig-castello","61":"pa_blad-kleur-kreideweiss","62":"pa_blad-kleur-lindberg-oak-abgehend","63":"pa_blad-kleur-logan-eiche","64":"pa_blad-kleur-schatten-schwarz","65":"pa_bladsoort-25mm-melamin","66":"pa_diepte-100cm-de","67":"pa_diepte-80cm-de","68":"pa_frame-kleur-aluminium-ral9006-de","69":"pa_frame-kleur-schwarz-ral9011","70":"pa_frame-kleur-weiss-ral9010","71":"pa_hoogte-110cm-de","72":"pa_lengte-120cm-de","73":"pa_lengte-140cm-de","74":"pa_lengte-160cm-de","75":"pa_lengte-180cm-de","76":"pa_lengte-200cm-de","77":"pa_onderstel-feste-hohe","78":"pa_soorten-poot-4-beinig","79":"pa_soorten-poot-h-bein","80":"pa_vorm-rechtwinklig","82":"first","83":"instock","84":"shipping-taxable","85":"purchasable","86":"product-type-variable"},"acf":{"downloads":[{"label":"faktenblatt_onst_domino_stat tabelle_2019-v2","bestand":26648,"toegankelijkheid":"resellers"},{"label":"faktenblatt_os_domino_stat tabelle_2019-v1","bestand":26650,"toegankelijkheid":"resellers"}]},"yoast_head":"<!-- This site is optimized with the Yoast SEO plugin v26.7 - https:\/\/yoast.com\/wordpress\/plugins\/seo\/ -->\n<title>Domino Grundtabelle - Schaffenburg<\/title>\n<meta name=\"robots\" content=\"index, follow, max-snippet:-1, max-image-preview:large, max-video-preview:-1\" \/>\n<link rel=\"canonical\" href=\"https:\/\/portal.schaffenburg.nl\/de\/produkt\/domino-grundtabelle\/\" \/>\n<meta property=\"og:locale\" content=\"de_DE\" \/>\n<meta property=\"og:type\" content=\"article\" \/>\n<meta property=\"og:title\" content=\"Domino Grundtabelle - Schaffenburg\" \/>\n<meta property=\"og:description\" content=\"Der Domino Basic Stehtisch mit einer festen H\u00f6he von 110 cm hat ein verst\u00e4rktes H-Gestell mit Vierkantrohrbeinen und verstellbaren F\u00fc\u00dfen. Die Tischplatte ist aus 25 mm dickem Melamin und der Tisch ist in sieben Plattenfarben und drei Gestellfarben erh\u00e4ltlich. Perfekt f\u00fcr einen flexiblen und stilvollen Arbeitsplatz oder Veranstaltungsort.\" \/>\n<meta property=\"og:url\" content=\"https:\/\/portal.schaffenburg.nl\/de\/produkt\/domino-grundtabelle\/\" \/>\n<meta property=\"og:site_name\" content=\"Schaffenburg\" \/>\n<meta property=\"article:modified_time\" content=\"2018-10-02T13:58:24+00:00\" \/>\n<meta property=\"og:image\" content=\"https:\/\/portal.schaffenburg.nl\/wp-content\/uploads\/2024\/09\/DOV-ST168110-WIRZ-M25.png?wsr\" \/>\n\t<meta property=\"og:image:width\" content=\"749\" \/>\n\t<meta property=\"og:image:height\" content=\"669\" \/>\n\t<meta property=\"og:image:type\" content=\"image\/png\" \/>\n<meta name=\"twitter:card\" content=\"summary_large_image\" \/>\n<meta name=\"twitter:label1\" content=\"Gesch\u00e4tzte Lesezeit\" \/>\n\t<meta name=\"twitter:data1\" content=\"1\u00a0Minute\" \/>\n<script type=\"application\/ld+json\" class=\"yoast-schema-graph\">{\"@context\":\"https:\/\/schema.org\",\"@graph\":[{\"@type\":\"WebPage\",\"@id\":\"https:\/\/portal.schaffenburg.nl\/de\/produkt\/domino-grundtabelle\/\",\"url\":\"https:\/\/portal.schaffenburg.nl\/de\/produkt\/domino-grundtabelle\/\",\"name\":\"Domino Grundtabelle - Schaffenburg\",\"isPartOf\":{\"@id\":\"https:\/\/portal.schaffenburg.nl\/de\/#website\"},\"primaryImageOfPage\":{\"@id\":\"https:\/\/portal.schaffenburg.nl\/de\/produkt\/domino-grundtabelle\/#primaryimage\"},\"image\":{\"@id\":\"https:\/\/portal.schaffenburg.nl\/de\/produkt\/domino-grundtabelle\/#primaryimage\"},\"thumbnailUrl\":\"https:\/\/portal.schaffenburg.nl\/wp-content\/uploads\/2024\/09\/DOV-ST168110-WIRZ-M25.png?wsr\",\"datePublished\":\"2018-10-02T11:58:24+00:00\",\"dateModified\":\"2018-10-02T13:58:24+00:00\",\"breadcrumb\":{\"@id\":\"https:\/\/portal.schaffenburg.nl\/de\/produkt\/domino-grundtabelle\/#breadcrumb\"},\"inLanguage\":\"de\",\"potentialAction\":[{\"@type\":\"ReadAction\",\"target\":[\"https:\/\/portal.schaffenburg.nl\/de\/produkt\/domino-grundtabelle\/\"]}]},{\"@type\":\"ImageObject\",\"inLanguage\":\"de\",\"@id\":\"https:\/\/portal.schaffenburg.nl\/de\/produkt\/domino-grundtabelle\/#primaryimage\",\"url\":\"https:\/\/portal.schaffenburg.nl\/wp-content\/uploads\/2024\/09\/DOV-ST168110-WIRZ-M25.png?wsr\",\"contentUrl\":\"https:\/\/portal.schaffenburg.nl\/wp-content\/uploads\/2024\/09\/DOV-ST168110-WIRZ-M25.png?wsr\",\"width\":749,\"height\":669,\"caption\":\"Domino Basic Stehtisch feste H\u00f6he\"},{\"@type\":\"BreadcrumbList\",\"@id\":\"https:\/\/portal.schaffenburg.nl\/de\/produkt\/domino-grundtabelle\/#breadcrumb\",\"itemListElement\":[{\"@type\":\"ListItem\",\"position\":1,\"name\":\"Home\",\"item\":\"https:\/\/portal.schaffenburg.nl\/de\/\"},{\"@type\":\"ListItem\",\"position\":2,\"name\":\"Domino Grundtabelle\"}]},{\"@type\":\"WebSite\",\"@id\":\"https:\/\/portal.schaffenburg.nl\/de\/#website\",\"url\":\"https:\/\/portal.schaffenburg.nl\/de\/\",\"name\":\"Schaffenburg\",\"description\":\"\",\"potentialAction\":[{\"@type\":\"SearchAction\",\"target\":{\"@type\":\"EntryPoint\",\"urlTemplate\":\"https:\/\/portal.schaffenburg.nl\/de\/?s={search_term_string}\"},\"query-input\":{\"@type\":\"PropertyValueSpecification\",\"valueRequired\":true,\"valueName\":\"search_term_string\"}}],\"inLanguage\":\"de\"}]}<\/script>\n<!-- \/ Yoast SEO plugin. -->","yoast_head_json":{"title":"Domino Grundtabelle - Schaffenburg","robots":{"index":"index","follow":"follow","max-snippet":"max-snippet:-1","max-image-preview":"max-image-preview:large","max-video-preview":"max-video-preview:-1"},"canonical":"https:\/\/portal.schaffenburg.nl\/de\/produkt\/domino-grundtabelle\/","og_locale":"de_DE","og_type":"article","og_title":"Domino Grundtabelle - Schaffenburg","og_description":"Der Domino Basic Stehtisch mit einer festen H\u00f6he von 110 cm hat ein verst\u00e4rktes H-Gestell mit Vierkantrohrbeinen und verstellbaren F\u00fc\u00dfen. Die Tischplatte ist aus 25 mm dickem Melamin und der Tisch ist in sieben Plattenfarben und drei Gestellfarben erh\u00e4ltlich. Perfekt f\u00fcr einen flexiblen und stilvollen Arbeitsplatz oder Veranstaltungsort.","og_url":"https:\/\/portal.schaffenburg.nl\/de\/produkt\/domino-grundtabelle\/","og_site_name":"Schaffenburg","article_modified_time":"2018-10-02T13:58:24+00:00","og_image":[{"width":749,"height":669,"url":"https:\/\/portal.schaffenburg.nl\/wp-content\/uploads\/2024\/09\/DOV-ST168110-WIRZ-M25.png?wsr","type":"image\/png"}],"twitter_card":"summary_large_image","twitter_misc":{"Gesch\u00e4tzte Lesezeit":"1\u00a0Minute"},"schema":{"@context":"https:\/\/schema.org","@graph":[{"@type":"WebPage","@id":"https:\/\/portal.schaffenburg.nl\/de\/produkt\/domino-grundtabelle\/","url":"https:\/\/portal.schaffenburg.nl\/de\/produkt\/domino-grundtabelle\/","name":"Domino Grundtabelle - Schaffenburg","isPartOf":{"@id":"https:\/\/portal.schaffenburg.nl\/de\/#website"},"primaryImageOfPage":{"@id":"https:\/\/portal.schaffenburg.nl\/de\/produkt\/domino-grundtabelle\/#primaryimage"},"image":{"@id":"https:\/\/portal.schaffenburg.nl\/de\/produkt\/domino-grundtabelle\/#primaryimage"},"thumbnailUrl":"https:\/\/portal.schaffenburg.nl\/wp-content\/uploads\/2024\/09\/DOV-ST168110-WIRZ-M25.png?wsr","datePublished":"2018-10-02T11:58:24+00:00","dateModified":"2018-10-02T13:58:24+00:00","breadcrumb":{"@id":"https:\/\/portal.schaffenburg.nl\/de\/produkt\/domino-grundtabelle\/#breadcrumb"},"inLanguage":"de","potentialAction":[{"@type":"ReadAction","target":["https:\/\/portal.schaffenburg.nl\/de\/produkt\/domino-grundtabelle\/"]}]},{"@type":"ImageObject","inLanguage":"de","@id":"https:\/\/portal.schaffenburg.nl\/de\/produkt\/domino-grundtabelle\/#primaryimage","url":"https:\/\/portal.schaffenburg.nl\/wp-content\/uploads\/2024\/09\/DOV-ST168110-WIRZ-M25.png?wsr","contentUrl":"https:\/\/portal.schaffenburg.nl\/wp-content\/uploads\/2024\/09\/DOV-ST168110-WIRZ-M25.png?wsr","width":749,"height":669,"caption":"Domino Basic Stehtisch feste H\u00f6he"},{"@type":"BreadcrumbList","@id":"https:\/\/portal.schaffenburg.nl\/de\/produkt\/domino-grundtabelle\/#breadcrumb","itemListElement":[{"@type":"ListItem","position":1,"name":"Home","item":"https:\/\/portal.schaffenburg.nl\/de\/"},{"@type":"ListItem","position":2,"name":"Domino Grundtabelle"}]},{"@type":"WebSite","@id":"https:\/\/portal.schaffenburg.nl\/de\/#website","url":"https:\/\/portal.schaffenburg.nl\/de\/","name":"Schaffenburg","description":"","potentialAction":[{"@type":"SearchAction","target":{"@type":"EntryPoint","urlTemplate":"https:\/\/portal.schaffenburg.nl\/de\/?s={search_term_string}"},"query-input":{"@type":"PropertyValueSpecification","valueRequired":true,"valueName":"search_term_string"}}],"inLanguage":"de"}]}},"_links":{"self":[{"href":"https:\/\/portal.schaffenburg.nl\/de\/wp-json\/wp\/v2\/product\/32102","targetHints":{"allow":["GET"]}}],"collection":[{"href":"https:\/\/portal.schaffenburg.nl\/de\/wp-json\/wp\/v2\/product"}],"about":[{"href":"https:\/\/portal.schaffenburg.nl\/de\/wp-json\/wp\/v2\/types\/product"}],"replies":[{"embeddable":true,"href":"https:\/\/portal.schaffenburg.nl\/de\/wp-json\/wp\/v2\/comments?post=32102"}],"wp:featuredmedia":[{"embeddable":true,"href":"https:\/\/portal.schaffenburg.nl\/de\/wp-json\/wp\/v2\/media\/17328"}],"wp:attachment":[{"href":"https:\/\/portal.schaffenburg.nl\/de\/wp-json\/wp\/v2\/media?parent=32102"}],"wp:term":[{"taxonomy":"product_brand","embeddable":true,"href":"https:\/\/portal.schaffenburg.nl\/de\/wp-json\/wp\/v2\/product_brand?post=32102"},{"taxonomy":"product_cat","embeddable":true,"href":"https:\/\/portal.schaffenburg.nl\/de\/wp-json\/wp\/v2\/product_cat?post=32102"},{"taxonomy":"product_tag","embeddable":true,"href":"https:\/\/portal.schaffenburg.nl\/de\/wp-json\/wp\/v2\/product_tag?post=32102"}],"curies":[{"name":"wp","href":"https:\/\/api.w.org\/{rel}","templated":true}]}}