{"id":32655,"date":"2018-10-02T13:58:27","date_gmt":"2018-10-02T13:58:27","guid":{"rendered":"https:\/\/staging-schaffenburg.nl\/product\/linesto-plus-erweiterung\/"},"modified":"2018-10-02T13:58:27","modified_gmt":"2018-10-02T13:58:27","slug":"linesto-plus-erweiterung","status":"publish","type":"product","link":"https:\/\/portal.schaffenburg.nl\/de\/produkt\/linesto-plus-erweiterung\/","title":{"rendered":"Linesto Plus Erweiterung"},"content":{"rendered":"Lernen Sie den Linesto Plus Verl\u00e4ngerungstisch kennen: die perfekte Erg\u00e4nzung zu Ihrem <a href=\"https:\/\/www.schaffenburg.nl\/shop\/snellever\/bureaus-snellever\/bureaus-zit-zit-snellever\/linesto-plus-hoogte-instelbaar-zit-zit-bureau\/\">Linesto Plus Schreibtisch<\/a>! Dieser Anbautisch ist leicht in der H\u00f6he von 65 bis 85 cm verstellbar, so dass Sie bequem arbeiten k\u00f6nnen. Au\u00dferdem ist der Tisch in zwei Gr\u00f6\u00dfen (80 x 60 cm und 120 x 60 cm) und sieben verschiedenen Plattenfarben erh\u00e4ltlich, so dass Sie die perfekte Erg\u00e4nzung f\u00fcr Ihren Schreibtisch finden k\u00f6nnen. \nDie Tischplatte des Linesto Plus Ausziehtisches besteht aus 25 mm starkem Melamin und ist daher sehr haltbar und kratzfest. Das T-Fu\u00df-Gestell ist in drei Farben erh\u00e4ltlich: Schwarz, Wei\u00df und Aluminium, und hat gerade Zehen f\u00fcr zus\u00e4tzliche Stabilit\u00e4t. \nEiner der gr\u00f6\u00dften Vorteile des Linesto Plus Ausziehtisches ist, dass sowohl das Gestell als auch die Platte perfekt zum Schreibtisch passen. So schaffen Sie einen einheitlichen Look und einen perfekt organisierten Arbeitsplatz. \nEs ist an der Zeit, Ihren Arbeitsplatz mit dem Linesto Plus Erweiterungstisch auf die n\u00e4chste Stufe zu heben. Mit seiner H\u00f6henverstellbarkeit und den verschiedenen Farboptionen ist dieser Tisch die perfekte Erg\u00e4nzung zu Ihrem Linesto Plus Schreibtisch. Ob Sie nun zu Hause oder im B\u00fcro arbeiten, mit diesem Tisch holen Sie das Beste aus sich und Ihrem Arbeitsplatz heraus!  \n<h6>Eigenschaften<\/h6>\n<ul>\n<li>Erg\u00e4nzung zum Linesto Plus Schreibtisch<\/li>\n<li>H\u00f6henverstellbar (65-85cm)<\/li>\n<li>Erh\u00e4ltlich in sieben verschiedenen Blattfarben<\/li>\n<li>Oberseite 25 mm. Melamin <\/li>\n<li>Erh\u00e4ltlich in zwei Gr\u00f6\u00dfen: 80 x 60 cm und 120 x 60 cm<\/li>\n<li>Das T-Fu\u00df-Gestell ist in Schwarz, Wei\u00df und Aluminium erh\u00e4ltlich<\/li>\n<li>T-Bein-Rahmen mit geraden Zehen<\/li>\n<li>Sowohl der Rahmen als auch die Platte k\u00f6nnen an den Tisch angepasst werden<\/li>\n<\/ul>\n","protected":false},"excerpt":{"rendered":"<p>Der Linesto Plus Erweiterungstisch ist eine praktische Erg\u00e4nzung zum Linesto Plus Schreibtisch. Die Platte ist in sieben verschiedenen Farben erh\u00e4ltlich und besteht aus strapazierf\u00e4higem 25 mm Melamin. Der Tisch ist von 65 bis 85 cm h\u00f6henverstellbar und das T-Fu\u00df-Gestell ist in Schwarz, Wei\u00df und Aluminium erh\u00e4ltlich.  <\/p>\n","protected":false},"featured_media":17390,"comment_status":"closed","ping_status":"closed","template":"","meta":{"_acf_changed":false},"product_brand":[],"product_cat":[2882,4077,2140],"product_tag":[2143,2711,3999,2148,2721,4078,2150,2888,4082,2151,2902,4204,2157,2920,4377,2158,2921,4430,2161,2922,5461,2285,2923,5462,2430,2964,5463,2438,3132,5464,2469,3323,5465,2470,3444,5466,2471,3599,2475,3681,2619,3689,2707,3831],"class_list":{"0":"post-32655","1":"product","2":"type-product","3":"status-publish","4":"has-post-thumbnail","6":"product_cat-schreibtische","7":"product_cat-schreibtische-sitzen-sitzen","8":"product_cat-schnelle-lieferung","9":"product_tag-nachhaltig","10":"product_tag-bequem-de","11":"product_tag-trendy-de","12":"product_tag-entwurf","13":"product_tag-interieur-de","14":"product_tag-schreibtisch-de","15":"product_tag-funktional","16":"product_tag-melamin","17":"product_tag-linien-zu","18":"product_tag-professionell","19":"product_tag-hoehenverstellbar","20":"product_tag-produktiv","21":"product_tag-modern-de","22":"product_tag-eckanordnung","23":"product_tag-schreibtisch-tische","24":"product_tag-stilvoll","25":"product_tag-eckschreibtisch","26":"product_tag-schnell","27":"product_tag-einfach","28":"product_tag-l-schreibtisch","29":"product_tag-verlangerungstisch-de","30":"product_tag-buro","31":"product_tag-l-foermig","32":"product_tag-effektiv","33":"product_tag-installation-de","34":"product_tag-stabil","35":"product_tag-kratzfest","36":"product_tag-farben","37":"product_tag-arbeitsplatz-de","38":"product_tag-linesto-plus-de","39":"product_tag-zubehor","40":"product_tag-benutzerfreundlich","41":"product_tag-passend-zu-de","42":"product_tag-aktualisieren","43":"product_tag-montage-de","44":"product_tag-t-fus-gestell","45":"product_tag-effizient","46":"product_tag-platzsparend","47":"product_tag-kompakt","48":"product_tag-von-zu-hause-aus-arbeiten-de","49":"product_tag-buro-de","50":"product_tag-verbesserung","51":"product_tag-ergonomisch-de","52":"product_tag-uniform-de","53":"pa_blad-kleur-eiche-robbson","54":"pa_blad-kleur-halifax-auswaerts","55":"pa_blad-kleur-havanna-kirsche-hell","56":"pa_blad-kleur-hellgrau","57":"pa_blad-kleur-honig-castello","58":"pa_blad-kleur-kreideweiss","59":"pa_blad-kleur-lindberg-oak-abgehend","60":"pa_blad-kleur-logan-eiche","61":"pa_blad-kleur-schatten-schwarz","62":"pa_bladsoort-25mm-melamin","63":"pa_diepte-60cm-de","64":"pa_frame-kleur-aluminium-ral9006-de","65":"pa_frame-kleur-schwarz-ral9011","66":"pa_frame-kleur-weiss-ral9010","67":"pa_hoogte-65-85cm-de","68":"pa_lengte-120cm-de","69":"pa_lengte-80cm-de","70":"pa_onderstel-einstellbar","71":"pa_soorten-poot-t-bein","72":"pa_vorm-rechtwinklig","74":"first","75":"instock","76":"purchasable","77":"product-type-variable"},"acf":{"downloads":[{"label":"","bestand":34728,"toegankelijkheid":"resellers"}]},"yoast_head":"<!-- This site is optimized with the Yoast SEO plugin v26.7 - https:\/\/yoast.com\/wordpress\/plugins\/seo\/ -->\n<title>Linesto Plus Erweiterung - Schaffenburg<\/title>\n<meta name=\"robots\" content=\"index, follow, max-snippet:-1, max-image-preview:large, max-video-preview:-1\" \/>\n<link rel=\"canonical\" href=\"https:\/\/portal.schaffenburg.nl\/de\/produkt\/linesto-plus-erweiterung\/\" \/>\n<meta property=\"og:locale\" content=\"de_DE\" \/>\n<meta property=\"og:type\" content=\"article\" \/>\n<meta property=\"og:title\" content=\"Linesto Plus Erweiterung - Schaffenburg\" \/>\n<meta property=\"og:description\" content=\"Der Linesto Plus Erweiterungstisch ist eine praktische Erg\u00e4nzung zum Linesto Plus Schreibtisch. Die Platte ist in sieben verschiedenen Farben erh\u00e4ltlich und besteht aus strapazierf\u00e4higem 25 mm Melamin. Der Tisch ist von 65 bis 85 cm h\u00f6henverstellbar und das T-Fu\u00df-Gestell ist in Schwarz, Wei\u00df und Aluminium erh\u00e4ltlich.\" \/>\n<meta property=\"og:url\" content=\"https:\/\/portal.schaffenburg.nl\/de\/produkt\/linesto-plus-erweiterung\/\" \/>\n<meta property=\"og:site_name\" content=\"Schaffenburg\" \/>\n<meta property=\"og:image\" content=\"https:\/\/portal.schaffenburg.nl\/wp-content\/uploads\/2024\/09\/LIN_plus_aanbouw_web_hoogte.jpg?wsr\" \/>\n\t<meta property=\"og:image:width\" content=\"1500\" \/>\n\t<meta property=\"og:image:height\" content=\"1500\" \/>\n\t<meta property=\"og:image:type\" content=\"image\/jpeg\" \/>\n<meta name=\"twitter:card\" content=\"summary_large_image\" \/>\n<meta name=\"twitter:label1\" content=\"Gesch\u00e4tzte Lesezeit\" \/>\n\t<meta name=\"twitter:data1\" content=\"1\u00a0Minute\" \/>\n<script type=\"application\/ld+json\" class=\"yoast-schema-graph\">{\"@context\":\"https:\/\/schema.org\",\"@graph\":[{\"@type\":\"WebPage\",\"@id\":\"https:\/\/portal.schaffenburg.nl\/de\/produkt\/linesto-plus-erweiterung\/\",\"url\":\"https:\/\/portal.schaffenburg.nl\/de\/produkt\/linesto-plus-erweiterung\/\",\"name\":\"Linesto Plus Erweiterung - Schaffenburg\",\"isPartOf\":{\"@id\":\"https:\/\/portal.schaffenburg.nl\/de\/#website\"},\"primaryImageOfPage\":{\"@id\":\"https:\/\/portal.schaffenburg.nl\/de\/produkt\/linesto-plus-erweiterung\/#primaryimage\"},\"image\":{\"@id\":\"https:\/\/portal.schaffenburg.nl\/de\/produkt\/linesto-plus-erweiterung\/#primaryimage\"},\"thumbnailUrl\":\"https:\/\/portal.schaffenburg.nl\/wp-content\/uploads\/2024\/09\/LIN_plus_aanbouw_web_hoogte.jpg?wsr\",\"datePublished\":\"2018-10-02T13:58:27+00:00\",\"breadcrumb\":{\"@id\":\"https:\/\/portal.schaffenburg.nl\/de\/produkt\/linesto-plus-erweiterung\/#breadcrumb\"},\"inLanguage\":\"de\",\"potentialAction\":[{\"@type\":\"ReadAction\",\"target\":[\"https:\/\/portal.schaffenburg.nl\/de\/produkt\/linesto-plus-erweiterung\/\"]}]},{\"@type\":\"ImageObject\",\"inLanguage\":\"de\",\"@id\":\"https:\/\/portal.schaffenburg.nl\/de\/produkt\/linesto-plus-erweiterung\/#primaryimage\",\"url\":\"https:\/\/portal.schaffenburg.nl\/wp-content\/uploads\/2024\/09\/LIN_plus_aanbouw_web_hoogte.jpg?wsr\",\"contentUrl\":\"https:\/\/portal.schaffenburg.nl\/wp-content\/uploads\/2024\/09\/LIN_plus_aanbouw_web_hoogte.jpg?wsr\",\"width\":1500,\"height\":1500,\"caption\":\"Linesto Plus Erweiterung\"},{\"@type\":\"BreadcrumbList\",\"@id\":\"https:\/\/portal.schaffenburg.nl\/de\/produkt\/linesto-plus-erweiterung\/#breadcrumb\",\"itemListElement\":[{\"@type\":\"ListItem\",\"position\":1,\"name\":\"Home\",\"item\":\"https:\/\/portal.schaffenburg.nl\/de\/\"},{\"@type\":\"ListItem\",\"position\":2,\"name\":\"Linesto Plus Erweiterung\"}]},{\"@type\":\"WebSite\",\"@id\":\"https:\/\/portal.schaffenburg.nl\/de\/#website\",\"url\":\"https:\/\/portal.schaffenburg.nl\/de\/\",\"name\":\"Schaffenburg\",\"description\":\"\",\"potentialAction\":[{\"@type\":\"SearchAction\",\"target\":{\"@type\":\"EntryPoint\",\"urlTemplate\":\"https:\/\/portal.schaffenburg.nl\/de\/?s={search_term_string}\"},\"query-input\":{\"@type\":\"PropertyValueSpecification\",\"valueRequired\":true,\"valueName\":\"search_term_string\"}}],\"inLanguage\":\"de\"}]}<\/script>\n<!-- \/ Yoast SEO plugin. -->","yoast_head_json":{"title":"Linesto Plus Erweiterung - Schaffenburg","robots":{"index":"index","follow":"follow","max-snippet":"max-snippet:-1","max-image-preview":"max-image-preview:large","max-video-preview":"max-video-preview:-1"},"canonical":"https:\/\/portal.schaffenburg.nl\/de\/produkt\/linesto-plus-erweiterung\/","og_locale":"de_DE","og_type":"article","og_title":"Linesto Plus Erweiterung - Schaffenburg","og_description":"Der Linesto Plus Erweiterungstisch ist eine praktische Erg\u00e4nzung zum Linesto Plus Schreibtisch. Die Platte ist in sieben verschiedenen Farben erh\u00e4ltlich und besteht aus strapazierf\u00e4higem 25 mm Melamin. Der Tisch ist von 65 bis 85 cm h\u00f6henverstellbar und das T-Fu\u00df-Gestell ist in Schwarz, Wei\u00df und Aluminium erh\u00e4ltlich.","og_url":"https:\/\/portal.schaffenburg.nl\/de\/produkt\/linesto-plus-erweiterung\/","og_site_name":"Schaffenburg","og_image":[{"width":1500,"height":1500,"url":"https:\/\/portal.schaffenburg.nl\/wp-content\/uploads\/2024\/09\/LIN_plus_aanbouw_web_hoogte.jpg?wsr","type":"image\/jpeg"}],"twitter_card":"summary_large_image","twitter_misc":{"Gesch\u00e4tzte Lesezeit":"1\u00a0Minute"},"schema":{"@context":"https:\/\/schema.org","@graph":[{"@type":"WebPage","@id":"https:\/\/portal.schaffenburg.nl\/de\/produkt\/linesto-plus-erweiterung\/","url":"https:\/\/portal.schaffenburg.nl\/de\/produkt\/linesto-plus-erweiterung\/","name":"Linesto Plus Erweiterung - Schaffenburg","isPartOf":{"@id":"https:\/\/portal.schaffenburg.nl\/de\/#website"},"primaryImageOfPage":{"@id":"https:\/\/portal.schaffenburg.nl\/de\/produkt\/linesto-plus-erweiterung\/#primaryimage"},"image":{"@id":"https:\/\/portal.schaffenburg.nl\/de\/produkt\/linesto-plus-erweiterung\/#primaryimage"},"thumbnailUrl":"https:\/\/portal.schaffenburg.nl\/wp-content\/uploads\/2024\/09\/LIN_plus_aanbouw_web_hoogte.jpg?wsr","datePublished":"2018-10-02T13:58:27+00:00","breadcrumb":{"@id":"https:\/\/portal.schaffenburg.nl\/de\/produkt\/linesto-plus-erweiterung\/#breadcrumb"},"inLanguage":"de","potentialAction":[{"@type":"ReadAction","target":["https:\/\/portal.schaffenburg.nl\/de\/produkt\/linesto-plus-erweiterung\/"]}]},{"@type":"ImageObject","inLanguage":"de","@id":"https:\/\/portal.schaffenburg.nl\/de\/produkt\/linesto-plus-erweiterung\/#primaryimage","url":"https:\/\/portal.schaffenburg.nl\/wp-content\/uploads\/2024\/09\/LIN_plus_aanbouw_web_hoogte.jpg?wsr","contentUrl":"https:\/\/portal.schaffenburg.nl\/wp-content\/uploads\/2024\/09\/LIN_plus_aanbouw_web_hoogte.jpg?wsr","width":1500,"height":1500,"caption":"Linesto Plus Erweiterung"},{"@type":"BreadcrumbList","@id":"https:\/\/portal.schaffenburg.nl\/de\/produkt\/linesto-plus-erweiterung\/#breadcrumb","itemListElement":[{"@type":"ListItem","position":1,"name":"Home","item":"https:\/\/portal.schaffenburg.nl\/de\/"},{"@type":"ListItem","position":2,"name":"Linesto Plus Erweiterung"}]},{"@type":"WebSite","@id":"https:\/\/portal.schaffenburg.nl\/de\/#website","url":"https:\/\/portal.schaffenburg.nl\/de\/","name":"Schaffenburg","description":"","potentialAction":[{"@type":"SearchAction","target":{"@type":"EntryPoint","urlTemplate":"https:\/\/portal.schaffenburg.nl\/de\/?s={search_term_string}"},"query-input":{"@type":"PropertyValueSpecification","valueRequired":true,"valueName":"search_term_string"}}],"inLanguage":"de"}]}},"_links":{"self":[{"href":"https:\/\/portal.schaffenburg.nl\/de\/wp-json\/wp\/v2\/product\/32655","targetHints":{"allow":["GET"]}}],"collection":[{"href":"https:\/\/portal.schaffenburg.nl\/de\/wp-json\/wp\/v2\/product"}],"about":[{"href":"https:\/\/portal.schaffenburg.nl\/de\/wp-json\/wp\/v2\/types\/product"}],"replies":[{"embeddable":true,"href":"https:\/\/portal.schaffenburg.nl\/de\/wp-json\/wp\/v2\/comments?post=32655"}],"wp:featuredmedia":[{"embeddable":true,"href":"https:\/\/portal.schaffenburg.nl\/de\/wp-json\/wp\/v2\/media\/17390"}],"wp:attachment":[{"href":"https:\/\/portal.schaffenburg.nl\/de\/wp-json\/wp\/v2\/media?parent=32655"}],"wp:term":[{"taxonomy":"product_brand","embeddable":true,"href":"https:\/\/portal.schaffenburg.nl\/de\/wp-json\/wp\/v2\/product_brand?post=32655"},{"taxonomy":"product_cat","embeddable":true,"href":"https:\/\/portal.schaffenburg.nl\/de\/wp-json\/wp\/v2\/product_cat?post=32655"},{"taxonomy":"product_tag","embeddable":true,"href":"https:\/\/portal.schaffenburg.nl\/de\/wp-json\/wp\/v2\/product_tag?post=32655"}],"curies":[{"name":"wp","href":"https:\/\/api.w.org\/{rel}","templated":true}]}}