{"id":32724,"date":"2018-10-02T13:58:31","date_gmt":"2018-10-02T11:58:31","guid":{"rendered":"https:\/\/staging-schaffenburg.nl\/product\/obere-ablage-fuer-den-claudius-plus-rollladenschrank\/"},"modified":"2018-10-02T13:58:31","modified_gmt":"2018-10-02T13:58:31","slug":"obere-ablage-fuer-den-claudius-plus-rollladenschrank","status":"publish","type":"product","link":"https:\/\/portal.schaffenburg.nl\/de\/produkt\/obere-ablage-fuer-den-claudius-plus-rollladenschrank\/","title":{"rendered":"Obere Ablage f\u00fcr den Claudius Plus Rollladenschrank"},"content":{"rendered":"Verleihen Sie Ihren B\u00fcrom\u00f6beln den perfekten Schliff mit dem Top shelf f\u00fcr den <a href=\"https:\/\/www.schaffenburg.nl\/shop\/snellever\/opbergen-snellever\/roldeurkasten-snellever\/claudius-plus-roldeurkast\/\" target=\"_blank\" rel=\"noopener noreferrer\">Rollladenschrank Claudius<\/a>! Dieses vielseitige Accessoire ist in zwei Gr\u00f6\u00dfen erh\u00e4ltlich, 80 cm und 120 cm, und besteht aus hochwertigem 25 mm Melamin. Mit seiner umfangreichen Farbpalette von nicht weniger als 7 verschiedenen Farbt\u00f6nen bietet dieses obere Regal unendliche M\u00f6glichkeiten, um Ihr B\u00fcro auf ein neues Niveau zu bringen. \nEin oberes Regal ist die ultimative L\u00f6sung, um Ihre B\u00fcrom\u00f6bel nahtlos zu integrieren. Entscheiden Sie sich daf\u00fcr, die Platte in der gleichen Farbe wie die Tischplatten Ihrer B\u00fcrotische zu gestalten, so dass ein wundersch\u00f6nes harmonisches Ganzes entsteht. Dies sorgt f\u00fcr ein stilvolles und einheitliches Erscheinungsbild in Ihrer B\u00fcroumgebung.  \nNeben dem \u00e4sthetischen Aspekt bietet die obere Ablage auch funktionelle Vorteile. Er sch\u00fctzt die Metalloberfl\u00e4che Ihres Rollladenschranks vor Kratzern und Besch\u00e4digungen und verl\u00e4ngert so die Lebensdauer Ihres Schranks. Au\u00dferdem k\u00f6nnen Sie mit dem Oberboden vorhandene Sch\u00e4den am Schrank leicht verbergen, so dass er wieder wie neu aussieht.  \nMit dieser Platte k\u00f6nnen Sie Ihrem Rollladenschrank ohne gr\u00f6\u00dfere Renovierungsarbeiten einen v\u00f6llig neuen Look verleihen. Indem Sie einfach die obere Platte austauschen, k\u00f6nnen Sie Ihren B\u00fcrom\u00f6beln einen frischen Look verleihen. Lassen Sie Ihre Schr\u00e4nke in neuem Glanz erstrahlen und geben Sie Ihrem Arbeitsumfeld die Aufwertung, die es verdient.  \nKurzum, unsere Abdeckplatten f\u00fcr den Rollladenschrank Claudius sind ein unverzichtbares Accessoire f\u00fcr Ihr B\u00fcro. Mit seiner Vielseitigkeit, seinen sch\u00fctzenden Eigenschaften und seiner nahtlosen Integration in Ihre Einrichtung wird dieser Aufsatz Ihr B\u00fcrodekor auf die n\u00e4chste Stufe heben. Entscheiden Sie sich f\u00fcr Qualit\u00e4t, Stil und Langlebigkeit mit dem Top Top f\u00fcr den <a href=\"https:\/\/www.schaffenburg.nl\/shop\/snellever\/opbergen-snellever\/roldeurkasten-snellever\/claudius-plus-roldeurkast\/\" target=\"_blank\" rel=\"noopener noreferrer\">Rollladenschrank Claudius<\/a> und machen Sie Ihr B\u00fcro zu einem echten Blickfang.  \n<h6>Eigenschaften<\/h6>\n<ul>\n<li>Obere Ablage f\u00fcr den Claudius Plus Rollladenschrank<\/li>\n<li>Erh\u00e4ltlich in 80 cm und 120 cm Breite<\/li>\n<li>Hochwertiges 25 mm Melamin<\/li>\n<li>Erh\u00e4ltlich in 7 Farben<\/li>\n<\/ul>\n&nbsp;\n","protected":false},"excerpt":{"rendered":"<p>Werten Sie Ihre B\u00fcrom\u00f6bel mit dem Top Top f\u00fcr den Rollladenschrank Claudius auf. Diese 25 mm dicke Melaminplatte ist in 80 cm oder 120 cm erh\u00e4ltlich und bietet nicht nur ein perfektes Finish, sondern sch\u00fctzt auch die Metalloberfl\u00e4che Ihres Schranks. Mit 7 Farboptionen k\u00f6nnen Sie sie m\u00fchelos auf Ihre Schreibtische abstimmen. Verleihen Sie Ihrem Rollt\u00fcrschrank einen neuen Look und verbergen Sie eventuelle Sch\u00e4den im Handumdrehen. Ein vielseitiges Accessoire, das Ihrem B\u00fcro einen stilvollen Look verleiht.    <\/p>\n","protected":false},"featured_media":17704,"comment_status":"closed","ping_status":"closed","template":"","meta":{"_acf_changed":false},"product_brand":[],"product_cat":[2140,2423],"product_tag":[2157,3191,5477,2164,3384,5478,2165,3620,5479,2289,3630,5480,2297,3689,5481,2299,3830,5482,2438,3999,5483,2466,4377,5484,2469,4807,5485,2470,4976,5488,2583,5471,5489,2148,2585,5472,5490,2149,2619,5473,5491,2150,2721,5474,5492,2151,2723,5475,5493,2153,2888,5476],"class_list":{"0":"post-32724","1":"product","2":"type-product","3":"status-publish","4":"has-post-thumbnail","6":"product_cat-schnelle-lieferung","7":"product_cat-lagerung","8":"product_tag-modern-de","9":"product_tag-schutz","10":"product_tag-dekoration","11":"product_tag-praktisch-de","12":"product_tag-burogestaltung","13":"product_tag-blickfang-de","14":"product_tag-zeitgenossisch","15":"product_tag-einheitliches-erscheinungsbild","16":"product_tag-feinschliff","17":"product_tag-zeitlos","18":"product_tag-oberstes-regal","19":"product_tag-frisch","20":"product_tag-stil-de","21":"product_tag-verbesserung","22":"product_tag-harmonisch","23":"product_tag-verfeinerung","24":"product_tag-passend-zu","25":"product_tag-buro-upgrade","26":"product_tag-farben","27":"product_tag-trendy-de","28":"product_tag-accessoire-fur-den-kleiderschrank","29":"product_tag-qualitat","30":"product_tag-schreibtisch-tische","31":"product_tag-hochwertige-materialien-de","32":"product_tag-zubehor","33":"product_tag-verbessern","34":"product_tag-metalloberflache","35":"product_tag-aktualisieren","36":"product_tag-rollladenschrank","37":"product_tag-nahtlos","38":"product_tag-vielseitig","39":"product_tag-ersetzen","40":"product_tag-nahtlose-integration","41":"product_tag-entwurf","42":"product_tag-vielseitigkeit","43":"product_tag-120-cm-de","44":"product_tag-neues-aussehen","45":"product_tag-eleganz","46":"product_tag-buro-de","47":"product_tag-80-cm-de","48":"product_tag-aktualisieren-de-2","49":"product_tag-funktional","50":"product_tag-interieur-de","51":"product_tag-finishing","52":"product_tag-schlusselworter","53":"product_tag-professionell","54":"product_tag-buromobel","55":"product_tag-schaden","56":"product_tag-web-site-de","57":"product_tag-nachhaltigkeit","58":"product_tag-melamin","59":"product_tag-schutzende-eigenschaften","60":"pa_blad-kleur-eiche-robbson","61":"pa_blad-kleur-halifax-auswaerts","62":"pa_blad-kleur-havanna-kirsche-hell","63":"pa_blad-kleur-hellgrau","64":"pa_blad-kleur-honig-castello","65":"pa_blad-kleur-kreideweiss","66":"pa_blad-kleur-lindberg-oak-abgehend","67":"pa_blad-kleur-logan-eiche","68":"pa_blad-kleur-schatten-schwarz","69":"pa_bladsoort-25mm-melamin","70":"pa_diepte-45cm-de","71":"pa_lengte-120cm-de","72":"pa_lengte-80cm-de","73":"pa_vorm-rechtwinklig","75":"first","76":"instock","77":"purchasable","78":"product-type-variable"},"acf":{"downloads":null},"yoast_head":"<!-- This site is optimized with the Yoast SEO plugin v26.7 - https:\/\/yoast.com\/wordpress\/plugins\/seo\/ -->\n<title>Obere Ablage f\u00fcr den Claudius Plus Rollladenschrank - Schaffenburg<\/title>\n<meta name=\"robots\" content=\"index, follow, max-snippet:-1, max-image-preview:large, max-video-preview:-1\" \/>\n<link rel=\"canonical\" href=\"https:\/\/portal.schaffenburg.nl\/de\/produkt\/obere-ablage-fuer-den-claudius-plus-rollladenschrank\/\" \/>\n<meta property=\"og:locale\" content=\"de_DE\" \/>\n<meta property=\"og:type\" content=\"article\" \/>\n<meta property=\"og:title\" content=\"Obere Ablage f\u00fcr den Claudius Plus Rollladenschrank - Schaffenburg\" \/>\n<meta property=\"og:description\" content=\"Werten Sie Ihre B\u00fcrom\u00f6bel mit dem Top Top f\u00fcr den Rollladenschrank Claudius auf. Diese 25 mm dicke Melaminplatte ist in 80 cm oder 120 cm erh\u00e4ltlich und bietet nicht nur ein perfektes Finish, sondern sch\u00fctzt auch die Metalloberfl\u00e4che Ihres Schranks. Mit 7 Farboptionen k\u00f6nnen Sie sie m\u00fchelos auf Ihre Schreibtische abstimmen. Verleihen Sie Ihrem Rollt\u00fcrschrank einen neuen Look und verbergen Sie eventuelle Sch\u00e4den im Handumdrehen. Ein vielseitiges Accessoire, das Ihrem B\u00fcro einen stilvollen Look verleiht.\" \/>\n<meta property=\"og:url\" content=\"https:\/\/portal.schaffenburg.nl\/de\/produkt\/obere-ablage-fuer-den-claudius-plus-rollladenschrank\/\" \/>\n<meta property=\"og:site_name\" content=\"Schaffenburg\" \/>\n<meta property=\"article:modified_time\" content=\"2018-10-02T13:58:31+00:00\" \/>\n<meta property=\"og:image\" content=\"https:\/\/portal.schaffenburg.nl\/wp-content\/uploads\/2024\/09\/Topblad_roldeurkast_achtergrond-wit.jpg?wsr\" \/>\n\t<meta property=\"og:image:width\" content=\"1428\" \/>\n\t<meta property=\"og:image:height\" content=\"1428\" \/>\n\t<meta property=\"og:image:type\" content=\"image\/jpeg\" \/>\n<meta name=\"twitter:card\" content=\"summary_large_image\" \/>\n<meta name=\"twitter:label1\" content=\"Gesch\u00e4tzte Lesezeit\" \/>\n\t<meta name=\"twitter:data1\" content=\"2\u00a0Minuten\" \/>\n<script type=\"application\/ld+json\" class=\"yoast-schema-graph\">{\"@context\":\"https:\/\/schema.org\",\"@graph\":[{\"@type\":\"WebPage\",\"@id\":\"https:\/\/portal.schaffenburg.nl\/de\/produkt\/obere-ablage-fuer-den-claudius-plus-rollladenschrank\/\",\"url\":\"https:\/\/portal.schaffenburg.nl\/de\/produkt\/obere-ablage-fuer-den-claudius-plus-rollladenschrank\/\",\"name\":\"Obere Ablage f\u00fcr den Claudius Plus Rollladenschrank - Schaffenburg\",\"isPartOf\":{\"@id\":\"https:\/\/portal.schaffenburg.nl\/de\/#website\"},\"primaryImageOfPage\":{\"@id\":\"https:\/\/portal.schaffenburg.nl\/de\/produkt\/obere-ablage-fuer-den-claudius-plus-rollladenschrank\/#primaryimage\"},\"image\":{\"@id\":\"https:\/\/portal.schaffenburg.nl\/de\/produkt\/obere-ablage-fuer-den-claudius-plus-rollladenschrank\/#primaryimage\"},\"thumbnailUrl\":\"https:\/\/portal.schaffenburg.nl\/wp-content\/uploads\/2024\/09\/Topblad_roldeurkast_achtergrond-wit.jpg?wsr\",\"datePublished\":\"2018-10-02T11:58:31+00:00\",\"dateModified\":\"2018-10-02T13:58:31+00:00\",\"breadcrumb\":{\"@id\":\"https:\/\/portal.schaffenburg.nl\/de\/produkt\/obere-ablage-fuer-den-claudius-plus-rollladenschrank\/#breadcrumb\"},\"inLanguage\":\"de\",\"potentialAction\":[{\"@type\":\"ReadAction\",\"target\":[\"https:\/\/portal.schaffenburg.nl\/de\/produkt\/obere-ablage-fuer-den-claudius-plus-rollladenschrank\/\"]}]},{\"@type\":\"ImageObject\",\"inLanguage\":\"de\",\"@id\":\"https:\/\/portal.schaffenburg.nl\/de\/produkt\/obere-ablage-fuer-den-claudius-plus-rollladenschrank\/#primaryimage\",\"url\":\"https:\/\/portal.schaffenburg.nl\/wp-content\/uploads\/2024\/09\/Topblad_roldeurkast_achtergrond-wit.jpg?wsr\",\"contentUrl\":\"https:\/\/portal.schaffenburg.nl\/wp-content\/uploads\/2024\/09\/Topblad_roldeurkast_achtergrond-wit.jpg?wsr\",\"width\":1428,\"height\":1428},{\"@type\":\"BreadcrumbList\",\"@id\":\"https:\/\/portal.schaffenburg.nl\/de\/produkt\/obere-ablage-fuer-den-claudius-plus-rollladenschrank\/#breadcrumb\",\"itemListElement\":[{\"@type\":\"ListItem\",\"position\":1,\"name\":\"Home\",\"item\":\"https:\/\/portal.schaffenburg.nl\/de\/\"},{\"@type\":\"ListItem\",\"position\":2,\"name\":\"Obere Ablage f\u00fcr den Claudius Plus Rollladenschrank\"}]},{\"@type\":\"WebSite\",\"@id\":\"https:\/\/portal.schaffenburg.nl\/de\/#website\",\"url\":\"https:\/\/portal.schaffenburg.nl\/de\/\",\"name\":\"Schaffenburg\",\"description\":\"\",\"potentialAction\":[{\"@type\":\"SearchAction\",\"target\":{\"@type\":\"EntryPoint\",\"urlTemplate\":\"https:\/\/portal.schaffenburg.nl\/de\/?s={search_term_string}\"},\"query-input\":{\"@type\":\"PropertyValueSpecification\",\"valueRequired\":true,\"valueName\":\"search_term_string\"}}],\"inLanguage\":\"de\"}]}<\/script>\n<!-- \/ Yoast SEO plugin. -->","yoast_head_json":{"title":"Obere Ablage f\u00fcr den Claudius Plus Rollladenschrank - Schaffenburg","robots":{"index":"index","follow":"follow","max-snippet":"max-snippet:-1","max-image-preview":"max-image-preview:large","max-video-preview":"max-video-preview:-1"},"canonical":"https:\/\/portal.schaffenburg.nl\/de\/produkt\/obere-ablage-fuer-den-claudius-plus-rollladenschrank\/","og_locale":"de_DE","og_type":"article","og_title":"Obere Ablage f\u00fcr den Claudius Plus Rollladenschrank - Schaffenburg","og_description":"Werten Sie Ihre B\u00fcrom\u00f6bel mit dem Top Top f\u00fcr den Rollladenschrank Claudius auf. Diese 25 mm dicke Melaminplatte ist in 80 cm oder 120 cm erh\u00e4ltlich und bietet nicht nur ein perfektes Finish, sondern sch\u00fctzt auch die Metalloberfl\u00e4che Ihres Schranks. Mit 7 Farboptionen k\u00f6nnen Sie sie m\u00fchelos auf Ihre Schreibtische abstimmen. Verleihen Sie Ihrem Rollt\u00fcrschrank einen neuen Look und verbergen Sie eventuelle Sch\u00e4den im Handumdrehen. Ein vielseitiges Accessoire, das Ihrem B\u00fcro einen stilvollen Look verleiht.","og_url":"https:\/\/portal.schaffenburg.nl\/de\/produkt\/obere-ablage-fuer-den-claudius-plus-rollladenschrank\/","og_site_name":"Schaffenburg","article_modified_time":"2018-10-02T13:58:31+00:00","og_image":[{"width":1428,"height":1428,"url":"https:\/\/portal.schaffenburg.nl\/wp-content\/uploads\/2024\/09\/Topblad_roldeurkast_achtergrond-wit.jpg?wsr","type":"image\/jpeg"}],"twitter_card":"summary_large_image","twitter_misc":{"Gesch\u00e4tzte Lesezeit":"2\u00a0Minuten"},"schema":{"@context":"https:\/\/schema.org","@graph":[{"@type":"WebPage","@id":"https:\/\/portal.schaffenburg.nl\/de\/produkt\/obere-ablage-fuer-den-claudius-plus-rollladenschrank\/","url":"https:\/\/portal.schaffenburg.nl\/de\/produkt\/obere-ablage-fuer-den-claudius-plus-rollladenschrank\/","name":"Obere Ablage f\u00fcr den Claudius Plus Rollladenschrank - Schaffenburg","isPartOf":{"@id":"https:\/\/portal.schaffenburg.nl\/de\/#website"},"primaryImageOfPage":{"@id":"https:\/\/portal.schaffenburg.nl\/de\/produkt\/obere-ablage-fuer-den-claudius-plus-rollladenschrank\/#primaryimage"},"image":{"@id":"https:\/\/portal.schaffenburg.nl\/de\/produkt\/obere-ablage-fuer-den-claudius-plus-rollladenschrank\/#primaryimage"},"thumbnailUrl":"https:\/\/portal.schaffenburg.nl\/wp-content\/uploads\/2024\/09\/Topblad_roldeurkast_achtergrond-wit.jpg?wsr","datePublished":"2018-10-02T11:58:31+00:00","dateModified":"2018-10-02T13:58:31+00:00","breadcrumb":{"@id":"https:\/\/portal.schaffenburg.nl\/de\/produkt\/obere-ablage-fuer-den-claudius-plus-rollladenschrank\/#breadcrumb"},"inLanguage":"de","potentialAction":[{"@type":"ReadAction","target":["https:\/\/portal.schaffenburg.nl\/de\/produkt\/obere-ablage-fuer-den-claudius-plus-rollladenschrank\/"]}]},{"@type":"ImageObject","inLanguage":"de","@id":"https:\/\/portal.schaffenburg.nl\/de\/produkt\/obere-ablage-fuer-den-claudius-plus-rollladenschrank\/#primaryimage","url":"https:\/\/portal.schaffenburg.nl\/wp-content\/uploads\/2024\/09\/Topblad_roldeurkast_achtergrond-wit.jpg?wsr","contentUrl":"https:\/\/portal.schaffenburg.nl\/wp-content\/uploads\/2024\/09\/Topblad_roldeurkast_achtergrond-wit.jpg?wsr","width":1428,"height":1428},{"@type":"BreadcrumbList","@id":"https:\/\/portal.schaffenburg.nl\/de\/produkt\/obere-ablage-fuer-den-claudius-plus-rollladenschrank\/#breadcrumb","itemListElement":[{"@type":"ListItem","position":1,"name":"Home","item":"https:\/\/portal.schaffenburg.nl\/de\/"},{"@type":"ListItem","position":2,"name":"Obere Ablage f\u00fcr den Claudius Plus Rollladenschrank"}]},{"@type":"WebSite","@id":"https:\/\/portal.schaffenburg.nl\/de\/#website","url":"https:\/\/portal.schaffenburg.nl\/de\/","name":"Schaffenburg","description":"","potentialAction":[{"@type":"SearchAction","target":{"@type":"EntryPoint","urlTemplate":"https:\/\/portal.schaffenburg.nl\/de\/?s={search_term_string}"},"query-input":{"@type":"PropertyValueSpecification","valueRequired":true,"valueName":"search_term_string"}}],"inLanguage":"de"}]}},"_links":{"self":[{"href":"https:\/\/portal.schaffenburg.nl\/de\/wp-json\/wp\/v2\/product\/32724","targetHints":{"allow":["GET"]}}],"collection":[{"href":"https:\/\/portal.schaffenburg.nl\/de\/wp-json\/wp\/v2\/product"}],"about":[{"href":"https:\/\/portal.schaffenburg.nl\/de\/wp-json\/wp\/v2\/types\/product"}],"replies":[{"embeddable":true,"href":"https:\/\/portal.schaffenburg.nl\/de\/wp-json\/wp\/v2\/comments?post=32724"}],"wp:featuredmedia":[{"embeddable":true,"href":"https:\/\/portal.schaffenburg.nl\/de\/wp-json\/wp\/v2\/media\/17704"}],"wp:attachment":[{"href":"https:\/\/portal.schaffenburg.nl\/de\/wp-json\/wp\/v2\/media?parent=32724"}],"wp:term":[{"taxonomy":"product_brand","embeddable":true,"href":"https:\/\/portal.schaffenburg.nl\/de\/wp-json\/wp\/v2\/product_brand?post=32724"},{"taxonomy":"product_cat","embeddable":true,"href":"https:\/\/portal.schaffenburg.nl\/de\/wp-json\/wp\/v2\/product_cat?post=32724"},{"taxonomy":"product_tag","embeddable":true,"href":"https:\/\/portal.schaffenburg.nl\/de\/wp-json\/wp\/v2\/product_tag?post=32724"}],"curies":[{"name":"wp","href":"https:\/\/api.w.org\/{rel}","templated":true}]}}