{"id":32796,"date":"2018-10-02T13:58:32","date_gmt":"2018-10-02T13:58:32","guid":{"rendered":"https:\/\/staging-schaffenburg.nl\/product\/fly-by-klammer\/"},"modified":"2018-10-02T13:58:32","modified_gmt":"2018-10-02T13:58:32","slug":"fly-by-klammer","status":"publish","type":"product","link":"https:\/\/portal.schaffenburg.nl\/de\/produkt\/fly-by-klammer\/","title":{"rendered":"Fly-By-Klammer"},"content":{"rendered":"<ul>\n<li>Schreibtischklemme zur Befestigung der Wand an der Arbeitsfl\u00e4che, so dass die Wand teilweise unter und \u00fcber der Arbeitsfl\u00e4che liegt.<\/li>\n<li>Die Position an der Wand muss je nach gew\u00fcnschter H\u00f6he festgelegt werden.<\/li>\n<li>Schwarz, Wei\u00df oder Aluminium.<\/li>\n<\/ul>\n","protected":false},"excerpt":{"rendered":"<p>Schreibtischklemme zur Befestigung der Wand an der Arbeitsfl\u00e4che, so dass die Wand teilweise unter und \u00fcber der Arbeitsfl\u00e4che liegt. Die Position an der Wand muss je nach gew\u00fcnschter H\u00f6he festgelegt werden. Schwarz, Wei\u00df oder Aluminium.<\/p>\n","protected":false},"featured_media":17710,"comment_status":"closed","ping_status":"closed","template":"","meta":{"_acf_changed":false},"product_brand":[],"product_cat":[4490,2137,4073],"product_tag":[],"class_list":{"0":"post-32796","1":"product","2":"type-product","3":"status-publish","4":"has-post-thumbnail","6":"product_cat-projekte-zubehor","7":"product_cat-projekte","8":"product_cat-partitionen-de","9":"pa_kleuren-accessoires-aluminium-de","10":"pa_kleuren-accessoires-schwarz","11":"pa_kleuren-accessoires-weiss","13":"first","14":"instock","15":"purchasable","16":"product-type-variable"},"acf":{"downloads":null},"yoast_head":"<!-- This site is optimized with the Yoast SEO plugin v26.7 - https:\/\/yoast.com\/wordpress\/plugins\/seo\/ -->\n<title>Fly-By-Klammer - Schaffenburg<\/title>\n<meta name=\"robots\" content=\"index, follow, max-snippet:-1, max-image-preview:large, max-video-preview:-1\" \/>\n<link rel=\"canonical\" href=\"https:\/\/portal.schaffenburg.nl\/de\/produkt\/fly-by-klammer\/\" \/>\n<meta property=\"og:locale\" content=\"de_DE\" \/>\n<meta property=\"og:type\" content=\"article\" \/>\n<meta property=\"og:title\" content=\"Fly-By-Klammer - Schaffenburg\" \/>\n<meta property=\"og:description\" content=\"Schreibtischklemme zur Befestigung der Wand an der Arbeitsfl\u00e4che, so dass die Wand teilweise unter und \u00fcber der Arbeitsfl\u00e4che liegt. Die Position an der Wand muss je nach gew\u00fcnschter H\u00f6he festgelegt werden. Schwarz, Wei\u00df oder Aluminium.\" \/>\n<meta property=\"og:url\" content=\"https:\/\/portal.schaffenburg.nl\/de\/produkt\/fly-by-klammer\/\" \/>\n<meta property=\"og:site_name\" content=\"Schaffenburg\" \/>\n<meta property=\"og:image\" content=\"https:\/\/portal.schaffenburg.nl\/wp-content\/uploads\/2024\/09\/SCH-OW-BK-A-2.jpg?wsr\" \/>\n\t<meta property=\"og:image:width\" content=\"297\" \/>\n\t<meta property=\"og:image:height\" content=\"297\" \/>\n\t<meta property=\"og:image:type\" content=\"image\/jpeg\" \/>\n<meta name=\"twitter:card\" content=\"summary_large_image\" \/>\n<script type=\"application\/ld+json\" class=\"yoast-schema-graph\">{\"@context\":\"https:\/\/schema.org\",\"@graph\":[{\"@type\":\"WebPage\",\"@id\":\"https:\/\/portal.schaffenburg.nl\/de\/produkt\/fly-by-klammer\/\",\"url\":\"https:\/\/portal.schaffenburg.nl\/de\/produkt\/fly-by-klammer\/\",\"name\":\"Fly-By-Klammer - Schaffenburg\",\"isPartOf\":{\"@id\":\"https:\/\/portal.schaffenburg.nl\/de\/#website\"},\"primaryImageOfPage\":{\"@id\":\"https:\/\/portal.schaffenburg.nl\/de\/produkt\/fly-by-klammer\/#primaryimage\"},\"image\":{\"@id\":\"https:\/\/portal.schaffenburg.nl\/de\/produkt\/fly-by-klammer\/#primaryimage\"},\"thumbnailUrl\":\"https:\/\/portal.schaffenburg.nl\/wp-content\/uploads\/2024\/09\/SCH-OW-BK-A-2.jpg?wsr\",\"datePublished\":\"2018-10-02T13:58:32+00:00\",\"breadcrumb\":{\"@id\":\"https:\/\/portal.schaffenburg.nl\/de\/produkt\/fly-by-klammer\/#breadcrumb\"},\"inLanguage\":\"de\",\"potentialAction\":[{\"@type\":\"ReadAction\",\"target\":[\"https:\/\/portal.schaffenburg.nl\/de\/produkt\/fly-by-klammer\/\"]}]},{\"@type\":\"ImageObject\",\"inLanguage\":\"de\",\"@id\":\"https:\/\/portal.schaffenburg.nl\/de\/produkt\/fly-by-klammer\/#primaryimage\",\"url\":\"https:\/\/portal.schaffenburg.nl\/wp-content\/uploads\/2024\/09\/SCH-OW-BK-A-2.jpg?wsr\",\"contentUrl\":\"https:\/\/portal.schaffenburg.nl\/wp-content\/uploads\/2024\/09\/SCH-OW-BK-A-2.jpg?wsr\",\"width\":297,\"height\":297},{\"@type\":\"BreadcrumbList\",\"@id\":\"https:\/\/portal.schaffenburg.nl\/de\/produkt\/fly-by-klammer\/#breadcrumb\",\"itemListElement\":[{\"@type\":\"ListItem\",\"position\":1,\"name\":\"Home\",\"item\":\"https:\/\/portal.schaffenburg.nl\/de\/\"},{\"@type\":\"ListItem\",\"position\":2,\"name\":\"Fly-By-Klammer\"}]},{\"@type\":\"WebSite\",\"@id\":\"https:\/\/portal.schaffenburg.nl\/de\/#website\",\"url\":\"https:\/\/portal.schaffenburg.nl\/de\/\",\"name\":\"Schaffenburg\",\"description\":\"\",\"potentialAction\":[{\"@type\":\"SearchAction\",\"target\":{\"@type\":\"EntryPoint\",\"urlTemplate\":\"https:\/\/portal.schaffenburg.nl\/de\/?s={search_term_string}\"},\"query-input\":{\"@type\":\"PropertyValueSpecification\",\"valueRequired\":true,\"valueName\":\"search_term_string\"}}],\"inLanguage\":\"de\"}]}<\/script>\n<!-- \/ Yoast SEO plugin. -->","yoast_head_json":{"title":"Fly-By-Klammer - Schaffenburg","robots":{"index":"index","follow":"follow","max-snippet":"max-snippet:-1","max-image-preview":"max-image-preview:large","max-video-preview":"max-video-preview:-1"},"canonical":"https:\/\/portal.schaffenburg.nl\/de\/produkt\/fly-by-klammer\/","og_locale":"de_DE","og_type":"article","og_title":"Fly-By-Klammer - Schaffenburg","og_description":"Schreibtischklemme zur Befestigung der Wand an der Arbeitsfl\u00e4che, so dass die Wand teilweise unter und \u00fcber der Arbeitsfl\u00e4che liegt. Die Position an der Wand muss je nach gew\u00fcnschter H\u00f6he festgelegt werden. Schwarz, Wei\u00df oder Aluminium.","og_url":"https:\/\/portal.schaffenburg.nl\/de\/produkt\/fly-by-klammer\/","og_site_name":"Schaffenburg","og_image":[{"width":297,"height":297,"url":"https:\/\/portal.schaffenburg.nl\/wp-content\/uploads\/2024\/09\/SCH-OW-BK-A-2.jpg?wsr","type":"image\/jpeg"}],"twitter_card":"summary_large_image","schema":{"@context":"https:\/\/schema.org","@graph":[{"@type":"WebPage","@id":"https:\/\/portal.schaffenburg.nl\/de\/produkt\/fly-by-klammer\/","url":"https:\/\/portal.schaffenburg.nl\/de\/produkt\/fly-by-klammer\/","name":"Fly-By-Klammer - Schaffenburg","isPartOf":{"@id":"https:\/\/portal.schaffenburg.nl\/de\/#website"},"primaryImageOfPage":{"@id":"https:\/\/portal.schaffenburg.nl\/de\/produkt\/fly-by-klammer\/#primaryimage"},"image":{"@id":"https:\/\/portal.schaffenburg.nl\/de\/produkt\/fly-by-klammer\/#primaryimage"},"thumbnailUrl":"https:\/\/portal.schaffenburg.nl\/wp-content\/uploads\/2024\/09\/SCH-OW-BK-A-2.jpg?wsr","datePublished":"2018-10-02T13:58:32+00:00","breadcrumb":{"@id":"https:\/\/portal.schaffenburg.nl\/de\/produkt\/fly-by-klammer\/#breadcrumb"},"inLanguage":"de","potentialAction":[{"@type":"ReadAction","target":["https:\/\/portal.schaffenburg.nl\/de\/produkt\/fly-by-klammer\/"]}]},{"@type":"ImageObject","inLanguage":"de","@id":"https:\/\/portal.schaffenburg.nl\/de\/produkt\/fly-by-klammer\/#primaryimage","url":"https:\/\/portal.schaffenburg.nl\/wp-content\/uploads\/2024\/09\/SCH-OW-BK-A-2.jpg?wsr","contentUrl":"https:\/\/portal.schaffenburg.nl\/wp-content\/uploads\/2024\/09\/SCH-OW-BK-A-2.jpg?wsr","width":297,"height":297},{"@type":"BreadcrumbList","@id":"https:\/\/portal.schaffenburg.nl\/de\/produkt\/fly-by-klammer\/#breadcrumb","itemListElement":[{"@type":"ListItem","position":1,"name":"Home","item":"https:\/\/portal.schaffenburg.nl\/de\/"},{"@type":"ListItem","position":2,"name":"Fly-By-Klammer"}]},{"@type":"WebSite","@id":"https:\/\/portal.schaffenburg.nl\/de\/#website","url":"https:\/\/portal.schaffenburg.nl\/de\/","name":"Schaffenburg","description":"","potentialAction":[{"@type":"SearchAction","target":{"@type":"EntryPoint","urlTemplate":"https:\/\/portal.schaffenburg.nl\/de\/?s={search_term_string}"},"query-input":{"@type":"PropertyValueSpecification","valueRequired":true,"valueName":"search_term_string"}}],"inLanguage":"de"}]}},"_links":{"self":[{"href":"https:\/\/portal.schaffenburg.nl\/de\/wp-json\/wp\/v2\/product\/32796","targetHints":{"allow":["GET"]}}],"collection":[{"href":"https:\/\/portal.schaffenburg.nl\/de\/wp-json\/wp\/v2\/product"}],"about":[{"href":"https:\/\/portal.schaffenburg.nl\/de\/wp-json\/wp\/v2\/types\/product"}],"replies":[{"embeddable":true,"href":"https:\/\/portal.schaffenburg.nl\/de\/wp-json\/wp\/v2\/comments?post=32796"}],"wp:featuredmedia":[{"embeddable":true,"href":"https:\/\/portal.schaffenburg.nl\/de\/wp-json\/wp\/v2\/media\/17710"}],"wp:attachment":[{"href":"https:\/\/portal.schaffenburg.nl\/de\/wp-json\/wp\/v2\/media?parent=32796"}],"wp:term":[{"taxonomy":"product_brand","embeddable":true,"href":"https:\/\/portal.schaffenburg.nl\/de\/wp-json\/wp\/v2\/product_brand?post=32796"},{"taxonomy":"product_cat","embeddable":true,"href":"https:\/\/portal.schaffenburg.nl\/de\/wp-json\/wp\/v2\/product_cat?post=32796"},{"taxonomy":"product_tag","embeddable":true,"href":"https:\/\/portal.schaffenburg.nl\/de\/wp-json\/wp\/v2\/product_tag?post=32796"}],"curies":[{"name":"wp","href":"https:\/\/api.w.org\/{rel}","templated":true}]}}