{"id":33018,"date":"2018-10-02T13:58:34","date_gmt":"2018-10-02T13:58:34","guid":{"rendered":"https:\/\/staging-schaffenburg.nl\/product\/viewgo-twin-monitorarm\/"},"modified":"2018-10-02T13:58:34","modified_gmt":"2018-10-02T13:58:34","slug":"viewgo-twin-monitorarm","status":"publish","type":"product","link":"https:\/\/portal.schaffenburg.nl\/de\/produkt\/viewgo-twin-monitorarm\/","title":{"rendered":"Viewgo Twin Monitorarm"},"content":{"rendered":"<ul>\n<li class=\"p1\">Bereich der statischen H\u00f6henverstellung von 210 mm<\/li>\n<li class=\"p1\">Unabh\u00e4ngige Tiefeneinstellung<\/li>\n<li class=\"p1\">Ausgestattet mit Kabelklemmen f\u00fcr eine saubere Kabelf\u00fchrung<\/li>\n<li class=\"p1\">VESA: MIS-D 75 x 75\/100 x 100 mm kompatibel<\/li>\n<li class=\"p1\">360\u00b0 drehbar, +90\u00b0\/-50\u00b0 neigbar, 360\u00b0 schwenkbar<\/li>\n<li class=\"p1\">Maximale Tragf\u00e4higkeit: 4 kg pro Monitor<\/li>\n<li class=\"p1\">Maximale Monitorgr\u00f6\u00dfe: Breite 620 mm - H\u00f6he 900 mm<\/li>\n<li class=\"p1\">Einfache H\u00f6heneinstellung mit einem Drehknopf<\/li>\n<li class=\"p1\">Stabile, kratzfreie Befestigung auf jeder Oberfl\u00e4che dank der Anti-Rutsch-Schaumstoffbeschichtung<\/li>\n<li class=\"p1\">Einfache Installation mit dem mitgelieferten Werkzeug<\/li>\n<li class=\"p1\">Unterst\u00fctzt Monitore im Hoch- und Querformat<\/li>\n<li class=\"p1\">Horizontale Nivellierung m\u00f6glich dank eines einzigartigen Mechanismus<\/li>\n<\/ul>\nAuch verf\u00fcgbar als <a href=\"http:\/\/schaffenburg.nl\/shop\/snellever\/tft-arm-viewgo\/\">Viewgo<\/a>\n","protected":false},"excerpt":{"rendered":"<p>Bereich der statischen H\u00f6henverstellung von 210 mm Unabh\u00e4ngige Tiefeneinstellung Ausgestattet mit Kabelklemmen f\u00fcr eine saubere Kabelf\u00fchrung VESA: MIS-D 75 x 75\/100 x 100 mm kompatibel 360\u00b0 drehbar, +90\u00b0\/-50\u00b0 neigbar, 360\u00b0 schwenkbar Maximale Tragf\u00e4higkeit: 4 kg pro Monitor Maximale Monitorgr\u00f6\u00dfe: Breite 620 mm - H\u00f6he 900 mm Einfache H\u00f6heneinstellung mit einem Drehknopf Stabile, kratzfreie Befestigung auf [&hellip;]<\/p>\n","protected":false},"featured_media":17892,"comment_status":"closed","ping_status":"closed","template":"","meta":{"_acf_changed":false},"product_brand":[],"product_cat":[4490,5467,2137],"product_tag":[],"class_list":{"0":"post-33018","1":"product","2":"type-product","3":"status-publish","4":"has-post-thumbnail","6":"product_cat-projekte-zubehor","7":"product_cat-monitor-arme-de","8":"product_cat-projekte","9":"pa_kleuren-accessoires-schwarz","10":"pa_kleuren-accessoires-weiss","12":"first","13":"instock","14":"purchasable","15":"product-type-variable"},"acf":{"downloads":null},"yoast_head":"<!-- This site is optimized with the Yoast SEO plugin v26.7 - https:\/\/yoast.com\/wordpress\/plugins\/seo\/ -->\n<title>Viewgo Twin Monitorarm - Schaffenburg<\/title>\n<meta name=\"robots\" content=\"index, follow, max-snippet:-1, max-image-preview:large, max-video-preview:-1\" \/>\n<link rel=\"canonical\" href=\"https:\/\/portal.schaffenburg.nl\/de\/produkt\/viewgo-twin-monitorarm\/\" \/>\n<meta property=\"og:locale\" content=\"de_DE\" \/>\n<meta property=\"og:type\" content=\"article\" \/>\n<meta property=\"og:title\" content=\"Viewgo Twin Monitorarm - Schaffenburg\" \/>\n<meta property=\"og:description\" content=\"Bereich der statischen H\u00f6henverstellung von 210 mm Unabh\u00e4ngige Tiefeneinstellung Ausgestattet mit Kabelklemmen f\u00fcr eine saubere Kabelf\u00fchrung VESA: MIS-D 75 x 75\/100 x 100 mm kompatibel 360\u00b0 drehbar, +90\u00b0\/-50\u00b0 neigbar, 360\u00b0 schwenkbar Maximale Tragf\u00e4higkeit: 4 kg pro Monitor Maximale Monitorgr\u00f6\u00dfe: Breite 620 mm - H\u00f6he 900 mm Einfache H\u00f6heneinstellung mit einem Drehknopf Stabile, kratzfreie Befestigung auf [&hellip;]\" \/>\n<meta property=\"og:url\" content=\"https:\/\/portal.schaffenburg.nl\/de\/produkt\/viewgo-twin-monitorarm\/\" \/>\n<meta property=\"og:site_name\" content=\"Schaffenburg\" \/>\n<meta property=\"og:image\" content=\"https:\/\/portal.schaffenburg.nl\/wp-content\/uploads\/2024\/09\/accessoire_monitorarm_viewgo-twin_zwart.jpg?wsr\" \/>\n\t<meta property=\"og:image:width\" content=\"933\" \/>\n\t<meta property=\"og:image:height\" content=\"933\" \/>\n\t<meta property=\"og:image:type\" content=\"image\/jpeg\" \/>\n<meta name=\"twitter:card\" content=\"summary_large_image\" \/>\n<script type=\"application\/ld+json\" class=\"yoast-schema-graph\">{\"@context\":\"https:\/\/schema.org\",\"@graph\":[{\"@type\":\"WebPage\",\"@id\":\"https:\/\/portal.schaffenburg.nl\/de\/produkt\/viewgo-twin-monitorarm\/\",\"url\":\"https:\/\/portal.schaffenburg.nl\/de\/produkt\/viewgo-twin-monitorarm\/\",\"name\":\"Viewgo Twin Monitorarm - Schaffenburg\",\"isPartOf\":{\"@id\":\"https:\/\/portal.schaffenburg.nl\/de\/#website\"},\"primaryImageOfPage\":{\"@id\":\"https:\/\/portal.schaffenburg.nl\/de\/produkt\/viewgo-twin-monitorarm\/#primaryimage\"},\"image\":{\"@id\":\"https:\/\/portal.schaffenburg.nl\/de\/produkt\/viewgo-twin-monitorarm\/#primaryimage\"},\"thumbnailUrl\":\"https:\/\/portal.schaffenburg.nl\/wp-content\/uploads\/2024\/09\/accessoire_monitorarm_viewgo-twin_zwart.jpg?wsr\",\"datePublished\":\"2018-10-02T13:58:34+00:00\",\"breadcrumb\":{\"@id\":\"https:\/\/portal.schaffenburg.nl\/de\/produkt\/viewgo-twin-monitorarm\/#breadcrumb\"},\"inLanguage\":\"de\",\"potentialAction\":[{\"@type\":\"ReadAction\",\"target\":[\"https:\/\/portal.schaffenburg.nl\/de\/produkt\/viewgo-twin-monitorarm\/\"]}]},{\"@type\":\"ImageObject\",\"inLanguage\":\"de\",\"@id\":\"https:\/\/portal.schaffenburg.nl\/de\/produkt\/viewgo-twin-monitorarm\/#primaryimage\",\"url\":\"https:\/\/portal.schaffenburg.nl\/wp-content\/uploads\/2024\/09\/accessoire_monitorarm_viewgo-twin_zwart.jpg?wsr\",\"contentUrl\":\"https:\/\/portal.schaffenburg.nl\/wp-content\/uploads\/2024\/09\/accessoire_monitorarm_viewgo-twin_zwart.jpg?wsr\",\"width\":933,\"height\":933},{\"@type\":\"BreadcrumbList\",\"@id\":\"https:\/\/portal.schaffenburg.nl\/de\/produkt\/viewgo-twin-monitorarm\/#breadcrumb\",\"itemListElement\":[{\"@type\":\"ListItem\",\"position\":1,\"name\":\"Home\",\"item\":\"https:\/\/portal.schaffenburg.nl\/de\/\"},{\"@type\":\"ListItem\",\"position\":2,\"name\":\"Viewgo Twin Monitorarm\"}]},{\"@type\":\"WebSite\",\"@id\":\"https:\/\/portal.schaffenburg.nl\/de\/#website\",\"url\":\"https:\/\/portal.schaffenburg.nl\/de\/\",\"name\":\"Schaffenburg\",\"description\":\"\",\"potentialAction\":[{\"@type\":\"SearchAction\",\"target\":{\"@type\":\"EntryPoint\",\"urlTemplate\":\"https:\/\/portal.schaffenburg.nl\/de\/?s={search_term_string}\"},\"query-input\":{\"@type\":\"PropertyValueSpecification\",\"valueRequired\":true,\"valueName\":\"search_term_string\"}}],\"inLanguage\":\"de\"}]}<\/script>\n<!-- \/ Yoast SEO plugin. -->","yoast_head_json":{"title":"Viewgo Twin Monitorarm - Schaffenburg","robots":{"index":"index","follow":"follow","max-snippet":"max-snippet:-1","max-image-preview":"max-image-preview:large","max-video-preview":"max-video-preview:-1"},"canonical":"https:\/\/portal.schaffenburg.nl\/de\/produkt\/viewgo-twin-monitorarm\/","og_locale":"de_DE","og_type":"article","og_title":"Viewgo Twin Monitorarm - Schaffenburg","og_description":"Bereich der statischen H\u00f6henverstellung von 210 mm Unabh\u00e4ngige Tiefeneinstellung Ausgestattet mit Kabelklemmen f\u00fcr eine saubere Kabelf\u00fchrung VESA: MIS-D 75 x 75\/100 x 100 mm kompatibel 360\u00b0 drehbar, +90\u00b0\/-50\u00b0 neigbar, 360\u00b0 schwenkbar Maximale Tragf\u00e4higkeit: 4 kg pro Monitor Maximale Monitorgr\u00f6\u00dfe: Breite 620 mm - H\u00f6he 900 mm Einfache H\u00f6heneinstellung mit einem Drehknopf Stabile, kratzfreie Befestigung auf [&hellip;]","og_url":"https:\/\/portal.schaffenburg.nl\/de\/produkt\/viewgo-twin-monitorarm\/","og_site_name":"Schaffenburg","og_image":[{"width":933,"height":933,"url":"https:\/\/portal.schaffenburg.nl\/wp-content\/uploads\/2024\/09\/accessoire_monitorarm_viewgo-twin_zwart.jpg?wsr","type":"image\/jpeg"}],"twitter_card":"summary_large_image","schema":{"@context":"https:\/\/schema.org","@graph":[{"@type":"WebPage","@id":"https:\/\/portal.schaffenburg.nl\/de\/produkt\/viewgo-twin-monitorarm\/","url":"https:\/\/portal.schaffenburg.nl\/de\/produkt\/viewgo-twin-monitorarm\/","name":"Viewgo Twin Monitorarm - Schaffenburg","isPartOf":{"@id":"https:\/\/portal.schaffenburg.nl\/de\/#website"},"primaryImageOfPage":{"@id":"https:\/\/portal.schaffenburg.nl\/de\/produkt\/viewgo-twin-monitorarm\/#primaryimage"},"image":{"@id":"https:\/\/portal.schaffenburg.nl\/de\/produkt\/viewgo-twin-monitorarm\/#primaryimage"},"thumbnailUrl":"https:\/\/portal.schaffenburg.nl\/wp-content\/uploads\/2024\/09\/accessoire_monitorarm_viewgo-twin_zwart.jpg?wsr","datePublished":"2018-10-02T13:58:34+00:00","breadcrumb":{"@id":"https:\/\/portal.schaffenburg.nl\/de\/produkt\/viewgo-twin-monitorarm\/#breadcrumb"},"inLanguage":"de","potentialAction":[{"@type":"ReadAction","target":["https:\/\/portal.schaffenburg.nl\/de\/produkt\/viewgo-twin-monitorarm\/"]}]},{"@type":"ImageObject","inLanguage":"de","@id":"https:\/\/portal.schaffenburg.nl\/de\/produkt\/viewgo-twin-monitorarm\/#primaryimage","url":"https:\/\/portal.schaffenburg.nl\/wp-content\/uploads\/2024\/09\/accessoire_monitorarm_viewgo-twin_zwart.jpg?wsr","contentUrl":"https:\/\/portal.schaffenburg.nl\/wp-content\/uploads\/2024\/09\/accessoire_monitorarm_viewgo-twin_zwart.jpg?wsr","width":933,"height":933},{"@type":"BreadcrumbList","@id":"https:\/\/portal.schaffenburg.nl\/de\/produkt\/viewgo-twin-monitorarm\/#breadcrumb","itemListElement":[{"@type":"ListItem","position":1,"name":"Home","item":"https:\/\/portal.schaffenburg.nl\/de\/"},{"@type":"ListItem","position":2,"name":"Viewgo Twin Monitorarm"}]},{"@type":"WebSite","@id":"https:\/\/portal.schaffenburg.nl\/de\/#website","url":"https:\/\/portal.schaffenburg.nl\/de\/","name":"Schaffenburg","description":"","potentialAction":[{"@type":"SearchAction","target":{"@type":"EntryPoint","urlTemplate":"https:\/\/portal.schaffenburg.nl\/de\/?s={search_term_string}"},"query-input":{"@type":"PropertyValueSpecification","valueRequired":true,"valueName":"search_term_string"}}],"inLanguage":"de"}]}},"_links":{"self":[{"href":"https:\/\/portal.schaffenburg.nl\/de\/wp-json\/wp\/v2\/product\/33018","targetHints":{"allow":["GET"]}}],"collection":[{"href":"https:\/\/portal.schaffenburg.nl\/de\/wp-json\/wp\/v2\/product"}],"about":[{"href":"https:\/\/portal.schaffenburg.nl\/de\/wp-json\/wp\/v2\/types\/product"}],"replies":[{"embeddable":true,"href":"https:\/\/portal.schaffenburg.nl\/de\/wp-json\/wp\/v2\/comments?post=33018"}],"wp:featuredmedia":[{"embeddable":true,"href":"https:\/\/portal.schaffenburg.nl\/de\/wp-json\/wp\/v2\/media\/17892"}],"wp:attachment":[{"href":"https:\/\/portal.schaffenburg.nl\/de\/wp-json\/wp\/v2\/media?parent=33018"}],"wp:term":[{"taxonomy":"product_brand","embeddable":true,"href":"https:\/\/portal.schaffenburg.nl\/de\/wp-json\/wp\/v2\/product_brand?post=33018"},{"taxonomy":"product_cat","embeddable":true,"href":"https:\/\/portal.schaffenburg.nl\/de\/wp-json\/wp\/v2\/product_cat?post=33018"},{"taxonomy":"product_tag","embeddable":true,"href":"https:\/\/portal.schaffenburg.nl\/de\/wp-json\/wp\/v2\/product_tag?post=33018"}],"curies":[{"name":"wp","href":"https:\/\/api.w.org\/{rel}","templated":true}]}}