{"id":33034,"date":"2018-10-02T13:58:34","date_gmt":"2018-10-02T13:58:34","guid":{"rendered":"https:\/\/staging-schaffenburg.nl\/product\/viewlite-plus-doppel-tft-arm\/"},"modified":"2018-10-02T13:58:34","modified_gmt":"2018-10-02T13:58:34","slug":"viewlite-plus-doppel-tft-arm","status":"publish","type":"product","link":"https:\/\/portal.schaffenburg.nl\/de\/produkt\/viewlite-plus-doppel-tft-arm\/","title":{"rendered":"Viewlite Plus Doppel-TFT-Arm"},"content":{"rendered":"<ul>\n<li class=\"p1\"><span class=\"s1\">Dynamische, unidirektionale Lagerh\u00f6henverstellung (\u00fcber 240 mm)<br \/>\n<\/span><\/li>\n<li class=\"p1\">Stufenlose Tiefeneinstellung<\/li>\n<li class=\"p1\">Geeignet f\u00fcr Tischplattenst\u00e4rken bis zu 40 (Klemme) oder 50 mm (Blattt\u00fclle)<\/li>\n<li class=\"p1\">Drehbar um 360\u00b0, neigbar +90\u00b0\/-55\u00b0, schwenkbar +65\u00b0\/-65\u00b0<\/li>\n<li class=\"p1\">Einfache Montage und Einstellung<\/li>\n<li class=\"p1\">Kompatibel mit VESA-Mustern 75\u00d775\/100\u00d7100 mm MIS-D<\/li>\n<li class=\"p1\">Ausgestattet mit Quick Release VESA-System<\/li>\n<li class=\"p1\">Max. Belastbarkeit von 7 kg\/Monitor (bis zu 24&#8243;\/24 &#8222;W)<\/li>\n<li class=\"p1\">Haupts\u00e4chlich aus Aluminium gefertigt<\/li>\n<li class=\"p1\">Integriertes Kabelmanagement<\/li>\n<li class=\"p1\">Blockierung der Monitorrotation m\u00f6glich<\/li>\n<li class=\"p1\">Drehsperre kann auf +65\u00b0 eingestellt werden<\/li>\n<\/ul>\nAuch erh\u00e4ltlich als <a href=\"https:\/\/www.schaffenburg.nl\/collecties\/onstock\/accessoires\/vieuwlite-plus\/\" target=\"_blank\" rel=\"noopener noreferrer\">Vieuwlite Plus<\/a>\n","protected":false},"excerpt":{"rendered":"<p>Dynamische, unidirektionale Lagerh\u00f6henverstellung (\u00fcber 240 mm) Stufenlose Tiefeneinstellung Geeignet f\u00fcr Tischplattenst\u00e4rken bis zu 40 (Klemme) oder 50 mm (Blattt\u00fclle) Drehbar um 360\u00b0, neigbar +90\u00b0\/-55\u00b0, schwenkbar +65\u00b0\/-65\u00b0 Einfache Montage und Einstellung Kompatibel mit VESA-Mustern 75\u00d775\/100\u00d7100 mm MIS-D Ausgestattet mit Quick Release VESA-System Max. Belastbarkeit von 7 kg\/Monitor (bis zu 24&#8243;\/24 &#8222;W) Haupts\u00e4chlich aus Aluminium gefertigt Integriertes [&hellip;]<\/p>\n","protected":false},"featured_media":17900,"comment_status":"closed","ping_status":"closed","template":"","meta":{"_acf_changed":false},"product_brand":[],"product_cat":[4490,5467,2137],"product_tag":[],"class_list":{"0":"post-33034","1":"product","2":"type-product","3":"status-publish","4":"has-post-thumbnail","6":"product_cat-projekte-zubehor","7":"product_cat-monitor-arme-de","8":"product_cat-projekte","9":"pa_kleuren-accessoires-schwarz","10":"pa_kleuren-accessoires-weis-aluminium","11":"pa_montage-montiert-auf-blatt","12":"pa_montage-montiert-in-blatt","14":"first","15":"instock","16":"product-type-variable"},"acf":{"downloads":null},"yoast_head":"<!-- This site is optimized with the Yoast SEO plugin v26.7 - https:\/\/yoast.com\/wordpress\/plugins\/seo\/ -->\n<title>Viewlite Plus Doppel-TFT-Arm - Schaffenburg<\/title>\n<meta name=\"robots\" content=\"index, follow, max-snippet:-1, max-image-preview:large, max-video-preview:-1\" \/>\n<link rel=\"canonical\" href=\"https:\/\/portal.schaffenburg.nl\/de\/produkt\/viewlite-plus-doppel-tft-arm\/\" \/>\n<meta property=\"og:locale\" content=\"de_DE\" \/>\n<meta property=\"og:type\" content=\"article\" \/>\n<meta property=\"og:title\" content=\"Viewlite Plus Doppel-TFT-Arm - Schaffenburg\" \/>\n<meta property=\"og:description\" content=\"Dynamische, unidirektionale Lagerh\u00f6henverstellung (\u00fcber 240 mm) Stufenlose Tiefeneinstellung Geeignet f\u00fcr Tischplattenst\u00e4rken bis zu 40 (Klemme) oder 50 mm (Blattt\u00fclle) Drehbar um 360\u00b0, neigbar +90\u00b0\/-55\u00b0, schwenkbar +65\u00b0\/-65\u00b0 Einfache Montage und Einstellung Kompatibel mit VESA-Mustern 75\u00d775\/100\u00d7100 mm MIS-D Ausgestattet mit Quick Release VESA-System Max. Belastbarkeit von 7 kg\/Monitor (bis zu 24&#8243;\/24 &#8222;W) Haupts\u00e4chlich aus Aluminium gefertigt Integriertes [&hellip;]\" \/>\n<meta property=\"og:url\" content=\"https:\/\/portal.schaffenburg.nl\/de\/produkt\/viewlite-plus-doppel-tft-arm\/\" \/>\n<meta property=\"og:site_name\" content=\"Schaffenburg\" \/>\n<meta property=\"og:image\" content=\"https:\/\/portal.schaffenburg.nl\/wp-content\/uploads\/2024\/09\/accessoire_monitorarm_vieuwlite-plus-twin_wit-aluminium-3.jpg?wsr\" \/>\n\t<meta property=\"og:image:width\" content=\"1138\" \/>\n\t<meta property=\"og:image:height\" content=\"1139\" \/>\n\t<meta property=\"og:image:type\" content=\"image\/jpeg\" \/>\n<meta name=\"twitter:card\" content=\"summary_large_image\" \/>\n<script type=\"application\/ld+json\" class=\"yoast-schema-graph\">{\"@context\":\"https:\/\/schema.org\",\"@graph\":[{\"@type\":\"WebPage\",\"@id\":\"https:\/\/portal.schaffenburg.nl\/de\/produkt\/viewlite-plus-doppel-tft-arm\/\",\"url\":\"https:\/\/portal.schaffenburg.nl\/de\/produkt\/viewlite-plus-doppel-tft-arm\/\",\"name\":\"Viewlite Plus Doppel-TFT-Arm - Schaffenburg\",\"isPartOf\":{\"@id\":\"https:\/\/portal.schaffenburg.nl\/de\/#website\"},\"primaryImageOfPage\":{\"@id\":\"https:\/\/portal.schaffenburg.nl\/de\/produkt\/viewlite-plus-doppel-tft-arm\/#primaryimage\"},\"image\":{\"@id\":\"https:\/\/portal.schaffenburg.nl\/de\/produkt\/viewlite-plus-doppel-tft-arm\/#primaryimage\"},\"thumbnailUrl\":\"https:\/\/portal.schaffenburg.nl\/wp-content\/uploads\/2024\/09\/accessoire_monitorarm_vieuwlite-plus-twin_wit-aluminium-3.jpg?wsr\",\"datePublished\":\"2018-10-02T13:58:34+00:00\",\"breadcrumb\":{\"@id\":\"https:\/\/portal.schaffenburg.nl\/de\/produkt\/viewlite-plus-doppel-tft-arm\/#breadcrumb\"},\"inLanguage\":\"de\",\"potentialAction\":[{\"@type\":\"ReadAction\",\"target\":[\"https:\/\/portal.schaffenburg.nl\/de\/produkt\/viewlite-plus-doppel-tft-arm\/\"]}]},{\"@type\":\"ImageObject\",\"inLanguage\":\"de\",\"@id\":\"https:\/\/portal.schaffenburg.nl\/de\/produkt\/viewlite-plus-doppel-tft-arm\/#primaryimage\",\"url\":\"https:\/\/portal.schaffenburg.nl\/wp-content\/uploads\/2024\/09\/accessoire_monitorarm_vieuwlite-plus-twin_wit-aluminium-3.jpg?wsr\",\"contentUrl\":\"https:\/\/portal.schaffenburg.nl\/wp-content\/uploads\/2024\/09\/accessoire_monitorarm_vieuwlite-plus-twin_wit-aluminium-3.jpg?wsr\",\"width\":1138,\"height\":1139},{\"@type\":\"BreadcrumbList\",\"@id\":\"https:\/\/portal.schaffenburg.nl\/de\/produkt\/viewlite-plus-doppel-tft-arm\/#breadcrumb\",\"itemListElement\":[{\"@type\":\"ListItem\",\"position\":1,\"name\":\"Home\",\"item\":\"https:\/\/portal.schaffenburg.nl\/de\/\"},{\"@type\":\"ListItem\",\"position\":2,\"name\":\"Viewlite Plus Doppel-TFT-Arm\"}]},{\"@type\":\"WebSite\",\"@id\":\"https:\/\/portal.schaffenburg.nl\/de\/#website\",\"url\":\"https:\/\/portal.schaffenburg.nl\/de\/\",\"name\":\"Schaffenburg\",\"description\":\"\",\"potentialAction\":[{\"@type\":\"SearchAction\",\"target\":{\"@type\":\"EntryPoint\",\"urlTemplate\":\"https:\/\/portal.schaffenburg.nl\/de\/?s={search_term_string}\"},\"query-input\":{\"@type\":\"PropertyValueSpecification\",\"valueRequired\":true,\"valueName\":\"search_term_string\"}}],\"inLanguage\":\"de\"}]}<\/script>\n<!-- \/ Yoast SEO plugin. -->","yoast_head_json":{"title":"Viewlite Plus Doppel-TFT-Arm - Schaffenburg","robots":{"index":"index","follow":"follow","max-snippet":"max-snippet:-1","max-image-preview":"max-image-preview:large","max-video-preview":"max-video-preview:-1"},"canonical":"https:\/\/portal.schaffenburg.nl\/de\/produkt\/viewlite-plus-doppel-tft-arm\/","og_locale":"de_DE","og_type":"article","og_title":"Viewlite Plus Doppel-TFT-Arm - Schaffenburg","og_description":"Dynamische, unidirektionale Lagerh\u00f6henverstellung (\u00fcber 240 mm) Stufenlose Tiefeneinstellung Geeignet f\u00fcr Tischplattenst\u00e4rken bis zu 40 (Klemme) oder 50 mm (Blattt\u00fclle) Drehbar um 360\u00b0, neigbar +90\u00b0\/-55\u00b0, schwenkbar +65\u00b0\/-65\u00b0 Einfache Montage und Einstellung Kompatibel mit VESA-Mustern 75\u00d775\/100\u00d7100 mm MIS-D Ausgestattet mit Quick Release VESA-System Max. Belastbarkeit von 7 kg\/Monitor (bis zu 24&#8243;\/24 &#8222;W) Haupts\u00e4chlich aus Aluminium gefertigt Integriertes [&hellip;]","og_url":"https:\/\/portal.schaffenburg.nl\/de\/produkt\/viewlite-plus-doppel-tft-arm\/","og_site_name":"Schaffenburg","og_image":[{"width":1138,"height":1139,"url":"https:\/\/portal.schaffenburg.nl\/wp-content\/uploads\/2024\/09\/accessoire_monitorarm_vieuwlite-plus-twin_wit-aluminium-3.jpg?wsr","type":"image\/jpeg"}],"twitter_card":"summary_large_image","schema":{"@context":"https:\/\/schema.org","@graph":[{"@type":"WebPage","@id":"https:\/\/portal.schaffenburg.nl\/de\/produkt\/viewlite-plus-doppel-tft-arm\/","url":"https:\/\/portal.schaffenburg.nl\/de\/produkt\/viewlite-plus-doppel-tft-arm\/","name":"Viewlite Plus Doppel-TFT-Arm - Schaffenburg","isPartOf":{"@id":"https:\/\/portal.schaffenburg.nl\/de\/#website"},"primaryImageOfPage":{"@id":"https:\/\/portal.schaffenburg.nl\/de\/produkt\/viewlite-plus-doppel-tft-arm\/#primaryimage"},"image":{"@id":"https:\/\/portal.schaffenburg.nl\/de\/produkt\/viewlite-plus-doppel-tft-arm\/#primaryimage"},"thumbnailUrl":"https:\/\/portal.schaffenburg.nl\/wp-content\/uploads\/2024\/09\/accessoire_monitorarm_vieuwlite-plus-twin_wit-aluminium-3.jpg?wsr","datePublished":"2018-10-02T13:58:34+00:00","breadcrumb":{"@id":"https:\/\/portal.schaffenburg.nl\/de\/produkt\/viewlite-plus-doppel-tft-arm\/#breadcrumb"},"inLanguage":"de","potentialAction":[{"@type":"ReadAction","target":["https:\/\/portal.schaffenburg.nl\/de\/produkt\/viewlite-plus-doppel-tft-arm\/"]}]},{"@type":"ImageObject","inLanguage":"de","@id":"https:\/\/portal.schaffenburg.nl\/de\/produkt\/viewlite-plus-doppel-tft-arm\/#primaryimage","url":"https:\/\/portal.schaffenburg.nl\/wp-content\/uploads\/2024\/09\/accessoire_monitorarm_vieuwlite-plus-twin_wit-aluminium-3.jpg?wsr","contentUrl":"https:\/\/portal.schaffenburg.nl\/wp-content\/uploads\/2024\/09\/accessoire_monitorarm_vieuwlite-plus-twin_wit-aluminium-3.jpg?wsr","width":1138,"height":1139},{"@type":"BreadcrumbList","@id":"https:\/\/portal.schaffenburg.nl\/de\/produkt\/viewlite-plus-doppel-tft-arm\/#breadcrumb","itemListElement":[{"@type":"ListItem","position":1,"name":"Home","item":"https:\/\/portal.schaffenburg.nl\/de\/"},{"@type":"ListItem","position":2,"name":"Viewlite Plus Doppel-TFT-Arm"}]},{"@type":"WebSite","@id":"https:\/\/portal.schaffenburg.nl\/de\/#website","url":"https:\/\/portal.schaffenburg.nl\/de\/","name":"Schaffenburg","description":"","potentialAction":[{"@type":"SearchAction","target":{"@type":"EntryPoint","urlTemplate":"https:\/\/portal.schaffenburg.nl\/de\/?s={search_term_string}"},"query-input":{"@type":"PropertyValueSpecification","valueRequired":true,"valueName":"search_term_string"}}],"inLanguage":"de"}]}},"_links":{"self":[{"href":"https:\/\/portal.schaffenburg.nl\/de\/wp-json\/wp\/v2\/product\/33034","targetHints":{"allow":["GET"]}}],"collection":[{"href":"https:\/\/portal.schaffenburg.nl\/de\/wp-json\/wp\/v2\/product"}],"about":[{"href":"https:\/\/portal.schaffenburg.nl\/de\/wp-json\/wp\/v2\/types\/product"}],"replies":[{"embeddable":true,"href":"https:\/\/portal.schaffenburg.nl\/de\/wp-json\/wp\/v2\/comments?post=33034"}],"wp:featuredmedia":[{"embeddable":true,"href":"https:\/\/portal.schaffenburg.nl\/de\/wp-json\/wp\/v2\/media\/17900"}],"wp:attachment":[{"href":"https:\/\/portal.schaffenburg.nl\/de\/wp-json\/wp\/v2\/media?parent=33034"}],"wp:term":[{"taxonomy":"product_brand","embeddable":true,"href":"https:\/\/portal.schaffenburg.nl\/de\/wp-json\/wp\/v2\/product_brand?post=33034"},{"taxonomy":"product_cat","embeddable":true,"href":"https:\/\/portal.schaffenburg.nl\/de\/wp-json\/wp\/v2\/product_cat?post=33034"},{"taxonomy":"product_tag","embeddable":true,"href":"https:\/\/portal.schaffenburg.nl\/de\/wp-json\/wp\/v2\/product_tag?post=33034"}],"curies":[{"name":"wp","href":"https:\/\/api.w.org\/{rel}","templated":true}]}}