{"id":33060,"date":"2018-10-02T13:58:34","date_gmt":"2018-10-02T11:58:34","guid":{"rendered":"https:\/\/staging-schaffenburg.nl\/product\/ausziehbarer-rollladenschrank\/"},"modified":"2018-10-02T13:58:34","modified_gmt":"2018-10-02T13:58:34","slug":"ausziehbarer-rollladenschrank","status":"publish","type":"product","link":"https:\/\/portal.schaffenburg.nl\/de\/produkt\/ausziehbarer-rollladenschrank\/","title":{"rendered":"Ausziehbarer Rollladenschrank"},"content":{"rendered":"Entdecken Sie das ultimative Aufbewahrungssystem f\u00fcr Ihr B\u00fcro mit unserem revolution\u00e4ren Rollt\u00fcrschrank mit Auszug, einem unverzichtbaren Zubeh\u00f6r f\u00fcr den eleganten <a href=\"https:\/\/www.schaffenburg.nl\/shop\/snellever\/opbergen-snellever\/roldeurkasten-snellever\/claudius-plus-roldeurkast\/\" target=\"_blank\" rel=\"noopener noreferrer\">Claudius Plus Rollt\u00fcrschrank<\/a>. Dieser hochmoderne Schrank bietet die perfekte L\u00f6sung, um Ihre H\u00e4ngeregistraturen geordnet und \u00fcbersichtlich aufzubewahren, so dass Sie m\u00fchelos effizient arbeiten k\u00f6nnen. \nMit dem innovativen Auszug werden Sie eine neue Dimension der Aufbewahrung entdecken. Dank dieses cleveren Designs k\u00f6nnen Sie Ihre H\u00e4ngeregister m\u00fchelos organisieren und erreichen sie m\u00fchelos und ohne viel Aufhebens. Keine ungeschickten Bewegungen und keine verlorene Zeit mehr! Mit dem Rollt\u00fcrschrank mit Auszug haben Sie alles in Reichweite, so dass Sie sich auf das konzentrieren k\u00f6nnen, was wirklich wichtig ist: Ihre Arbeit.   \nDer ausziehbare Trolley-Schrank ist in zwei praktischen Breiten erh\u00e4ltlich, 80 cm und 120 cm. Die <a href=\"https:\/\/www.schaffenburg.nl\/shop\/snellever\/opbergen-snellever\/roldeurkasten-snellever\/claudius-dieptegeleider\/\" target=\"_blank\" rel=\"noopener noreferrer\">Claudius Tiefenf\u00fchrung<\/a> ist f\u00fcr beide Breiten geeignet. So k\u00f6nnen Sie die perfekte Gr\u00f6\u00dfe f\u00fcr Ihre Bed\u00fcrfnisse w\u00e4hlen. Ganz gleich, ob Sie ein kompaktes B\u00fcro oder einen ger\u00e4umigeren Arbeitsbereich haben, wir haben die ideale L\u00f6sung f\u00fcr Sie.   \nUnser ausziehbarer Rollt\u00fcrschrank ist aus hochwertigem Metall gefertigt und garantiert Langlebigkeit und Qualit\u00e4t. Das robuste Material sorgt f\u00fcr eine lange Lebensdauer, so dass sich Ihre Investition auf lange Sicht auszahlt. \nWorauf warten Sie noch? R\u00fcsten Sie noch heute Ihr Ablagesystem mit dem Rollt\u00fcrschrank mit Auszug auf und genie\u00dfen Sie die Vorteile organisierten Arbeitens. Steigern Sie Ihre Produktivit\u00e4t, reduzieren Sie Stress und sparen Sie wertvolle Zeit. Profitieren Sie von unserem Angebot an hochwertigen Aufbewahrungssystemen und vervollst\u00e4ndigen Sie Ihr B\u00fcro.   \nInvestieren Sie in Qualit\u00e4t, investieren Sie in Effizienz. Entscheiden Sie sich f\u00fcr den Pull-out Trolley Cabinet und entdecken Sie die ultimative Aufbewahrungsl\u00f6sung f\u00fcr Ihre H\u00e4ngemappen. \n<h6>Eigenschaften<\/h6>\n<ul>\n<li>Ausziehbarer Fachboden f\u00fcr Claudius Rollladenschrank<\/li>\n<li>Erh\u00e4ltlich in zwei Breiten: 80 cm und 120 cm<\/li>\n<li>Material: Metall<\/li>\n<li>Farbe: Schwarz<\/li>\n<\/ul>\n","protected":false},"excerpt":{"rendered":"<p>Verbessern Sie Ihr Ablagesystem mit unserem ausziehbaren Rollladenschrank. Diese praktische Erg\u00e4nzung f\u00fcr den Claudius Plus Rollladenschrank sorgt f\u00fcr eine geordnete Aufbewahrung Ihrer H\u00e4ngemappen. Er ist in 80 cm und 120 cm Breite erh\u00e4ltlich, besteht aus robustem Metall und ist in elegantem Schwarz gehalten. Erreichen Sie Ihre H\u00e4ngemappen m\u00fchelos und arbeiten Sie effizienter. R\u00fcsten Sie Ihr B\u00fcro noch heute mit dem Rollt\u00fcrschrank f\u00fcr organisiertes Arbeiten und ein professionelles Erscheinungsbild auf.    <\/p>\n","protected":false},"featured_media":17930,"comment_status":"closed","ping_status":"closed","template":"","meta":{"_acf_changed":false},"product_brand":[],"product_cat":[2140,2423],"product_tag":[2467,3325,5631,2468,3384,5632,2470,3576,5633,2472,3599,5634,2473,3626,5635,2143,2475,3731,5636,2145,2476,3828,5637,2150,2477,3999,2151,2574,4430,2156,2583,4465,2157,2621,4964,2158,2633,4969,2164,2643,4976,2428,2707,4979,2432,2976,5110,2466,3323,5299],"class_list":{"0":"post-33060","1":"product","2":"type-product","3":"status-publish","4":"has-post-thumbnail","6":"product_cat-schnelle-lieferung","7":"product_cat-lagerung","8":"product_tag-produktivitat","9":"product_tag-burobedarf","10":"product_tag-muhelose","11":"product_tag-effizienz","12":"product_tag-burogestaltung","13":"product_tag-speichersystem","14":"product_tag-aktualisieren","15":"product_tag-zuverlassig","16":"product_tag-loschen","17":"product_tag-handy","18":"product_tag-platzsparend","19":"product_tag-intelligentes-design","20":"product_tag-hangemappen","21":"product_tag-organisation","22":"product_tag-schneller-zugriff","23":"product_tag-nachhaltig","24":"product_tag-kompakt","25":"product_tag-gestrafft","26":"product_tag-zeit-sparen","27":"product_tag-schwarz","28":"product_tag-weiten","29":"product_tag-bequemlichkeit","30":"product_tag-zugriff-auf-de","31":"product_tag-funktional","32":"product_tag-investition","33":"product_tag-trendy-de","34":"product_tag-professionell","35":"product_tag-geschaft","36":"product_tag-schnell","37":"product_tag-hochwertige","38":"product_tag-vielseitig","39":"product_tag-buro-accessoire","40":"product_tag-modern-de","41":"product_tag-metall","42":"product_tag-claudius-plus-de","43":"product_tag-stilvoll","44":"product_tag-aufgelost","45":"product_tag-buro-lagerung","46":"product_tag-praktisch-de","47":"product_tag-flexibilitat","48":"product_tag-rollladenschrank","49":"product_tag-claudius-de","50":"product_tag-ergonomisch-de","51":"product_tag-auszug","52":"product_tag-weltraum","53":"product_tag-speicherloesung","54":"product_tag-bestellung-de","55":"product_tag-qualitat","56":"product_tag-benutzerfreundlich","57":"product_tag-organisiertes-arbeiten","58":"pa_lengte-120cm-de","59":"pa_lengte-80cm-de","61":"first","62":"instock","63":"purchasable","64":"product-type-variable"},"acf":{"downloads":null},"yoast_head":"<!-- This site is optimized with the Yoast SEO plugin v26.7 - https:\/\/yoast.com\/wordpress\/plugins\/seo\/ -->\n<title>Ausziehbarer Rollladenschrank - Schaffenburg<\/title>\n<meta name=\"robots\" content=\"index, follow, max-snippet:-1, max-image-preview:large, max-video-preview:-1\" \/>\n<link rel=\"canonical\" href=\"https:\/\/portal.schaffenburg.nl\/de\/produkt\/ausziehbarer-rollladenschrank\/\" \/>\n<meta property=\"og:locale\" content=\"de_DE\" \/>\n<meta property=\"og:type\" content=\"article\" \/>\n<meta property=\"og:title\" content=\"Ausziehbarer Rollladenschrank - Schaffenburg\" \/>\n<meta property=\"og:description\" content=\"Verbessern Sie Ihr Ablagesystem mit unserem ausziehbaren Rollladenschrank. Diese praktische Erg\u00e4nzung f\u00fcr den Claudius Plus Rollladenschrank sorgt f\u00fcr eine geordnete Aufbewahrung Ihrer H\u00e4ngemappen. Er ist in 80 cm und 120 cm Breite erh\u00e4ltlich, besteht aus robustem Metall und ist in elegantem Schwarz gehalten. Erreichen Sie Ihre H\u00e4ngemappen m\u00fchelos und arbeiten Sie effizienter. R\u00fcsten Sie Ihr B\u00fcro noch heute mit dem Rollt\u00fcrschrank f\u00fcr organisiertes Arbeiten und ein professionelles Erscheinungsbild auf.\" \/>\n<meta property=\"og:url\" content=\"https:\/\/portal.schaffenburg.nl\/de\/produkt\/ausziehbarer-rollladenschrank\/\" \/>\n<meta property=\"og:site_name\" content=\"Schaffenburg\" \/>\n<meta property=\"article:modified_time\" content=\"2018-10-02T13:58:34+00:00\" \/>\n<meta property=\"og:image\" content=\"https:\/\/portal.schaffenburg.nl\/wp-content\/uploads\/2024\/09\/UTR-RXXX-3.jpg?wsr\" \/>\n\t<meta property=\"og:image:width\" content=\"1854\" \/>\n\t<meta property=\"og:image:height\" content=\"2361\" \/>\n\t<meta property=\"og:image:type\" content=\"image\/jpeg\" \/>\n<meta name=\"twitter:card\" content=\"summary_large_image\" \/>\n<meta name=\"twitter:label1\" content=\"Gesch\u00e4tzte Lesezeit\" \/>\n\t<meta name=\"twitter:data1\" content=\"2\u00a0Minuten\" \/>\n<script type=\"application\/ld+json\" class=\"yoast-schema-graph\">{\"@context\":\"https:\/\/schema.org\",\"@graph\":[{\"@type\":\"WebPage\",\"@id\":\"https:\/\/portal.schaffenburg.nl\/de\/produkt\/ausziehbarer-rollladenschrank\/\",\"url\":\"https:\/\/portal.schaffenburg.nl\/de\/produkt\/ausziehbarer-rollladenschrank\/\",\"name\":\"Ausziehbarer Rollladenschrank - Schaffenburg\",\"isPartOf\":{\"@id\":\"https:\/\/portal.schaffenburg.nl\/de\/#website\"},\"primaryImageOfPage\":{\"@id\":\"https:\/\/portal.schaffenburg.nl\/de\/produkt\/ausziehbarer-rollladenschrank\/#primaryimage\"},\"image\":{\"@id\":\"https:\/\/portal.schaffenburg.nl\/de\/produkt\/ausziehbarer-rollladenschrank\/#primaryimage\"},\"thumbnailUrl\":\"https:\/\/portal.schaffenburg.nl\/wp-content\/uploads\/2024\/09\/UTR-RXXX-3.jpg?wsr\",\"datePublished\":\"2018-10-02T11:58:34+00:00\",\"dateModified\":\"2018-10-02T13:58:34+00:00\",\"breadcrumb\":{\"@id\":\"https:\/\/portal.schaffenburg.nl\/de\/produkt\/ausziehbarer-rollladenschrank\/#breadcrumb\"},\"inLanguage\":\"de\",\"potentialAction\":[{\"@type\":\"ReadAction\",\"target\":[\"https:\/\/portal.schaffenburg.nl\/de\/produkt\/ausziehbarer-rollladenschrank\/\"]}]},{\"@type\":\"ImageObject\",\"inLanguage\":\"de\",\"@id\":\"https:\/\/portal.schaffenburg.nl\/de\/produkt\/ausziehbarer-rollladenschrank\/#primaryimage\",\"url\":\"https:\/\/portal.schaffenburg.nl\/wp-content\/uploads\/2024\/09\/UTR-RXXX-3.jpg?wsr\",\"contentUrl\":\"https:\/\/portal.schaffenburg.nl\/wp-content\/uploads\/2024\/09\/UTR-RXXX-3.jpg?wsr\",\"width\":1854,\"height\":2361},{\"@type\":\"BreadcrumbList\",\"@id\":\"https:\/\/portal.schaffenburg.nl\/de\/produkt\/ausziehbarer-rollladenschrank\/#breadcrumb\",\"itemListElement\":[{\"@type\":\"ListItem\",\"position\":1,\"name\":\"Home\",\"item\":\"https:\/\/portal.schaffenburg.nl\/de\/\"},{\"@type\":\"ListItem\",\"position\":2,\"name\":\"Ausziehbarer Rollladenschrank\"}]},{\"@type\":\"WebSite\",\"@id\":\"https:\/\/portal.schaffenburg.nl\/de\/#website\",\"url\":\"https:\/\/portal.schaffenburg.nl\/de\/\",\"name\":\"Schaffenburg\",\"description\":\"\",\"potentialAction\":[{\"@type\":\"SearchAction\",\"target\":{\"@type\":\"EntryPoint\",\"urlTemplate\":\"https:\/\/portal.schaffenburg.nl\/de\/?s={search_term_string}\"},\"query-input\":{\"@type\":\"PropertyValueSpecification\",\"valueRequired\":true,\"valueName\":\"search_term_string\"}}],\"inLanguage\":\"de\"}]}<\/script>\n<!-- \/ Yoast SEO plugin. -->","yoast_head_json":{"title":"Ausziehbarer Rollladenschrank - Schaffenburg","robots":{"index":"index","follow":"follow","max-snippet":"max-snippet:-1","max-image-preview":"max-image-preview:large","max-video-preview":"max-video-preview:-1"},"canonical":"https:\/\/portal.schaffenburg.nl\/de\/produkt\/ausziehbarer-rollladenschrank\/","og_locale":"de_DE","og_type":"article","og_title":"Ausziehbarer Rollladenschrank - Schaffenburg","og_description":"Verbessern Sie Ihr Ablagesystem mit unserem ausziehbaren Rollladenschrank. Diese praktische Erg\u00e4nzung f\u00fcr den Claudius Plus Rollladenschrank sorgt f\u00fcr eine geordnete Aufbewahrung Ihrer H\u00e4ngemappen. Er ist in 80 cm und 120 cm Breite erh\u00e4ltlich, besteht aus robustem Metall und ist in elegantem Schwarz gehalten. Erreichen Sie Ihre H\u00e4ngemappen m\u00fchelos und arbeiten Sie effizienter. R\u00fcsten Sie Ihr B\u00fcro noch heute mit dem Rollt\u00fcrschrank f\u00fcr organisiertes Arbeiten und ein professionelles Erscheinungsbild auf.","og_url":"https:\/\/portal.schaffenburg.nl\/de\/produkt\/ausziehbarer-rollladenschrank\/","og_site_name":"Schaffenburg","article_modified_time":"2018-10-02T13:58:34+00:00","og_image":[{"width":1854,"height":2361,"url":"https:\/\/portal.schaffenburg.nl\/wp-content\/uploads\/2024\/09\/UTR-RXXX-3.jpg?wsr","type":"image\/jpeg"}],"twitter_card":"summary_large_image","twitter_misc":{"Gesch\u00e4tzte Lesezeit":"2\u00a0Minuten"},"schema":{"@context":"https:\/\/schema.org","@graph":[{"@type":"WebPage","@id":"https:\/\/portal.schaffenburg.nl\/de\/produkt\/ausziehbarer-rollladenschrank\/","url":"https:\/\/portal.schaffenburg.nl\/de\/produkt\/ausziehbarer-rollladenschrank\/","name":"Ausziehbarer Rollladenschrank - Schaffenburg","isPartOf":{"@id":"https:\/\/portal.schaffenburg.nl\/de\/#website"},"primaryImageOfPage":{"@id":"https:\/\/portal.schaffenburg.nl\/de\/produkt\/ausziehbarer-rollladenschrank\/#primaryimage"},"image":{"@id":"https:\/\/portal.schaffenburg.nl\/de\/produkt\/ausziehbarer-rollladenschrank\/#primaryimage"},"thumbnailUrl":"https:\/\/portal.schaffenburg.nl\/wp-content\/uploads\/2024\/09\/UTR-RXXX-3.jpg?wsr","datePublished":"2018-10-02T11:58:34+00:00","dateModified":"2018-10-02T13:58:34+00:00","breadcrumb":{"@id":"https:\/\/portal.schaffenburg.nl\/de\/produkt\/ausziehbarer-rollladenschrank\/#breadcrumb"},"inLanguage":"de","potentialAction":[{"@type":"ReadAction","target":["https:\/\/portal.schaffenburg.nl\/de\/produkt\/ausziehbarer-rollladenschrank\/"]}]},{"@type":"ImageObject","inLanguage":"de","@id":"https:\/\/portal.schaffenburg.nl\/de\/produkt\/ausziehbarer-rollladenschrank\/#primaryimage","url":"https:\/\/portal.schaffenburg.nl\/wp-content\/uploads\/2024\/09\/UTR-RXXX-3.jpg?wsr","contentUrl":"https:\/\/portal.schaffenburg.nl\/wp-content\/uploads\/2024\/09\/UTR-RXXX-3.jpg?wsr","width":1854,"height":2361},{"@type":"BreadcrumbList","@id":"https:\/\/portal.schaffenburg.nl\/de\/produkt\/ausziehbarer-rollladenschrank\/#breadcrumb","itemListElement":[{"@type":"ListItem","position":1,"name":"Home","item":"https:\/\/portal.schaffenburg.nl\/de\/"},{"@type":"ListItem","position":2,"name":"Ausziehbarer Rollladenschrank"}]},{"@type":"WebSite","@id":"https:\/\/portal.schaffenburg.nl\/de\/#website","url":"https:\/\/portal.schaffenburg.nl\/de\/","name":"Schaffenburg","description":"","potentialAction":[{"@type":"SearchAction","target":{"@type":"EntryPoint","urlTemplate":"https:\/\/portal.schaffenburg.nl\/de\/?s={search_term_string}"},"query-input":{"@type":"PropertyValueSpecification","valueRequired":true,"valueName":"search_term_string"}}],"inLanguage":"de"}]}},"_links":{"self":[{"href":"https:\/\/portal.schaffenburg.nl\/de\/wp-json\/wp\/v2\/product\/33060","targetHints":{"allow":["GET"]}}],"collection":[{"href":"https:\/\/portal.schaffenburg.nl\/de\/wp-json\/wp\/v2\/product"}],"about":[{"href":"https:\/\/portal.schaffenburg.nl\/de\/wp-json\/wp\/v2\/types\/product"}],"replies":[{"embeddable":true,"href":"https:\/\/portal.schaffenburg.nl\/de\/wp-json\/wp\/v2\/comments?post=33060"}],"wp:featuredmedia":[{"embeddable":true,"href":"https:\/\/portal.schaffenburg.nl\/de\/wp-json\/wp\/v2\/media\/17930"}],"wp:attachment":[{"href":"https:\/\/portal.schaffenburg.nl\/de\/wp-json\/wp\/v2\/media?parent=33060"}],"wp:term":[{"taxonomy":"product_brand","embeddable":true,"href":"https:\/\/portal.schaffenburg.nl\/de\/wp-json\/wp\/v2\/product_brand?post=33060"},{"taxonomy":"product_cat","embeddable":true,"href":"https:\/\/portal.schaffenburg.nl\/de\/wp-json\/wp\/v2\/product_cat?post=33060"},{"taxonomy":"product_tag","embeddable":true,"href":"https:\/\/portal.schaffenburg.nl\/de\/wp-json\/wp\/v2\/product_tag?post=33060"}],"curies":[{"name":"wp","href":"https:\/\/api.w.org\/{rel}","templated":true}]}}