{"id":33068,"date":"2018-10-02T15:39:28","date_gmt":"2018-10-02T15:39:28","guid":{"rendered":"https:\/\/staging-schaffenburg.nl\/product\/satz-4d-armauflagen-fuer-npr-buerostuhl\/"},"modified":"2018-10-02T15:39:28","modified_gmt":"2018-10-02T15:39:28","slug":"satz-4d-armauflagen-fuer-npr-buerostuhl","status":"publish","type":"product","link":"https:\/\/portal.schaffenburg.nl\/de\/produkt\/satz-4d-armauflagen-fuer-npr-buerostuhl\/","title":{"rendered":"Satz 4D Armauflagen f\u00fcr NPR B\u00fcrostuhl"},"content":{"rendered":"Lernen Sie das Set 4D-Armlehnen f\u00fcr unsere NPR-B\u00fcrost\u00fchle kennen - die perfekte L\u00f6sung f\u00fcr alle, die maximalen Komfort beim Arbeiten suchen. Dieses Set aus zwei Armlehnen wurde speziell entwickelt, um Ihre derzeitigen Armlehnen zu ersetzen und eine ergonomische Sitzposition zu f\u00f6rdern. \nNach der NPR-Norm f\u00fcr ergonomische St\u00fchle m\u00fcssen die Armlehnen mindestens in H\u00f6he und Breite verstellbar sein (2D-Armlehnen). Aber mit den 4D-Armlehnen gehen Sie noch einen Schritt weiter. Sie k\u00f6nnen nicht nur die H\u00f6he und Breite der Armlehnen einstellen, sondern auch ihre Tiefe und das schwenkbare Armkissen. So k\u00f6nnen Sie die Achselpolster ganz auf Ihren K\u00f6rper und Ihren Arbeitsstil abstimmen.   \nMit den Set 4D Armauflagen genie\u00dfen Sie maximalen Komfort und Unterst\u00fctzung beim Arbeiten. Mit dem schwenkbaren Armpolster k\u00f6nnen Sie die Unterst\u00fctzung beim Tippen oder Arbeiten mit der Maus anpassen, so dass Ihr Arm immer optimal gest\u00fctzt wird. Damit sind die Set 4D-Armpolster ideal f\u00fcr Menschen, die lange am Schreibtisch arbeiten und Beschwerden wie RSI oder Erm\u00fcdung vorbeugen m\u00f6chten.  \nDie Set 4D-Armlehnen sind einfach zu installieren und passen auf die meisten NPR-B\u00fcrost\u00fchle. Die 4D-Armlehnen sind ein gro\u00dfartiges Upgrade f\u00fcr Ihre derzeitigen Armlehnen und bieten ein hervorragendes Preis-Leistungs-Verh\u00e4ltnis. Worauf warten Sie also noch? Bestellen Sie das Set 4D Armlehnen noch heute und erleben Sie den Unterschied, den es f\u00fcr Ihren Arbeitskomfort und Ihre Gesundheit machen kann!   \nErh\u00e4ltlich in Schwarz.\n<h6>Unterschiede zwischen Armlehnen<\/h6>\nEs gibt f\u00fcnf Arten von Armlehnen, die sich in der Anzahl der Einstellm\u00f6glichkeiten unterscheiden, von 1 bis 4 Dimensionen. Die Einstellungen k\u00f6nnen H\u00f6he, Breite, Tiefe und Schwenkbarkeit der Armlehne umfassen.<br \/>\nEine feste Armlehne ist nicht verstellbar.<br \/>\n1D-Armlehne ist nur in der H\u00f6he verstellbar.<br \/>\n2D-Armlehne ist in H\u00f6he und Breite verstellbar.<br \/>\n3D-Armlehne ist in H\u00f6he, Breite und Tiefe verstellbar.<br \/>\n4D-Armlehne ist in H\u00f6he, Breite, Tiefe und Drehung verstellbar.<br \/>\nBei ergonomischen B\u00fcrost\u00fchlen m\u00fcssen die Armlehnen mindestens in H\u00f6he und Breite verstellbar sein, gem\u00e4\u00df der NPR-Norm. \n","protected":false},"excerpt":{"rendered":"<p>Das Set 4D Armauflagen f\u00fcr NPR-B\u00fcrost\u00fchle bietet maximalen Komfort und Unterst\u00fctzung bei der Arbeit. Einstellbar in H\u00f6he, Breite und Tiefe und mit einem schwenkbaren Armkissen. Einfach zu installieren und ein gro\u00dfartiges Upgrade f\u00fcr Ihre aktuellen Armpolster.  <\/p>\n","protected":false},"featured_media":22262,"comment_status":"closed","ping_status":"closed","template":"","meta":{"_acf_changed":false},"product_brand":[],"product_cat":[2140,3052],"product_tag":[2142,2619,3753,5652,2144,2707,3832,2148,2727,3833,2153,2728,3997,2157,2729,3999,2161,3054,4230,2163,3168,4315,2285,3323,4754,2297,3384,5644,2430,3558,5645,2466,3677,5646,2467,3678,5647,2469,3683,5648,2470,3685,5649,2574,3686,5650,2618,3745,5651],"class_list":{"0":"post-33068","1":"product","2":"type-product","3":"status-publish","4":"has-post-thumbnail","6":"product_cat-schnelle-lieferung","7":"product_cat-buerostuehle","8":"product_tag-komfort","9":"product_tag-buro-de","10":"product_tag-ersatz","11":"product_tag-schultern","12":"product_tag-stuhl","13":"product_tag-ergonomisch-de","14":"product_tag-bestseller-de","15":"product_tag-entwurf","16":"product_tag-breite","17":"product_tag-arbeit","18":"product_tag-nachhaltigkeit","19":"product_tag-tiefe","20":"product_tag-zuruck","21":"product_tag-modern-de","22":"product_tag-hohe","23":"product_tag-trendy-de","24":"product_tag-einfach","25":"product_tag-buerostuhl","26":"product_tag-einstellung","27":"product_tag-luxus","28":"product_tag-erschwinglich","29":"product_tag-mobel-de","30":"product_tag-buro","31":"product_tag-benutzerfreundlich","32":"product_tag-drehbar-de","33":"product_tag-stil-de","34":"product_tag-burogestaltung","35":"product_tag-sitzen","36":"product_tag-installation-de","37":"product_tag-sicherheit","38":"product_tag-4d-de","39":"product_tag-qualitat","40":"product_tag-npr-de","41":"product_tag-empfohlen","42":"product_tag-produktivitat","43":"product_tag-unterstutzen-sie","44":"product_tag-waffen","45":"product_tag-zubehor","46":"product_tag-einstellbar-de","47":"product_tag-hande","48":"product_tag-aktualisieren","49":"product_tag-gesundheit","50":"product_tag-handgelenke","51":"product_tag-geschaft","52":"product_tag-armlehnen","53":"product_tag-beliebt","54":"product_tag-heimburo","55":"product_tag-wartung","56":"product_tag-reparatur","58":"first","59":"instock","60":"purchasable","61":"product-type-simple"},"acf":{"downloads":null},"yoast_head":"<!-- This site is optimized with the Yoast SEO plugin v26.7 - https:\/\/yoast.com\/wordpress\/plugins\/seo\/ -->\n<title>Satz 4D Armauflagen f\u00fcr NPR B\u00fcrostuhl - Schaffenburg<\/title>\n<meta name=\"description\" content=\"Erweitern Sie Ihren NPR-B\u00fcrostuhl mit den Set 4D-Armauflagen f\u00fcr maximalen Komfort. Einstellbar in H\u00f6he, Breite, Tiefe und Drehung f\u00fcr optimale Unterst\u00fctzung.\" \/>\n<meta name=\"robots\" content=\"index, follow, max-snippet:-1, max-image-preview:large, max-video-preview:-1\" \/>\n<link rel=\"canonical\" href=\"https:\/\/portal.schaffenburg.nl\/de\/produkt\/satz-4d-armauflagen-fuer-npr-buerostuhl\/\" \/>\n<meta property=\"og:locale\" content=\"de_DE\" \/>\n<meta property=\"og:type\" content=\"article\" \/>\n<meta property=\"og:title\" content=\"Satz 4D Armauflagen f\u00fcr NPR B\u00fcrostuhl - Schaffenburg\" \/>\n<meta property=\"og:description\" content=\"Erweitern Sie Ihren NPR-B\u00fcrostuhl mit den Set 4D-Armauflagen f\u00fcr maximalen Komfort. Einstellbar in H\u00f6he, Breite, Tiefe und Drehung f\u00fcr optimale Unterst\u00fctzung.\" \/>\n<meta property=\"og:url\" content=\"https:\/\/portal.schaffenburg.nl\/de\/produkt\/satz-4d-armauflagen-fuer-npr-buerostuhl\/\" \/>\n<meta property=\"og:site_name\" content=\"Schaffenburg\" \/>\n<meta property=\"og:image\" content=\"https:\/\/portal.schaffenburg.nl\/wp-content\/uploads\/2024\/09\/ATAD-NPR-4D.jpg?wsr\" \/>\n\t<meta property=\"og:image:width\" content=\"1200\" \/>\n\t<meta property=\"og:image:height\" content=\"1200\" \/>\n\t<meta property=\"og:image:type\" content=\"image\/jpeg\" \/>\n<meta name=\"twitter:card\" content=\"summary_large_image\" \/>\n<meta name=\"twitter:label1\" content=\"Gesch\u00e4tzte Lesezeit\" \/>\n\t<meta name=\"twitter:data1\" content=\"2\u00a0Minuten\" \/>\n<script type=\"application\/ld+json\" class=\"yoast-schema-graph\">{\"@context\":\"https:\/\/schema.org\",\"@graph\":[{\"@type\":\"WebPage\",\"@id\":\"https:\/\/portal.schaffenburg.nl\/de\/produkt\/satz-4d-armauflagen-fuer-npr-buerostuhl\/\",\"url\":\"https:\/\/portal.schaffenburg.nl\/de\/produkt\/satz-4d-armauflagen-fuer-npr-buerostuhl\/\",\"name\":\"Satz 4D Armauflagen f\u00fcr NPR B\u00fcrostuhl - Schaffenburg\",\"isPartOf\":{\"@id\":\"https:\/\/portal.schaffenburg.nl\/de\/#website\"},\"primaryImageOfPage\":{\"@id\":\"https:\/\/portal.schaffenburg.nl\/de\/produkt\/satz-4d-armauflagen-fuer-npr-buerostuhl\/#primaryimage\"},\"image\":{\"@id\":\"https:\/\/portal.schaffenburg.nl\/de\/produkt\/satz-4d-armauflagen-fuer-npr-buerostuhl\/#primaryimage\"},\"thumbnailUrl\":\"https:\/\/portal.schaffenburg.nl\/wp-content\/uploads\/2024\/09\/ATAD-NPR-4D.jpg?wsr\",\"datePublished\":\"2018-10-02T15:39:28+00:00\",\"description\":\"Erweitern Sie Ihren NPR-B\u00fcrostuhl mit den Set 4D-Armauflagen f\u00fcr maximalen Komfort. Einstellbar in H\u00f6he, Breite, Tiefe und Drehung f\u00fcr optimale Unterst\u00fctzung.\",\"breadcrumb\":{\"@id\":\"https:\/\/portal.schaffenburg.nl\/de\/produkt\/satz-4d-armauflagen-fuer-npr-buerostuhl\/#breadcrumb\"},\"inLanguage\":\"de\",\"potentialAction\":[{\"@type\":\"ReadAction\",\"target\":[\"https:\/\/portal.schaffenburg.nl\/de\/produkt\/satz-4d-armauflagen-fuer-npr-buerostuhl\/\"]}]},{\"@type\":\"ImageObject\",\"inLanguage\":\"de\",\"@id\":\"https:\/\/portal.schaffenburg.nl\/de\/produkt\/satz-4d-armauflagen-fuer-npr-buerostuhl\/#primaryimage\",\"url\":\"https:\/\/portal.schaffenburg.nl\/wp-content\/uploads\/2024\/09\/ATAD-NPR-4D.jpg?wsr\",\"contentUrl\":\"https:\/\/portal.schaffenburg.nl\/wp-content\/uploads\/2024\/09\/ATAD-NPR-4D.jpg?wsr\",\"width\":1200,\"height\":1200,\"caption\":\"Satz 4D Armauflagen f\u00fcr NPR B\u00fcrostuhl\"},{\"@type\":\"BreadcrumbList\",\"@id\":\"https:\/\/portal.schaffenburg.nl\/de\/produkt\/satz-4d-armauflagen-fuer-npr-buerostuhl\/#breadcrumb\",\"itemListElement\":[{\"@type\":\"ListItem\",\"position\":1,\"name\":\"Home\",\"item\":\"https:\/\/portal.schaffenburg.nl\/de\/\"},{\"@type\":\"ListItem\",\"position\":2,\"name\":\"Satz 4D Armauflagen f\u00fcr NPR B\u00fcrostuhl\"}]},{\"@type\":\"WebSite\",\"@id\":\"https:\/\/portal.schaffenburg.nl\/de\/#website\",\"url\":\"https:\/\/portal.schaffenburg.nl\/de\/\",\"name\":\"Schaffenburg\",\"description\":\"\",\"potentialAction\":[{\"@type\":\"SearchAction\",\"target\":{\"@type\":\"EntryPoint\",\"urlTemplate\":\"https:\/\/portal.schaffenburg.nl\/de\/?s={search_term_string}\"},\"query-input\":{\"@type\":\"PropertyValueSpecification\",\"valueRequired\":true,\"valueName\":\"search_term_string\"}}],\"inLanguage\":\"de\"}]}<\/script>\n<!-- \/ Yoast SEO plugin. -->","yoast_head_json":{"title":"Satz 4D Armauflagen f\u00fcr NPR B\u00fcrostuhl - Schaffenburg","description":"Erweitern Sie Ihren NPR-B\u00fcrostuhl mit den Set 4D-Armauflagen f\u00fcr maximalen Komfort. Einstellbar in H\u00f6he, Breite, Tiefe und Drehung f\u00fcr optimale Unterst\u00fctzung.","robots":{"index":"index","follow":"follow","max-snippet":"max-snippet:-1","max-image-preview":"max-image-preview:large","max-video-preview":"max-video-preview:-1"},"canonical":"https:\/\/portal.schaffenburg.nl\/de\/produkt\/satz-4d-armauflagen-fuer-npr-buerostuhl\/","og_locale":"de_DE","og_type":"article","og_title":"Satz 4D Armauflagen f\u00fcr NPR B\u00fcrostuhl - Schaffenburg","og_description":"Erweitern Sie Ihren NPR-B\u00fcrostuhl mit den Set 4D-Armauflagen f\u00fcr maximalen Komfort. Einstellbar in H\u00f6he, Breite, Tiefe und Drehung f\u00fcr optimale Unterst\u00fctzung.","og_url":"https:\/\/portal.schaffenburg.nl\/de\/produkt\/satz-4d-armauflagen-fuer-npr-buerostuhl\/","og_site_name":"Schaffenburg","og_image":[{"width":1200,"height":1200,"url":"https:\/\/portal.schaffenburg.nl\/wp-content\/uploads\/2024\/09\/ATAD-NPR-4D.jpg?wsr","type":"image\/jpeg"}],"twitter_card":"summary_large_image","twitter_misc":{"Gesch\u00e4tzte Lesezeit":"2\u00a0Minuten"},"schema":{"@context":"https:\/\/schema.org","@graph":[{"@type":"WebPage","@id":"https:\/\/portal.schaffenburg.nl\/de\/produkt\/satz-4d-armauflagen-fuer-npr-buerostuhl\/","url":"https:\/\/portal.schaffenburg.nl\/de\/produkt\/satz-4d-armauflagen-fuer-npr-buerostuhl\/","name":"Satz 4D Armauflagen f\u00fcr NPR B\u00fcrostuhl - Schaffenburg","isPartOf":{"@id":"https:\/\/portal.schaffenburg.nl\/de\/#website"},"primaryImageOfPage":{"@id":"https:\/\/portal.schaffenburg.nl\/de\/produkt\/satz-4d-armauflagen-fuer-npr-buerostuhl\/#primaryimage"},"image":{"@id":"https:\/\/portal.schaffenburg.nl\/de\/produkt\/satz-4d-armauflagen-fuer-npr-buerostuhl\/#primaryimage"},"thumbnailUrl":"https:\/\/portal.schaffenburg.nl\/wp-content\/uploads\/2024\/09\/ATAD-NPR-4D.jpg?wsr","datePublished":"2018-10-02T15:39:28+00:00","description":"Erweitern Sie Ihren NPR-B\u00fcrostuhl mit den Set 4D-Armauflagen f\u00fcr maximalen Komfort. Einstellbar in H\u00f6he, Breite, Tiefe und Drehung f\u00fcr optimale Unterst\u00fctzung.","breadcrumb":{"@id":"https:\/\/portal.schaffenburg.nl\/de\/produkt\/satz-4d-armauflagen-fuer-npr-buerostuhl\/#breadcrumb"},"inLanguage":"de","potentialAction":[{"@type":"ReadAction","target":["https:\/\/portal.schaffenburg.nl\/de\/produkt\/satz-4d-armauflagen-fuer-npr-buerostuhl\/"]}]},{"@type":"ImageObject","inLanguage":"de","@id":"https:\/\/portal.schaffenburg.nl\/de\/produkt\/satz-4d-armauflagen-fuer-npr-buerostuhl\/#primaryimage","url":"https:\/\/portal.schaffenburg.nl\/wp-content\/uploads\/2024\/09\/ATAD-NPR-4D.jpg?wsr","contentUrl":"https:\/\/portal.schaffenburg.nl\/wp-content\/uploads\/2024\/09\/ATAD-NPR-4D.jpg?wsr","width":1200,"height":1200,"caption":"Satz 4D Armauflagen f\u00fcr NPR B\u00fcrostuhl"},{"@type":"BreadcrumbList","@id":"https:\/\/portal.schaffenburg.nl\/de\/produkt\/satz-4d-armauflagen-fuer-npr-buerostuhl\/#breadcrumb","itemListElement":[{"@type":"ListItem","position":1,"name":"Home","item":"https:\/\/portal.schaffenburg.nl\/de\/"},{"@type":"ListItem","position":2,"name":"Satz 4D Armauflagen f\u00fcr NPR B\u00fcrostuhl"}]},{"@type":"WebSite","@id":"https:\/\/portal.schaffenburg.nl\/de\/#website","url":"https:\/\/portal.schaffenburg.nl\/de\/","name":"Schaffenburg","description":"","potentialAction":[{"@type":"SearchAction","target":{"@type":"EntryPoint","urlTemplate":"https:\/\/portal.schaffenburg.nl\/de\/?s={search_term_string}"},"query-input":{"@type":"PropertyValueSpecification","valueRequired":true,"valueName":"search_term_string"}}],"inLanguage":"de"}]}},"_links":{"self":[{"href":"https:\/\/portal.schaffenburg.nl\/de\/wp-json\/wp\/v2\/product\/33068","targetHints":{"allow":["GET"]}}],"collection":[{"href":"https:\/\/portal.schaffenburg.nl\/de\/wp-json\/wp\/v2\/product"}],"about":[{"href":"https:\/\/portal.schaffenburg.nl\/de\/wp-json\/wp\/v2\/types\/product"}],"replies":[{"embeddable":true,"href":"https:\/\/portal.schaffenburg.nl\/de\/wp-json\/wp\/v2\/comments?post=33068"}],"wp:featuredmedia":[{"embeddable":true,"href":"https:\/\/portal.schaffenburg.nl\/de\/wp-json\/wp\/v2\/media\/22262"}],"wp:attachment":[{"href":"https:\/\/portal.schaffenburg.nl\/de\/wp-json\/wp\/v2\/media?parent=33068"}],"wp:term":[{"taxonomy":"product_brand","embeddable":true,"href":"https:\/\/portal.schaffenburg.nl\/de\/wp-json\/wp\/v2\/product_brand?post=33068"},{"taxonomy":"product_cat","embeddable":true,"href":"https:\/\/portal.schaffenburg.nl\/de\/wp-json\/wp\/v2\/product_cat?post=33068"},{"taxonomy":"product_tag","embeddable":true,"href":"https:\/\/portal.schaffenburg.nl\/de\/wp-json\/wp\/v2\/product_tag?post=33068"}],"curies":[{"name":"wp","href":"https:\/\/api.w.org\/{rel}","templated":true}]}}