{"id":33078,"date":"2018-10-02T15:39:35","date_gmt":"2018-10-02T13:39:35","guid":{"rendered":"https:\/\/staging-schaffenburg.nl\/product\/schwerer-gewichteter-mechanismus\/"},"modified":"2018-10-02T15:39:35","modified_gmt":"2018-10-02T15:39:35","slug":"schwerer-gewichteter-mechanismus","status":"publish","type":"product","link":"https:\/\/portal.schaffenburg.nl\/de\/produkt\/schwerer-gewichteter-mechanismus\/","title":{"rendered":"Schwerer gewichteter Mechanismus"},"content":{"rendered":"Sind Sie auf der Suche nach einem B\u00fcrostuhl, der f\u00fcr h\u00f6here Belastungen geeignet ist? Dann suchen Sie nicht weiter! Wir bieten Ihnen die L\u00f6sung mit unserer Heavy-Duty-Beschwerungsmechanik. Diese Mechanik wurde speziell f\u00fcr Menschen entwickelt, die etwas mehr wiegen als der Durchschnitt, und sorgt f\u00fcr optimalen Sitzkomfort und Stabilit\u00e4t.   \nUnsere beschwerte Mechanik ist f\u00fcr B\u00fcrost\u00fchle geeignet, die den Normen NPR1813, NPR1813+, 400NPR und 450NPR entsprechen und ein maximales Gewicht von 160 kg tragen k\u00f6nnen. Damit ist dieser Artikel ideal f\u00fcr Menschen, die einen stabilen B\u00fcrostuhl suchen, der ihr Gewicht tragen kann und ihnen die n\u00f6tige Unterst\u00fctzung bei der Arbeit bietet. \nMit unserer beschwerten Mechanik m\u00fcssen Sie sich keine Sorgen um die Belastbarkeit Ihres B\u00fcrostuhls machen. Denn die Mechanik ist so konzipiert, dass sie auch h\u00f6here Belastungen problemlos bew\u00e4ltigt. Das sorgt f\u00fcr eine stabile und sichere Arbeitsumgebung, in der Sie sich voll und ganz auf Ihre Arbeit konzentrieren k\u00f6nnen.  \nUnser beschwerter Mechanismus ist nicht nur f\u00fcr schwerere Personen geeignet, sondern auch f\u00fcr Menschen, die lange sitzen und daher zus\u00e4tzlichen Komfort und Unterst\u00fctzung ben\u00f6tigen. Er ist daher eine Bereicherung f\u00fcr jedes B\u00fcro oder jeden Arbeitsplatz. \nWenn Sie auf der Suche nach einem B\u00fcrostuhl sind, der f\u00fcr h\u00f6here Belastungen geeignet ist, ist unsere Heavy-Duty-Beschwerungsmechanik die ideale L\u00f6sung. Sie bietet nicht nur optimalen Sitzkomfort und Stabilit\u00e4t, sondern auch die n\u00f6tige Unterst\u00fctzung, die Sie beim Arbeiten brauchen. Testen Sie ihn jetzt und erleben Sie den Unterschied!  \n<h6>Eigenschaften<\/h6>\n<ul>\n<li>Geeignet f\u00fcr die Drehst\u00fchle NPR1813, NPR1813+, 400NPR und 450NPR<\/li>\n<li>Maximale Tragf\u00e4higkeit: 160 kg<\/li>\n<\/ul>\n","protected":false},"excerpt":{"rendered":"<p>Unsere beschwerte Mechanik ist speziell f\u00fcr h\u00f6here Belastungen ausgelegt und bietet optimalen Sitzkomfort, Stabilit\u00e4t und Halt. Geeignet f\u00fcr die B\u00fcrost\u00fchle NPR1813, NPR1813+, 400NPR und 450NPR und einem maximalen Belastungsgewicht von 160 kg. <\/p>\n","protected":false},"featured_media":22306,"comment_status":"closed","ping_status":"closed","template":"","meta":{"_acf_changed":false},"product_brand":[],"product_cat":[2140,3052],"product_tag":[2143,2576,3679,5724,2148,2583,3683,5725,2150,2641,3685,5726,2151,2709,3752,5727,2154,2711,4468,2156,2786,5145,2157,2787,5153,2161,3054,5693,2285,3132,5716,2289,3323,5717,2430,3444,5718,2466,3558,5719,2467,3576,5720,2471,3599,5721,2472,3622,5722,2474,3678,5723],"class_list":{"0":"post-33078","1":"product","2":"type-product","3":"status-publish","4":"has-post-thumbnail","6":"product_cat-schnelle-lieferung","7":"product_cat-buerostuehle","8":"product_tag-nachhaltig","9":"product_tag-soliditat","10":"product_tag-ruckenschmerzen","11":"product_tag-starke","12":"product_tag-entwurf","13":"product_tag-vielseitig","14":"product_tag-einstellbar-de","15":"product_tag-gewichteter-mechanismus","16":"product_tag-funktional","17":"product_tag-ergonomie-de","18":"product_tag-gesundheit","19":"product_tag-fur-schwere-menschen","20":"product_tag-professionell","21":"product_tag-sitzkomfort","22":"product_tag-innovativ","23":"product_tag-schwere-last","24":"product_tag-stabilitat","25":"product_tag-bequem-de","26":"product_tag-leistungsstark","27":"product_tag-hochwertige","28":"product_tag-ergonomisches-design","29":"product_tag-kompatibilitat","30":"product_tag-modern-de","31":"product_tag-lange-lebensdauer","32":"product_tag-leistung-de","33":"product_tag-einfach","34":"product_tag-buerostuhl","35":"product_tag-npr1813-de","36":"product_tag-buro","37":"product_tag-arbeitsplatz-de","38":"product_tag-160-kg-de","39":"product_tag-zeitlos","40":"product_tag-benutzerfreundlich","41":"product_tag-400npr-de","42":"product_tag-installation-de","43":"product_tag-montage-de","44":"product_tag-450npr-de","45":"product_tag-qualitat","46":"product_tag-sicherheit","47":"product_tag-grundlichkeit","48":"product_tag-produktivitat","49":"product_tag-zuverlassig","50":"product_tag-gezielt","51":"product_tag-effizient","52":"product_tag-platzsparend","53":"product_tag-hohere-belastung","54":"product_tag-handy","55":"product_tag-asthetik-de","56":"product_tag-lange-stunden","57":"product_tag-robust","58":"product_tag-unterstutzen-sie","59":"product_tag-maximal-belastbares-gewicht","61":"first","62":"instock","63":"purchasable","64":"product-type-simple"},"acf":{"downloads":null},"yoast_head":"<!-- This site is optimized with the Yoast SEO plugin v26.7 - https:\/\/yoast.com\/wordpress\/plugins\/seo\/ -->\n<title>Schwerer gewichteter Mechanismus - Schaffenburg<\/title>\n<meta name=\"description\" content=\"Schwerer gewichteter Mechanismus: f\u00fcr h\u00f6here Belastung und Stabilit\u00e4t. Geeignet f\u00fcr NPR-B\u00fcrost\u00fchle, max. Belastungsgewicht von 160 kg.\" \/>\n<meta name=\"robots\" content=\"index, follow, max-snippet:-1, max-image-preview:large, max-video-preview:-1\" \/>\n<link rel=\"canonical\" href=\"https:\/\/portal.schaffenburg.nl\/de\/produkt\/schwerer-gewichteter-mechanismus\/\" \/>\n<meta property=\"og:locale\" content=\"de_DE\" \/>\n<meta property=\"og:type\" content=\"article\" \/>\n<meta property=\"og:title\" content=\"Schwerer gewichteter Mechanismus - Schaffenburg\" \/>\n<meta property=\"og:description\" content=\"Schwerer gewichteter Mechanismus: f\u00fcr h\u00f6here Belastung und Stabilit\u00e4t. Geeignet f\u00fcr NPR-B\u00fcrost\u00fchle, max. Belastungsgewicht von 160 kg.\" \/>\n<meta property=\"og:url\" content=\"https:\/\/portal.schaffenburg.nl\/de\/produkt\/schwerer-gewichteter-mechanismus\/\" \/>\n<meta property=\"og:site_name\" content=\"Schaffenburg\" \/>\n<meta property=\"article:modified_time\" content=\"2018-10-02T15:39:35+00:00\" \/>\n<meta property=\"og:image\" content=\"https:\/\/portal.schaffenburg.nl\/wp-content\/uploads\/2024\/09\/AT-MECH-NPR-VERZW.jpg?wsr\" \/>\n\t<meta property=\"og:image:width\" content=\"425\" \/>\n\t<meta property=\"og:image:height\" content=\"567\" \/>\n\t<meta property=\"og:image:type\" content=\"image\/jpeg\" \/>\n<meta name=\"twitter:card\" content=\"summary_large_image\" \/>\n<meta name=\"twitter:label1\" content=\"Gesch\u00e4tzte Lesezeit\" \/>\n\t<meta name=\"twitter:data1\" content=\"1\u00a0Minute\" \/>\n<script type=\"application\/ld+json\" class=\"yoast-schema-graph\">{\"@context\":\"https:\/\/schema.org\",\"@graph\":[{\"@type\":\"WebPage\",\"@id\":\"https:\/\/portal.schaffenburg.nl\/de\/produkt\/schwerer-gewichteter-mechanismus\/\",\"url\":\"https:\/\/portal.schaffenburg.nl\/de\/produkt\/schwerer-gewichteter-mechanismus\/\",\"name\":\"Schwerer gewichteter Mechanismus - Schaffenburg\",\"isPartOf\":{\"@id\":\"https:\/\/portal.schaffenburg.nl\/de\/#website\"},\"primaryImageOfPage\":{\"@id\":\"https:\/\/portal.schaffenburg.nl\/de\/produkt\/schwerer-gewichteter-mechanismus\/#primaryimage\"},\"image\":{\"@id\":\"https:\/\/portal.schaffenburg.nl\/de\/produkt\/schwerer-gewichteter-mechanismus\/#primaryimage\"},\"thumbnailUrl\":\"https:\/\/portal.schaffenburg.nl\/wp-content\/uploads\/2024\/09\/AT-MECH-NPR-VERZW.jpg?wsr\",\"datePublished\":\"2018-10-02T13:39:35+00:00\",\"dateModified\":\"2018-10-02T15:39:35+00:00\",\"description\":\"Schwerer gewichteter Mechanismus: f\u00fcr h\u00f6here Belastung und Stabilit\u00e4t. Geeignet f\u00fcr NPR-B\u00fcrost\u00fchle, max. Belastungsgewicht von 160 kg.\",\"breadcrumb\":{\"@id\":\"https:\/\/portal.schaffenburg.nl\/de\/produkt\/schwerer-gewichteter-mechanismus\/#breadcrumb\"},\"inLanguage\":\"de\",\"potentialAction\":[{\"@type\":\"ReadAction\",\"target\":[\"https:\/\/portal.schaffenburg.nl\/de\/produkt\/schwerer-gewichteter-mechanismus\/\"]}]},{\"@type\":\"ImageObject\",\"inLanguage\":\"de\",\"@id\":\"https:\/\/portal.schaffenburg.nl\/de\/produkt\/schwerer-gewichteter-mechanismus\/#primaryimage\",\"url\":\"https:\/\/portal.schaffenburg.nl\/wp-content\/uploads\/2024\/09\/AT-MECH-NPR-VERZW.jpg?wsr\",\"contentUrl\":\"https:\/\/portal.schaffenburg.nl\/wp-content\/uploads\/2024\/09\/AT-MECH-NPR-VERZW.jpg?wsr\",\"width\":425,\"height\":567,\"caption\":\"Schwerer gewichteter Mechanismus\"},{\"@type\":\"BreadcrumbList\",\"@id\":\"https:\/\/portal.schaffenburg.nl\/de\/produkt\/schwerer-gewichteter-mechanismus\/#breadcrumb\",\"itemListElement\":[{\"@type\":\"ListItem\",\"position\":1,\"name\":\"Home\",\"item\":\"https:\/\/portal.schaffenburg.nl\/de\/\"},{\"@type\":\"ListItem\",\"position\":2,\"name\":\"Schwerer gewichteter Mechanismus\"}]},{\"@type\":\"WebSite\",\"@id\":\"https:\/\/portal.schaffenburg.nl\/de\/#website\",\"url\":\"https:\/\/portal.schaffenburg.nl\/de\/\",\"name\":\"Schaffenburg\",\"description\":\"\",\"potentialAction\":[{\"@type\":\"SearchAction\",\"target\":{\"@type\":\"EntryPoint\",\"urlTemplate\":\"https:\/\/portal.schaffenburg.nl\/de\/?s={search_term_string}\"},\"query-input\":{\"@type\":\"PropertyValueSpecification\",\"valueRequired\":true,\"valueName\":\"search_term_string\"}}],\"inLanguage\":\"de\"}]}<\/script>\n<!-- \/ Yoast SEO plugin. -->","yoast_head_json":{"title":"Schwerer gewichteter Mechanismus - Schaffenburg","description":"Schwerer gewichteter Mechanismus: f\u00fcr h\u00f6here Belastung und Stabilit\u00e4t. Geeignet f\u00fcr NPR-B\u00fcrost\u00fchle, max. Belastungsgewicht von 160 kg.","robots":{"index":"index","follow":"follow","max-snippet":"max-snippet:-1","max-image-preview":"max-image-preview:large","max-video-preview":"max-video-preview:-1"},"canonical":"https:\/\/portal.schaffenburg.nl\/de\/produkt\/schwerer-gewichteter-mechanismus\/","og_locale":"de_DE","og_type":"article","og_title":"Schwerer gewichteter Mechanismus - Schaffenburg","og_description":"Schwerer gewichteter Mechanismus: f\u00fcr h\u00f6here Belastung und Stabilit\u00e4t. Geeignet f\u00fcr NPR-B\u00fcrost\u00fchle, max. Belastungsgewicht von 160 kg.","og_url":"https:\/\/portal.schaffenburg.nl\/de\/produkt\/schwerer-gewichteter-mechanismus\/","og_site_name":"Schaffenburg","article_modified_time":"2018-10-02T15:39:35+00:00","og_image":[{"width":425,"height":567,"url":"https:\/\/portal.schaffenburg.nl\/wp-content\/uploads\/2024\/09\/AT-MECH-NPR-VERZW.jpg?wsr","type":"image\/jpeg"}],"twitter_card":"summary_large_image","twitter_misc":{"Gesch\u00e4tzte Lesezeit":"1\u00a0Minute"},"schema":{"@context":"https:\/\/schema.org","@graph":[{"@type":"WebPage","@id":"https:\/\/portal.schaffenburg.nl\/de\/produkt\/schwerer-gewichteter-mechanismus\/","url":"https:\/\/portal.schaffenburg.nl\/de\/produkt\/schwerer-gewichteter-mechanismus\/","name":"Schwerer gewichteter Mechanismus - Schaffenburg","isPartOf":{"@id":"https:\/\/portal.schaffenburg.nl\/de\/#website"},"primaryImageOfPage":{"@id":"https:\/\/portal.schaffenburg.nl\/de\/produkt\/schwerer-gewichteter-mechanismus\/#primaryimage"},"image":{"@id":"https:\/\/portal.schaffenburg.nl\/de\/produkt\/schwerer-gewichteter-mechanismus\/#primaryimage"},"thumbnailUrl":"https:\/\/portal.schaffenburg.nl\/wp-content\/uploads\/2024\/09\/AT-MECH-NPR-VERZW.jpg?wsr","datePublished":"2018-10-02T13:39:35+00:00","dateModified":"2018-10-02T15:39:35+00:00","description":"Schwerer gewichteter Mechanismus: f\u00fcr h\u00f6here Belastung und Stabilit\u00e4t. Geeignet f\u00fcr NPR-B\u00fcrost\u00fchle, max. Belastungsgewicht von 160 kg.","breadcrumb":{"@id":"https:\/\/portal.schaffenburg.nl\/de\/produkt\/schwerer-gewichteter-mechanismus\/#breadcrumb"},"inLanguage":"de","potentialAction":[{"@type":"ReadAction","target":["https:\/\/portal.schaffenburg.nl\/de\/produkt\/schwerer-gewichteter-mechanismus\/"]}]},{"@type":"ImageObject","inLanguage":"de","@id":"https:\/\/portal.schaffenburg.nl\/de\/produkt\/schwerer-gewichteter-mechanismus\/#primaryimage","url":"https:\/\/portal.schaffenburg.nl\/wp-content\/uploads\/2024\/09\/AT-MECH-NPR-VERZW.jpg?wsr","contentUrl":"https:\/\/portal.schaffenburg.nl\/wp-content\/uploads\/2024\/09\/AT-MECH-NPR-VERZW.jpg?wsr","width":425,"height":567,"caption":"Schwerer gewichteter Mechanismus"},{"@type":"BreadcrumbList","@id":"https:\/\/portal.schaffenburg.nl\/de\/produkt\/schwerer-gewichteter-mechanismus\/#breadcrumb","itemListElement":[{"@type":"ListItem","position":1,"name":"Home","item":"https:\/\/portal.schaffenburg.nl\/de\/"},{"@type":"ListItem","position":2,"name":"Schwerer gewichteter Mechanismus"}]},{"@type":"WebSite","@id":"https:\/\/portal.schaffenburg.nl\/de\/#website","url":"https:\/\/portal.schaffenburg.nl\/de\/","name":"Schaffenburg","description":"","potentialAction":[{"@type":"SearchAction","target":{"@type":"EntryPoint","urlTemplate":"https:\/\/portal.schaffenburg.nl\/de\/?s={search_term_string}"},"query-input":{"@type":"PropertyValueSpecification","valueRequired":true,"valueName":"search_term_string"}}],"inLanguage":"de"}]}},"_links":{"self":[{"href":"https:\/\/portal.schaffenburg.nl\/de\/wp-json\/wp\/v2\/product\/33078","targetHints":{"allow":["GET"]}}],"collection":[{"href":"https:\/\/portal.schaffenburg.nl\/de\/wp-json\/wp\/v2\/product"}],"about":[{"href":"https:\/\/portal.schaffenburg.nl\/de\/wp-json\/wp\/v2\/types\/product"}],"replies":[{"embeddable":true,"href":"https:\/\/portal.schaffenburg.nl\/de\/wp-json\/wp\/v2\/comments?post=33078"}],"wp:featuredmedia":[{"embeddable":true,"href":"https:\/\/portal.schaffenburg.nl\/de\/wp-json\/wp\/v2\/media\/22306"}],"wp:attachment":[{"href":"https:\/\/portal.schaffenburg.nl\/de\/wp-json\/wp\/v2\/media?parent=33078"}],"wp:term":[{"taxonomy":"product_brand","embeddable":true,"href":"https:\/\/portal.schaffenburg.nl\/de\/wp-json\/wp\/v2\/product_brand?post=33078"},{"taxonomy":"product_cat","embeddable":true,"href":"https:\/\/portal.schaffenburg.nl\/de\/wp-json\/wp\/v2\/product_cat?post=33078"},{"taxonomy":"product_tag","embeddable":true,"href":"https:\/\/portal.schaffenburg.nl\/de\/wp-json\/wp\/v2\/product_tag?post=33078"}],"curies":[{"name":"wp","href":"https:\/\/api.w.org\/{rel}","templated":true}]}}