{"id":33080,"date":"2018-10-02T15:39:37","date_gmt":"2018-10-02T13:39:37","guid":{"rendered":"https:\/\/staging-schaffenburg.nl\/product\/drehstuhl-serie-300-nen-lendenwirbelstuetze\/"},"modified":"2018-10-02T15:39:37","modified_gmt":"2018-10-02T15:39:37","slug":"drehstuhl-serie-300-nen-lendenwirbelstuetze","status":"publish","type":"product","link":"https:\/\/portal.schaffenburg.nl\/de\/produkt\/drehstuhl-serie-300-nen-lendenwirbelstuetze\/","title":{"rendered":"Drehstuhl Serie 300-NEN Lendenwirbelst\u00fctze"},"content":{"rendered":"Stehen Sie auf f\u00fcr mehr Komfort! Verbessern Sie Ihre Arbeitshaltung mit der revolution\u00e4ren Lendenwirbelst\u00fctze f\u00fcr den B\u00fcrostuhl<a href=\"https:\/\/www.schaffenburg.nl\/shop\/snellever\/zitten-snellever\/bureaustoelen-snellever\/bureaustoel-serie-300-nen\/\" target=\"_blank\" rel=\"noopener noreferrer\"> der<\/a> Serie 300-NEN. Dieses ergonomische Zubeh\u00f6r wurde speziell entwickelt, um Ihren R\u00fccken zus\u00e4tzlich zu st\u00fctzen, damit Sie den ganzen Tag \u00fcber bequem arbeiten k\u00f6nnen.  \nMit der hochwertigen Lendenwirbelst\u00fctze k\u00f6nnen Sie das Beste aus Ihrer Arbeitsumgebung herausholen. Dank des intelligenten Designs und der perfekten Passform bietet sie genau das richtige Ma\u00df an Unterst\u00fctzung an der richtigen Stelle. Es ist, als h\u00e4tten Sie Ihren eigenen pers\u00f6nlichen Masseur, der Ihre R\u00fcckenmuskeln verw\u00f6hnt, w\u00e4hrend Sie sich auf Ihre Arbeit konzentrieren.  \nDiese Lendenwirbelst\u00fctze l\u00e4sst sich leicht an der R\u00fcckenlehne Ihres B\u00fcrostuhls der Serie 300-NEN anbringen. Mit ein paar einfachen Handgriffen k\u00f6nnen Sie einen ergonomischen Arbeitsplatz schaffen, der Ihren R\u00fcckenschmerzen vorbeugt und sie reduziert. Ganz gleich, ob Sie stundenlang am Schreibtisch sitzen, an Abgabeterminen arbeiten oder lange Besprechungen abhalten, diese Lendenwirbelst\u00fctze wird Ihren R\u00fccken in Topform halten.  \nDie Lendenwirbelst\u00fctze ist aus hochwertigen Materialien gefertigt, die Langlebigkeit garantieren. Die Verwendung von hochwertigem Schaumstoff sorgt f\u00fcr eine optimale Druckverteilung und unvergleichlichen Komfort. Dar\u00fcber hinaus ist die St\u00fctze mit atmungsaktivem Material gef\u00fcttert, das W\u00e4rme und Feuchtigkeit ableitet, so dass Ihr R\u00fccken auch an den intensivsten Arbeitstagen k\u00fchl und trocken bleibt.  \nEntscheiden Sie sich f\u00fcr einen gesunden R\u00fccken und investieren Sie in Ihr Wohlbefinden mit der Lendenwirbelst\u00fctze f\u00fcr den B\u00fcrostuhl der Serie 300-NEN. Erleben Sie die Vorteile einer korrekten K\u00f6rperhaltung, reduzieren Sie R\u00fcckenschmerzen und steigern Sie Ihre Produktivit\u00e4t. Mit dieser Lendenwirbelst\u00fctze schenken Sie Ihrem R\u00fccken die Aufmerksamkeit, die er verdient, damit Sie jeden Arbeitstag voller Energie genie\u00dfen k\u00f6nnen.  \nWarten Sie nicht l\u00e4nger! Bestellen Sie Ihre Lumbalst\u00fctze jetzt und entdecken Sie den ultimativen Komfort und die optimale Unterst\u00fctzung, die sie bietet. Investieren Sie in Ihre Gesundheit und verwandeln Sie Ihren Arbeitsplatz in eine Oase des Wohlbefindens. Machen Sie noch heute Schluss mit R\u00fcckenschmerzen und genie\u00dfen Sie einen komfortablen, produktiven Arbeitstag mit der Lendenwirbelst\u00fctze f\u00fcr den B\u00fcrostuhl der Serie 300-NEN!   \n","protected":false},"excerpt":{"rendered":"<p>Entdecken Sie die ultimative R\u00fcckenst\u00fctze mit unserer Lendenwirbelst\u00fctze f\u00fcr den B\u00fcrostuhl der Serie 300-NEN. Dieses ergonomische Zubeh\u00f6r sorgt f\u00fcr Komfort und beugt R\u00fcckenschmerzen vor. Die Lendenwirbelst\u00fctze l\u00e4sst sich einfach an der R\u00fcckenlehne befestigen und sorgt f\u00fcr einen perfekten Sitz und eine optimale Druckverteilung. Sie ist aus hochwertigen Materialien gefertigt, bietet atmungsaktiven Komfort und h\u00e4lt Ihren R\u00fccken k\u00fchl und trocken. Verbessern Sie Ihre Arbeitshaltung und steigern Sie Ihre Produktivit\u00e4t mit dieser langlebigen und komfortablen Lendenwirbelst\u00fctze. Investieren Sie in Ihr Wohlbefinden und genie\u00dfen Sie einen schmerzfreien Arbeitstag!     <\/p>\n","protected":false},"featured_media":22352,"comment_status":"closed","ping_status":"closed","template":"","meta":{"_acf_changed":false},"product_brand":[],"product_cat":[2140,3052],"product_tag":[2156,4465,5754,5770,2467,5668,5755,5771,2641,5740,5756,2707,5741,5757,2709,5742,5758,2786,5743,5759,3444,5744,5760,3678,5745,5761,3679,5746,5762,3683,5747,5763,3692,5748,5764,3957,5749,5765,3998,5750,5766,4094,5751,5767,2142,4156,5752,5768,2143,4158,5753,5769],"class_list":{"0":"post-33080","1":"product","2":"type-product","3":"status-publish","4":"has-post-thumbnail","6":"product_cat-schnelle-lieferung","7":"product_cat-buerostuehle","8":"product_tag-hochwertige","9":"product_tag-buro-accessoire","10":"product_tag-schmerzlinderung","11":"product_tag-beleuchtung","12":"product_tag-produktivitat","13":"product_tag-optimaler-komfort","14":"product_tag-schutz-des-ruckens","15":"product_tag-komfort-am-arbeitsplatz","16":"product_tag-ergonomie-de","17":"product_tag-ruckenschmerzen-de","18":"product_tag-ruckenbewusstsein","19":"product_tag-ergonomisch-de","20":"product_tag-lendenwirbelstutze-de","21":"product_tag-komfort-im-rucken","22":"product_tag-sitzkomfort","23":"product_tag-serie-300-nen-de","24":"product_tag-rucken-gesundheit","25":"product_tag-ergonomisches-design","26":"product_tag-zubehor-fur-burostuhle","27":"product_tag-forderung-der-ruckengesundheit","28":"product_tag-montage-de","29":"product_tag-buro-de-2","30":"product_tag-ruckenhygiene","31":"product_tag-unterstutzen-sie","32":"product_tag-druckverteilung","33":"product_tag-pflege-des-ruckens","34":"product_tag-ruckenschmerzen","35":"product_tag-ergonomie-am-arbeitsplatz","36":"product_tag-reduzieren-sie-ruckenschmerzen","37":"product_tag-einstellbar-de","38":"product_tag-ergonomisch-arbeiten","39":"product_tag-ruckenlage","40":"product_tag-arbeitskomfort","41":"product_tag-ergonomische-passform","42":"product_tag-pravention-fur-den-rucken","43":"product_tag-umweltfreundlich","44":"product_tag-ergonomische-ruckenlehne","45":"product_tag-ruckenmuskeln","46":"product_tag-ruckenstutze","47":"product_tag-gesundheit-und-wohlbefinden","48":"product_tag-ruckenlehne-de","49":"product_tag-pravention","50":"product_tag-ergonomie-im-buro","51":"product_tag-ruckentherapie","52":"product_tag-komfort","53":"product_tag-arbeitseinstellung","54":"product_tag-stutzender-schaum","55":"product_tag-mudigkeit-im-rucken","56":"product_tag-nachhaltig","57":"product_tag-atmungsaktiv","58":"product_tag-unterstutzende-materialien","59":"product_tag-ruckenpflege","61":"first","62":"instock","63":"purchasable","64":"product-type-simple"},"acf":{"downloads":null},"yoast_head":"<!-- This site is optimized with the Yoast SEO plugin v26.7 - https:\/\/yoast.com\/wordpress\/plugins\/seo\/ -->\n<title>Drehstuhl Serie 300-NEN Lendenwirbelst\u00fctze - Schaffenburg<\/title>\n<meta name=\"description\" content=\"Optimieren Sie Ihre Arbeitshaltung und beugen Sie R\u00fcckenschmerzen vor mit unserer Lendenwirbelst\u00fctze f\u00fcr den B\u00fcrostuhl der Serie 300-NEN.\" \/>\n<meta name=\"robots\" content=\"index, follow, max-snippet:-1, max-image-preview:large, max-video-preview:-1\" \/>\n<link rel=\"canonical\" href=\"https:\/\/portal.schaffenburg.nl\/de\/produkt\/drehstuhl-serie-300-nen-lendenwirbelstuetze\/\" \/>\n<meta property=\"og:locale\" content=\"de_DE\" \/>\n<meta property=\"og:type\" content=\"article\" \/>\n<meta property=\"og:title\" content=\"Drehstuhl Serie 300-NEN Lendenwirbelst\u00fctze - Schaffenburg\" \/>\n<meta property=\"og:description\" content=\"Optimieren Sie Ihre Arbeitshaltung und beugen Sie R\u00fcckenschmerzen vor mit unserer Lendenwirbelst\u00fctze f\u00fcr den B\u00fcrostuhl der Serie 300-NEN.\" \/>\n<meta property=\"og:url\" content=\"https:\/\/portal.schaffenburg.nl\/de\/produkt\/drehstuhl-serie-300-nen-lendenwirbelstuetze\/\" \/>\n<meta property=\"og:site_name\" content=\"Schaffenburg\" \/>\n<meta property=\"article:modified_time\" content=\"2018-10-02T15:39:37+00:00\" \/>\n<meta property=\"og:image\" content=\"https:\/\/portal.schaffenburg.nl\/wp-content\/uploads\/2024\/09\/ATO-300-LUMB.jpg?wsr\" \/>\n\t<meta property=\"og:image:width\" content=\"804\" \/>\n\t<meta property=\"og:image:height\" content=\"1200\" \/>\n\t<meta property=\"og:image:type\" content=\"image\/jpeg\" \/>\n<meta name=\"twitter:card\" content=\"summary_large_image\" \/>\n<meta name=\"twitter:label1\" content=\"Gesch\u00e4tzte Lesezeit\" \/>\n\t<meta name=\"twitter:data1\" content=\"2\u00a0Minuten\" \/>\n<script type=\"application\/ld+json\" class=\"yoast-schema-graph\">{\"@context\":\"https:\/\/schema.org\",\"@graph\":[{\"@type\":\"WebPage\",\"@id\":\"https:\/\/portal.schaffenburg.nl\/de\/produkt\/drehstuhl-serie-300-nen-lendenwirbelstuetze\/\",\"url\":\"https:\/\/portal.schaffenburg.nl\/de\/produkt\/drehstuhl-serie-300-nen-lendenwirbelstuetze\/\",\"name\":\"Drehstuhl Serie 300-NEN Lendenwirbelst\u00fctze - Schaffenburg\",\"isPartOf\":{\"@id\":\"https:\/\/portal.schaffenburg.nl\/de\/#website\"},\"primaryImageOfPage\":{\"@id\":\"https:\/\/portal.schaffenburg.nl\/de\/produkt\/drehstuhl-serie-300-nen-lendenwirbelstuetze\/#primaryimage\"},\"image\":{\"@id\":\"https:\/\/portal.schaffenburg.nl\/de\/produkt\/drehstuhl-serie-300-nen-lendenwirbelstuetze\/#primaryimage\"},\"thumbnailUrl\":\"https:\/\/portal.schaffenburg.nl\/wp-content\/uploads\/2024\/09\/ATO-300-LUMB.jpg?wsr\",\"datePublished\":\"2018-10-02T13:39:37+00:00\",\"dateModified\":\"2018-10-02T15:39:37+00:00\",\"description\":\"Optimieren Sie Ihre Arbeitshaltung und beugen Sie R\u00fcckenschmerzen vor mit unserer Lendenwirbelst\u00fctze f\u00fcr den B\u00fcrostuhl der Serie 300-NEN.\",\"breadcrumb\":{\"@id\":\"https:\/\/portal.schaffenburg.nl\/de\/produkt\/drehstuhl-serie-300-nen-lendenwirbelstuetze\/#breadcrumb\"},\"inLanguage\":\"de\",\"potentialAction\":[{\"@type\":\"ReadAction\",\"target\":[\"https:\/\/portal.schaffenburg.nl\/de\/produkt\/drehstuhl-serie-300-nen-lendenwirbelstuetze\/\"]}]},{\"@type\":\"ImageObject\",\"inLanguage\":\"de\",\"@id\":\"https:\/\/portal.schaffenburg.nl\/de\/produkt\/drehstuhl-serie-300-nen-lendenwirbelstuetze\/#primaryimage\",\"url\":\"https:\/\/portal.schaffenburg.nl\/wp-content\/uploads\/2024\/09\/ATO-300-LUMB.jpg?wsr\",\"contentUrl\":\"https:\/\/portal.schaffenburg.nl\/wp-content\/uploads\/2024\/09\/ATO-300-LUMB.jpg?wsr\",\"width\":804,\"height\":1200,\"caption\":\"Lendenwirbelst\u00fctze 300\"},{\"@type\":\"BreadcrumbList\",\"@id\":\"https:\/\/portal.schaffenburg.nl\/de\/produkt\/drehstuhl-serie-300-nen-lendenwirbelstuetze\/#breadcrumb\",\"itemListElement\":[{\"@type\":\"ListItem\",\"position\":1,\"name\":\"Home\",\"item\":\"https:\/\/portal.schaffenburg.nl\/de\/\"},{\"@type\":\"ListItem\",\"position\":2,\"name\":\"Drehstuhl Serie 300-NEN Lendenwirbelst\u00fctze\"}]},{\"@type\":\"WebSite\",\"@id\":\"https:\/\/portal.schaffenburg.nl\/de\/#website\",\"url\":\"https:\/\/portal.schaffenburg.nl\/de\/\",\"name\":\"Schaffenburg\",\"description\":\"\",\"potentialAction\":[{\"@type\":\"SearchAction\",\"target\":{\"@type\":\"EntryPoint\",\"urlTemplate\":\"https:\/\/portal.schaffenburg.nl\/de\/?s={search_term_string}\"},\"query-input\":{\"@type\":\"PropertyValueSpecification\",\"valueRequired\":true,\"valueName\":\"search_term_string\"}}],\"inLanguage\":\"de\"}]}<\/script>\n<!-- \/ Yoast SEO plugin. -->","yoast_head_json":{"title":"Drehstuhl Serie 300-NEN Lendenwirbelst\u00fctze - Schaffenburg","description":"Optimieren Sie Ihre Arbeitshaltung und beugen Sie R\u00fcckenschmerzen vor mit unserer Lendenwirbelst\u00fctze f\u00fcr den B\u00fcrostuhl der Serie 300-NEN.","robots":{"index":"index","follow":"follow","max-snippet":"max-snippet:-1","max-image-preview":"max-image-preview:large","max-video-preview":"max-video-preview:-1"},"canonical":"https:\/\/portal.schaffenburg.nl\/de\/produkt\/drehstuhl-serie-300-nen-lendenwirbelstuetze\/","og_locale":"de_DE","og_type":"article","og_title":"Drehstuhl Serie 300-NEN Lendenwirbelst\u00fctze - Schaffenburg","og_description":"Optimieren Sie Ihre Arbeitshaltung und beugen Sie R\u00fcckenschmerzen vor mit unserer Lendenwirbelst\u00fctze f\u00fcr den B\u00fcrostuhl der Serie 300-NEN.","og_url":"https:\/\/portal.schaffenburg.nl\/de\/produkt\/drehstuhl-serie-300-nen-lendenwirbelstuetze\/","og_site_name":"Schaffenburg","article_modified_time":"2018-10-02T15:39:37+00:00","og_image":[{"width":804,"height":1200,"url":"https:\/\/portal.schaffenburg.nl\/wp-content\/uploads\/2024\/09\/ATO-300-LUMB.jpg?wsr","type":"image\/jpeg"}],"twitter_card":"summary_large_image","twitter_misc":{"Gesch\u00e4tzte Lesezeit":"2\u00a0Minuten"},"schema":{"@context":"https:\/\/schema.org","@graph":[{"@type":"WebPage","@id":"https:\/\/portal.schaffenburg.nl\/de\/produkt\/drehstuhl-serie-300-nen-lendenwirbelstuetze\/","url":"https:\/\/portal.schaffenburg.nl\/de\/produkt\/drehstuhl-serie-300-nen-lendenwirbelstuetze\/","name":"Drehstuhl Serie 300-NEN Lendenwirbelst\u00fctze - Schaffenburg","isPartOf":{"@id":"https:\/\/portal.schaffenburg.nl\/de\/#website"},"primaryImageOfPage":{"@id":"https:\/\/portal.schaffenburg.nl\/de\/produkt\/drehstuhl-serie-300-nen-lendenwirbelstuetze\/#primaryimage"},"image":{"@id":"https:\/\/portal.schaffenburg.nl\/de\/produkt\/drehstuhl-serie-300-nen-lendenwirbelstuetze\/#primaryimage"},"thumbnailUrl":"https:\/\/portal.schaffenburg.nl\/wp-content\/uploads\/2024\/09\/ATO-300-LUMB.jpg?wsr","datePublished":"2018-10-02T13:39:37+00:00","dateModified":"2018-10-02T15:39:37+00:00","description":"Optimieren Sie Ihre Arbeitshaltung und beugen Sie R\u00fcckenschmerzen vor mit unserer Lendenwirbelst\u00fctze f\u00fcr den B\u00fcrostuhl der Serie 300-NEN.","breadcrumb":{"@id":"https:\/\/portal.schaffenburg.nl\/de\/produkt\/drehstuhl-serie-300-nen-lendenwirbelstuetze\/#breadcrumb"},"inLanguage":"de","potentialAction":[{"@type":"ReadAction","target":["https:\/\/portal.schaffenburg.nl\/de\/produkt\/drehstuhl-serie-300-nen-lendenwirbelstuetze\/"]}]},{"@type":"ImageObject","inLanguage":"de","@id":"https:\/\/portal.schaffenburg.nl\/de\/produkt\/drehstuhl-serie-300-nen-lendenwirbelstuetze\/#primaryimage","url":"https:\/\/portal.schaffenburg.nl\/wp-content\/uploads\/2024\/09\/ATO-300-LUMB.jpg?wsr","contentUrl":"https:\/\/portal.schaffenburg.nl\/wp-content\/uploads\/2024\/09\/ATO-300-LUMB.jpg?wsr","width":804,"height":1200,"caption":"Lendenwirbelst\u00fctze 300"},{"@type":"BreadcrumbList","@id":"https:\/\/portal.schaffenburg.nl\/de\/produkt\/drehstuhl-serie-300-nen-lendenwirbelstuetze\/#breadcrumb","itemListElement":[{"@type":"ListItem","position":1,"name":"Home","item":"https:\/\/portal.schaffenburg.nl\/de\/"},{"@type":"ListItem","position":2,"name":"Drehstuhl Serie 300-NEN Lendenwirbelst\u00fctze"}]},{"@type":"WebSite","@id":"https:\/\/portal.schaffenburg.nl\/de\/#website","url":"https:\/\/portal.schaffenburg.nl\/de\/","name":"Schaffenburg","description":"","potentialAction":[{"@type":"SearchAction","target":{"@type":"EntryPoint","urlTemplate":"https:\/\/portal.schaffenburg.nl\/de\/?s={search_term_string}"},"query-input":{"@type":"PropertyValueSpecification","valueRequired":true,"valueName":"search_term_string"}}],"inLanguage":"de"}]}},"_links":{"self":[{"href":"https:\/\/portal.schaffenburg.nl\/de\/wp-json\/wp\/v2\/product\/33080","targetHints":{"allow":["GET"]}}],"collection":[{"href":"https:\/\/portal.schaffenburg.nl\/de\/wp-json\/wp\/v2\/product"}],"about":[{"href":"https:\/\/portal.schaffenburg.nl\/de\/wp-json\/wp\/v2\/types\/product"}],"replies":[{"embeddable":true,"href":"https:\/\/portal.schaffenburg.nl\/de\/wp-json\/wp\/v2\/comments?post=33080"}],"wp:featuredmedia":[{"embeddable":true,"href":"https:\/\/portal.schaffenburg.nl\/de\/wp-json\/wp\/v2\/media\/22352"}],"wp:attachment":[{"href":"https:\/\/portal.schaffenburg.nl\/de\/wp-json\/wp\/v2\/media?parent=33080"}],"wp:term":[{"taxonomy":"product_brand","embeddable":true,"href":"https:\/\/portal.schaffenburg.nl\/de\/wp-json\/wp\/v2\/product_brand?post=33080"},{"taxonomy":"product_cat","embeddable":true,"href":"https:\/\/portal.schaffenburg.nl\/de\/wp-json\/wp\/v2\/product_cat?post=33080"},{"taxonomy":"product_tag","embeddable":true,"href":"https:\/\/portal.schaffenburg.nl\/de\/wp-json\/wp\/v2\/product_tag?post=33080"}],"curies":[{"name":"wp","href":"https:\/\/api.w.org\/{rel}","templated":true}]}}