{"id":33084,"date":"2018-10-02T15:39:46","date_gmt":"2018-10-02T13:39:46","guid":{"rendered":"https:\/\/staging-schaffenburg.nl\/product\/kabelschelle\/"},"modified":"2018-10-02T15:39:46","modified_gmt":"2018-10-02T15:39:46","slug":"kabelschelle","status":"publish","type":"product","link":"https:\/\/portal.schaffenburg.nl\/de\/produkt\/kabelschelle\/","title":{"rendered":"Kabelschelle"},"content":{"rendered":"Die perfekte L\u00f6sung f\u00fcr unordentliche Kabel und Schn\u00fcre! Mit unserem praktischen Kabelclip geh\u00f6ren l\u00e4stige Kabel, die unter Ihrer Tischplatte herumliegen, der Vergangenheit an. \nBefestigen Sie den Clip einfach unter der Tischplatte und genie\u00dfen Sie einen aufger\u00e4umten Arbeitsbereich. Die Abmessungen des Clips sind 20 x 130 mm und passen auf jede Tischplatte. \nErh\u00e4ltlich in der Farbe Schwarz, passt unser Clip perfekt zu jeder Einrichtung. Au\u00dferdem ist der Kabelclip aus strapazierf\u00e4higem Material gefertigt, so dass Sie lange Freude daran haben werden. \nDie Verwendung unseres Kabelclips ist super einfach und spart Ihnen viel Zeit und Frustration. Die Suche nach dem richtigen Kabel in einem Wirrwarr von anderen Kabeln entf\u00e4llt. \nMit unserem Kabelclip bleibt alles ordentlich und organisiert und Sie k\u00f6nnen sich auf Ihre Arbeit konzentrieren, ohne durch unordentliche Kabel gest\u00f6rt zu werden. Dieser kleine Clip macht einen gro\u00dfen Unterschied in Ihrer Arbeitsumgebung. \nDie Kabelklemme ist auch eine gro\u00dfartige M\u00f6glichkeit, Ihren Arbeitsplatz aufger\u00e4umt zu halten und ihm ein professionelles Aussehen zu verleihen. Wenn Sie Besuch haben, m\u00f6chten Sie nicht, dass dieser durch herumliegende Kabel abgelenkt wird. \nF\u00fcr Elektrifizierungsl\u00f6sungen und Kabelmanagement k\u00f6nnen Sie auch einen Blick in unseren Bereich<a href=\"https:\/\/www.schaffenburg.nl\/product-category\/snellever\/accessoires-snellever\/\">&#8218;Zubeh\u00f6r<\/a>&#8218; werfen.<br \/>\nWir haben auch eine Auswahl an <a href=\"https:\/\/www.schaffenburg.nl\/?s=monitorarm\">Monitorarmen<\/a>, die z.B. \u00fcber ein Kabelmanagement oder ein integriertes Kabelmanagement verf\u00fcgen.<br \/>\nNat\u00fcrlich k\u00f6nnen wir unsere Schreibtische oder Konferenztische auch f\u00fcr Sie <a href=\"https:\/\/www.schaffenburg.nl\/?s=s-mont\">vorbohren<\/a>, so dass die Kabel an einem einzigen Punkt verlegt werden.\nBestellen Sie jetzt unseren Kabelclip und schaffen Sie im Handumdrehen einen aufger\u00e4umten Arbeitsplatz. Kein \u00c4rger mehr mit losen Kabeln und Schn\u00fcren unter Ihrer Tischplatte. Es ist an der Zeit, einen aufger\u00e4umten Arbeitsplatz ohne Ablenkungen zu genie\u00dfen.  \n<h6>Eigenschaften<\/h6>\n<ul>\n<li>Abmessungen: 20 x 130 mm<\/li>\n<li>Unter der Tischplatte 16 mm (Mindesttiefe f\u00fcr die Befestigung)<\/li>\n<li>Farbe: Schwarz<\/li>\n<\/ul>\n","protected":false},"excerpt":{"rendered":"<p>Unser Kabelclip bietet eine praktische L\u00f6sung f\u00fcr unordentliche Kabel und Schn\u00fcre unter Ihrer Tischplatte. Indem Sie den Clip einfach unter der Tischplatte anbringen, sorgen Sie f\u00fcr einen aufger\u00e4umten Arbeitsbereich. Der Clip misst 20 x 130 mm und ist in Schwarz erh\u00e4ltlich.  <\/p>\n","protected":false},"featured_media":22358,"comment_status":"closed","ping_status":"closed","template":"","meta":{"_acf_changed":false},"product_brand":[],"product_cat":[2415,2140,2616],"product_tag":[2469,3251,5813,2471,3325,5815,2472,3444,5817,2475,3562,5818,2582,3599,5820,2620,4088,5821,2623,4097,5822,2624,4465,5823,2626,4466,5824,2638,5303,2641,5402,2145,2713,5636,2151,2724,5804,2164,3117,5805,2429,3132,5806,2467,3133,5811],"class_list":{"0":"post-33084","1":"product","2":"type-product","3":"status-publish","4":"has-post-thumbnail","6":"product_cat-schreibtisch-tischzubehor","7":"product_cat-schnelle-lieferung","8":"product_cat-kabelfuhrung","9":"product_tag-zubehor","10":"product_tag-tabelle-zubehor","11":"product_tag-flexible-montage","12":"product_tag-effizient","13":"product_tag-burobedarf","14":"product_tag-kabelschelle","15":"product_tag-handy","16":"product_tag-montage-de","17":"product_tag-weniger-ablenkungen","18":"product_tag-kompakt","19":"product_tag-schnure","20":"product_tag-weniger-stress","21":"product_tag-einfach-de-2","22":"product_tag-platzsparend","23":"product_tag-aufgeraumter-arbeitsplatz","24":"product_tag-kabelmanagement-de","25":"product_tag-konzentration","26":"product_tag-organisieren-sie","27":"product_tag-zubehor-fur-den-schreibtisch","28":"product_tag-langlebiges-material","29":"product_tag-unubersichtlich","30":"product_tag-desktop-de","31":"product_tag-buro-accessoire","32":"product_tag-tischorganisator","33":"product_tag-kabelmanagement-de-2","34":"product_tag-schreibtisch-losung","35":"product_tag-arbeitsbereich-optimieren","36":"product_tag-schreibtisch-accessoire","37":"product_tag-kabelspeicher","38":"product_tag-ergonomie-de","39":"product_tag-schreibtischlosungen","40":"product_tag-schwarz","41":"product_tag-minimalistisch-de","42":"product_tag-zeit-sparen","43":"product_tag-professionell","44":"product_tag-gepflegt","45":"product_tag-zubehor-fur-kabel","46":"product_tag-praktisch-de","47":"product_tag-tischplatte","48":"product_tag-schreibtisch-organizer","49":"product_tag-organisiert","50":"product_tag-arbeitsplatz-de","51":"product_tag-computerzubehor","52":"product_tag-produktivitat","53":"product_tag-zubehoer","54":"product_tag-kabelverwaltung","55":"pa_kleuren-accessoires-schwarz","57":"first","58":"instock","59":"purchasable","60":"product-type-simple"},"acf":{"downloads":null},"yoast_head":"<!-- This site is optimized with the Yoast SEO plugin v26.7 - https:\/\/yoast.com\/wordpress\/plugins\/seo\/ -->\n<title>Kabelschelle - Lose Kabel befestigen - Schaffenburg<\/title>\n<meta name=\"description\" content=\"Organisieren Sie Ihren Arbeitsbereich mit unserer praktischen Kabelklemme! Befestigen Sie den Clip unter der Tischplatte und genie\u00dfen Sie einen aufger\u00e4umten Arbeitsbereich.\" \/>\n<meta name=\"robots\" content=\"index, follow, max-snippet:-1, max-image-preview:large, max-video-preview:-1\" \/>\n<link rel=\"canonical\" href=\"https:\/\/portal.schaffenburg.nl\/de\/produkt\/kabelschelle\/\" \/>\n<meta property=\"og:locale\" content=\"de_DE\" \/>\n<meta property=\"og:type\" content=\"article\" \/>\n<meta property=\"og:title\" content=\"Kabelschelle - Lose Kabel befestigen - Schaffenburg\" \/>\n<meta property=\"og:description\" content=\"Organisieren Sie Ihren Arbeitsbereich mit unserer praktischen Kabelklemme! Befestigen Sie den Clip unter der Tischplatte und genie\u00dfen Sie einen aufger\u00e4umten Arbeitsbereich.\" \/>\n<meta property=\"og:url\" content=\"https:\/\/portal.schaffenburg.nl\/de\/produkt\/kabelschelle\/\" \/>\n<meta property=\"og:site_name\" content=\"Schaffenburg\" \/>\n<meta property=\"article:modified_time\" content=\"2018-10-02T15:39:46+00:00\" \/>\n<meta property=\"og:image\" content=\"https:\/\/portal.schaffenburg.nl\/wp-content\/uploads\/2024\/09\/accessoire_kabelclip.jpg?wsr\" \/>\n\t<meta property=\"og:image:width\" content=\"933\" \/>\n\t<meta property=\"og:image:height\" content=\"933\" \/>\n\t<meta property=\"og:image:type\" content=\"image\/jpeg\" \/>\n<meta name=\"twitter:card\" content=\"summary_large_image\" \/>\n<meta name=\"twitter:label1\" content=\"Gesch\u00e4tzte Lesezeit\" \/>\n\t<meta name=\"twitter:data1\" content=\"2\u00a0Minuten\" \/>\n<script type=\"application\/ld+json\" class=\"yoast-schema-graph\">{\"@context\":\"https:\/\/schema.org\",\"@graph\":[{\"@type\":\"WebPage\",\"@id\":\"https:\/\/portal.schaffenburg.nl\/de\/produkt\/kabelschelle\/\",\"url\":\"https:\/\/portal.schaffenburg.nl\/de\/produkt\/kabelschelle\/\",\"name\":\"Kabelschelle - Lose Kabel befestigen - Schaffenburg\",\"isPartOf\":{\"@id\":\"https:\/\/portal.schaffenburg.nl\/de\/#website\"},\"primaryImageOfPage\":{\"@id\":\"https:\/\/portal.schaffenburg.nl\/de\/produkt\/kabelschelle\/#primaryimage\"},\"image\":{\"@id\":\"https:\/\/portal.schaffenburg.nl\/de\/produkt\/kabelschelle\/#primaryimage\"},\"thumbnailUrl\":\"https:\/\/portal.schaffenburg.nl\/wp-content\/uploads\/2024\/09\/accessoire_kabelclip.jpg?wsr\",\"datePublished\":\"2018-10-02T13:39:46+00:00\",\"dateModified\":\"2018-10-02T15:39:46+00:00\",\"description\":\"Organisieren Sie Ihren Arbeitsbereich mit unserer praktischen Kabelklemme! Befestigen Sie den Clip unter der Tischplatte und genie\u00dfen Sie einen aufger\u00e4umten Arbeitsbereich.\",\"breadcrumb\":{\"@id\":\"https:\/\/portal.schaffenburg.nl\/de\/produkt\/kabelschelle\/#breadcrumb\"},\"inLanguage\":\"de\",\"potentialAction\":[{\"@type\":\"ReadAction\",\"target\":[\"https:\/\/portal.schaffenburg.nl\/de\/produkt\/kabelschelle\/\"]}]},{\"@type\":\"ImageObject\",\"inLanguage\":\"de\",\"@id\":\"https:\/\/portal.schaffenburg.nl\/de\/produkt\/kabelschelle\/#primaryimage\",\"url\":\"https:\/\/portal.schaffenburg.nl\/wp-content\/uploads\/2024\/09\/accessoire_kabelclip.jpg?wsr\",\"contentUrl\":\"https:\/\/portal.schaffenburg.nl\/wp-content\/uploads\/2024\/09\/accessoire_kabelclip.jpg?wsr\",\"width\":933,\"height\":933,\"caption\":\"Kabelschelle\"},{\"@type\":\"BreadcrumbList\",\"@id\":\"https:\/\/portal.schaffenburg.nl\/de\/produkt\/kabelschelle\/#breadcrumb\",\"itemListElement\":[{\"@type\":\"ListItem\",\"position\":1,\"name\":\"Home\",\"item\":\"https:\/\/portal.schaffenburg.nl\/de\/\"},{\"@type\":\"ListItem\",\"position\":2,\"name\":\"Kabelschelle\"}]},{\"@type\":\"WebSite\",\"@id\":\"https:\/\/portal.schaffenburg.nl\/de\/#website\",\"url\":\"https:\/\/portal.schaffenburg.nl\/de\/\",\"name\":\"Schaffenburg\",\"description\":\"\",\"potentialAction\":[{\"@type\":\"SearchAction\",\"target\":{\"@type\":\"EntryPoint\",\"urlTemplate\":\"https:\/\/portal.schaffenburg.nl\/de\/?s={search_term_string}\"},\"query-input\":{\"@type\":\"PropertyValueSpecification\",\"valueRequired\":true,\"valueName\":\"search_term_string\"}}],\"inLanguage\":\"de\"}]}<\/script>\n<!-- \/ Yoast SEO plugin. -->","yoast_head_json":{"title":"Kabelschelle - Lose Kabel befestigen - Schaffenburg","description":"Organisieren Sie Ihren Arbeitsbereich mit unserer praktischen Kabelklemme! Befestigen Sie den Clip unter der Tischplatte und genie\u00dfen Sie einen aufger\u00e4umten Arbeitsbereich.","robots":{"index":"index","follow":"follow","max-snippet":"max-snippet:-1","max-image-preview":"max-image-preview:large","max-video-preview":"max-video-preview:-1"},"canonical":"https:\/\/portal.schaffenburg.nl\/de\/produkt\/kabelschelle\/","og_locale":"de_DE","og_type":"article","og_title":"Kabelschelle - Lose Kabel befestigen - Schaffenburg","og_description":"Organisieren Sie Ihren Arbeitsbereich mit unserer praktischen Kabelklemme! Befestigen Sie den Clip unter der Tischplatte und genie\u00dfen Sie einen aufger\u00e4umten Arbeitsbereich.","og_url":"https:\/\/portal.schaffenburg.nl\/de\/produkt\/kabelschelle\/","og_site_name":"Schaffenburg","article_modified_time":"2018-10-02T15:39:46+00:00","og_image":[{"width":933,"height":933,"url":"https:\/\/portal.schaffenburg.nl\/wp-content\/uploads\/2024\/09\/accessoire_kabelclip.jpg?wsr","type":"image\/jpeg"}],"twitter_card":"summary_large_image","twitter_misc":{"Gesch\u00e4tzte Lesezeit":"2\u00a0Minuten"},"schema":{"@context":"https:\/\/schema.org","@graph":[{"@type":"WebPage","@id":"https:\/\/portal.schaffenburg.nl\/de\/produkt\/kabelschelle\/","url":"https:\/\/portal.schaffenburg.nl\/de\/produkt\/kabelschelle\/","name":"Kabelschelle - Lose Kabel befestigen - Schaffenburg","isPartOf":{"@id":"https:\/\/portal.schaffenburg.nl\/de\/#website"},"primaryImageOfPage":{"@id":"https:\/\/portal.schaffenburg.nl\/de\/produkt\/kabelschelle\/#primaryimage"},"image":{"@id":"https:\/\/portal.schaffenburg.nl\/de\/produkt\/kabelschelle\/#primaryimage"},"thumbnailUrl":"https:\/\/portal.schaffenburg.nl\/wp-content\/uploads\/2024\/09\/accessoire_kabelclip.jpg?wsr","datePublished":"2018-10-02T13:39:46+00:00","dateModified":"2018-10-02T15:39:46+00:00","description":"Organisieren Sie Ihren Arbeitsbereich mit unserer praktischen Kabelklemme! Befestigen Sie den Clip unter der Tischplatte und genie\u00dfen Sie einen aufger\u00e4umten Arbeitsbereich.","breadcrumb":{"@id":"https:\/\/portal.schaffenburg.nl\/de\/produkt\/kabelschelle\/#breadcrumb"},"inLanguage":"de","potentialAction":[{"@type":"ReadAction","target":["https:\/\/portal.schaffenburg.nl\/de\/produkt\/kabelschelle\/"]}]},{"@type":"ImageObject","inLanguage":"de","@id":"https:\/\/portal.schaffenburg.nl\/de\/produkt\/kabelschelle\/#primaryimage","url":"https:\/\/portal.schaffenburg.nl\/wp-content\/uploads\/2024\/09\/accessoire_kabelclip.jpg?wsr","contentUrl":"https:\/\/portal.schaffenburg.nl\/wp-content\/uploads\/2024\/09\/accessoire_kabelclip.jpg?wsr","width":933,"height":933,"caption":"Kabelschelle"},{"@type":"BreadcrumbList","@id":"https:\/\/portal.schaffenburg.nl\/de\/produkt\/kabelschelle\/#breadcrumb","itemListElement":[{"@type":"ListItem","position":1,"name":"Home","item":"https:\/\/portal.schaffenburg.nl\/de\/"},{"@type":"ListItem","position":2,"name":"Kabelschelle"}]},{"@type":"WebSite","@id":"https:\/\/portal.schaffenburg.nl\/de\/#website","url":"https:\/\/portal.schaffenburg.nl\/de\/","name":"Schaffenburg","description":"","potentialAction":[{"@type":"SearchAction","target":{"@type":"EntryPoint","urlTemplate":"https:\/\/portal.schaffenburg.nl\/de\/?s={search_term_string}"},"query-input":{"@type":"PropertyValueSpecification","valueRequired":true,"valueName":"search_term_string"}}],"inLanguage":"de"}]}},"_links":{"self":[{"href":"https:\/\/portal.schaffenburg.nl\/de\/wp-json\/wp\/v2\/product\/33084","targetHints":{"allow":["GET"]}}],"collection":[{"href":"https:\/\/portal.schaffenburg.nl\/de\/wp-json\/wp\/v2\/product"}],"about":[{"href":"https:\/\/portal.schaffenburg.nl\/de\/wp-json\/wp\/v2\/types\/product"}],"replies":[{"embeddable":true,"href":"https:\/\/portal.schaffenburg.nl\/de\/wp-json\/wp\/v2\/comments?post=33084"}],"wp:featuredmedia":[{"embeddable":true,"href":"https:\/\/portal.schaffenburg.nl\/de\/wp-json\/wp\/v2\/media\/22358"}],"wp:attachment":[{"href":"https:\/\/portal.schaffenburg.nl\/de\/wp-json\/wp\/v2\/media?parent=33084"}],"wp:term":[{"taxonomy":"product_brand","embeddable":true,"href":"https:\/\/portal.schaffenburg.nl\/de\/wp-json\/wp\/v2\/product_brand?post=33084"},{"taxonomy":"product_cat","embeddable":true,"href":"https:\/\/portal.schaffenburg.nl\/de\/wp-json\/wp\/v2\/product_cat?post=33084"},{"taxonomy":"product_tag","embeddable":true,"href":"https:\/\/portal.schaffenburg.nl\/de\/wp-json\/wp\/v2\/product_tag?post=33084"}],"curies":[{"name":"wp","href":"https:\/\/api.w.org\/{rel}","templated":true}]}}