{"id":33090,"date":"2018-10-02T13:58:16","date_gmt":"2018-10-02T11:58:16","guid":{"rendered":"https:\/\/staging-schaffenburg.nl\/product\/drehstuhl-serie-045\/"},"modified":"2018-10-02T13:58:16","modified_gmt":"2018-10-02T13:58:16","slug":"drehstuhl-serie-045","status":"publish","type":"product","link":"https:\/\/portal.schaffenburg.nl\/de\/produkt\/drehstuhl-serie-045\/","title":{"rendered":"Drehstuhl Serie 045"},"content":{"rendered":"Sind Sie auf der Suche nach einem bequemen und praktischen B\u00fcrostuhl f\u00fcr Ihr B\u00fcro oder Ihr Zuhause? Dann ist der B\u00fcrostuhl der Serie 045 die perfekte Wahl f\u00fcr Sie! Dieser B\u00fcrostuhl bietet hervorragende Ergonomie und hohe Qualit\u00e4t zu einem g\u00fcnstigen Preis.  \nDer 045 hat dank seiner schwarzen Netzr\u00fcckenlehne und dem gepolsterten Sitz ein elegantes Aussehen. Die Sitzh\u00f6he ist zwischen 43,5 und 50,5 cm verstellbar, so dass dieser B\u00fcrostuhl f\u00fcr Menschen mit unterschiedlicher K\u00f6rpergr\u00f6\u00dfe geeignet ist. Die feste R\u00fcckenlehne bietet zus\u00e4tzliche Unterst\u00fctzung f\u00fcr den R\u00fccken, w\u00e4hrend die verstellbaren Armlehnen in H\u00f6he und Breite angepasst werden k\u00f6nnen und so f\u00fcr zus\u00e4tzlichen Komfort sorgen.  \nDie 3D-Armpolster sorgen f\u00fcr eine nat\u00fcrliche Position der Arme und beugen Nacken-, Schulter- und Armbeschwerden vor. Die Kippmechanik mit synchroner Einstellung und permanentem R\u00fcckenkontakt sorgt daf\u00fcr, dass sich der Stuhl Ihrer Haltung und Ihren Bewegungen anpasst, w\u00e4hrend die gewichtsabh\u00e4ngige Neigungseinstellung daf\u00fcr sorgt, dass der Stuhl w\u00e4hrend der Benutzung stabil bleibt. \nEr entspricht der Norm NEN 1335 und hat eine Gasfeder der Klasse 3. Das verst\u00e4rkte Fu\u00dfkreuz aus poliertem Aluminium und die halb gebremsten Rollen f\u00fcr harte B\u00f6den machen diesen B\u00fcrostuhl besonders robust und langlebig. Dar\u00fcber hinaus hat der Stoff des Stuhls einen Martindale-Wert von 50.000, was f\u00fcr eine hohe Verschlei\u00dffestigkeit steht.  \nDer B\u00fcrostuhl kann auch mit dem Konferenzstuhl 045 kombiniert werden und sorgt so f\u00fcr ein einheitliches Erscheinungsbild in Ihrem B\u00fcro oder Konferenzraum.\nEr ist die ideale Wahl f\u00fcr alle, die einen bequemen, ergonomischen und langlebigen B\u00fcrostuhl zu einem g\u00fcnstigen Preis suchen. Warten Sie nicht l\u00e4nger und bestellen Sie Ihren B\u00fcrostuhl der Serie 045 noch heute! \n<h6>Eigenschaften<\/h6>\n<ul>\n<li>Netzr\u00fccken und gepolsterter Sitz schwarz<\/li>\n<li>Sitzh\u00f6henverstellung (43,5-50,5 cm)<\/li>\n<li>Fester R\u00fccken<\/li>\n<li>Armlehnen in H\u00f6he und Breite verstellbar<\/li>\n<li>3D Achselpolster<\/li>\n<li>Kippmechanismus mit synchroner Einstellung<\/li>\n<li>Permanenter R\u00fcckkontakt<\/li>\n<li>Gewichtsabh\u00e4ngige Neigungsverstellung<\/li>\n<li>Gasfeder Klasse 3<\/li>\n<li>Verst\u00e4rkte Basis aus poliertem Aluminium<\/li>\n<li>Halbgebremste R\u00e4der f\u00fcr harte B\u00f6den<\/li>\n<li>Stoff 50.000 Martindale<\/li>\n<li>Entspricht der Norm NEN 1335<\/li>\n<li>Zu kombinieren mit <a href=\"https:\/\/www.schaffenburg.nl\/shop\/snellever\/zitten-snellever\/conferentiestoelen-snellever\/conferentiestoel-serie-045\/\" target=\"_blank\" rel=\"noopener noreferrer\">045 Konferenzstuhl <\/a> <\/li>\n<li>Belastbares Gewicht: 120 kg<\/li>\n<\/ul>\n","protected":false},"excerpt":{"rendered":"<p>Der B\u00fcrostuhl der Serie 045 ist ein bequemer und praktischer B\u00fcrostuhl mit einem eleganten Aussehen. Mit verstellbarer Sitzh\u00f6he, Armlehnen und Hebemechanismus bietet dieser Stuhl hervorragende Ergonomie und hohe Qualit\u00e4t. Er entspricht der DIN 1335 und kann mit dem Konferenzstuhl 045 kombiniert werden.  <\/p>\n","protected":false},"featured_media":16560,"comment_status":"closed","ping_status":"closed","template":"","meta":{"_acf_changed":false},"product_brand":[],"product_cat":[2140,3052],"product_tag":[2711,3685,5843,2718,3956,5844,2781,3998,5845,2142,3053,4054,5846,2143,3054,4055,5847,2144,3056,4056,5848,2145,3057,4057,5849,2147,3059,4092,2153,3060,4094,2154,3061,4160,2285,3062,4350,2467,3113,5663,2572,3384,5740,2575,3620,5838,2576,3683,5840,2641,3684,5842],"class_list":{"0":"post-33090","1":"product","2":"type-product","3":"status-publish","4":"has-post-thumbnail","6":"product_cat-schnelle-lieferung","7":"product_cat-buerostuehle","8":"product_tag-bequem-de","9":"product_tag-gesundheit","10":"product_tag-gasfeder-klasse-3","11":"product_tag-sitzhohe","12":"product_tag-startseite","13":"product_tag-gebremste-rader","14":"product_tag-hohe-qualitat","15":"product_tag-ruckenstutze","16":"product_tag-gutes-preis-qualitats-verhaltnis","17":"product_tag-komfort","18":"product_tag-3d-armpads-de","19":"product_tag-verstarkte-basis-aus-poliertem-aluminium","20":"product_tag-beschwerden","21":"product_tag-nachhaltig","22":"product_tag-buerostuhl","23":"product_tag-sitz-gepolstert","24":"product_tag-korperhaltung-de","25":"product_tag-stuhl","26":"product_tag-gewichtsabhaengige-neigungsverstellung","27":"product_tag-rucken-aus-mesh","28":"product_tag-nackenschmerzen-de","29":"product_tag-schwarz","30":"product_tag-harte-boeden","31":"product_tag-nen-1335-de","32":"product_tag-schulterschmerzen","33":"product_tag-konferenzstuhl","34":"product_tag-permanenter-rueckkontakt","35":"product_tag-bewegung","36":"product_tag-nachhaltigkeit","37":"product_tag-synchrone-einstellung","38":"product_tag-pravention","39":"product_tag-stabilitat","40":"product_tag-kippmechanismus","41":"product_tag-armlehnen-de","42":"product_tag-buro","43":"product_tag-fester-ruecken","44":"product_tag-hohe-qualitat-de","45":"product_tag-produktivitat","46":"product_tag-verschleissfestigkeit","47":"product_tag-ansprechendes-design","48":"product_tag-elegant-de","49":"product_tag-burogestaltung","50":"product_tag-ruckenschmerzen-de","51":"product_tag-kombination","52":"product_tag-einheitliches-erscheinungsbild","53":"product_tag-lederimitat","54":"product_tag-soliditat","55":"product_tag-einstellbar-de","56":"product_tag-armschmerzen","57":"product_tag-ergonomie-de","58":"product_tag-ergonomisch-einwandfrei","59":"product_tag-ergonomisches-design-de","60":"pa_stoffering-blau","61":"pa_stoffering-rot","62":"pa_stoffering-schwarz","64":"first","65":"instock","66":"purchasable","67":"product-type-simple"},"acf":{"downloads":[{"label":"045-manuelle-montage-franz\u00f6sisch","bestand":26632,"toegankelijkheid":"resellers"},{"label":"factsheet-serie-045-v1","bestand":26634,"toegankelijkheid":"resellers"},{"label":"faktenblatt-serie-045-englisch","bestand":26636,"toegankelijkheid":"resellers"},{"label":"faktenblatt-serie-045-franz\u00f6sisch","bestand":26638,"toegankelijkheid":"resellers"},{"label":"045-manuelle-montage-englisch","bestand":26640,"toegankelijkheid":"resellers"},{"label":"faktenblatt-serie-045","bestand":26642,"toegankelijkheid":"resellers"},{"label":"045 manuelle Montage","bestand":26644,"toegankelijkheid":"resellers"}]},"yoast_head":"<!-- This site is optimized with the Yoast SEO plugin v26.7 - https:\/\/yoast.com\/wordpress\/plugins\/seo\/ -->\n<title>Drehstuhl Serie 045 - Entspricht der NEN 1335 - Schaffenburg<\/title>\n<meta name=\"description\" content=\"Drehstuhl Serie 045: mit verstellbarer Sitzh\u00f6he, Armlehnen und Hebemechanismus f\u00fcr hervorragende Ergonomie und hohe Qualit\u00e4t.\" \/>\n<meta name=\"robots\" content=\"index, follow, max-snippet:-1, max-image-preview:large, max-video-preview:-1\" \/>\n<link rel=\"canonical\" href=\"https:\/\/portal.schaffenburg.nl\/de\/produkt\/drehstuhl-serie-045\/\" \/>\n<meta property=\"og:locale\" content=\"de_DE\" \/>\n<meta property=\"og:type\" content=\"article\" \/>\n<meta property=\"og:title\" content=\"Drehstuhl Serie 045 - Entspricht der NEN 1335 - Schaffenburg\" \/>\n<meta property=\"og:description\" content=\"Drehstuhl Serie 045: mit verstellbarer Sitzh\u00f6he, Armlehnen und Hebemechanismus f\u00fcr hervorragende Ergonomie und hohe Qualit\u00e4t.\" \/>\n<meta property=\"og:url\" content=\"https:\/\/portal.schaffenburg.nl\/de\/produkt\/drehstuhl-serie-045\/\" \/>\n<meta property=\"og:site_name\" content=\"Schaffenburg\" \/>\n<meta property=\"article:modified_time\" content=\"2018-10-02T13:58:16+00:00\" \/>\n<meta property=\"og:image\" content=\"https:\/\/portal.schaffenburg.nl\/wp-content\/uploads\/2024\/09\/045_prod.jpg?wsr\" \/>\n\t<meta property=\"og:image:width\" content=\"800\" \/>\n\t<meta property=\"og:image:height\" content=\"800\" \/>\n\t<meta property=\"og:image:type\" content=\"image\/jpeg\" \/>\n<meta name=\"twitter:card\" content=\"summary_large_image\" \/>\n<meta name=\"twitter:label1\" content=\"Gesch\u00e4tzte Lesezeit\" \/>\n\t<meta name=\"twitter:data1\" content=\"2\u00a0Minuten\" \/>\n<script type=\"application\/ld+json\" class=\"yoast-schema-graph\">{\"@context\":\"https:\/\/schema.org\",\"@graph\":[{\"@type\":\"WebPage\",\"@id\":\"https:\/\/portal.schaffenburg.nl\/de\/produkt\/drehstuhl-serie-045\/\",\"url\":\"https:\/\/portal.schaffenburg.nl\/de\/produkt\/drehstuhl-serie-045\/\",\"name\":\"Drehstuhl Serie 045 - Entspricht der NEN 1335 - Schaffenburg\",\"isPartOf\":{\"@id\":\"https:\/\/portal.schaffenburg.nl\/de\/#website\"},\"primaryImageOfPage\":{\"@id\":\"https:\/\/portal.schaffenburg.nl\/de\/produkt\/drehstuhl-serie-045\/#primaryimage\"},\"image\":{\"@id\":\"https:\/\/portal.schaffenburg.nl\/de\/produkt\/drehstuhl-serie-045\/#primaryimage\"},\"thumbnailUrl\":\"https:\/\/portal.schaffenburg.nl\/wp-content\/uploads\/2024\/09\/045_prod.jpg?wsr\",\"datePublished\":\"2018-10-02T11:58:16+00:00\",\"dateModified\":\"2018-10-02T13:58:16+00:00\",\"description\":\"Drehstuhl Serie 045: mit verstellbarer Sitzh\u00f6he, Armlehnen und Hebemechanismus f\u00fcr hervorragende Ergonomie und hohe Qualit\u00e4t.\",\"breadcrumb\":{\"@id\":\"https:\/\/portal.schaffenburg.nl\/de\/produkt\/drehstuhl-serie-045\/#breadcrumb\"},\"inLanguage\":\"de\",\"potentialAction\":[{\"@type\":\"ReadAction\",\"target\":[\"https:\/\/portal.schaffenburg.nl\/de\/produkt\/drehstuhl-serie-045\/\"]}]},{\"@type\":\"ImageObject\",\"inLanguage\":\"de\",\"@id\":\"https:\/\/portal.schaffenburg.nl\/de\/produkt\/drehstuhl-serie-045\/#primaryimage\",\"url\":\"https:\/\/portal.schaffenburg.nl\/wp-content\/uploads\/2024\/09\/045_prod.jpg?wsr\",\"contentUrl\":\"https:\/\/portal.schaffenburg.nl\/wp-content\/uploads\/2024\/09\/045_prod.jpg?wsr\",\"width\":800,\"height\":800},{\"@type\":\"BreadcrumbList\",\"@id\":\"https:\/\/portal.schaffenburg.nl\/de\/produkt\/drehstuhl-serie-045\/#breadcrumb\",\"itemListElement\":[{\"@type\":\"ListItem\",\"position\":1,\"name\":\"Home\",\"item\":\"https:\/\/portal.schaffenburg.nl\/de\/\"},{\"@type\":\"ListItem\",\"position\":2,\"name\":\"Drehstuhl Serie 045\"}]},{\"@type\":\"WebSite\",\"@id\":\"https:\/\/portal.schaffenburg.nl\/de\/#website\",\"url\":\"https:\/\/portal.schaffenburg.nl\/de\/\",\"name\":\"Schaffenburg\",\"description\":\"\",\"potentialAction\":[{\"@type\":\"SearchAction\",\"target\":{\"@type\":\"EntryPoint\",\"urlTemplate\":\"https:\/\/portal.schaffenburg.nl\/de\/?s={search_term_string}\"},\"query-input\":{\"@type\":\"PropertyValueSpecification\",\"valueRequired\":true,\"valueName\":\"search_term_string\"}}],\"inLanguage\":\"de\"}]}<\/script>\n<!-- \/ Yoast SEO plugin. -->","yoast_head_json":{"title":"Drehstuhl Serie 045 - Entspricht der NEN 1335 - Schaffenburg","description":"Drehstuhl Serie 045: mit verstellbarer Sitzh\u00f6he, Armlehnen und Hebemechanismus f\u00fcr hervorragende Ergonomie und hohe Qualit\u00e4t.","robots":{"index":"index","follow":"follow","max-snippet":"max-snippet:-1","max-image-preview":"max-image-preview:large","max-video-preview":"max-video-preview:-1"},"canonical":"https:\/\/portal.schaffenburg.nl\/de\/produkt\/drehstuhl-serie-045\/","og_locale":"de_DE","og_type":"article","og_title":"Drehstuhl Serie 045 - Entspricht der NEN 1335 - Schaffenburg","og_description":"Drehstuhl Serie 045: mit verstellbarer Sitzh\u00f6he, Armlehnen und Hebemechanismus f\u00fcr hervorragende Ergonomie und hohe Qualit\u00e4t.","og_url":"https:\/\/portal.schaffenburg.nl\/de\/produkt\/drehstuhl-serie-045\/","og_site_name":"Schaffenburg","article_modified_time":"2018-10-02T13:58:16+00:00","og_image":[{"width":800,"height":800,"url":"https:\/\/portal.schaffenburg.nl\/wp-content\/uploads\/2024\/09\/045_prod.jpg?wsr","type":"image\/jpeg"}],"twitter_card":"summary_large_image","twitter_misc":{"Gesch\u00e4tzte Lesezeit":"2\u00a0Minuten"},"schema":{"@context":"https:\/\/schema.org","@graph":[{"@type":"WebPage","@id":"https:\/\/portal.schaffenburg.nl\/de\/produkt\/drehstuhl-serie-045\/","url":"https:\/\/portal.schaffenburg.nl\/de\/produkt\/drehstuhl-serie-045\/","name":"Drehstuhl Serie 045 - Entspricht der NEN 1335 - Schaffenburg","isPartOf":{"@id":"https:\/\/portal.schaffenburg.nl\/de\/#website"},"primaryImageOfPage":{"@id":"https:\/\/portal.schaffenburg.nl\/de\/produkt\/drehstuhl-serie-045\/#primaryimage"},"image":{"@id":"https:\/\/portal.schaffenburg.nl\/de\/produkt\/drehstuhl-serie-045\/#primaryimage"},"thumbnailUrl":"https:\/\/portal.schaffenburg.nl\/wp-content\/uploads\/2024\/09\/045_prod.jpg?wsr","datePublished":"2018-10-02T11:58:16+00:00","dateModified":"2018-10-02T13:58:16+00:00","description":"Drehstuhl Serie 045: mit verstellbarer Sitzh\u00f6he, Armlehnen und Hebemechanismus f\u00fcr hervorragende Ergonomie und hohe Qualit\u00e4t.","breadcrumb":{"@id":"https:\/\/portal.schaffenburg.nl\/de\/produkt\/drehstuhl-serie-045\/#breadcrumb"},"inLanguage":"de","potentialAction":[{"@type":"ReadAction","target":["https:\/\/portal.schaffenburg.nl\/de\/produkt\/drehstuhl-serie-045\/"]}]},{"@type":"ImageObject","inLanguage":"de","@id":"https:\/\/portal.schaffenburg.nl\/de\/produkt\/drehstuhl-serie-045\/#primaryimage","url":"https:\/\/portal.schaffenburg.nl\/wp-content\/uploads\/2024\/09\/045_prod.jpg?wsr","contentUrl":"https:\/\/portal.schaffenburg.nl\/wp-content\/uploads\/2024\/09\/045_prod.jpg?wsr","width":800,"height":800},{"@type":"BreadcrumbList","@id":"https:\/\/portal.schaffenburg.nl\/de\/produkt\/drehstuhl-serie-045\/#breadcrumb","itemListElement":[{"@type":"ListItem","position":1,"name":"Home","item":"https:\/\/portal.schaffenburg.nl\/de\/"},{"@type":"ListItem","position":2,"name":"Drehstuhl Serie 045"}]},{"@type":"WebSite","@id":"https:\/\/portal.schaffenburg.nl\/de\/#website","url":"https:\/\/portal.schaffenburg.nl\/de\/","name":"Schaffenburg","description":"","potentialAction":[{"@type":"SearchAction","target":{"@type":"EntryPoint","urlTemplate":"https:\/\/portal.schaffenburg.nl\/de\/?s={search_term_string}"},"query-input":{"@type":"PropertyValueSpecification","valueRequired":true,"valueName":"search_term_string"}}],"inLanguage":"de"}]}},"_links":{"self":[{"href":"https:\/\/portal.schaffenburg.nl\/de\/wp-json\/wp\/v2\/product\/33090","targetHints":{"allow":["GET"]}}],"collection":[{"href":"https:\/\/portal.schaffenburg.nl\/de\/wp-json\/wp\/v2\/product"}],"about":[{"href":"https:\/\/portal.schaffenburg.nl\/de\/wp-json\/wp\/v2\/types\/product"}],"replies":[{"embeddable":true,"href":"https:\/\/portal.schaffenburg.nl\/de\/wp-json\/wp\/v2\/comments?post=33090"}],"wp:featuredmedia":[{"embeddable":true,"href":"https:\/\/portal.schaffenburg.nl\/de\/wp-json\/wp\/v2\/media\/16560"}],"wp:attachment":[{"href":"https:\/\/portal.schaffenburg.nl\/de\/wp-json\/wp\/v2\/media?parent=33090"}],"wp:term":[{"taxonomy":"product_brand","embeddable":true,"href":"https:\/\/portal.schaffenburg.nl\/de\/wp-json\/wp\/v2\/product_brand?post=33090"},{"taxonomy":"product_cat","embeddable":true,"href":"https:\/\/portal.schaffenburg.nl\/de\/wp-json\/wp\/v2\/product_cat?post=33090"},{"taxonomy":"product_tag","embeddable":true,"href":"https:\/\/portal.schaffenburg.nl\/de\/wp-json\/wp\/v2\/product_tag?post=33090"}],"curies":[{"name":"wp","href":"https:\/\/api.w.org\/{rel}","templated":true}]}}