{"id":33091,"date":"1970-01-01T00:00:00","date_gmt":"1969-12-31T22:00:00","guid":{"rendered":"https:\/\/staging-schaffenburg.nl\/product\/drehstuhl-serie-800-nen\/"},"modified":"1970-01-01T00:00:00","modified_gmt":"1970-01-01T00:00:00","slug":"drehstuhl-serie-800-nen","status":"publish","type":"product","link":"https:\/\/portal.schaffenburg.nl\/de\/produkt\/drehstuhl-serie-800-nen\/","title":{"rendered":"Drehstuhl Serie 800-NEN"},"content":{"rendered":"Der B\u00fcrostuhl 800-NEN bietet unvergleichlichen Komfort und Ergonomie. Dank der innovativen Lendenwirbelst\u00fctze folgt der Stuhl den nat\u00fcrlichen Bewegungen Ihres unteren R\u00fcckens und bietet so auch bei l\u00e4ngerem Sitzen optimalen Halt. \n<div class=\"group\/conversation-turn relative flex w-full min-w-0 flex-col agent-turn\">\n<div class=\"flex-col gap-1 md:gap-3\">\n<div class=\"flex max-w-full flex-col flex-grow\">\n<div class=\"min-h-8 text-message flex w-full flex-col items-end gap-2 whitespace-normal break-words text-start [.text-message+&amp;]:mt-5\" dir=\"auto\" data-message-author-role=\"assistant\" data-message-id=\"dbae0186-fcd9-4427-b5ba-1241f35989f2\" data-message-model-slug=\"gpt-4o-mini\">\n<div class=\"flex w-full flex-col gap-1 empty:hidden first:pt-[3px]\">\n<div class=\"markdown prose w-full break-words dark:prose-invert light\">\nDer synchrone Verstellmechanismus hebt die Ergonomie auf die n\u00e4chste Stufe, indem er daf\u00fcr sorgt, dass sich die R\u00fcckenlehne und der Sitz gleichzeitig in einer nat\u00fcrlichen Bewegung bewegen. Dies f\u00f6rdert eine gesunde Arbeitshaltung und verhindert Muskelverspannungen, was f\u00fcr einen produktiven Arbeitstag entscheidend ist. \nDar\u00fcber hinaus verf\u00fcgt der 800-NEN \u00fcber klar getrennte Einstellhebel, die intuitiv und leicht zu erreichen sind. So k\u00f6nnen Sie den Stuhl schnell und einfach an Ihre pers\u00f6nlichen Vorlieben anpassen, sei es die Sitzh\u00f6he, die Tiefe oder der Winkel der R\u00fcckenlehne. Der Stuhl bietet eine noch nie dagewesene Flexibilit\u00e4t f\u00fcr eine ideale, ergonomische Haltung.  \nDer 800-NEN verbessert nicht nur den Komfort, er optimiert auch Ihre Arbeitshaltung. Perfekt f\u00fcr lange Arbeitstage, B\u00fcroumgebungen und Heimb\u00fcros, wo Nachhaltigkeit, Design und Gesundheit Hand in Hand gehen. Der synchrone Verstellmechanismus erm\u00f6glicht die gleichzeitige Bewegung von R\u00fcckenlehne und Sitz und sorgt so f\u00fcr ein perfektes Gleichgewicht zwischen Komfort und Ergonomie. Die intuitiv bedienbaren Verstellhebel erm\u00f6glichen eine einfache Einstellung und f\u00f6rdern eine gesunde Sitzhaltung. Erleben Sie den Unterschied mit dem 800-NEN, die ideale Wahl f\u00fcr jeden Arbeitsplatz!    \n<\/div>\n<\/div>\n<\/div>\n<\/div>\n<\/div>\n<\/div>\n<h6><em>Eigenschaften<\/em><\/h6>\n<ul>\n<li>Netzr\u00fccken und gepolsterter Sitz schwarz<\/li>\n<li>Sitzbreite: 50 cm<\/li>\n<li>Sitzh\u00f6he: 44,5 - 52,5 cm<\/li>\n<li>Sitztiefe: 40 - 48 cm<\/li>\n<li>Die einzigartige Lendenwirbelverstellung passt sich automatisch dem unteren R\u00fccken an<\/li>\n<li>H\u00f6hen- und breitenverstellbare Armlehnen<\/li>\n<li>4D Achselpolster<\/li>\n<li>Gasfeder Klasse 4<\/li>\n<li>Stoff &gt;40.000 Martindale<\/li>\n<li>Getestet und zertifiziert nach der Norm NEN-EN 1335-1:20<\/li>\n<li>Belastbares Gewicht: 135 kg<\/li>\n<\/ul>\n","protected":false},"excerpt":{"rendered":"<div class=\"flex-shrink-0 flex flex-col relative items-end\">\n<div>\n<div class=\"pt-0\">\n<div class=\"gizmo-bot-avatar flex h-8 w-8 items-center justify-center overflow-hidden rounded-full\">\n<div class=\"relative p-1 rounded-sm flex items-center justify-center bg-token-main-surface-primary text-token-text-primary h-8 w-8\">Der B\u00fcrostuhl 800-NEN bietet unvergleichlichen Komfort und Ergonomie mit einer einzigartigen Lendenwirbelst\u00fctze, die den nat\u00fcrlichen Bewegungen Ihres unteren R\u00fcckens folgt. Der synchrone Verstellmechanismus sorgt f\u00fcr eine gleichzeitige Bewegung von R\u00fcckenlehne und Sitz f\u00fcr optimale Unterst\u00fctzung. Mit den intuitiv platzierten Verstellhebeln l\u00e4sst sich der Stuhl leicht auf eine perfekte Arbeitsposition einstellen. Ideal f\u00fcr lange Arbeitstage, bei denen es auf Komfort, Flexibilit\u00e4t und eine gesunde Sitzhaltung ankommt.   <\/div>\n<\/div>\n<\/div>\n<\/div>\n<\/div>\n","protected":false},"featured_media":25412,"comment_status":"closed","ping_status":"closed","template":"","meta":{"_acf_changed":false},"product_brand":[],"product_cat":[2140,3052],"product_tag":[],"class_list":{"0":"post-33091","1":"product","2":"type-product","3":"status-publish","4":"has-post-thumbnail","6":"product_cat-schnelle-lieferung","7":"product_cat-buerostuehle","9":"first","10":"instock","11":"purchasable","12":"product-type-simple"},"acf":{"downloads":null},"yoast_head":"<!-- This site is optimized with the Yoast SEO plugin v26.7 - https:\/\/yoast.com\/wordpress\/plugins\/seo\/ -->\n<title>Drehstuhl Serie 800-NEN - Schaffenburg<\/title>\n<meta name=\"robots\" content=\"index, follow, max-snippet:-1, max-image-preview:large, max-video-preview:-1\" \/>\n<link rel=\"canonical\" href=\"https:\/\/portal.schaffenburg.nl\/de\/produkt\/drehstuhl-serie-800-nen\/\" \/>\n<meta property=\"og:locale\" content=\"de_DE\" \/>\n<meta property=\"og:type\" content=\"article\" \/>\n<meta property=\"og:title\" content=\"Drehstuhl Serie 800-NEN - Schaffenburg\" \/>\n<meta property=\"og:description\" content=\"Der B\u00fcrostuhl 800-NEN bietet unvergleichlichen Komfort und Ergonomie mit einer einzigartigen Lendenwirbelst\u00fctze, die den nat\u00fcrlichen Bewegungen Ihres unteren R\u00fcckens folgt. Der synchrone Verstellmechanismus sorgt f\u00fcr eine gleichzeitige Bewegung von R\u00fcckenlehne und Sitz f\u00fcr optimale Unterst\u00fctzung. Mit den intuitiv platzierten Verstellhebeln l\u00e4sst sich der Stuhl leicht auf eine perfekte Arbeitsposition einstellen. Ideal f\u00fcr lange Arbeitstage, bei denen es auf Komfort, Flexibilit\u00e4t und eine gesunde Sitzhaltung ankommt.\" \/>\n<meta property=\"og:url\" content=\"https:\/\/portal.schaffenburg.nl\/de\/produkt\/drehstuhl-serie-800-nen\/\" \/>\n<meta property=\"og:site_name\" content=\"Schaffenburg\" \/>\n<meta property=\"article:modified_time\" content=\"1970-01-01T00:00:00+00:00\" \/>\n<meta property=\"og:image\" content=\"https:\/\/portal.schaffenburg.nl\/wp-content\/uploads\/2024\/09\/ATO-800-NEN-BM-BB-HS_001.png?wsr\" \/>\n\t<meta property=\"og:image:width\" content=\"800\" \/>\n\t<meta property=\"og:image:height\" content=\"800\" \/>\n\t<meta property=\"og:image:type\" content=\"image\/png\" \/>\n<meta name=\"twitter:card\" content=\"summary_large_image\" \/>\n<meta name=\"twitter:label1\" content=\"Gesch\u00e4tzte Lesezeit\" \/>\n\t<meta name=\"twitter:data1\" content=\"1\u00a0Minute\" \/>\n<script type=\"application\/ld+json\" class=\"yoast-schema-graph\">{\"@context\":\"https:\/\/schema.org\",\"@graph\":[{\"@type\":\"WebPage\",\"@id\":\"https:\/\/portal.schaffenburg.nl\/de\/produkt\/drehstuhl-serie-800-nen\/\",\"url\":\"https:\/\/portal.schaffenburg.nl\/de\/produkt\/drehstuhl-serie-800-nen\/\",\"name\":\"Drehstuhl Serie 800-NEN - Schaffenburg\",\"isPartOf\":{\"@id\":\"https:\/\/portal.schaffenburg.nl\/de\/#website\"},\"primaryImageOfPage\":{\"@id\":\"https:\/\/portal.schaffenburg.nl\/de\/produkt\/drehstuhl-serie-800-nen\/#primaryimage\"},\"image\":{\"@id\":\"https:\/\/portal.schaffenburg.nl\/de\/produkt\/drehstuhl-serie-800-nen\/#primaryimage\"},\"thumbnailUrl\":\"https:\/\/portal.schaffenburg.nl\/wp-content\/uploads\/2024\/09\/ATO-800-NEN-BM-BB-HS_001.png?wsr\",\"datePublished\":\"1969-12-31T22:00:00+00:00\",\"dateModified\":\"1970-01-01T00:00:00+00:00\",\"breadcrumb\":{\"@id\":\"https:\/\/portal.schaffenburg.nl\/de\/produkt\/drehstuhl-serie-800-nen\/#breadcrumb\"},\"inLanguage\":\"de\",\"potentialAction\":[{\"@type\":\"ReadAction\",\"target\":[\"https:\/\/portal.schaffenburg.nl\/de\/produkt\/drehstuhl-serie-800-nen\/\"]}]},{\"@type\":\"ImageObject\",\"inLanguage\":\"de\",\"@id\":\"https:\/\/portal.schaffenburg.nl\/de\/produkt\/drehstuhl-serie-800-nen\/#primaryimage\",\"url\":\"https:\/\/portal.schaffenburg.nl\/wp-content\/uploads\/2024\/09\/ATO-800-NEN-BM-BB-HS_001.png?wsr\",\"contentUrl\":\"https:\/\/portal.schaffenburg.nl\/wp-content\/uploads\/2024\/09\/ATO-800-NEN-BM-BB-HS_001.png?wsr\",\"width\":800,\"height\":800},{\"@type\":\"BreadcrumbList\",\"@id\":\"https:\/\/portal.schaffenburg.nl\/de\/produkt\/drehstuhl-serie-800-nen\/#breadcrumb\",\"itemListElement\":[{\"@type\":\"ListItem\",\"position\":1,\"name\":\"Home\",\"item\":\"https:\/\/portal.schaffenburg.nl\/de\/\"},{\"@type\":\"ListItem\",\"position\":2,\"name\":\"Drehstuhl Serie 800-NEN\"}]},{\"@type\":\"WebSite\",\"@id\":\"https:\/\/portal.schaffenburg.nl\/de\/#website\",\"url\":\"https:\/\/portal.schaffenburg.nl\/de\/\",\"name\":\"Schaffenburg\",\"description\":\"\",\"potentialAction\":[{\"@type\":\"SearchAction\",\"target\":{\"@type\":\"EntryPoint\",\"urlTemplate\":\"https:\/\/portal.schaffenburg.nl\/de\/?s={search_term_string}\"},\"query-input\":{\"@type\":\"PropertyValueSpecification\",\"valueRequired\":true,\"valueName\":\"search_term_string\"}}],\"inLanguage\":\"de\"}]}<\/script>\n<!-- \/ Yoast SEO plugin. -->","yoast_head_json":{"title":"Drehstuhl Serie 800-NEN - Schaffenburg","robots":{"index":"index","follow":"follow","max-snippet":"max-snippet:-1","max-image-preview":"max-image-preview:large","max-video-preview":"max-video-preview:-1"},"canonical":"https:\/\/portal.schaffenburg.nl\/de\/produkt\/drehstuhl-serie-800-nen\/","og_locale":"de_DE","og_type":"article","og_title":"Drehstuhl Serie 800-NEN - Schaffenburg","og_description":"Der B\u00fcrostuhl 800-NEN bietet unvergleichlichen Komfort und Ergonomie mit einer einzigartigen Lendenwirbelst\u00fctze, die den nat\u00fcrlichen Bewegungen Ihres unteren R\u00fcckens folgt. Der synchrone Verstellmechanismus sorgt f\u00fcr eine gleichzeitige Bewegung von R\u00fcckenlehne und Sitz f\u00fcr optimale Unterst\u00fctzung. Mit den intuitiv platzierten Verstellhebeln l\u00e4sst sich der Stuhl leicht auf eine perfekte Arbeitsposition einstellen. Ideal f\u00fcr lange Arbeitstage, bei denen es auf Komfort, Flexibilit\u00e4t und eine gesunde Sitzhaltung ankommt.","og_url":"https:\/\/portal.schaffenburg.nl\/de\/produkt\/drehstuhl-serie-800-nen\/","og_site_name":"Schaffenburg","article_modified_time":"1970-01-01T00:00:00+00:00","og_image":[{"width":800,"height":800,"url":"https:\/\/portal.schaffenburg.nl\/wp-content\/uploads\/2024\/09\/ATO-800-NEN-BM-BB-HS_001.png?wsr","type":"image\/png"}],"twitter_card":"summary_large_image","twitter_misc":{"Gesch\u00e4tzte Lesezeit":"1\u00a0Minute"},"schema":{"@context":"https:\/\/schema.org","@graph":[{"@type":"WebPage","@id":"https:\/\/portal.schaffenburg.nl\/de\/produkt\/drehstuhl-serie-800-nen\/","url":"https:\/\/portal.schaffenburg.nl\/de\/produkt\/drehstuhl-serie-800-nen\/","name":"Drehstuhl Serie 800-NEN - Schaffenburg","isPartOf":{"@id":"https:\/\/portal.schaffenburg.nl\/de\/#website"},"primaryImageOfPage":{"@id":"https:\/\/portal.schaffenburg.nl\/de\/produkt\/drehstuhl-serie-800-nen\/#primaryimage"},"image":{"@id":"https:\/\/portal.schaffenburg.nl\/de\/produkt\/drehstuhl-serie-800-nen\/#primaryimage"},"thumbnailUrl":"https:\/\/portal.schaffenburg.nl\/wp-content\/uploads\/2024\/09\/ATO-800-NEN-BM-BB-HS_001.png?wsr","datePublished":"1969-12-31T22:00:00+00:00","dateModified":"1970-01-01T00:00:00+00:00","breadcrumb":{"@id":"https:\/\/portal.schaffenburg.nl\/de\/produkt\/drehstuhl-serie-800-nen\/#breadcrumb"},"inLanguage":"de","potentialAction":[{"@type":"ReadAction","target":["https:\/\/portal.schaffenburg.nl\/de\/produkt\/drehstuhl-serie-800-nen\/"]}]},{"@type":"ImageObject","inLanguage":"de","@id":"https:\/\/portal.schaffenburg.nl\/de\/produkt\/drehstuhl-serie-800-nen\/#primaryimage","url":"https:\/\/portal.schaffenburg.nl\/wp-content\/uploads\/2024\/09\/ATO-800-NEN-BM-BB-HS_001.png?wsr","contentUrl":"https:\/\/portal.schaffenburg.nl\/wp-content\/uploads\/2024\/09\/ATO-800-NEN-BM-BB-HS_001.png?wsr","width":800,"height":800},{"@type":"BreadcrumbList","@id":"https:\/\/portal.schaffenburg.nl\/de\/produkt\/drehstuhl-serie-800-nen\/#breadcrumb","itemListElement":[{"@type":"ListItem","position":1,"name":"Home","item":"https:\/\/portal.schaffenburg.nl\/de\/"},{"@type":"ListItem","position":2,"name":"Drehstuhl Serie 800-NEN"}]},{"@type":"WebSite","@id":"https:\/\/portal.schaffenburg.nl\/de\/#website","url":"https:\/\/portal.schaffenburg.nl\/de\/","name":"Schaffenburg","description":"","potentialAction":[{"@type":"SearchAction","target":{"@type":"EntryPoint","urlTemplate":"https:\/\/portal.schaffenburg.nl\/de\/?s={search_term_string}"},"query-input":{"@type":"PropertyValueSpecification","valueRequired":true,"valueName":"search_term_string"}}],"inLanguage":"de"}]}},"_links":{"self":[{"href":"https:\/\/portal.schaffenburg.nl\/de\/wp-json\/wp\/v2\/product\/33091","targetHints":{"allow":["GET"]}}],"collection":[{"href":"https:\/\/portal.schaffenburg.nl\/de\/wp-json\/wp\/v2\/product"}],"about":[{"href":"https:\/\/portal.schaffenburg.nl\/de\/wp-json\/wp\/v2\/types\/product"}],"replies":[{"embeddable":true,"href":"https:\/\/portal.schaffenburg.nl\/de\/wp-json\/wp\/v2\/comments?post=33091"}],"wp:featuredmedia":[{"embeddable":true,"href":"https:\/\/portal.schaffenburg.nl\/de\/wp-json\/wp\/v2\/media\/25412"}],"wp:attachment":[{"href":"https:\/\/portal.schaffenburg.nl\/de\/wp-json\/wp\/v2\/media?parent=33091"}],"wp:term":[{"taxonomy":"product_brand","embeddable":true,"href":"https:\/\/portal.schaffenburg.nl\/de\/wp-json\/wp\/v2\/product_brand?post=33091"},{"taxonomy":"product_cat","embeddable":true,"href":"https:\/\/portal.schaffenburg.nl\/de\/wp-json\/wp\/v2\/product_cat?post=33091"},{"taxonomy":"product_tag","embeddable":true,"href":"https:\/\/portal.schaffenburg.nl\/de\/wp-json\/wp\/v2\/product_tag?post=33091"}],"curies":[{"name":"wp","href":"https:\/\/api.w.org\/{rel}","templated":true}]}}