{"id":33098,"date":"2018-10-02T13:58:16","date_gmt":"2018-10-02T11:58:16","guid":{"rendered":"https:\/\/staging-schaffenburg.nl\/product\/drehstuhl-serie-105\/"},"modified":"2018-10-02T13:58:16","modified_gmt":"2018-10-02T13:58:16","slug":"drehstuhl-serie-105","status":"publish","type":"product","link":"https:\/\/portal.schaffenburg.nl\/de\/produkt\/drehstuhl-serie-105\/","title":{"rendered":"Drehstuhl Serie 105"},"content":{"rendered":"Lernen Sie den B\u00fcrostuhl der Serie 105 kennen, einen vielseitigen und ergonomischen Stuhl, der w\u00e4hrend des gesamten Arbeitstages optimalen Komfort und Halt bietet. Dieser Stuhl wurde im Hinblick auf Ihre Gesundheit und Ihr Wohlbefinden entwickelt. Er verf\u00fcgt \u00fcber eine R\u00fcckenlehne aus Netzgewebe und einen schwarz gepolsterten Sitz mit abnehmbarem Sitzbezug f\u00fcr eine einfache Reinigung. \nMit einer einstellbaren Sitzh\u00f6he zwischen 44,5 und 53,5 cm und einer festen R\u00fcckenlehne k\u00f6nnen Sie den Stuhl leicht an Ihre individuellen Bed\u00fcrfnisse anpassen. Der Stuhl verf\u00fcgt au\u00dferdem \u00fcber eine h\u00f6henverstellbare Lendenwirbelst\u00fctze und eine Sitztiefenverstellung von 6 cm, so dass Sie den ganzen Tag \u00fcber eine gute Haltung einnehmen k\u00f6nnen. \nAber das ist noch nicht alles. Die Serie 105 ist mit h\u00f6henverstellbaren Armlehnen und 3D-Armlehnen ausgestattet, die Ihren Armen und Schultern zus\u00e4tzlichen Halt und Komfort bieten. Die Synchronmechanik mit permanentem R\u00fcckenkontakt und gewichtsabh\u00e4ngiger Neigungsverstellung sorgt f\u00fcr eine optimale Unterst\u00fctzung Ihres K\u00f6rpers.  \nDie Gasfeder der Klasse 3 und das verst\u00e4rkte Untergestell aus poliertem Aluminium sorgen f\u00fcr Stabilit\u00e4t und Langlebigkeit, w\u00e4hrend die halbgebremsten Rollen f\u00fcr harte B\u00f6den geeignet sind. Au\u00dferdem ist der Sitzstoff auf Verschlei\u00dffestigkeit getestet und hat eine Martindale-Bewertung von 40.000, was eine lange Lebensdauer gew\u00e4hrleistet. \nDer Sitzbezug ist in acht verschiedenen Farben erh\u00e4ltlich und entspricht der Norm NEN 1335. Der B\u00fcrostuhl der Serie 105 kann auch mit dem Konferenzstuhl 105 kombiniert werden, um einen einheitlichen Look in Ihrem B\u00fcro zu erzielen. \nAls zus\u00e4tzliche Optionen ist eine Managersesselversion mit Kopfst\u00fctze und schwarzem Lederbezug erh\u00e4ltlich, mit einem Aluminiumfu\u00dfkreuz; <a href=\"https:\/\/www.schaffenburg.nl\/shop\/snellever\/zitten-snellever\/bureaustoelen-snellever\/bureaustoel-serie-105-afneembare-zithoes\/\" target=\"_blank\" rel=\"noopener noreferrer\">abnehmbare Sitzbez\u00fcge in den Farben Grau, Taupe, Blau, Violett, Gr\u00fcn, Rot oder Dunkelrot<\/a>. F\u00fcr zus\u00e4tzlichen Luxus und Komfort ist auch ein <a href=\"https:\/\/www.schaffenburg.nl\/shop\/snellever\/zitten-snellever\/bureaustoelen-snellever\/bureaustoel-serie-105-afneembare-zithoes\/\" target=\"_blank\" rel=\"noopener noreferrer\">abnehmbarer Sitzbezug aus schwarzem Leder<\/a> erh\u00e4ltlich. \nDer B\u00fcrostuhl der Serie 105 ist die perfekte Wahl f\u00fcr alle, die einen ergonomischen, langlebigen und vielseitigen B\u00fcrostuhl suchen, der w\u00e4hrend des gesamten Arbeitstages optimalen Komfort und Halt bietet.\n<h6>Eigenschaften<\/h6>\n<ul>\n<li>Netzr\u00fccken und gepolsterter Sitz schwarz mit abnehmbarem Sitzbezug<\/li>\n<li>Sitzh\u00f6henverstellung (44,5-53,5 cm)<\/li>\n<li>Fester R\u00fccken<\/li>\n<li>H\u00f6henverstellbare Lendenwirbelst\u00fctze<\/li>\n<li>Sitztiefenverstellung 6 cm<\/li>\n<li>H\u00f6henverstellbare Armlehnen<\/li>\n<li>3D Achselpolster<\/li>\n<li>Synchroner Mechanismus<\/li>\n<li>Permanenter R\u00fcckkontakt<\/li>\n<li>Gewichtsabh\u00e4ngige Neigungsverstellung<\/li>\n<li>Gasfeder Klasse 3<\/li>\n<li>Verst\u00e4rkte Basis aus poliertem Aluminium<\/li>\n<li>Halbgebremste R\u00e4der f\u00fcr harte B\u00f6den<\/li>\n<li>Stoff 40.000 Martindale mit abnehmbarem Sitzbezug, erh\u00e4ltlich in 8 Farben<\/li>\n<li>Entspricht der Norm NEN 1335<\/li>\n<li>Kombinierbar mit <a href=\"https:\/\/www.schaffenburg.nl\/shop\/snellever\/zitten-snellever\/conferentiestoelen-snellever\/conferentiestoel-serie-105\/\">105 Konferenzsessel<\/a><\/li>\n<li>Belastbares Gewicht: 120 kg<\/li>\n<\/ul>\n<h6>Optional:<\/h6>\n<ul>\n<li>Chefsessel Version mit Kopfst\u00fctze, schwarzes Leder - Aluminiumfu\u00dfkreuz<\/li>\n<li><a href=\"https:\/\/www.schaffenburg.nl\/shop\/snellever\/zitten-snellever\/bureaustoelen-snellever\/bureaustoel-serie-105-afneembare-zithoes\/\" target=\"_blank\" rel=\"noopener noreferrer\">Abnehmbarer Sitzbezugstoff (Erh\u00e4ltlich in den Farben: Grau, Taupe, Blau, Lila, Gr\u00fcn, Rot, Dunkelrot<\/a><\/li>\n<li><a href=\"https:\/\/www.schaffenburg.nl\/shop\/snellever\/zitten-snellever\/bureaustoelen-snellever\/bureaustoel-serie-105-afneembare-zithoes\/\" target=\"_blank\" rel=\"noopener noreferrer\">Abnehmbarer Sitzbezug schwarzes Leder<\/a><\/li>\n<\/ul>\n","protected":false},"excerpt":{"rendered":"<p>Der B\u00fcrostuhl der Serie 105 ist ein ergonomischer und vielseitiger Stuhl mit Netzr\u00fcckenlehne, verstellbarer Sitzh\u00f6he, fester R\u00fcckenlehne, verstellbarer Lendenst\u00fctze, 3D-Armlehnen und Synchronmechanik. Er ist mit abnehmbarem Sitzbezug in acht Farben erh\u00e4ltlich und entspricht der Norm NEN 1335. Optional mit Lederpolsterung und abnehmbarem Sitzbezug erh\u00e4ltlich.  <\/p>\n","protected":false},"featured_media":16594,"comment_status":"closed","ping_status":"closed","template":"","meta":{"_acf_changed":false},"product_brand":[],"product_cat":[2140,3052],"product_tag":[2573,4057,5889,2577,4158,5890,2578,4161,5891,2641,4691,5892,2707,5664,5893,2709,5665,5894,2782,5843,5895,3054,5880,5896,3056,5881,5897,2142,3057,5882,5898,2143,3063,5883,5899,2144,3384,5884,5900,2147,3685,5885,5901,2155,3686,5886,2291,3687,5887,2467,3998,5888],"class_list":{"0":"post-33098","1":"product","2":"type-product","3":"status-publish","4":"has-post-thumbnail","6":"product_cat-schnelle-lieferung","7":"product_cat-buerostuehle","8":"product_tag-stoff","9":"product_tag-nen-1335-de","10":"product_tag-lederbezug","11":"product_tag-blau","12":"product_tag-atmungsaktiv","13":"product_tag-lendenwirbelstutze-de-2","14":"product_tag-grau","15":"product_tag-martindale-de","16":"product_tag-luxus-stuhl","17":"product_tag-ergonomie-de","18":"product_tag-mobel-de-2","19":"product_tag-optional","20":"product_tag-ergonomisch-de","21":"product_tag-netzruckenlehne","22":"product_tag-lila","23":"product_tag-sitzkomfort","24":"product_tag-serie-105-de","25":"product_tag-rot","26":"product_tag-modernes-aussehen","27":"product_tag-gasfeder-klasse-3","28":"product_tag-taupe-de","29":"product_tag-buerostuhl","30":"product_tag-synchro-mechanismus","31":"product_tag-feste-ruckenlehne","32":"product_tag-gewichtsabhaengige-neigungsverstellung","33":"product_tag-3d-armlehnen","34":"product_tag-verstellbare-lendenwirbelstutze","35":"product_tag-komfort","36":"product_tag-harte-boeden","37":"product_tag-8-farben","38":"product_tag-verstellbarer-sitz","39":"product_tag-nachhaltig","40":"product_tag-halbgebremste-raeder","41":"product_tag-abnehmbarer-sitzbezug","42":"product_tag-einstellbare-sitztiefe","43":"product_tag-stuhl","44":"product_tag-burogestaltung","45":"product_tag-aluminium-basis","46":"product_tag-sitzhohe-verstellbar","47":"product_tag-konferenzstuhl","48":"product_tag-gesundheit","49":"product_tag-erschwinglicher-stuhl","50":"product_tag-arbeitsstuhl","51":"product_tag-grun","52":"product_tag-armlehnen","53":"product_tag-dunkelrot","54":"product_tag-burostuhl","55":"product_tag-hohenverstellung","56":"product_tag-drehstuhl","57":"product_tag-produktivitat","58":"product_tag-ruckenstutze","59":"product_tag-kopfstutze","60":"pa_bekleding-dunkelblau","61":"pa_bekleding-dunkelrot","62":"pa_bekleding-grau","63":"pa_bekleding-grun","64":"pa_bekleding-lila","65":"pa_bekleding-rot","66":"pa_bekleding-schwarz","67":"pa_bekleding-schwarzes-leder","68":"pa_bekleding-taupe-de","69":"pa_kruisvoetkleur-poliertes-aluminium","70":"pa_stoffering-mesh-schwarz","71":"pa_stoffering-schwarzes-leder","73":"first","74":"instock","75":"purchasable","76":"product-type-variable"},"acf":{"downloads":[{"label":"Handbuch-Montage-105-franz\u00f6sisch","bestand":26624,"toegankelijkheid":"resellers"},{"label":"Handbuch-Montage-105-Englisch-1","bestand":26620,"toegankelijkheid":"resellers"},{"label":"Manual-assembly-105-1","bestand":26630,"toegankelijkheid":"resellers"},{"label":"Datenblatt_Reihe-105-Franz\u00f6sisch","bestand":26626,"toegankelijkheid":"resellers"},{"label":"factsheet_serie-105-v3","bestand":26618,"toegankelijkheid":"resellers"},{"label":"Factsheet_series-105-englisch","bestand":"","toegankelijkheid":"resellers"},{"label":"Handbuch-Montage-105-englisch","bestand":"","toegankelijkheid":"resellers"},{"label":"factsheet_serie-105-v2","bestand":"","toegankelijkheid":"resellers"},{"label":"Handbuch-Montage-105Handbuch-Montage-105","bestand":"","toegankelijkheid":"resellers"},{"label":"Flyer-serie-105-LRFlyer-serie-105-LR","bestand":26622,"toegankelijkheid":"resellers"},{"label":"","bestand":26616,"toegankelijkheid":"resellers"},{"label":"","bestand":"","toegankelijkheid":"resellers"}]},"yoast_head":"<!-- This site is optimized with the Yoast SEO plugin v26.7 - https:\/\/yoast.com\/wordpress\/plugins\/seo\/ -->\n<title>Drehstuhl Serie 105 - Schaffenburg<\/title>\n<meta name=\"robots\" content=\"index, follow, max-snippet:-1, max-image-preview:large, max-video-preview:-1\" \/>\n<link rel=\"canonical\" href=\"https:\/\/portal.schaffenburg.nl\/de\/produkt\/drehstuhl-serie-105\/\" \/>\n<meta property=\"og:locale\" content=\"de_DE\" \/>\n<meta property=\"og:type\" content=\"article\" \/>\n<meta property=\"og:title\" content=\"Drehstuhl Serie 105 - Schaffenburg\" \/>\n<meta property=\"og:description\" content=\"Der B\u00fcrostuhl der Serie 105 ist ein ergonomischer und vielseitiger Stuhl mit Netzr\u00fcckenlehne, verstellbarer Sitzh\u00f6he, fester R\u00fcckenlehne, verstellbarer Lendenst\u00fctze, 3D-Armlehnen und Synchronmechanik. Er ist mit abnehmbarem Sitzbezug in acht Farben erh\u00e4ltlich und entspricht der Norm NEN 1335. Optional mit Lederpolsterung und abnehmbarem Sitzbezug erh\u00e4ltlich.\" \/>\n<meta property=\"og:url\" content=\"https:\/\/portal.schaffenburg.nl\/de\/produkt\/drehstuhl-serie-105\/\" \/>\n<meta property=\"og:site_name\" content=\"Schaffenburg\" \/>\n<meta property=\"article:modified_time\" content=\"2018-10-02T13:58:16+00:00\" \/>\n<meta property=\"og:image\" content=\"https:\/\/portal.schaffenburg.nl\/wp-content\/uploads\/2024\/09\/105_3kw-L-scaled-1.jpg?wsr\" \/>\n\t<meta property=\"og:image:width\" content=\"2560\" \/>\n\t<meta property=\"og:image:height\" content=\"2560\" \/>\n\t<meta property=\"og:image:type\" content=\"image\/jpeg\" \/>\n<meta name=\"twitter:card\" content=\"summary_large_image\" \/>\n<meta name=\"twitter:label1\" content=\"Gesch\u00e4tzte Lesezeit\" \/>\n\t<meta name=\"twitter:data1\" content=\"2\u00a0Minuten\" \/>\n<script type=\"application\/ld+json\" class=\"yoast-schema-graph\">{\"@context\":\"https:\/\/schema.org\",\"@graph\":[{\"@type\":\"WebPage\",\"@id\":\"https:\/\/portal.schaffenburg.nl\/de\/produkt\/drehstuhl-serie-105\/\",\"url\":\"https:\/\/portal.schaffenburg.nl\/de\/produkt\/drehstuhl-serie-105\/\",\"name\":\"Drehstuhl Serie 105 - Schaffenburg\",\"isPartOf\":{\"@id\":\"https:\/\/portal.schaffenburg.nl\/de\/#website\"},\"primaryImageOfPage\":{\"@id\":\"https:\/\/portal.schaffenburg.nl\/de\/produkt\/drehstuhl-serie-105\/#primaryimage\"},\"image\":{\"@id\":\"https:\/\/portal.schaffenburg.nl\/de\/produkt\/drehstuhl-serie-105\/#primaryimage\"},\"thumbnailUrl\":\"https:\/\/portal.schaffenburg.nl\/wp-content\/uploads\/2024\/09\/105_3kw-L-scaled-1.jpg?wsr\",\"datePublished\":\"2018-10-02T11:58:16+00:00\",\"dateModified\":\"2018-10-02T13:58:16+00:00\",\"breadcrumb\":{\"@id\":\"https:\/\/portal.schaffenburg.nl\/de\/produkt\/drehstuhl-serie-105\/#breadcrumb\"},\"inLanguage\":\"de\",\"potentialAction\":[{\"@type\":\"ReadAction\",\"target\":[\"https:\/\/portal.schaffenburg.nl\/de\/produkt\/drehstuhl-serie-105\/\"]}]},{\"@type\":\"ImageObject\",\"inLanguage\":\"de\",\"@id\":\"https:\/\/portal.schaffenburg.nl\/de\/produkt\/drehstuhl-serie-105\/#primaryimage\",\"url\":\"https:\/\/portal.schaffenburg.nl\/wp-content\/uploads\/2024\/09\/105_3kw-L-scaled-1.jpg?wsr\",\"contentUrl\":\"https:\/\/portal.schaffenburg.nl\/wp-content\/uploads\/2024\/09\/105_3kw-L-scaled-1.jpg?wsr\",\"width\":2560,\"height\":2560,\"caption\":\"Drehstuhl Serie 105\"},{\"@type\":\"BreadcrumbList\",\"@id\":\"https:\/\/portal.schaffenburg.nl\/de\/produkt\/drehstuhl-serie-105\/#breadcrumb\",\"itemListElement\":[{\"@type\":\"ListItem\",\"position\":1,\"name\":\"Home\",\"item\":\"https:\/\/portal.schaffenburg.nl\/de\/\"},{\"@type\":\"ListItem\",\"position\":2,\"name\":\"Drehstuhl Serie 105\"}]},{\"@type\":\"WebSite\",\"@id\":\"https:\/\/portal.schaffenburg.nl\/de\/#website\",\"url\":\"https:\/\/portal.schaffenburg.nl\/de\/\",\"name\":\"Schaffenburg\",\"description\":\"\",\"potentialAction\":[{\"@type\":\"SearchAction\",\"target\":{\"@type\":\"EntryPoint\",\"urlTemplate\":\"https:\/\/portal.schaffenburg.nl\/de\/?s={search_term_string}\"},\"query-input\":{\"@type\":\"PropertyValueSpecification\",\"valueRequired\":true,\"valueName\":\"search_term_string\"}}],\"inLanguage\":\"de\"}]}<\/script>\n<!-- \/ Yoast SEO plugin. -->","yoast_head_json":{"title":"Drehstuhl Serie 105 - Schaffenburg","robots":{"index":"index","follow":"follow","max-snippet":"max-snippet:-1","max-image-preview":"max-image-preview:large","max-video-preview":"max-video-preview:-1"},"canonical":"https:\/\/portal.schaffenburg.nl\/de\/produkt\/drehstuhl-serie-105\/","og_locale":"de_DE","og_type":"article","og_title":"Drehstuhl Serie 105 - Schaffenburg","og_description":"Der B\u00fcrostuhl der Serie 105 ist ein ergonomischer und vielseitiger Stuhl mit Netzr\u00fcckenlehne, verstellbarer Sitzh\u00f6he, fester R\u00fcckenlehne, verstellbarer Lendenst\u00fctze, 3D-Armlehnen und Synchronmechanik. Er ist mit abnehmbarem Sitzbezug in acht Farben erh\u00e4ltlich und entspricht der Norm NEN 1335. Optional mit Lederpolsterung und abnehmbarem Sitzbezug erh\u00e4ltlich.","og_url":"https:\/\/portal.schaffenburg.nl\/de\/produkt\/drehstuhl-serie-105\/","og_site_name":"Schaffenburg","article_modified_time":"2018-10-02T13:58:16+00:00","og_image":[{"width":2560,"height":2560,"url":"https:\/\/portal.schaffenburg.nl\/wp-content\/uploads\/2024\/09\/105_3kw-L-scaled-1.jpg?wsr","type":"image\/jpeg"}],"twitter_card":"summary_large_image","twitter_misc":{"Gesch\u00e4tzte Lesezeit":"2\u00a0Minuten"},"schema":{"@context":"https:\/\/schema.org","@graph":[{"@type":"WebPage","@id":"https:\/\/portal.schaffenburg.nl\/de\/produkt\/drehstuhl-serie-105\/","url":"https:\/\/portal.schaffenburg.nl\/de\/produkt\/drehstuhl-serie-105\/","name":"Drehstuhl Serie 105 - Schaffenburg","isPartOf":{"@id":"https:\/\/portal.schaffenburg.nl\/de\/#website"},"primaryImageOfPage":{"@id":"https:\/\/portal.schaffenburg.nl\/de\/produkt\/drehstuhl-serie-105\/#primaryimage"},"image":{"@id":"https:\/\/portal.schaffenburg.nl\/de\/produkt\/drehstuhl-serie-105\/#primaryimage"},"thumbnailUrl":"https:\/\/portal.schaffenburg.nl\/wp-content\/uploads\/2024\/09\/105_3kw-L-scaled-1.jpg?wsr","datePublished":"2018-10-02T11:58:16+00:00","dateModified":"2018-10-02T13:58:16+00:00","breadcrumb":{"@id":"https:\/\/portal.schaffenburg.nl\/de\/produkt\/drehstuhl-serie-105\/#breadcrumb"},"inLanguage":"de","potentialAction":[{"@type":"ReadAction","target":["https:\/\/portal.schaffenburg.nl\/de\/produkt\/drehstuhl-serie-105\/"]}]},{"@type":"ImageObject","inLanguage":"de","@id":"https:\/\/portal.schaffenburg.nl\/de\/produkt\/drehstuhl-serie-105\/#primaryimage","url":"https:\/\/portal.schaffenburg.nl\/wp-content\/uploads\/2024\/09\/105_3kw-L-scaled-1.jpg?wsr","contentUrl":"https:\/\/portal.schaffenburg.nl\/wp-content\/uploads\/2024\/09\/105_3kw-L-scaled-1.jpg?wsr","width":2560,"height":2560,"caption":"Drehstuhl Serie 105"},{"@type":"BreadcrumbList","@id":"https:\/\/portal.schaffenburg.nl\/de\/produkt\/drehstuhl-serie-105\/#breadcrumb","itemListElement":[{"@type":"ListItem","position":1,"name":"Home","item":"https:\/\/portal.schaffenburg.nl\/de\/"},{"@type":"ListItem","position":2,"name":"Drehstuhl Serie 105"}]},{"@type":"WebSite","@id":"https:\/\/portal.schaffenburg.nl\/de\/#website","url":"https:\/\/portal.schaffenburg.nl\/de\/","name":"Schaffenburg","description":"","potentialAction":[{"@type":"SearchAction","target":{"@type":"EntryPoint","urlTemplate":"https:\/\/portal.schaffenburg.nl\/de\/?s={search_term_string}"},"query-input":{"@type":"PropertyValueSpecification","valueRequired":true,"valueName":"search_term_string"}}],"inLanguage":"de"}]}},"_links":{"self":[{"href":"https:\/\/portal.schaffenburg.nl\/de\/wp-json\/wp\/v2\/product\/33098","targetHints":{"allow":["GET"]}}],"collection":[{"href":"https:\/\/portal.schaffenburg.nl\/de\/wp-json\/wp\/v2\/product"}],"about":[{"href":"https:\/\/portal.schaffenburg.nl\/de\/wp-json\/wp\/v2\/types\/product"}],"replies":[{"embeddable":true,"href":"https:\/\/portal.schaffenburg.nl\/de\/wp-json\/wp\/v2\/comments?post=33098"}],"wp:featuredmedia":[{"embeddable":true,"href":"https:\/\/portal.schaffenburg.nl\/de\/wp-json\/wp\/v2\/media\/16594"}],"wp:attachment":[{"href":"https:\/\/portal.schaffenburg.nl\/de\/wp-json\/wp\/v2\/media?parent=33098"}],"wp:term":[{"taxonomy":"product_brand","embeddable":true,"href":"https:\/\/portal.schaffenburg.nl\/de\/wp-json\/wp\/v2\/product_brand?post=33098"},{"taxonomy":"product_cat","embeddable":true,"href":"https:\/\/portal.schaffenburg.nl\/de\/wp-json\/wp\/v2\/product_cat?post=33098"},{"taxonomy":"product_tag","embeddable":true,"href":"https:\/\/portal.schaffenburg.nl\/de\/wp-json\/wp\/v2\/product_tag?post=33098"}],"curies":[{"name":"wp","href":"https:\/\/api.w.org\/{rel}","templated":true}]}}