{"id":33130,"date":"2018-10-02T13:58:17","date_gmt":"2018-10-02T11:58:17","guid":{"rendered":"https:\/\/staging-schaffenburg.nl\/product\/drehstuhl-serie-450-npr\/"},"modified":"2018-10-02T13:58:17","modified_gmt":"2018-10-02T13:58:17","slug":"drehstuhl-serie-450-npr","status":"publish","type":"product","link":"https:\/\/portal.schaffenburg.nl\/de\/produkt\/drehstuhl-serie-450-npr\/","title":{"rendered":"Drehstuhl Serie 450-NPR"},"content":{"rendered":"Ein guter B\u00fcrostuhl ist f\u00fcr eine gesunde K\u00f6rperhaltung und Produktivit\u00e4t am Arbeitsplatz unerl\u00e4sslich. Der B\u00fcrostuhl der Serie 450-NPR ist die ideale Wahl f\u00fcr alle, die einen bequemen und ergonomischen Stuhl f\u00fcr die intensive Nutzung suchen. \nDer Stuhl verf\u00fcgt \u00fcber eine gepolsterte, dicke R\u00fcckenlehne und Sitzfl\u00e4che in elegantem Schwarz. Die Sitzh\u00f6he ist zwischen 47 und 60 cm verstellbar, w\u00e4hrend die H\u00f6he der R\u00fcckenlehne ebenfalls verstellbar ist, um Ihren R\u00fccken optimal zu st\u00fctzen. Die Lendenwirbelst\u00fctze ist in der Tiefe verstellbar und sorgt f\u00fcr zus\u00e4tzlichen Komfort und Ergonomie.  \nDer neigbare Sitz sorgt daf\u00fcr, dass Sie immer die richtige Sitzposition finden, w\u00e4hrend die verstellbare Sitztiefe von 45 bis 55 cm sicherstellt, dass Sie immer den perfekten Abstand zu Ihrem Schreibtisch haben. Die Armlehnen sind sowohl in der H\u00f6he als auch in der Breite verstellbar und verf\u00fcgen \u00fcber 3D-Armpolster f\u00fcr noch mehr Komfort. \nDie Synchronmechanik und der permanente R\u00fcckenkontakt sorgen f\u00fcr eine nat\u00fcrliche Bewegung beim Sitzen, w\u00e4hrend die gewichtsabh\u00e4ngige Neigungsverstellung und die Gasfeder der Klasse 3 daf\u00fcr sorgen, dass sich der Stuhl an Ihr K\u00f6rpergewicht und Ihre K\u00f6rpergr\u00f6\u00dfe anpasst. Die Fu\u00dfst\u00fctze aus schwarzem, verst\u00e4rktem Kunststoff und die halbgebremsten Rollen sind sowohl f\u00fcr harte als auch f\u00fcr weiche B\u00f6den geeignet. \nDer nach der Norm NPR 1813:2016 getestete und zertifizierte B\u00fcrostuhl der Serie 450-NPR ist f\u00fcr eine intensive Nutzung von mehr als 8 Stunden pro Tag geeignet. Sie k\u00f6nnen sich darauf verlassen, dass dieser Stuhl Ihnen an langen Arbeitstagen die richtige Unterst\u00fctzung bietet. \nDar\u00fcber hinaus wird der Stuhl mit einer vollen 10-Jahres-Garantie geliefert, was beweist, dass wir hinter der Qualit\u00e4t dieses B\u00fcrostuhls stehen. Als zus\u00e4tzliche Option k\u00f6nnen Sie sich f\u00fcr die Donati-Mechanik mit automatischer Gewichtsanpassung entscheiden, die den kippenden Sitz \u00fcberfl\u00fcssig macht. \nSchlie\u00dflich ist die B\u00fcrostuhlserie 450-NPR in verschiedenen Farben aus Stoff, Kunstleder und Leder erh\u00e4ltlich. Sehen Sie sich die Farbkarten in den Downloads an und w\u00e4hlen Sie die Farbe, die am besten zu Ihrer B\u00fcroeinrichtung passt. Kurzum, mit der B\u00fcrostuhlserie 450-NPR entscheiden Sie sich f\u00fcr Komfort, Ergonomie und Qualit\u00e4t f\u00fcr eine gesunde Arbeitshaltung.  \n<h6>Eigenschaften<\/h6>\n<ul>\n<li>Gepolsterte hohe dicke R\u00fcckenlehne und Sitz schwarz<\/li>\n<li>Sitzh\u00f6henverstellung (47-60 cm)<\/li>\n<li>H\u00f6henverstellbare hohe R\u00fcckenlehne<\/li>\n<li>In der Tiefe verstellbare Lendenwirbelst\u00fctze<\/li>\n<li>Kippbarer Sitz<\/li>\n<li>Verstellbare Sitztiefe 10 cm (45-55 cm)<\/li>\n<li>H\u00f6hen- und breitenverstellbare Armlehne<\/li>\n<li>3D Achselpolster<\/li>\n<li>Synchro-Mechanismus<\/li>\n<li>Permanenter R\u00fcckkontakt<\/li>\n<li>Gewichtsabh\u00e4ngige Neigungsverstellung<\/li>\n<li>Gasfeder Klasse 3<\/li>\n<li>Schwarzer verst\u00e4rkter Kunststoffsockel<\/li>\n<li>Halbgebremste R\u00e4der f\u00fcr harte und weiche B\u00f6den<\/li>\n<li>Hochwertiger, strapazierf\u00e4higer Stoff 100.000 Martindale f\u00fcr intensiven Gebrauch<\/li>\n<li>Gepr\u00fcft und zertifiziert nach der Norm NPR 1813:2016<\/li>\n<li>Geeignet f\u00fcr mehr als 8 Stunden Nutzung<\/li>\n<li>Volle Garantie 10 Jahre<\/li>\n<li>OPTIONAL, OHNE PREIS:<br \/>\nDonati-Mechanismus mit automatischer Gewichtseinstellung.<br \/>\n(Dieser Mechanismus beinhaltet nicht den Kippsitz.)<\/li>\n<li>Belastbares Gewicht: 130 kg<\/li>\n<\/ul>\nAuch in verschiedenen Stoff-, Kunstleder- und Lederfarben erh\u00e4ltlich, allerdings auf Bestellung. Siehe Farbkarten unter Downloads. \n","protected":false},"excerpt":{"rendered":"<p>Der B\u00fcrostuhl der Serie 450-NPR ist ein komfortabler und ergonomischer B\u00fcrostuhl f\u00fcr die intensive Nutzung. Ausgestattet mit verstellbarer Sitzh\u00f6he, R\u00fcckenlehne und Armlehnen, neigbarem Sitz, Synchronmechanik und permanentem R\u00fcckenkontakt. Geeignet f\u00fcr mehr als 8 Stunden Nutzung pro Tag und in verschiedenen Farben erh\u00e4ltlich. 10 Jahre Garantie.   <\/p>\n","protected":false},"featured_media":16762,"comment_status":"closed","ping_status":"closed","template":"","meta":{"_acf_changed":false},"product_brand":[],"product_cat":[2140,3052],"product_tag":[2148,3063,4161,5970,2156,3064,4162,5972,2285,3110,4340,2293,3132,5034,2467,3526,5042,2580,3558,5686,2618,3621,5838,2641,3676,5935,2707,3677,5936,2711,3678,5937,2884,3679,5958,3054,3680,5960,3056,3683,5962,3057,3686,5964,2143,3058,3741,5966,2144,3059,4157,5968],"class_list":{"0":"post-33130","1":"product","2":"type-product","3":"status-publish","4":"has-post-thumbnail","6":"product_cat-schnelle-lieferung","7":"product_cat-buerostuehle","8":"product_tag-entwurf","9":"product_tag-halbgebremste-raeder","10":"product_tag-martindale-de","11":"product_tag-farbwahl","12":"product_tag-hochwertige","13":"product_tag-sockel-aus-kunststoff","14":"product_tag-synchroner-mechanismus","15":"product_tag-schwarze-farbe","16":"product_tag-buro","17":"product_tag-raeder","18":"product_tag-garantie-de","19":"product_tag-lange-arbeitstage","20":"product_tag-arbeitsplatz-de","21":"product_tag-gesunde-arbeitseinstellung","22":"product_tag-produktivitat","23":"product_tag-gasfeder","24":"product_tag-schulterbeschwerden","25":"product_tag-polstermobel","26":"product_tag-sicherheit","27":"product_tag-ergonomische-losung","28":"product_tag-heimburo","29":"product_tag-modernes-aussehen-de","30":"product_tag-lederimitat","31":"product_tag-ergonomie-de","32":"product_tag-nackenschmerzen","33":"product_tag-intensive-nutzung","34":"product_tag-ergonomisch-de","35":"product_tag-npr-de","36":"product_tag-leder","37":"product_tag-bequem-de","38":"product_tag-unterstutzen-sie","39":"product_tag-abriebfester-stoff","40":"product_tag-npr-1813-de","41":"product_tag-ruckenschmerzen","42":"product_tag-arbo-de","43":"product_tag-buerostuhl","44":"product_tag-ruckenlehne","45":"product_tag-donati-mechanismus","46":"product_tag-gewichtsabhaengige-neigungsverstellung","47":"product_tag-einstellbar-de","48":"product_tag-kippbarer-sitz","49":"product_tag-harte-boeden","50":"product_tag-armlehnen","51":"product_tag-450-de","52":"product_tag-nachhaltig","53":"product_tag-einstellung-der-sitzhoehe","54":"product_tag-weiche-boden","55":"product_tag-automatische-gewichtskontrolle","56":"product_tag-stuhl","57":"product_tag-permanenter-rueckkontakt","58":"product_tag-sitztiefe","59":"product_tag-zertifizierung","60":"pa_kruisvoetkleur-poliertes-aluminium","61":"pa_kruisvoetkleur-schwarz","62":"pa_stoffering-schwarz","64":"first","65":"instock","66":"purchasable","67":"product-type-variable"},"acf":{"downloads":[{"label":"faktenblatt_450npr_v1","bestand":26752,"toegankelijkheid":"resellers"},{"label":"Certificaat-450-NPR-NPR1813","bestand":26754,"toegankelijkheid":"resellers"},{"label":"faktenblatt_450npr_n4","bestand":26756,"toegankelijkheid":"resellers"}]},"yoast_head":"<!-- This site is optimized with the Yoast SEO plugin v26.7 - https:\/\/yoast.com\/wordpress\/plugins\/seo\/ -->\n<title>Drehstuhl Serie 450-NPR - Schaffenburg<\/title>\n<meta name=\"robots\" content=\"index, follow, max-snippet:-1, max-image-preview:large, max-video-preview:-1\" \/>\n<link rel=\"canonical\" href=\"https:\/\/portal.schaffenburg.nl\/de\/produkt\/drehstuhl-serie-450-npr\/\" \/>\n<meta property=\"og:locale\" content=\"de_DE\" \/>\n<meta property=\"og:type\" content=\"article\" \/>\n<meta property=\"og:title\" content=\"Drehstuhl Serie 450-NPR - Schaffenburg\" \/>\n<meta property=\"og:description\" content=\"Der B\u00fcrostuhl der Serie 450-NPR ist ein komfortabler und ergonomischer B\u00fcrostuhl f\u00fcr die intensive Nutzung. Ausgestattet mit verstellbarer Sitzh\u00f6he, R\u00fcckenlehne und Armlehnen, neigbarem Sitz, Synchronmechanik und permanentem R\u00fcckenkontakt. Geeignet f\u00fcr mehr als 8 Stunden Nutzung pro Tag und in verschiedenen Farben erh\u00e4ltlich. 10 Jahre Garantie.\" \/>\n<meta property=\"og:url\" content=\"https:\/\/portal.schaffenburg.nl\/de\/produkt\/drehstuhl-serie-450-npr\/\" \/>\n<meta property=\"og:site_name\" content=\"Schaffenburg\" \/>\n<meta property=\"article:modified_time\" content=\"2018-10-02T13:58:17+00:00\" \/>\n<meta property=\"og:image\" content=\"https:\/\/portal.schaffenburg.nl\/wp-content\/uploads\/2024\/09\/NPR450_prod.jpg?wsr\" \/>\n\t<meta property=\"og:image:width\" content=\"800\" \/>\n\t<meta property=\"og:image:height\" content=\"800\" \/>\n\t<meta property=\"og:image:type\" content=\"image\/jpeg\" \/>\n<meta name=\"twitter:card\" content=\"summary_large_image\" \/>\n<meta name=\"twitter:label1\" content=\"Gesch\u00e4tzte Lesezeit\" \/>\n\t<meta name=\"twitter:data1\" content=\"3\u00a0Minuten\" \/>\n<script type=\"application\/ld+json\" class=\"yoast-schema-graph\">{\"@context\":\"https:\/\/schema.org\",\"@graph\":[{\"@type\":\"WebPage\",\"@id\":\"https:\/\/portal.schaffenburg.nl\/de\/produkt\/drehstuhl-serie-450-npr\/\",\"url\":\"https:\/\/portal.schaffenburg.nl\/de\/produkt\/drehstuhl-serie-450-npr\/\",\"name\":\"Drehstuhl Serie 450-NPR - Schaffenburg\",\"isPartOf\":{\"@id\":\"https:\/\/portal.schaffenburg.nl\/de\/#website\"},\"primaryImageOfPage\":{\"@id\":\"https:\/\/portal.schaffenburg.nl\/de\/produkt\/drehstuhl-serie-450-npr\/#primaryimage\"},\"image\":{\"@id\":\"https:\/\/portal.schaffenburg.nl\/de\/produkt\/drehstuhl-serie-450-npr\/#primaryimage\"},\"thumbnailUrl\":\"https:\/\/portal.schaffenburg.nl\/wp-content\/uploads\/2024\/09\/NPR450_prod.jpg?wsr\",\"datePublished\":\"2018-10-02T11:58:17+00:00\",\"dateModified\":\"2018-10-02T13:58:17+00:00\",\"breadcrumb\":{\"@id\":\"https:\/\/portal.schaffenburg.nl\/de\/produkt\/drehstuhl-serie-450-npr\/#breadcrumb\"},\"inLanguage\":\"de\",\"potentialAction\":[{\"@type\":\"ReadAction\",\"target\":[\"https:\/\/portal.schaffenburg.nl\/de\/produkt\/drehstuhl-serie-450-npr\/\"]}]},{\"@type\":\"ImageObject\",\"inLanguage\":\"de\",\"@id\":\"https:\/\/portal.schaffenburg.nl\/de\/produkt\/drehstuhl-serie-450-npr\/#primaryimage\",\"url\":\"https:\/\/portal.schaffenburg.nl\/wp-content\/uploads\/2024\/09\/NPR450_prod.jpg?wsr\",\"contentUrl\":\"https:\/\/portal.schaffenburg.nl\/wp-content\/uploads\/2024\/09\/NPR450_prod.jpg?wsr\",\"width\":800,\"height\":800,\"caption\":\"Drehstuhl Serie 450-NPR\"},{\"@type\":\"BreadcrumbList\",\"@id\":\"https:\/\/portal.schaffenburg.nl\/de\/produkt\/drehstuhl-serie-450-npr\/#breadcrumb\",\"itemListElement\":[{\"@type\":\"ListItem\",\"position\":1,\"name\":\"Home\",\"item\":\"https:\/\/portal.schaffenburg.nl\/de\/\"},{\"@type\":\"ListItem\",\"position\":2,\"name\":\"Drehstuhl Serie 450-NPR\"}]},{\"@type\":\"WebSite\",\"@id\":\"https:\/\/portal.schaffenburg.nl\/de\/#website\",\"url\":\"https:\/\/portal.schaffenburg.nl\/de\/\",\"name\":\"Schaffenburg\",\"description\":\"\",\"potentialAction\":[{\"@type\":\"SearchAction\",\"target\":{\"@type\":\"EntryPoint\",\"urlTemplate\":\"https:\/\/portal.schaffenburg.nl\/de\/?s={search_term_string}\"},\"query-input\":{\"@type\":\"PropertyValueSpecification\",\"valueRequired\":true,\"valueName\":\"search_term_string\"}}],\"inLanguage\":\"de\"}]}<\/script>\n<!-- \/ Yoast SEO plugin. -->","yoast_head_json":{"title":"Drehstuhl Serie 450-NPR - Schaffenburg","robots":{"index":"index","follow":"follow","max-snippet":"max-snippet:-1","max-image-preview":"max-image-preview:large","max-video-preview":"max-video-preview:-1"},"canonical":"https:\/\/portal.schaffenburg.nl\/de\/produkt\/drehstuhl-serie-450-npr\/","og_locale":"de_DE","og_type":"article","og_title":"Drehstuhl Serie 450-NPR - Schaffenburg","og_description":"Der B\u00fcrostuhl der Serie 450-NPR ist ein komfortabler und ergonomischer B\u00fcrostuhl f\u00fcr die intensive Nutzung. Ausgestattet mit verstellbarer Sitzh\u00f6he, R\u00fcckenlehne und Armlehnen, neigbarem Sitz, Synchronmechanik und permanentem R\u00fcckenkontakt. Geeignet f\u00fcr mehr als 8 Stunden Nutzung pro Tag und in verschiedenen Farben erh\u00e4ltlich. 10 Jahre Garantie.","og_url":"https:\/\/portal.schaffenburg.nl\/de\/produkt\/drehstuhl-serie-450-npr\/","og_site_name":"Schaffenburg","article_modified_time":"2018-10-02T13:58:17+00:00","og_image":[{"width":800,"height":800,"url":"https:\/\/portal.schaffenburg.nl\/wp-content\/uploads\/2024\/09\/NPR450_prod.jpg?wsr","type":"image\/jpeg"}],"twitter_card":"summary_large_image","twitter_misc":{"Gesch\u00e4tzte Lesezeit":"3\u00a0Minuten"},"schema":{"@context":"https:\/\/schema.org","@graph":[{"@type":"WebPage","@id":"https:\/\/portal.schaffenburg.nl\/de\/produkt\/drehstuhl-serie-450-npr\/","url":"https:\/\/portal.schaffenburg.nl\/de\/produkt\/drehstuhl-serie-450-npr\/","name":"Drehstuhl Serie 450-NPR - Schaffenburg","isPartOf":{"@id":"https:\/\/portal.schaffenburg.nl\/de\/#website"},"primaryImageOfPage":{"@id":"https:\/\/portal.schaffenburg.nl\/de\/produkt\/drehstuhl-serie-450-npr\/#primaryimage"},"image":{"@id":"https:\/\/portal.schaffenburg.nl\/de\/produkt\/drehstuhl-serie-450-npr\/#primaryimage"},"thumbnailUrl":"https:\/\/portal.schaffenburg.nl\/wp-content\/uploads\/2024\/09\/NPR450_prod.jpg?wsr","datePublished":"2018-10-02T11:58:17+00:00","dateModified":"2018-10-02T13:58:17+00:00","breadcrumb":{"@id":"https:\/\/portal.schaffenburg.nl\/de\/produkt\/drehstuhl-serie-450-npr\/#breadcrumb"},"inLanguage":"de","potentialAction":[{"@type":"ReadAction","target":["https:\/\/portal.schaffenburg.nl\/de\/produkt\/drehstuhl-serie-450-npr\/"]}]},{"@type":"ImageObject","inLanguage":"de","@id":"https:\/\/portal.schaffenburg.nl\/de\/produkt\/drehstuhl-serie-450-npr\/#primaryimage","url":"https:\/\/portal.schaffenburg.nl\/wp-content\/uploads\/2024\/09\/NPR450_prod.jpg?wsr","contentUrl":"https:\/\/portal.schaffenburg.nl\/wp-content\/uploads\/2024\/09\/NPR450_prod.jpg?wsr","width":800,"height":800,"caption":"Drehstuhl Serie 450-NPR"},{"@type":"BreadcrumbList","@id":"https:\/\/portal.schaffenburg.nl\/de\/produkt\/drehstuhl-serie-450-npr\/#breadcrumb","itemListElement":[{"@type":"ListItem","position":1,"name":"Home","item":"https:\/\/portal.schaffenburg.nl\/de\/"},{"@type":"ListItem","position":2,"name":"Drehstuhl Serie 450-NPR"}]},{"@type":"WebSite","@id":"https:\/\/portal.schaffenburg.nl\/de\/#website","url":"https:\/\/portal.schaffenburg.nl\/de\/","name":"Schaffenburg","description":"","potentialAction":[{"@type":"SearchAction","target":{"@type":"EntryPoint","urlTemplate":"https:\/\/portal.schaffenburg.nl\/de\/?s={search_term_string}"},"query-input":{"@type":"PropertyValueSpecification","valueRequired":true,"valueName":"search_term_string"}}],"inLanguage":"de"}]}},"_links":{"self":[{"href":"https:\/\/portal.schaffenburg.nl\/de\/wp-json\/wp\/v2\/product\/33130","targetHints":{"allow":["GET"]}}],"collection":[{"href":"https:\/\/portal.schaffenburg.nl\/de\/wp-json\/wp\/v2\/product"}],"about":[{"href":"https:\/\/portal.schaffenburg.nl\/de\/wp-json\/wp\/v2\/types\/product"}],"replies":[{"embeddable":true,"href":"https:\/\/portal.schaffenburg.nl\/de\/wp-json\/wp\/v2\/comments?post=33130"}],"wp:featuredmedia":[{"embeddable":true,"href":"https:\/\/portal.schaffenburg.nl\/de\/wp-json\/wp\/v2\/media\/16762"}],"wp:attachment":[{"href":"https:\/\/portal.schaffenburg.nl\/de\/wp-json\/wp\/v2\/media?parent=33130"}],"wp:term":[{"taxonomy":"product_brand","embeddable":true,"href":"https:\/\/portal.schaffenburg.nl\/de\/wp-json\/wp\/v2\/product_brand?post=33130"},{"taxonomy":"product_cat","embeddable":true,"href":"https:\/\/portal.schaffenburg.nl\/de\/wp-json\/wp\/v2\/product_cat?post=33130"},{"taxonomy":"product_tag","embeddable":true,"href":"https:\/\/portal.schaffenburg.nl\/de\/wp-json\/wp\/v2\/product_tag?post=33130"}],"curies":[{"name":"wp","href":"https:\/\/api.w.org\/{rel}","templated":true}]}}