{"id":33139,"date":"2018-10-02T13:58:17","date_gmt":"2018-10-02T11:58:17","guid":{"rendered":"https:\/\/staging-schaffenburg.nl\/product\/drehstuhl-serie-350-nen\/"},"modified":"2018-10-02T13:58:17","modified_gmt":"2018-10-02T13:58:17","slug":"drehstuhl-serie-350-nen","status":"publish","type":"product","link":"https:\/\/portal.schaffenburg.nl\/de\/produkt\/drehstuhl-serie-350-nen\/","title":{"rendered":"Drehstuhl Serie 350-NEN"},"content":{"rendered":"Erleben Sie optimalen Sitzkomfort mit dem B\u00fcrostuhl der Serie 350-NEN. Dieser Stuhl verf\u00fcgt \u00fcber eine gepolsterte R\u00fcckenlehne und Sitzfl\u00e4che in elegantem Schwarz und bietet verschiedene Einstellm\u00f6glichkeiten f\u00fcr eine ergonomische Haltung. Stellen Sie die Sitzh\u00f6he, die R\u00fcckenlehne und die Armlehnen ganz einfach nach Bedarf ein.  \nDie extra hohe R\u00fcckenlehne bietet ausreichend Unterst\u00fctzung f\u00fcr den gesamten R\u00fccken, und die tiefenverstellbare Lendenwirbelst\u00fctze bietet zus\u00e4tzlichen Komfort. Die Synchro-Mechanik und der permanente R\u00fcckenkontakt tragen zu einer gesunden Sitzhaltung bei. Mit der gewichtsabh\u00e4ngigen Neigungsverstellung passt sich der Stuhl automatisch an das Gewicht des Benutzers an.  \nDer B\u00fcrostuhl der Serie 350-NEN eignet sich f\u00fcr eine Langzeitnutzung von mehr als 8 Stunden und ist nach der Norm NEN-EN 1335-1:20 getestet und zertifiziert. Der hochwertige, strapazierf\u00e4hige Stoff mit einer Martindale-Bewertung von 100.000 macht diesen Stuhl ideal f\u00fcr eine intensive Nutzung. \nW\u00e4hlen Sie das Gestell aus schwarzem, verst\u00e4rktem Kunststoff oder entscheiden Sie sich f\u00fcr die Aluminiumversion. Dank der halb gebremsten Rollen ist dieser Stuhl f\u00fcr harte und weiche B\u00f6den geeignet. Mit einer vollen 5-Jahres-Garantie k\u00f6nnen Sie sicher sein, dass es sich um eine langlebige Investition in Ihren Komfort handelt.  \nErleben Sie jetzt selbst den Komfort und die Einstellm\u00f6glichkeiten des B\u00fcrostuhls der Serie 350-NEN und arbeiten Sie ergonomisch und effizient. Bestellen Sie ihn noch heute! \n<h6>Eigenschaften<\/h6>\n<ul>\n<li class=\"p2\">R\u00fcckenlehne und Sitz schwarz gepolstert<\/li>\n<li class=\"p2\">Einstellung der Sitzh\u00f6he<\/li>\n<li class=\"p2\">H\u00f6henverstellbare R\u00fcckenlehne<\/li>\n<li class=\"p2\">Ausgestattet mit einer extra hohen R\u00fcckenlehne<\/li>\n<li class=\"p2\">Tiefenverstellbare Lendenwirbelst\u00fctze optional<\/li>\n<li class=\"p2\">Einstellbare Sitztiefe 7 cm<\/li>\n<li class=\"p2\">H\u00f6henverstellbare Armlehne<\/li>\n<li class=\"p2\">Feste Achselh\u00f6hlen<\/li>\n<li class=\"p2\">Synchro-Mechanismus<\/li>\n<li class=\"p2\">Permanenter R\u00fcckkontakt<\/li>\n<li class=\"p2\">Gewichtsabh\u00e4ngige Neigungsverstellung<\/li>\n<li class=\"p2\">Gasfeder Klasse 3<\/li>\n<li class=\"p2\">Schwarzer verst\u00e4rkter Kunststoffsockel<\/li>\n<li class=\"p2\">Erh\u00e4ltlich mit Aluminiumsockel<\/li>\n<li class=\"p2\">Halbgebremste R\u00e4der f\u00fcr harte und weiche B\u00f6den<\/li>\n<li class=\"p2\">Hochwertiger, strapazierf\u00e4higer Stoff 100.000 Martindale f\u00fcr intensiven Gebrauch<\/li>\n<li class=\"p2\">Getestet und zertifiziert nach der Norm NEN-EN 1335-1:20<\/li>\n<li class=\"p2\">Geeignet f\u00fcr mehr als 8 Stunden Nutzung<\/li>\n<li class=\"p2\">Volle Garantie 5 Jahre<\/li>\n<li>Belastbares Gewicht: 110 kg<\/li>\n<\/ul>\nAuch in verschiedenen Stoff-, Kunstleder- und Lederfarben erh\u00e4ltlich, allerdings auf Bestellung. Siehe Farbkarten unter Downloads. \n","protected":false},"excerpt":{"rendered":"<p>Erleben Sie optimalen Sitzkomfort mit der B\u00fcrostuhlserie 350-NEN. Ausgestattet mit einer gepolsterten R\u00fcckenlehne und Sitzfl\u00e4che in elegantem Schwarz, verschiedenen Einstellm\u00f6glichkeiten f\u00fcr eine ergonomische Haltung und getestet nach NEN-EN 1335-1:20. Geeignet f\u00fcr intensive Nutzung und mit voller 5-Jahres-Garantie. Bestellen Sie jetzt!   <\/p>\n","protected":false},"featured_media":16712,"comment_status":"closed","ping_status":"closed","template":"","meta":{"_acf_changed":false},"product_brand":[],"product_cat":[2140,3052],"product_tag":[2711,3741,2718,3998,2142,3054,4154,2143,3055,4156,2144,3057,4340,2145,3063,4341,2151,3110,5880,2285,3111,5899,2291,3114,5935,2424,3246,5983,2466,3526,5984,2468,3576,5985,2572,3680,5986,2641,3683,2707,3685,2709,3688],"class_list":{"0":"post-33139","1":"product","2":"type-product","3":"status-publish","4":"has-post-thumbnail","6":"product_cat-schnelle-lieferung","7":"product_cat-buerostuehle","8":"product_tag-bequem-de","9":"product_tag-weiche-boden","10":"product_tag-sitzhohe","11":"product_tag-ruckenstutze","12":"product_tag-komfort","13":"product_tag-buerostuhl","14":"product_tag-lendenwirbelstutze","15":"product_tag-nachhaltig","16":"product_tag-gepolstert","17":"product_tag-arbeitseinstellung","18":"product_tag-stuhl","19":"product_tag-harte-boeden","20":"product_tag-garantie-de","21":"product_tag-schwarz","22":"product_tag-halbgebremste-raeder","23":"product_tag-kippen-de","24":"product_tag-professionell","25":"product_tag-raeder","26":"product_tag-synchro-mechanismus","27":"product_tag-buro","28":"product_tag-langzeiteinsatz","29":"product_tag-einstellbare-sitztiefe","30":"product_tag-burostuhl","31":"product_tag-strapazierfaehig","32":"product_tag-intensive-nutzung","33":"product_tag-aluminium-de","34":"product_tag-plastik","35":"product_tag-armlehne","36":"product_tag-qualitat","37":"product_tag-gasfeder","38":"product_tag-350-de","39":"product_tag-effizienz","40":"product_tag-zuverlassig","41":"product_tag-hochwertiger-stoff","42":"product_tag-elegant-de","43":"product_tag-ruckenlehne","44":"product_tag-nen-de-1335-120","45":"product_tag-ergonomie-de","46":"product_tag-einstellbar-de","47":"product_tag-ergonomisch-de","48":"product_tag-gesundheit","49":"product_tag-sitzkomfort","50":"product_tag-nen-de","51":"pa_kruisvoetkleur-poliertes-aluminium","52":"pa_kruisvoetkleur-schwarz","53":"pa_stoffering-schwarz","55":"first","56":"instock","57":"purchasable","58":"product-type-variable"},"acf":{"downloads":[{"label":"factsheet_350nen_2017_v4","bestand":26774,"toegankelijkheid":"resellers"},{"label":"factsheet_350nen_2017_v3","bestand":26776,"toegankelijkheid":"resellers"},{"label":"factsheet_350nen_2019_v2","bestand":26778,"toegankelijkheid":"resellers"},{"label":"B\u00fcrostuhl-350-NEN","bestand":26780,"toegankelijkheid":"resellers"}]},"yoast_head":"<!-- This site is optimized with the Yoast SEO plugin v26.7 - https:\/\/yoast.com\/wordpress\/plugins\/seo\/ -->\n<title>Drehstuhl Serie 350-NEN - Schaffenburg<\/title>\n<meta name=\"robots\" content=\"index, follow, max-snippet:-1, max-image-preview:large, max-video-preview:-1\" \/>\n<link rel=\"canonical\" href=\"https:\/\/portal.schaffenburg.nl\/de\/produkt\/drehstuhl-serie-350-nen\/\" \/>\n<meta property=\"og:locale\" content=\"de_DE\" \/>\n<meta property=\"og:type\" content=\"article\" \/>\n<meta property=\"og:title\" content=\"Drehstuhl Serie 350-NEN - Schaffenburg\" \/>\n<meta property=\"og:description\" content=\"Erleben Sie optimalen Sitzkomfort mit der B\u00fcrostuhlserie 350-NEN. Ausgestattet mit einer gepolsterten R\u00fcckenlehne und Sitzfl\u00e4che in elegantem Schwarz, verschiedenen Einstellm\u00f6glichkeiten f\u00fcr eine ergonomische Haltung und getestet nach NEN-EN 1335-1:20. Geeignet f\u00fcr intensive Nutzung und mit voller 5-Jahres-Garantie. Bestellen Sie jetzt!\" \/>\n<meta property=\"og:url\" content=\"https:\/\/portal.schaffenburg.nl\/de\/produkt\/drehstuhl-serie-350-nen\/\" \/>\n<meta property=\"og:site_name\" content=\"Schaffenburg\" \/>\n<meta property=\"article:modified_time\" content=\"2018-10-02T13:58:17+00:00\" \/>\n<meta property=\"og:image\" content=\"https:\/\/portal.schaffenburg.nl\/wp-content\/uploads\/2024\/09\/350_prod.jpg?wsr\" \/>\n\t<meta property=\"og:image:width\" content=\"800\" \/>\n\t<meta property=\"og:image:height\" content=\"800\" \/>\n\t<meta property=\"og:image:type\" content=\"image\/jpeg\" \/>\n<meta name=\"twitter:card\" content=\"summary_large_image\" \/>\n<meta name=\"twitter:label1\" content=\"Gesch\u00e4tzte Lesezeit\" \/>\n\t<meta name=\"twitter:data1\" content=\"2\u00a0Minuten\" \/>\n<script type=\"application\/ld+json\" class=\"yoast-schema-graph\">{\"@context\":\"https:\/\/schema.org\",\"@graph\":[{\"@type\":\"WebPage\",\"@id\":\"https:\/\/portal.schaffenburg.nl\/de\/produkt\/drehstuhl-serie-350-nen\/\",\"url\":\"https:\/\/portal.schaffenburg.nl\/de\/produkt\/drehstuhl-serie-350-nen\/\",\"name\":\"Drehstuhl Serie 350-NEN - Schaffenburg\",\"isPartOf\":{\"@id\":\"https:\/\/portal.schaffenburg.nl\/de\/#website\"},\"primaryImageOfPage\":{\"@id\":\"https:\/\/portal.schaffenburg.nl\/de\/produkt\/drehstuhl-serie-350-nen\/#primaryimage\"},\"image\":{\"@id\":\"https:\/\/portal.schaffenburg.nl\/de\/produkt\/drehstuhl-serie-350-nen\/#primaryimage\"},\"thumbnailUrl\":\"https:\/\/portal.schaffenburg.nl\/wp-content\/uploads\/2024\/09\/350_prod.jpg?wsr\",\"datePublished\":\"2018-10-02T11:58:17+00:00\",\"dateModified\":\"2018-10-02T13:58:17+00:00\",\"breadcrumb\":{\"@id\":\"https:\/\/portal.schaffenburg.nl\/de\/produkt\/drehstuhl-serie-350-nen\/#breadcrumb\"},\"inLanguage\":\"de\",\"potentialAction\":[{\"@type\":\"ReadAction\",\"target\":[\"https:\/\/portal.schaffenburg.nl\/de\/produkt\/drehstuhl-serie-350-nen\/\"]}]},{\"@type\":\"ImageObject\",\"inLanguage\":\"de\",\"@id\":\"https:\/\/portal.schaffenburg.nl\/de\/produkt\/drehstuhl-serie-350-nen\/#primaryimage\",\"url\":\"https:\/\/portal.schaffenburg.nl\/wp-content\/uploads\/2024\/09\/350_prod.jpg?wsr\",\"contentUrl\":\"https:\/\/portal.schaffenburg.nl\/wp-content\/uploads\/2024\/09\/350_prod.jpg?wsr\",\"width\":800,\"height\":800,\"caption\":\"Drehstuhl Serie 350-NEN\"},{\"@type\":\"BreadcrumbList\",\"@id\":\"https:\/\/portal.schaffenburg.nl\/de\/produkt\/drehstuhl-serie-350-nen\/#breadcrumb\",\"itemListElement\":[{\"@type\":\"ListItem\",\"position\":1,\"name\":\"Home\",\"item\":\"https:\/\/portal.schaffenburg.nl\/de\/\"},{\"@type\":\"ListItem\",\"position\":2,\"name\":\"Drehstuhl Serie 350-NEN\"}]},{\"@type\":\"WebSite\",\"@id\":\"https:\/\/portal.schaffenburg.nl\/de\/#website\",\"url\":\"https:\/\/portal.schaffenburg.nl\/de\/\",\"name\":\"Schaffenburg\",\"description\":\"\",\"potentialAction\":[{\"@type\":\"SearchAction\",\"target\":{\"@type\":\"EntryPoint\",\"urlTemplate\":\"https:\/\/portal.schaffenburg.nl\/de\/?s={search_term_string}\"},\"query-input\":{\"@type\":\"PropertyValueSpecification\",\"valueRequired\":true,\"valueName\":\"search_term_string\"}}],\"inLanguage\":\"de\"}]}<\/script>\n<!-- \/ Yoast SEO plugin. -->","yoast_head_json":{"title":"Drehstuhl Serie 350-NEN - Schaffenburg","robots":{"index":"index","follow":"follow","max-snippet":"max-snippet:-1","max-image-preview":"max-image-preview:large","max-video-preview":"max-video-preview:-1"},"canonical":"https:\/\/portal.schaffenburg.nl\/de\/produkt\/drehstuhl-serie-350-nen\/","og_locale":"de_DE","og_type":"article","og_title":"Drehstuhl Serie 350-NEN - Schaffenburg","og_description":"Erleben Sie optimalen Sitzkomfort mit der B\u00fcrostuhlserie 350-NEN. Ausgestattet mit einer gepolsterten R\u00fcckenlehne und Sitzfl\u00e4che in elegantem Schwarz, verschiedenen Einstellm\u00f6glichkeiten f\u00fcr eine ergonomische Haltung und getestet nach NEN-EN 1335-1:20. Geeignet f\u00fcr intensive Nutzung und mit voller 5-Jahres-Garantie. Bestellen Sie jetzt!","og_url":"https:\/\/portal.schaffenburg.nl\/de\/produkt\/drehstuhl-serie-350-nen\/","og_site_name":"Schaffenburg","article_modified_time":"2018-10-02T13:58:17+00:00","og_image":[{"width":800,"height":800,"url":"https:\/\/portal.schaffenburg.nl\/wp-content\/uploads\/2024\/09\/350_prod.jpg?wsr","type":"image\/jpeg"}],"twitter_card":"summary_large_image","twitter_misc":{"Gesch\u00e4tzte Lesezeit":"2\u00a0Minuten"},"schema":{"@context":"https:\/\/schema.org","@graph":[{"@type":"WebPage","@id":"https:\/\/portal.schaffenburg.nl\/de\/produkt\/drehstuhl-serie-350-nen\/","url":"https:\/\/portal.schaffenburg.nl\/de\/produkt\/drehstuhl-serie-350-nen\/","name":"Drehstuhl Serie 350-NEN - Schaffenburg","isPartOf":{"@id":"https:\/\/portal.schaffenburg.nl\/de\/#website"},"primaryImageOfPage":{"@id":"https:\/\/portal.schaffenburg.nl\/de\/produkt\/drehstuhl-serie-350-nen\/#primaryimage"},"image":{"@id":"https:\/\/portal.schaffenburg.nl\/de\/produkt\/drehstuhl-serie-350-nen\/#primaryimage"},"thumbnailUrl":"https:\/\/portal.schaffenburg.nl\/wp-content\/uploads\/2024\/09\/350_prod.jpg?wsr","datePublished":"2018-10-02T11:58:17+00:00","dateModified":"2018-10-02T13:58:17+00:00","breadcrumb":{"@id":"https:\/\/portal.schaffenburg.nl\/de\/produkt\/drehstuhl-serie-350-nen\/#breadcrumb"},"inLanguage":"de","potentialAction":[{"@type":"ReadAction","target":["https:\/\/portal.schaffenburg.nl\/de\/produkt\/drehstuhl-serie-350-nen\/"]}]},{"@type":"ImageObject","inLanguage":"de","@id":"https:\/\/portal.schaffenburg.nl\/de\/produkt\/drehstuhl-serie-350-nen\/#primaryimage","url":"https:\/\/portal.schaffenburg.nl\/wp-content\/uploads\/2024\/09\/350_prod.jpg?wsr","contentUrl":"https:\/\/portal.schaffenburg.nl\/wp-content\/uploads\/2024\/09\/350_prod.jpg?wsr","width":800,"height":800,"caption":"Drehstuhl Serie 350-NEN"},{"@type":"BreadcrumbList","@id":"https:\/\/portal.schaffenburg.nl\/de\/produkt\/drehstuhl-serie-350-nen\/#breadcrumb","itemListElement":[{"@type":"ListItem","position":1,"name":"Home","item":"https:\/\/portal.schaffenburg.nl\/de\/"},{"@type":"ListItem","position":2,"name":"Drehstuhl Serie 350-NEN"}]},{"@type":"WebSite","@id":"https:\/\/portal.schaffenburg.nl\/de\/#website","url":"https:\/\/portal.schaffenburg.nl\/de\/","name":"Schaffenburg","description":"","potentialAction":[{"@type":"SearchAction","target":{"@type":"EntryPoint","urlTemplate":"https:\/\/portal.schaffenburg.nl\/de\/?s={search_term_string}"},"query-input":{"@type":"PropertyValueSpecification","valueRequired":true,"valueName":"search_term_string"}}],"inLanguage":"de"}]}},"_links":{"self":[{"href":"https:\/\/portal.schaffenburg.nl\/de\/wp-json\/wp\/v2\/product\/33139","targetHints":{"allow":["GET"]}}],"collection":[{"href":"https:\/\/portal.schaffenburg.nl\/de\/wp-json\/wp\/v2\/product"}],"about":[{"href":"https:\/\/portal.schaffenburg.nl\/de\/wp-json\/wp\/v2\/types\/product"}],"replies":[{"embeddable":true,"href":"https:\/\/portal.schaffenburg.nl\/de\/wp-json\/wp\/v2\/comments?post=33139"}],"wp:featuredmedia":[{"embeddable":true,"href":"https:\/\/portal.schaffenburg.nl\/de\/wp-json\/wp\/v2\/media\/16712"}],"wp:attachment":[{"href":"https:\/\/portal.schaffenburg.nl\/de\/wp-json\/wp\/v2\/media?parent=33139"}],"wp:term":[{"taxonomy":"product_brand","embeddable":true,"href":"https:\/\/portal.schaffenburg.nl\/de\/wp-json\/wp\/v2\/product_brand?post=33139"},{"taxonomy":"product_cat","embeddable":true,"href":"https:\/\/portal.schaffenburg.nl\/de\/wp-json\/wp\/v2\/product_cat?post=33139"},{"taxonomy":"product_tag","embeddable":true,"href":"https:\/\/portal.schaffenburg.nl\/de\/wp-json\/wp\/v2\/product_tag?post=33139"}],"curies":[{"name":"wp","href":"https:\/\/api.w.org\/{rel}","templated":true}]}}