{"id":33144,"date":"2018-10-02T13:58:17","date_gmt":"2018-10-02T11:58:17","guid":{"rendered":"https:\/\/staging-schaffenburg.nl\/product\/drehstuhl-serie-1335-nen\/"},"modified":"2018-10-02T13:58:17","modified_gmt":"2018-10-02T13:58:17","slug":"drehstuhl-serie-1335-nen","status":"publish","type":"product","link":"https:\/\/portal.schaffenburg.nl\/de\/produkt\/drehstuhl-serie-1335-nen\/","title":{"rendered":"Drehstuhl Serie 1335-NEN"},"content":{"rendered":"Lernen Sie die B\u00fcrostuhlserie 1335-NEN kennen. Dieser Stuhl erf\u00fcllt die h\u00f6chsten Anforderungen an Ergonomie und Sicherheit und eignet sich f\u00fcr die intensive Nutzung im B\u00fcro oder zu Hause. \nDie gepolsterte R\u00fcckenlehne und der Sitz sind in elegantem Schwarz gehalten und bieten einen hohen Sitzkomfort. Dank der Sitzh\u00f6henverstellung zwischen 45-58 cm und der verstellbaren Sitztiefe von 6 cm kann der Stuhl auf die richtige H\u00f6he und Tiefe f\u00fcr jeden einzelnen Benutzer eingestellt werden. Die geformte Lendenwirbelst\u00fctze und die h\u00f6henverstellbare R\u00fcckenlehne bieten zus\u00e4tzlichen Halt und Komfort und beugen Erm\u00fcdung und R\u00fcckenschmerzen vor.  \nDer Schreibtischstuhl der Serie 1335-NEN ist mit einer Synchronmechanik und permanentem R\u00fcckenkontakt ausgestattet. Das bedeutet, dass sich der Stuhl bei jeder Bewegung des Benutzers mitbewegt und immer in Kontakt mit dem R\u00fccken bleibt. Die gewichtsabh\u00e4ngige Neigungsverstellung sorgt f\u00fcr ein perfektes Gleichgewicht zwischen Unterst\u00fctzung und Bewegungsfreiheit. \nDie Armlehnen dieses B\u00fcrostuhls sind ebenfalls h\u00f6henverstellbar, so dass der Benutzer die ideale Position f\u00fcr die Arme finden kann. Die festen Armauflagen bieten zus\u00e4tzlichen Komfort und Halt. Das optionale Fu\u00dfkreuz aus Aluminium verleiht dem Stuhl ein besonders luxuri\u00f6ses Aussehen, w\u00e4hrend das Fu\u00dfkreuz aus schwarzem, verst\u00e4rktem Kunststoff f\u00fcr zus\u00e4tzliche Haltbarkeit sorgt.  \nDer Schreibtischstuhl der Serie 1335-NEN ist mit halbverstrebten Rollen ausgestattet, die f\u00fcr harte und weiche B\u00f6den geeignet sind. Der hochwertige, strapazierf\u00e4hige Stoff wurde f\u00fcr intensive Nutzung getestet und hat eine Martindale-Bewertung von 100.000, so dass der Stuhl jahrelang halten wird. Dieser B\u00fcrostuhl ist au\u00dferdem nach der Norm NEN-EN 1335-1:20 getestet und zertifiziert, d.h. er erf\u00fcllt die h\u00f6chsten Sicherheits- und Ergonomiestandards.  \nMit dem B\u00fcrostuhl der Serie 1335-NEN investieren Sie in Ihren eigenen Komfort und Ihre Gesundheit. Dieser Stuhl eignet sich f\u00fcr jede Arbeitsumgebung und ist in verschiedenen Farben aus Stoff, Kunstleder und Leder erh\u00e4ltlich. Sehen Sie sich die Farbkarten unter Downloads an und w\u00e4hlen Sie die perfekte Farbe f\u00fcr Ihr B\u00fcro oder Ihr Heimb\u00fcro. Bestellen Sie jetzt und profitieren Sie von der vollen 5-Jahres-Garantie.   \n<h6>Eigenschaften<\/h6>\n<ul>\n<li class=\"p1\">R\u00fcckenlehne und Sitz schwarz gepolstert<\/li>\n<li class=\"p1\">Sitzh\u00f6henverstellung<span class=\"s1\">(45-58 cm)<\/span><\/li>\n<li class=\"p1\">H\u00f6henverstellbare R\u00fcckenlehne<\/li>\n<li class=\"p1\">Konturierte Lendenwirbelst\u00fctze<\/li>\n<li class=\"p1\">Einstellbare Sitztiefe 6 cm<\/li>\n<li>Gesamth\u00f6he: 92,5-111 cm<\/li>\n<li>Gesamtbreite: 46 cm<\/li>\n<li class=\"p1\">H\u00f6henverstellbare Armlehne<\/li>\n<li class=\"p1\">Feste Achselh\u00f6hlen<\/li>\n<li class=\"p1\">Synchro-Mechanismus<\/li>\n<li class=\"p1\">Permanenter R\u00fcckkontakt<\/li>\n<li class=\"p1\">Gewichtsabh\u00e4ngige Neigungsverstellung<\/li>\n<li class=\"p1\">Gasfeder Klasse 3<\/li>\n<li class=\"p1\">Schwarzer verst\u00e4rkter Kunststoffsockel (optionaler Aluminiumsockel)<\/li>\n<li class=\"p1\">Halbgebremste R\u00e4der f\u00fcr harte und weiche B\u00f6den<\/li>\n<li class=\"p1\">Hochwertiger, strapazierf\u00e4higer Stoff 100.000 Martindale f\u00fcr intensiven Gebrauch<\/li>\n<li class=\"p1\">Getestet und zertifiziert nach der Norm NEN-EN 1335-1:20<\/li>\n<li>Volle Garantie 5 Jahre<\/li>\n<li>Belastbares Gewicht: 110 kg<\/li>\n<\/ul>\nAuch in verschiedenen Stoff-, Kunstleder- und Lederfarben erh\u00e4ltlich, allerdings auf Bestellung. Siehe Farbkarten unter Downloads. \n","protected":false},"excerpt":{"rendered":"<p>Der B\u00fcrostuhl der Serie 1335-NEN ist ein ergonomischer B\u00fcrostuhl, der die h\u00f6chsten Sicherheits- und Ergonomiestandards erf\u00fcllt. Der Stuhl bietet Komfort, Halt und Bewegungsfreiheit f\u00fcr jeden Benutzer und ist f\u00fcr die intensive Nutzung im B\u00fcro oder zu Hause geeignet. Mit hochwertigem, strapazierf\u00e4higem Stoff und einer vollen 5-Jahres-Garantie.  <\/p>\n","protected":false},"featured_media":16772,"comment_status":"closed","ping_status":"closed","template":"","meta":{"_acf_changed":false},"product_brand":[],"product_cat":[2140,3052],"product_tag":[2156,4154,5997,2285,4155,2425,4157,2707,4161,2711,4164,3054,4340,3055,4341,3058,5838,3110,5935,3114,5936,3526,5958,3680,5968,3683,5983,2143,3688,5986,2144,3956,5995,2145,4057,5996],"class_list":{"0":"post-33144","1":"product","2":"type-product","3":"status-publish","4":"has-post-thumbnail","6":"product_cat-schnelle-lieferung","7":"product_cat-buerostuehle","8":"product_tag-hochwertige","9":"product_tag-lendenwirbelstutze","10":"product_tag-synchro-mechanismus-de","11":"product_tag-buro","12":"product_tag-fuskreuz","13":"product_tag-sicher","14":"product_tag-sitztiefe","15":"product_tag-ergonomisch-de","16":"product_tag-martindale-de","17":"product_tag-bequem-de","18":"product_tag-kontakt-zuruck","19":"product_tag-buerostuhl","20":"product_tag-garantie-de","21":"product_tag-gepolstert","22":"product_tag-kippen-de","23":"product_tag-einstellung-der-sitzhoehe","24":"product_tag-lederimitat","25":"product_tag-raeder","26":"product_tag-intensive-nutzung","27":"product_tag-strapazierfaehig","28":"product_tag-leder","29":"product_tag-gasfeder","30":"product_tag-arbo-de","31":"product_tag-ruckenlehne","32":"product_tag-zertifizierung","33":"product_tag-einstellbar-de","34":"product_tag-armlehne","35":"product_tag-nachhaltig","36":"product_tag-nen-de","37":"product_tag-nen-de-1335-120","38":"product_tag-stuhl","39":"product_tag-startseite","40":"product_tag-1335-de","41":"product_tag-schwarz","42":"product_tag-nen-1335-de","43":"product_tag-farbkarten","44":"pa_kruisvoetkleur-poliertes-aluminium","45":"pa_kruisvoetkleur-schwarz","46":"pa_opties-npr-en-nen-abschliesbare-4d-armpads","47":"pa_opties-npr-en-nen-donati-mechanismus-mit-automatischer-gewichtseinstellung","48":"pa_opties-npr-en-nen-fusring-mit-extrahoher-gasfeder","49":"pa_opties-npr-en-nen-gewichteter-mechanismus-max-130kg","50":"pa_opties-npr-en-nen-lendenwirbelstutze-300-nen","51":"pa_opties-npr-en-nen-lendenwirbelstutze-350-nen","52":"pa_opties-npr-en-nen-rader-fur-harte-boden-o6cm","53":"pa_opties-npr-en-nen-rader-fur-weiche-boden-o6cm","54":"pa_stoffering-blau","55":"pa_stoffering-rot","56":"pa_stoffering-schwarz","58":"first","59":"instock","60":"purchasable","61":"product-type-variable"},"acf":{"downloads":[{"label":"Montageanleitung-EN-1335-franz\u00f6sisch","bestand":34228,"toegankelijkheid":"resellers"},{"label":"factsheet_nen1335_2020-frans","bestand":34231,"toegankelijkheid":"resellers"},{"label":"factsheet_nen1335_2020-engels","bestand":34234,"toegankelijkheid":"resellers"},{"label":"Installationshandbuch NEN-1335","bestand":"","toegankelijkheid":"resellers"},{"label":"Installationshandbuch-EN-1335-englisch","bestand":34237,"toegankelijkheid":"resellers"},{"label":"factsheet_nen1335_2017_v2-1","bestand":34234,"toegankelijkheid":"resellers"},{"label":"factsheet_nen1335_2017_v2","bestand":"","toegankelijkheid":"resellers"},{"label":"Bureaustoel-NEN_en-1335_sof_a5_v1","bestand":"","toegankelijkheid":"resellers"},{"label":"","bestand":34234,"toegankelijkheid":"resellers"},{"label":"","bestand":"","toegankelijkheid":"resellers"},{"label":"","bestand":34240,"toegankelijkheid":"resellers"},{"label":"","bestand":34234,"toegankelijkheid":"resellers"}]},"yoast_head":"<!-- This site is optimized with the Yoast SEO plugin v26.7 - https:\/\/yoast.com\/wordpress\/plugins\/seo\/ -->\n<title>Drehstuhl Serie 1335-NEN - Schaffenburg<\/title>\n<meta name=\"robots\" content=\"index, follow, max-snippet:-1, max-image-preview:large, max-video-preview:-1\" \/>\n<link rel=\"canonical\" href=\"https:\/\/portal.schaffenburg.nl\/de\/produkt\/drehstuhl-serie-1335-nen\/\" \/>\n<meta property=\"og:locale\" content=\"de_DE\" \/>\n<meta property=\"og:type\" content=\"article\" \/>\n<meta property=\"og:title\" content=\"Drehstuhl Serie 1335-NEN - Schaffenburg\" \/>\n<meta property=\"og:description\" content=\"Der B\u00fcrostuhl der Serie 1335-NEN ist ein ergonomischer B\u00fcrostuhl, der die h\u00f6chsten Sicherheits- und Ergonomiestandards erf\u00fcllt. Der Stuhl bietet Komfort, Halt und Bewegungsfreiheit f\u00fcr jeden Benutzer und ist f\u00fcr die intensive Nutzung im B\u00fcro oder zu Hause geeignet. Mit hochwertigem, strapazierf\u00e4higem Stoff und einer vollen 5-Jahres-Garantie.\" \/>\n<meta property=\"og:url\" content=\"https:\/\/portal.schaffenburg.nl\/de\/produkt\/drehstuhl-serie-1335-nen\/\" \/>\n<meta property=\"og:site_name\" content=\"Schaffenburg\" \/>\n<meta property=\"article:modified_time\" content=\"2018-10-02T13:58:17+00:00\" \/>\n<meta property=\"og:image\" content=\"https:\/\/portal.schaffenburg.nl\/wp-content\/uploads\/2024\/09\/S-nen1335-AL_3KW-new.png?wsr\" \/>\n\t<meta property=\"og:image:width\" content=\"1955\" \/>\n\t<meta property=\"og:image:height\" content=\"1955\" \/>\n\t<meta property=\"og:image:type\" content=\"image\/png\" \/>\n<meta name=\"twitter:card\" content=\"summary_large_image\" \/>\n<meta name=\"twitter:label1\" content=\"Gesch\u00e4tzte Lesezeit\" \/>\n\t<meta name=\"twitter:data1\" content=\"2\u00a0Minuten\" \/>\n<script type=\"application\/ld+json\" class=\"yoast-schema-graph\">{\"@context\":\"https:\/\/schema.org\",\"@graph\":[{\"@type\":\"WebPage\",\"@id\":\"https:\/\/portal.schaffenburg.nl\/de\/produkt\/drehstuhl-serie-1335-nen\/\",\"url\":\"https:\/\/portal.schaffenburg.nl\/de\/produkt\/drehstuhl-serie-1335-nen\/\",\"name\":\"Drehstuhl Serie 1335-NEN - Schaffenburg\",\"isPartOf\":{\"@id\":\"https:\/\/portal.schaffenburg.nl\/de\/#website\"},\"primaryImageOfPage\":{\"@id\":\"https:\/\/portal.schaffenburg.nl\/de\/produkt\/drehstuhl-serie-1335-nen\/#primaryimage\"},\"image\":{\"@id\":\"https:\/\/portal.schaffenburg.nl\/de\/produkt\/drehstuhl-serie-1335-nen\/#primaryimage\"},\"thumbnailUrl\":\"https:\/\/portal.schaffenburg.nl\/wp-content\/uploads\/2024\/09\/S-nen1335-AL_3KW-new.png?wsr\",\"datePublished\":\"2018-10-02T11:58:17+00:00\",\"dateModified\":\"2018-10-02T13:58:17+00:00\",\"breadcrumb\":{\"@id\":\"https:\/\/portal.schaffenburg.nl\/de\/produkt\/drehstuhl-serie-1335-nen\/#breadcrumb\"},\"inLanguage\":\"de\",\"potentialAction\":[{\"@type\":\"ReadAction\",\"target\":[\"https:\/\/portal.schaffenburg.nl\/de\/produkt\/drehstuhl-serie-1335-nen\/\"]}]},{\"@type\":\"ImageObject\",\"inLanguage\":\"de\",\"@id\":\"https:\/\/portal.schaffenburg.nl\/de\/produkt\/drehstuhl-serie-1335-nen\/#primaryimage\",\"url\":\"https:\/\/portal.schaffenburg.nl\/wp-content\/uploads\/2024\/09\/S-nen1335-AL_3KW-new.png?wsr\",\"contentUrl\":\"https:\/\/portal.schaffenburg.nl\/wp-content\/uploads\/2024\/09\/S-nen1335-AL_3KW-new.png?wsr\",\"width\":1955,\"height\":1955,\"caption\":\"Drehstuhl Serie 1335-NEN\"},{\"@type\":\"BreadcrumbList\",\"@id\":\"https:\/\/portal.schaffenburg.nl\/de\/produkt\/drehstuhl-serie-1335-nen\/#breadcrumb\",\"itemListElement\":[{\"@type\":\"ListItem\",\"position\":1,\"name\":\"Home\",\"item\":\"https:\/\/portal.schaffenburg.nl\/de\/\"},{\"@type\":\"ListItem\",\"position\":2,\"name\":\"Drehstuhl Serie 1335-NEN\"}]},{\"@type\":\"WebSite\",\"@id\":\"https:\/\/portal.schaffenburg.nl\/de\/#website\",\"url\":\"https:\/\/portal.schaffenburg.nl\/de\/\",\"name\":\"Schaffenburg\",\"description\":\"\",\"potentialAction\":[{\"@type\":\"SearchAction\",\"target\":{\"@type\":\"EntryPoint\",\"urlTemplate\":\"https:\/\/portal.schaffenburg.nl\/de\/?s={search_term_string}\"},\"query-input\":{\"@type\":\"PropertyValueSpecification\",\"valueRequired\":true,\"valueName\":\"search_term_string\"}}],\"inLanguage\":\"de\"}]}<\/script>\n<!-- \/ Yoast SEO plugin. -->","yoast_head_json":{"title":"Drehstuhl Serie 1335-NEN - Schaffenburg","robots":{"index":"index","follow":"follow","max-snippet":"max-snippet:-1","max-image-preview":"max-image-preview:large","max-video-preview":"max-video-preview:-1"},"canonical":"https:\/\/portal.schaffenburg.nl\/de\/produkt\/drehstuhl-serie-1335-nen\/","og_locale":"de_DE","og_type":"article","og_title":"Drehstuhl Serie 1335-NEN - Schaffenburg","og_description":"Der B\u00fcrostuhl der Serie 1335-NEN ist ein ergonomischer B\u00fcrostuhl, der die h\u00f6chsten Sicherheits- und Ergonomiestandards erf\u00fcllt. Der Stuhl bietet Komfort, Halt und Bewegungsfreiheit f\u00fcr jeden Benutzer und ist f\u00fcr die intensive Nutzung im B\u00fcro oder zu Hause geeignet. Mit hochwertigem, strapazierf\u00e4higem Stoff und einer vollen 5-Jahres-Garantie.","og_url":"https:\/\/portal.schaffenburg.nl\/de\/produkt\/drehstuhl-serie-1335-nen\/","og_site_name":"Schaffenburg","article_modified_time":"2018-10-02T13:58:17+00:00","og_image":[{"width":1955,"height":1955,"url":"https:\/\/portal.schaffenburg.nl\/wp-content\/uploads\/2024\/09\/S-nen1335-AL_3KW-new.png?wsr","type":"image\/png"}],"twitter_card":"summary_large_image","twitter_misc":{"Gesch\u00e4tzte Lesezeit":"2\u00a0Minuten"},"schema":{"@context":"https:\/\/schema.org","@graph":[{"@type":"WebPage","@id":"https:\/\/portal.schaffenburg.nl\/de\/produkt\/drehstuhl-serie-1335-nen\/","url":"https:\/\/portal.schaffenburg.nl\/de\/produkt\/drehstuhl-serie-1335-nen\/","name":"Drehstuhl Serie 1335-NEN - Schaffenburg","isPartOf":{"@id":"https:\/\/portal.schaffenburg.nl\/de\/#website"},"primaryImageOfPage":{"@id":"https:\/\/portal.schaffenburg.nl\/de\/produkt\/drehstuhl-serie-1335-nen\/#primaryimage"},"image":{"@id":"https:\/\/portal.schaffenburg.nl\/de\/produkt\/drehstuhl-serie-1335-nen\/#primaryimage"},"thumbnailUrl":"https:\/\/portal.schaffenburg.nl\/wp-content\/uploads\/2024\/09\/S-nen1335-AL_3KW-new.png?wsr","datePublished":"2018-10-02T11:58:17+00:00","dateModified":"2018-10-02T13:58:17+00:00","breadcrumb":{"@id":"https:\/\/portal.schaffenburg.nl\/de\/produkt\/drehstuhl-serie-1335-nen\/#breadcrumb"},"inLanguage":"de","potentialAction":[{"@type":"ReadAction","target":["https:\/\/portal.schaffenburg.nl\/de\/produkt\/drehstuhl-serie-1335-nen\/"]}]},{"@type":"ImageObject","inLanguage":"de","@id":"https:\/\/portal.schaffenburg.nl\/de\/produkt\/drehstuhl-serie-1335-nen\/#primaryimage","url":"https:\/\/portal.schaffenburg.nl\/wp-content\/uploads\/2024\/09\/S-nen1335-AL_3KW-new.png?wsr","contentUrl":"https:\/\/portal.schaffenburg.nl\/wp-content\/uploads\/2024\/09\/S-nen1335-AL_3KW-new.png?wsr","width":1955,"height":1955,"caption":"Drehstuhl Serie 1335-NEN"},{"@type":"BreadcrumbList","@id":"https:\/\/portal.schaffenburg.nl\/de\/produkt\/drehstuhl-serie-1335-nen\/#breadcrumb","itemListElement":[{"@type":"ListItem","position":1,"name":"Home","item":"https:\/\/portal.schaffenburg.nl\/de\/"},{"@type":"ListItem","position":2,"name":"Drehstuhl Serie 1335-NEN"}]},{"@type":"WebSite","@id":"https:\/\/portal.schaffenburg.nl\/de\/#website","url":"https:\/\/portal.schaffenburg.nl\/de\/","name":"Schaffenburg","description":"","potentialAction":[{"@type":"SearchAction","target":{"@type":"EntryPoint","urlTemplate":"https:\/\/portal.schaffenburg.nl\/de\/?s={search_term_string}"},"query-input":{"@type":"PropertyValueSpecification","valueRequired":true,"valueName":"search_term_string"}}],"inLanguage":"de"}]}},"_links":{"self":[{"href":"https:\/\/portal.schaffenburg.nl\/de\/wp-json\/wp\/v2\/product\/33144","targetHints":{"allow":["GET"]}}],"collection":[{"href":"https:\/\/portal.schaffenburg.nl\/de\/wp-json\/wp\/v2\/product"}],"about":[{"href":"https:\/\/portal.schaffenburg.nl\/de\/wp-json\/wp\/v2\/types\/product"}],"replies":[{"embeddable":true,"href":"https:\/\/portal.schaffenburg.nl\/de\/wp-json\/wp\/v2\/comments?post=33144"}],"wp:featuredmedia":[{"embeddable":true,"href":"https:\/\/portal.schaffenburg.nl\/de\/wp-json\/wp\/v2\/media\/16772"}],"wp:attachment":[{"href":"https:\/\/portal.schaffenburg.nl\/de\/wp-json\/wp\/v2\/media?parent=33144"}],"wp:term":[{"taxonomy":"product_brand","embeddable":true,"href":"https:\/\/portal.schaffenburg.nl\/de\/wp-json\/wp\/v2\/product_brand?post=33144"},{"taxonomy":"product_cat","embeddable":true,"href":"https:\/\/portal.schaffenburg.nl\/de\/wp-json\/wp\/v2\/product_cat?post=33144"},{"taxonomy":"product_tag","embeddable":true,"href":"https:\/\/portal.schaffenburg.nl\/de\/wp-json\/wp\/v2\/product_tag?post=33144"}],"curies":[{"name":"wp","href":"https:\/\/api.w.org\/{rel}","templated":true}]}}