{"id":33154,"date":"2018-10-02T13:58:17","date_gmt":"2018-10-02T13:58:17","guid":{"rendered":"https:\/\/staging-schaffenburg.nl\/product\/drehstuhl-serie-400-npr\/"},"modified":"2018-10-02T13:58:17","modified_gmt":"2018-10-02T13:58:17","slug":"drehstuhl-serie-400-npr","status":"publish","type":"product","link":"https:\/\/portal.schaffenburg.nl\/de\/produkt\/drehstuhl-serie-400-npr\/","title":{"rendered":"Drehstuhl Serie 400-NPR"},"content":{"rendered":"Wenn Sie auf der Suche nach dem ultimativen B\u00fcrostuhl sind, ist der B\u00fcrostuhl Series 400-NPR genau das Richtige f\u00fcr Sie! Dieser B\u00fcrostuhl ist auf Komfort und Funktionalit\u00e4t ausgelegt und verf\u00fcgt \u00fcber eine Reihe von Funktionen, die sicherstellen, dass Sie den ganzen Arbeitstag \u00fcber bequem und ergonomisch korrekt arbeiten k\u00f6nnen.  \nDieser B\u00fcrostuhl verf\u00fcgt \u00fcber eine Netzr\u00fcckenlehne und einen gepolsterten Sitz in Schwarz, der nicht nur bequem ist, sondern auch stilvoll und modern aussieht. Sie k\u00f6nnen die Sitzh\u00f6he leicht verstellen und die hohe R\u00fcckenlehne ist ebenfalls h\u00f6henverstellbar, um Ihren R\u00fccken optimal zu st\u00fctzen. Au\u00dferdem ist die Lendenwirbelst\u00fctze in der Tiefe verstellbar und der Sitz ist f\u00fcr zus\u00e4tzlichen Komfort neigbar.  \nDie Sitztiefe ist um bis zu 10 cm verstellbar und die Armlehnen sind h\u00f6hen- und breitenverstellbar mit 3D-Armpolstern f\u00fcr optimalen Komfort und Unterst\u00fctzung Ihrer Arme. Au\u00dferdem verf\u00fcgt der B\u00fcrostuhl \u00fcber eine Synchronmechanik und einen permanenten R\u00fcckenkontakt, und die gewichtsabh\u00e4ngige Neigemechanik ist auf Gasfederklasse 3 eingestellt. Dies gew\u00e4hrleistet, dass Sie immer eine optimale Sitzposition einnehmen und beugt Erm\u00fcdung und Schmerzen vor.  \nDieser B\u00fcrostuhl ist nach der Norm NPR 1813:2016 getestet und zertifiziert. Das bedeutet, dass er f\u00fcr eine intensive Nutzung geeignet ist und die h\u00f6chsten ergonomischen Standards erf\u00fcllt. Au\u00dferdem verf\u00fcgt der Stuhl \u00fcber ein hochwertiges, strapazierf\u00e4higes Gewebe, das einer intensiven Nutzung standh\u00e4lt und 100.000 Martindale erreicht hat. Au\u00dferdem ist dieser B\u00fcrostuhl mit einer vollen 10-Jahres-Garantie ausgestattet, so dass Sie sicher sein k\u00f6nnen, dass Sie ein Qualit\u00e4tsprodukt kaufen, das lange halten wird.  \nUnd als ob das noch nicht genug w\u00e4re, bietet der B\u00fcrostuhl der Serie 400-NPR auch eine optionale Donati-Mechanik mit automatischer Gewichtseinstellung, die Ihnen noch mehr Kontrolle \u00fcber Ihre Sitzhaltung gibt. Bitte beachten Sie: Wenn Sie sich f\u00fcr diese Mechanik entscheiden, entf\u00e4llt der neigbare Sitz. \nDer B\u00fcrostuhl der Serie 400-NPR ist auch in verschiedenen Stoff-, Kunstleder- und Lederfarben erh\u00e4ltlich, so dass Sie immer einen Stuhl w\u00e4hlen k\u00f6nnen, der zu Ihrem pers\u00f6nlichen Geschmack und Ihrer Einrichtung passt. Werfen Sie einen Blick auf die Farbkarte bei den Downloads, um Ihren perfekten Stuhl zu finden. Entscheiden Sie sich noch heute f\u00fcr den B\u00fcrostuhl der Serie 400-NPR und erleben Sie den Komfort und die Qualit\u00e4t, nach denen sich Ihr K\u00f6rper sehnt!  \n<h6>Eigenschaften<\/h6>\n<ul>\n<li>Netzr\u00fccken und gepolsterter Sitz schwarz<\/li>\n<li>Sitzh\u00f6henverstellung (47-60 cm)<\/li>\n<li>H\u00f6henverstellbare hohe R\u00fcckenlehne<\/li>\n<li>In der Tiefe verstellbare Lendenwirbelst\u00fctze<\/li>\n<li>Kippbarer Sitz<\/li>\n<li>Verstellbare Sitztiefe 10 cm (45-55 cm)<\/li>\n<li>H\u00f6hen- und breitenverstellbare Armlehne<\/li>\n<li>3D Achselpolster<\/li>\n<li>Synchro-Mechanismus<\/li>\n<li>Permanenter R\u00fcckkontakt<\/li>\n<li>Gewichtsabh\u00e4ngige Neigungsverstellung<\/li>\n<li>Gasfeder Klasse 3<\/li>\n<li>Schwarzer verst\u00e4rkter Kunststoffsockel<\/li>\n<li>Halbgebremste R\u00e4der f\u00fcr harte und weiche B\u00f6den<\/li>\n<li>Hochwertiger, strapazierf\u00e4higer Stoff 100.000 Martindale f\u00fcr intensiven Gebrauch<\/li>\n<li>Gepr\u00fcft und zertifiziert nach der Norm NPR 1813:2016<\/li>\n<li>Volle Garantie 10 Jahre<\/li>\n<li>OPTIONAL, OHNE PREIS:<br \/>\nDonati-Mechanismus mit automatischer Gewichtseinstellung.<br \/>\n(Dieser Mechanismus beinhaltet nicht den Kippsitz.)<\/li>\n<li>Belastbares Gewicht: 125 kg<\/li>\n<\/ul>\nAuch in verschiedenen Stoff-, Kunstleder- und Lederfarben erh\u00e4ltlich, allerdings auf Bestellung. Siehe Farbkarten unter Downloads. \n","protected":false},"excerpt":{"rendered":"<p>Die Schreibtischstuhlserie 400-NPR bietet Komfort und Funktionalit\u00e4t mit Funktionen wie verstellbarem Sitz und R\u00fccken, neigbarem Sitz, 3D-Armlehnen und Synchronmechanik. Zertifiziert nach der Norm NPR 1813:2016 und mit einer vollen 10-Jahres-Garantie. Optional mit Donati-Mechanik und in verschiedenen Farben von Stoff, Kunstleder und Leder erh\u00e4ltlich.  <\/p>\n","protected":false},"featured_media":16728,"comment_status":"closed","ping_status":"closed","template":"","meta":{"_acf_changed":false},"product_brand":[],"product_cat":[2140,3052],"product_tag":[2144,3110,4204,2148,3132,4340,2150,3576,4656,2151,3617,5740,2156,3678,5843,2157,3681,5880,2158,3685,5899,2285,3686,5937,2466,4055,5958,2617,4056,5962,2641,4092,6002,2643,4154,6003,2707,4155,6004,2709,4161,6005,2142,3054,4163,6006,2143,3058,4164,6007],"class_list":{"0":"post-33154","1":"product","2":"type-product","3":"status-publish","4":"has-post-thumbnail","6":"product_cat-schnelle-lieferung","7":"product_cat-buerostuehle","8":"product_tag-stuhl","9":"product_tag-raeder","10":"product_tag-produktiv","11":"product_tag-entwurf","12":"product_tag-arbeitsplatz-de","13":"product_tag-garantie-de","14":"product_tag-funktional","15":"product_tag-zuverlassig","16":"product_tag-hohe-ruckenlehne","17":"product_tag-professionell","18":"product_tag-bunt","19":"product_tag-ruckenschmerzen-de","20":"product_tag-hochwertige","21":"product_tag-unterstutzen-sie","22":"product_tag-gasfeder-klasse-3","23":"product_tag-modern-de","24":"product_tag-von-zu-hause-aus-arbeiten-de","25":"product_tag-synchro-mechanismus","26":"product_tag-stilvoll","27":"product_tag-gesundheit","28":"product_tag-einstellbare-sitztiefe","29":"product_tag-buro","30":"product_tag-armlehnen","31":"product_tag-abriebfester-stoff","32":"product_tag-qualitat","33":"product_tag-sitz-gepolstert","34":"product_tag-arbo-de","35":"product_tag-einstellbar","36":"product_tag-rucken-aus-mesh","37":"product_tag-kippbarer-sitz","38":"product_tag-ergonomie-de","39":"product_tag-bewegung","40":"product_tag-donati-mechanismus-de","41":"product_tag-flexibilitat","42":"product_tag-lendenwirbelstutze","43":"product_tag-niederlandische-standards","44":"product_tag-ergonomisch-de","45":"product_tag-fuskreuz","46":"product_tag-kippmechanismus-de","47":"product_tag-sitzkomfort","48":"product_tag-martindale-de","49":"product_tag-npr-18132016-de","50":"product_tag-komfort","51":"product_tag-buerostuhl","52":"product_tag-gewichtsabhangig","53":"product_tag-anpassungsfahigkeit-de","54":"product_tag-nachhaltig","55":"product_tag-einstellung-der-sitzhoehe","56":"product_tag-kontakt-zuruck","57":"product_tag-sitzgelegenheiten-de","58":"pa_kruisvoetkleur-poliertes-aluminium","59":"pa_kruisvoetkleur-schwarz","60":"pa_stoffering-mesh-wolle-schwarz","61":"pa_stoffering-mesh-schwarz","63":"first","64":"instock","65":"purchasable","66":"product-type-variable"},"acf":{"downloads":[{"label":"Certificaat-400-NPR-NPR1813","bestand":26758,"toegankelijkheid":"resellers"},{"label":"Handbuch-Baugruppe-400-mesh-franz\u00f6sisch-v1","bestand":34773,"toegankelijkheid":"resellers"},{"label":"factsheet_400npr_2020-engels-1","bestand":34794,"toegankelijkheid":"resellers"},{"label":"factsheet_400npr_2020-frans","bestand":34797,"toegankelijkheid":"resellers"},{"label":"factsheet_400npr_2020-engels","bestand":34800,"toegankelijkheid":"resellers"}]},"yoast_head":"<!-- This site is optimized with the Yoast SEO plugin v26.7 - https:\/\/yoast.com\/wordpress\/plugins\/seo\/ -->\n<title>Drehstuhl Serie 400-NPR - Schaffenburg<\/title>\n<meta name=\"robots\" content=\"index, follow, max-snippet:-1, max-image-preview:large, max-video-preview:-1\" \/>\n<link rel=\"canonical\" href=\"https:\/\/portal.schaffenburg.nl\/de\/produkt\/drehstuhl-serie-400-npr\/\" \/>\n<meta property=\"og:locale\" content=\"de_DE\" \/>\n<meta property=\"og:type\" content=\"article\" \/>\n<meta property=\"og:title\" content=\"Drehstuhl Serie 400-NPR - Schaffenburg\" \/>\n<meta property=\"og:description\" content=\"Die Schreibtischstuhlserie 400-NPR bietet Komfort und Funktionalit\u00e4t mit Funktionen wie verstellbarem Sitz und R\u00fccken, neigbarem Sitz, 3D-Armlehnen und Synchronmechanik. Zertifiziert nach der Norm NPR 1813:2016 und mit einer vollen 10-Jahres-Garantie. Optional mit Donati-Mechanik und in verschiedenen Farben von Stoff, Kunstleder und Leder erh\u00e4ltlich.\" \/>\n<meta property=\"og:url\" content=\"https:\/\/portal.schaffenburg.nl\/de\/produkt\/drehstuhl-serie-400-npr\/\" \/>\n<meta property=\"og:site_name\" content=\"Schaffenburg\" \/>\n<meta property=\"og:image\" content=\"https:\/\/portal.schaffenburg.nl\/wp-content\/uploads\/2024\/09\/400_gem_zw.jpg?wsr\" \/>\n\t<meta property=\"og:image:width\" content=\"800\" \/>\n\t<meta property=\"og:image:height\" content=\"800\" \/>\n\t<meta property=\"og:image:type\" content=\"image\/jpeg\" \/>\n<meta name=\"twitter:card\" content=\"summary_large_image\" \/>\n<meta name=\"twitter:label1\" content=\"Gesch\u00e4tzte Lesezeit\" \/>\n\t<meta name=\"twitter:data1\" content=\"3\u00a0Minuten\" \/>\n<script type=\"application\/ld+json\" class=\"yoast-schema-graph\">{\"@context\":\"https:\/\/schema.org\",\"@graph\":[{\"@type\":\"WebPage\",\"@id\":\"https:\/\/portal.schaffenburg.nl\/de\/produkt\/drehstuhl-serie-400-npr\/\",\"url\":\"https:\/\/portal.schaffenburg.nl\/de\/produkt\/drehstuhl-serie-400-npr\/\",\"name\":\"Drehstuhl Serie 400-NPR - Schaffenburg\",\"isPartOf\":{\"@id\":\"https:\/\/portal.schaffenburg.nl\/de\/#website\"},\"primaryImageOfPage\":{\"@id\":\"https:\/\/portal.schaffenburg.nl\/de\/produkt\/drehstuhl-serie-400-npr\/#primaryimage\"},\"image\":{\"@id\":\"https:\/\/portal.schaffenburg.nl\/de\/produkt\/drehstuhl-serie-400-npr\/#primaryimage\"},\"thumbnailUrl\":\"https:\/\/portal.schaffenburg.nl\/wp-content\/uploads\/2024\/09\/400_gem_zw.jpg?wsr\",\"datePublished\":\"2018-10-02T13:58:17+00:00\",\"breadcrumb\":{\"@id\":\"https:\/\/portal.schaffenburg.nl\/de\/produkt\/drehstuhl-serie-400-npr\/#breadcrumb\"},\"inLanguage\":\"de\",\"potentialAction\":[{\"@type\":\"ReadAction\",\"target\":[\"https:\/\/portal.schaffenburg.nl\/de\/produkt\/drehstuhl-serie-400-npr\/\"]}]},{\"@type\":\"ImageObject\",\"inLanguage\":\"de\",\"@id\":\"https:\/\/portal.schaffenburg.nl\/de\/produkt\/drehstuhl-serie-400-npr\/#primaryimage\",\"url\":\"https:\/\/portal.schaffenburg.nl\/wp-content\/uploads\/2024\/09\/400_gem_zw.jpg?wsr\",\"contentUrl\":\"https:\/\/portal.schaffenburg.nl\/wp-content\/uploads\/2024\/09\/400_gem_zw.jpg?wsr\",\"width\":800,\"height\":800,\"caption\":\"Drehstuhl Serie 400-NPR\"},{\"@type\":\"BreadcrumbList\",\"@id\":\"https:\/\/portal.schaffenburg.nl\/de\/produkt\/drehstuhl-serie-400-npr\/#breadcrumb\",\"itemListElement\":[{\"@type\":\"ListItem\",\"position\":1,\"name\":\"Home\",\"item\":\"https:\/\/portal.schaffenburg.nl\/de\/\"},{\"@type\":\"ListItem\",\"position\":2,\"name\":\"Drehstuhl Serie 400-NPR\"}]},{\"@type\":\"WebSite\",\"@id\":\"https:\/\/portal.schaffenburg.nl\/de\/#website\",\"url\":\"https:\/\/portal.schaffenburg.nl\/de\/\",\"name\":\"Schaffenburg\",\"description\":\"\",\"potentialAction\":[{\"@type\":\"SearchAction\",\"target\":{\"@type\":\"EntryPoint\",\"urlTemplate\":\"https:\/\/portal.schaffenburg.nl\/de\/?s={search_term_string}\"},\"query-input\":{\"@type\":\"PropertyValueSpecification\",\"valueRequired\":true,\"valueName\":\"search_term_string\"}}],\"inLanguage\":\"de\"}]}<\/script>\n<!-- \/ Yoast SEO plugin. -->","yoast_head_json":{"title":"Drehstuhl Serie 400-NPR - Schaffenburg","robots":{"index":"index","follow":"follow","max-snippet":"max-snippet:-1","max-image-preview":"max-image-preview:large","max-video-preview":"max-video-preview:-1"},"canonical":"https:\/\/portal.schaffenburg.nl\/de\/produkt\/drehstuhl-serie-400-npr\/","og_locale":"de_DE","og_type":"article","og_title":"Drehstuhl Serie 400-NPR - Schaffenburg","og_description":"Die Schreibtischstuhlserie 400-NPR bietet Komfort und Funktionalit\u00e4t mit Funktionen wie verstellbarem Sitz und R\u00fccken, neigbarem Sitz, 3D-Armlehnen und Synchronmechanik. Zertifiziert nach der Norm NPR 1813:2016 und mit einer vollen 10-Jahres-Garantie. Optional mit Donati-Mechanik und in verschiedenen Farben von Stoff, Kunstleder und Leder erh\u00e4ltlich.","og_url":"https:\/\/portal.schaffenburg.nl\/de\/produkt\/drehstuhl-serie-400-npr\/","og_site_name":"Schaffenburg","og_image":[{"width":800,"height":800,"url":"https:\/\/portal.schaffenburg.nl\/wp-content\/uploads\/2024\/09\/400_gem_zw.jpg?wsr","type":"image\/jpeg"}],"twitter_card":"summary_large_image","twitter_misc":{"Gesch\u00e4tzte Lesezeit":"3\u00a0Minuten"},"schema":{"@context":"https:\/\/schema.org","@graph":[{"@type":"WebPage","@id":"https:\/\/portal.schaffenburg.nl\/de\/produkt\/drehstuhl-serie-400-npr\/","url":"https:\/\/portal.schaffenburg.nl\/de\/produkt\/drehstuhl-serie-400-npr\/","name":"Drehstuhl Serie 400-NPR - Schaffenburg","isPartOf":{"@id":"https:\/\/portal.schaffenburg.nl\/de\/#website"},"primaryImageOfPage":{"@id":"https:\/\/portal.schaffenburg.nl\/de\/produkt\/drehstuhl-serie-400-npr\/#primaryimage"},"image":{"@id":"https:\/\/portal.schaffenburg.nl\/de\/produkt\/drehstuhl-serie-400-npr\/#primaryimage"},"thumbnailUrl":"https:\/\/portal.schaffenburg.nl\/wp-content\/uploads\/2024\/09\/400_gem_zw.jpg?wsr","datePublished":"2018-10-02T13:58:17+00:00","breadcrumb":{"@id":"https:\/\/portal.schaffenburg.nl\/de\/produkt\/drehstuhl-serie-400-npr\/#breadcrumb"},"inLanguage":"de","potentialAction":[{"@type":"ReadAction","target":["https:\/\/portal.schaffenburg.nl\/de\/produkt\/drehstuhl-serie-400-npr\/"]}]},{"@type":"ImageObject","inLanguage":"de","@id":"https:\/\/portal.schaffenburg.nl\/de\/produkt\/drehstuhl-serie-400-npr\/#primaryimage","url":"https:\/\/portal.schaffenburg.nl\/wp-content\/uploads\/2024\/09\/400_gem_zw.jpg?wsr","contentUrl":"https:\/\/portal.schaffenburg.nl\/wp-content\/uploads\/2024\/09\/400_gem_zw.jpg?wsr","width":800,"height":800,"caption":"Drehstuhl Serie 400-NPR"},{"@type":"BreadcrumbList","@id":"https:\/\/portal.schaffenburg.nl\/de\/produkt\/drehstuhl-serie-400-npr\/#breadcrumb","itemListElement":[{"@type":"ListItem","position":1,"name":"Home","item":"https:\/\/portal.schaffenburg.nl\/de\/"},{"@type":"ListItem","position":2,"name":"Drehstuhl Serie 400-NPR"}]},{"@type":"WebSite","@id":"https:\/\/portal.schaffenburg.nl\/de\/#website","url":"https:\/\/portal.schaffenburg.nl\/de\/","name":"Schaffenburg","description":"","potentialAction":[{"@type":"SearchAction","target":{"@type":"EntryPoint","urlTemplate":"https:\/\/portal.schaffenburg.nl\/de\/?s={search_term_string}"},"query-input":{"@type":"PropertyValueSpecification","valueRequired":true,"valueName":"search_term_string"}}],"inLanguage":"de"}]}},"_links":{"self":[{"href":"https:\/\/portal.schaffenburg.nl\/de\/wp-json\/wp\/v2\/product\/33154","targetHints":{"allow":["GET"]}}],"collection":[{"href":"https:\/\/portal.schaffenburg.nl\/de\/wp-json\/wp\/v2\/product"}],"about":[{"href":"https:\/\/portal.schaffenburg.nl\/de\/wp-json\/wp\/v2\/types\/product"}],"replies":[{"embeddable":true,"href":"https:\/\/portal.schaffenburg.nl\/de\/wp-json\/wp\/v2\/comments?post=33154"}],"wp:featuredmedia":[{"embeddable":true,"href":"https:\/\/portal.schaffenburg.nl\/de\/wp-json\/wp\/v2\/media\/16728"}],"wp:attachment":[{"href":"https:\/\/portal.schaffenburg.nl\/de\/wp-json\/wp\/v2\/media?parent=33154"}],"wp:term":[{"taxonomy":"product_brand","embeddable":true,"href":"https:\/\/portal.schaffenburg.nl\/de\/wp-json\/wp\/v2\/product_brand?post=33154"},{"taxonomy":"product_cat","embeddable":true,"href":"https:\/\/portal.schaffenburg.nl\/de\/wp-json\/wp\/v2\/product_cat?post=33154"},{"taxonomy":"product_tag","embeddable":true,"href":"https:\/\/portal.schaffenburg.nl\/de\/wp-json\/wp\/v2\/product_tag?post=33154"}],"curies":[{"name":"wp","href":"https:\/\/api.w.org\/{rel}","templated":true}]}}