{"id":33189,"date":"2018-10-02T13:58:17","date_gmt":"2018-10-02T13:58:17","guid":{"rendered":"https:\/\/staging-schaffenburg.nl\/product\/drehstuhl-serie-npr1813-plus\/"},"modified":"2018-10-02T13:58:17","modified_gmt":"2018-10-02T13:58:17","slug":"drehstuhl-serie-npr1813-plus","status":"publish","type":"product","link":"https:\/\/portal.schaffenburg.nl\/de\/produkt\/drehstuhl-serie-npr1813-plus\/","title":{"rendered":"Drehstuhl Serie NPR1813 Plus"},"content":{"rendered":"Lernen Sie die B\u00fcrostuhlserie NPR1813 Plus kennen - den ultimativen B\u00fcrostuhl, der alle Ihre Bed\u00fcrfnisse erf\u00fcllt. Dieser B\u00fcrostuhl wurde entwickelt, um Ihre Arbeitserfahrung zu verbessern und zu erhellen, damit Sie effizienter und bequemer arbeiten k\u00f6nnen. \nDer B\u00fcrostuhl hat eine gepolsterte, extrahohe R\u00fcckenlehne und Sitzfl\u00e4che in elegantem Schwarz, das perfekt zu jeder modernen B\u00fcroeinrichtung passt. Mit der Sitzh\u00f6henverstellung (47-60 cm), der h\u00f6henverstellbaren R\u00fcckenlehne und der konturierten Lendenwirbelst\u00fctze k\u00f6nnen Sie den Stuhl an Ihre pers\u00f6nlichen Bed\u00fcrfnisse anpassen. \nDar\u00fcber hinaus bieten der neigbare Sitz und die um 10 cm verstellbare Sitztiefe eine optimale Unterst\u00fctzung f\u00fcr Ihren K\u00f6rper. Die h\u00f6hen- und breitenverstellbaren Armlehnen mit 3D-Armpolstern sorgen daf\u00fcr, dass Sie bequem arbeiten k\u00f6nnen, ohne dass Ihnen Schultern und Arme wehtun. \nDer B\u00fcrostuhl verf\u00fcgt \u00fcber eine Synchronmechanik und einen permanenten R\u00fcckenkontakt, der Ihren R\u00fccken optimal st\u00fctzt und Ihre K\u00f6rperhaltung verbessert. Die gewichtsabh\u00e4ngige Neigungsverstellung und die Gasfeder der Klasse 3 machen es einfach, den Stuhl an Ihr K\u00f6rpergewicht und Ihre K\u00f6rpergr\u00f6\u00dfe anzupassen. \nDer schwarze, verst\u00e4rkte Kunststoffsockel und die halb gebremsten Rollen f\u00fcr harte und weiche B\u00f6den sorgen f\u00fcr Stabilit\u00e4t und Mobilit\u00e4t, so dass Sie sich problemlos von Ihrem Schreibtisch ins Archiv bewegen k\u00f6nnen.\nMit dem hochwertigen, 100.000 Martindale abriebfesten Stoff f\u00fcr intensive Nutzung und der Tatsache, dass dieser B\u00fcrostuhl nach der Norm NPR 1813:2016 getestet und zertifiziert ist, k\u00f6nnen Sie sicher sein, dass dieser Stuhl lange h\u00e4lt.\nUnd das ist noch nicht alles! Sie k\u00f6nnen den B\u00fcrostuhl auch mit einer Donati-Mechanik mit automatischer Gewichtsanpassung ausstatten, und zwar ohne Aufpreis. Diese Option sorgt f\u00fcr zus\u00e4tzlichen Komfort und Stabilit\u00e4t bei der Arbeit.  \nKaufen Sie den B\u00fcrostuhl der Serie NPR1813 Plus jetzt mit einer vollen 10-Jahres-Garantie und erleben Sie den Komfort und die Effizienz beim Arbeiten, nach denen Sie schon so lange gesucht haben.\n<h6>Eigenschaften<\/h6>\n<ul>\n<li class=\"p1\">Gepolsterte extrahohe R\u00fcckenlehne und Sitzfl\u00e4che schwarz<\/li>\n<li class=\"p1\">Sitzh\u00f6henverstellung (47-60 cm)<\/li>\n<li class=\"p1\">H\u00f6henverstellbare R\u00fcckenlehne<\/li>\n<li class=\"p1\">Konturierte Lendenwirbelst\u00fctze<\/li>\n<li class=\"p1\">Kippbarer Sitz<\/li>\n<li class=\"p1\">Einstellbare Sitztiefe 10 cm<\/li>\n<li class=\"p1\">H\u00f6hen- und breitenverstellbare Armlehne<\/li>\n<li class=\"p1\">3D Achselpolster<\/li>\n<li class=\"p1\">Synchro-Mechanismus<\/li>\n<li class=\"p1\">Permanenter R\u00fcckkontakt<\/li>\n<li class=\"p1\">Gewichtsabh\u00e4ngige Neigungsverstellung<\/li>\n<li class=\"p1\">Gasfeder Klasse 3<\/li>\n<li class=\"p1\">Schwarzer verst\u00e4rkter Kunststoffsockel<\/li>\n<li class=\"p1\">Halbgebremste R\u00e4der f\u00fcr harte und weiche B\u00f6den<\/li>\n<li class=\"p1\">Hochwertiger, strapazierf\u00e4higer Stoff 100.000 Martindale f\u00fcr intensiven Gebrauch<\/li>\n<li class=\"p1\">Gepr\u00fcft und zertifiziert nach der Norm NPR 1813:2016<\/li>\n<li class=\"p1\">Volle Garantie 10 Jahre<\/li>\n<li>OPTIONAL, OHNE PREIS:<br \/>\nDonati-Mechanismus mit automatischer Gewichtseinstellung.<br \/>\n(Dieser Mechanismus beinhaltet nicht den Kippsitz.)<\/li>\n<li>Belastbares Gewicht: 130 kg<\/li>\n<\/ul>\nAuch in verschiedenen Stoff-, Kunstleder- und Lederfarben erh\u00e4ltlich, allerdings auf Bestellung. Siehe Farbkarten unter Downloads. \n","protected":false},"excerpt":{"rendered":"<p>Der B\u00fcrostuhl der Serie NPR1813 Plus bietet optimale Unterst\u00fctzung und Komfort f\u00fcr eine intensive Nutzung. Der B\u00fcrostuhl ist voll verstellbar, hat eine Synchronmechanik und einen strapazierf\u00e4higen Stoff. Eine Donati-Mechanik ist optional erh\u00e4ltlich und er wird mit einer 10-j\u00e4hrigen Garantie geliefert.  <\/p>\n","protected":false},"featured_media":16830,"comment_status":"closed","ping_status":"closed","template":"","meta":{"_acf_changed":false},"product_brand":[],"product_cat":[2140,3052],"product_tag":[2467,3677,5838,2617,3678,5880,2707,3679,5935,2709,3680,5936,3053,3681,5937,3054,3682,5958,3055,3683,5960,3056,3724,5962,3057,3741,5983,3058,4086,6020,3110,4154,6042,2142,3384,4155,6043,2143,3526,4156,6044,2144,3576,4157,6045,2145,3617,4787,6046,2466,3676,5644,6047],"class_list":{"0":"post-33189","1":"product","2":"type-product","3":"status-publish","4":"has-post-thumbnail","6":"product_cat-schnelle-lieferung","7":"product_cat-buerostuehle","8":"product_tag-produktivitat","9":"product_tag-npr-de","10":"product_tag-lederimitat","11":"product_tag-einstellbar","12":"product_tag-unterstutzen-sie","13":"product_tag-synchro-mechanismus","14":"product_tag-ergonomisch-de","15":"product_tag-ruckenschmerzen","16":"product_tag-intensive-nutzung","17":"product_tag-sitzkomfort","18":"product_tag-ruckenlehne","19":"product_tag-leder","20":"product_tag-3d-armpads-de","21":"product_tag-von-zu-hause-aus-arbeiten-de","22":"product_tag-abriebfester-stoff","23":"product_tag-buerostuhl","24":"product_tag-mudigkeit","25":"product_tag-arbo-de","26":"product_tag-gepolstert","27":"product_tag-einstellbar-de","28":"product_tag-donati-mechanismus","29":"product_tag-gewichtsabhaengige-neigungsverstellung","30":"product_tag-plus-de","31":"product_tag-kippbarer-sitz","32":"product_tag-harte-boeden","33":"product_tag-weiche-boden","34":"product_tag-armlehne","35":"product_tag-einstellung-der-sitzhoehe","36":"product_tag-gesunde-arbeit","37":"product_tag-1813-de","38":"product_tag-raeder","39":"product_tag-lendenwirbelstutze","40":"product_tag-10-jahre-garantie","41":"product_tag-komfort","42":"product_tag-burogestaltung","43":"product_tag-fuskreuz","44":"product_tag-buromobel-de-3","45":"product_tag-nachhaltig","46":"product_tag-gasfeder","47":"product_tag-arbeitseinstellung","48":"product_tag-ergonomischer-sitz-de","49":"product_tag-stuhl","50":"product_tag-zuverlassig","51":"product_tag-sitztiefe","52":"product_tag-halbgebremst","53":"product_tag-schwarz","54":"product_tag-bunt","55":"product_tag-studie-de-2","56":"product_tag-npr1813-plus-de","57":"product_tag-qualitat","58":"product_tag-nackenschmerzen","59":"product_tag-sitzen","60":"product_tag-ruckenhohenverstellung","61":"pa_stoffering-schwarz","63":"first","64":"instock","65":"purchasable","66":"product-type-variable"},"acf":{"downloads":[{"label":"factsheet_npr1813plus_2017_v2","bestand":26718,"toegankelijkheid":"resellers"},{"label":"Bureaustoel-npr1813plus_sof_A5_v1","bestand":26720,"toegankelijkheid":"resellers"},{"label":"Flyer-serie-NPR1813-LR","bestand":26722,"toegankelijkheid":"resellers"}]},"yoast_head":"<!-- This site is optimized with the Yoast SEO plugin v26.7 - https:\/\/yoast.com\/wordpress\/plugins\/seo\/ -->\n<title>Drehstuhl Serie NPR1813 Plus - Schaffenburg<\/title>\n<meta name=\"description\" content=\"B\u00fcrostuhl der Serie NPR1813 Plus f\u00fcr optimale Unterst\u00fctzung und Komfort bei intensiver Nutzung. Vollst\u00e4ndig verstellbar, mit strapazierf\u00e4higem Stoff und mehr.\" \/>\n<meta name=\"robots\" content=\"index, follow, max-snippet:-1, max-image-preview:large, max-video-preview:-1\" \/>\n<link rel=\"canonical\" href=\"https:\/\/portal.schaffenburg.nl\/de\/produkt\/drehstuhl-serie-npr1813-plus\/\" \/>\n<meta property=\"og:locale\" content=\"de_DE\" \/>\n<meta property=\"og:type\" content=\"article\" \/>\n<meta property=\"og:title\" content=\"Drehstuhl Serie NPR1813 Plus - Schaffenburg\" \/>\n<meta property=\"og:description\" content=\"B\u00fcrostuhl der Serie NPR1813 Plus f\u00fcr optimale Unterst\u00fctzung und Komfort bei intensiver Nutzung. Vollst\u00e4ndig verstellbar, mit strapazierf\u00e4higem Stoff und mehr.\" \/>\n<meta property=\"og:url\" content=\"https:\/\/portal.schaffenburg.nl\/de\/produkt\/drehstuhl-serie-npr1813-plus\/\" \/>\n<meta property=\"og:site_name\" content=\"Schaffenburg\" \/>\n<meta property=\"og:image\" content=\"https:\/\/portal.schaffenburg.nl\/wp-content\/uploads\/2024\/09\/NPR1813PLUS_PROD.jpg?wsr\" \/>\n\t<meta property=\"og:image:width\" content=\"800\" \/>\n\t<meta property=\"og:image:height\" content=\"800\" \/>\n\t<meta property=\"og:image:type\" content=\"image\/jpeg\" \/>\n<meta name=\"twitter:card\" content=\"summary_large_image\" \/>\n<meta name=\"twitter:label1\" content=\"Gesch\u00e4tzte Lesezeit\" \/>\n\t<meta name=\"twitter:data1\" content=\"2\u00a0Minuten\" \/>\n<script type=\"application\/ld+json\" class=\"yoast-schema-graph\">{\"@context\":\"https:\/\/schema.org\",\"@graph\":[{\"@type\":\"WebPage\",\"@id\":\"https:\/\/portal.schaffenburg.nl\/de\/produkt\/drehstuhl-serie-npr1813-plus\/\",\"url\":\"https:\/\/portal.schaffenburg.nl\/de\/produkt\/drehstuhl-serie-npr1813-plus\/\",\"name\":\"Drehstuhl Serie NPR1813 Plus - Schaffenburg\",\"isPartOf\":{\"@id\":\"https:\/\/portal.schaffenburg.nl\/de\/#website\"},\"primaryImageOfPage\":{\"@id\":\"https:\/\/portal.schaffenburg.nl\/de\/produkt\/drehstuhl-serie-npr1813-plus\/#primaryimage\"},\"image\":{\"@id\":\"https:\/\/portal.schaffenburg.nl\/de\/produkt\/drehstuhl-serie-npr1813-plus\/#primaryimage\"},\"thumbnailUrl\":\"https:\/\/portal.schaffenburg.nl\/wp-content\/uploads\/2024\/09\/NPR1813PLUS_PROD.jpg?wsr\",\"datePublished\":\"2018-10-02T13:58:17+00:00\",\"description\":\"B\u00fcrostuhl der Serie NPR1813 Plus f\u00fcr optimale Unterst\u00fctzung und Komfort bei intensiver Nutzung. Vollst\u00e4ndig verstellbar, mit strapazierf\u00e4higem Stoff und mehr.\",\"breadcrumb\":{\"@id\":\"https:\/\/portal.schaffenburg.nl\/de\/produkt\/drehstuhl-serie-npr1813-plus\/#breadcrumb\"},\"inLanguage\":\"de\",\"potentialAction\":[{\"@type\":\"ReadAction\",\"target\":[\"https:\/\/portal.schaffenburg.nl\/de\/produkt\/drehstuhl-serie-npr1813-plus\/\"]}]},{\"@type\":\"ImageObject\",\"inLanguage\":\"de\",\"@id\":\"https:\/\/portal.schaffenburg.nl\/de\/produkt\/drehstuhl-serie-npr1813-plus\/#primaryimage\",\"url\":\"https:\/\/portal.schaffenburg.nl\/wp-content\/uploads\/2024\/09\/NPR1813PLUS_PROD.jpg?wsr\",\"contentUrl\":\"https:\/\/portal.schaffenburg.nl\/wp-content\/uploads\/2024\/09\/NPR1813PLUS_PROD.jpg?wsr\",\"width\":800,\"height\":800,\"caption\":\"Drehstuhl Serie NPR1813 Plus\"},{\"@type\":\"BreadcrumbList\",\"@id\":\"https:\/\/portal.schaffenburg.nl\/de\/produkt\/drehstuhl-serie-npr1813-plus\/#breadcrumb\",\"itemListElement\":[{\"@type\":\"ListItem\",\"position\":1,\"name\":\"Home\",\"item\":\"https:\/\/portal.schaffenburg.nl\/de\/\"},{\"@type\":\"ListItem\",\"position\":2,\"name\":\"Drehstuhl Serie NPR1813 Plus\"}]},{\"@type\":\"WebSite\",\"@id\":\"https:\/\/portal.schaffenburg.nl\/de\/#website\",\"url\":\"https:\/\/portal.schaffenburg.nl\/de\/\",\"name\":\"Schaffenburg\",\"description\":\"\",\"potentialAction\":[{\"@type\":\"SearchAction\",\"target\":{\"@type\":\"EntryPoint\",\"urlTemplate\":\"https:\/\/portal.schaffenburg.nl\/de\/?s={search_term_string}\"},\"query-input\":{\"@type\":\"PropertyValueSpecification\",\"valueRequired\":true,\"valueName\":\"search_term_string\"}}],\"inLanguage\":\"de\"}]}<\/script>\n<!-- \/ Yoast SEO plugin. -->","yoast_head_json":{"title":"Drehstuhl Serie NPR1813 Plus - Schaffenburg","description":"B\u00fcrostuhl der Serie NPR1813 Plus f\u00fcr optimale Unterst\u00fctzung und Komfort bei intensiver Nutzung. Vollst\u00e4ndig verstellbar, mit strapazierf\u00e4higem Stoff und mehr.","robots":{"index":"index","follow":"follow","max-snippet":"max-snippet:-1","max-image-preview":"max-image-preview:large","max-video-preview":"max-video-preview:-1"},"canonical":"https:\/\/portal.schaffenburg.nl\/de\/produkt\/drehstuhl-serie-npr1813-plus\/","og_locale":"de_DE","og_type":"article","og_title":"Drehstuhl Serie NPR1813 Plus - Schaffenburg","og_description":"B\u00fcrostuhl der Serie NPR1813 Plus f\u00fcr optimale Unterst\u00fctzung und Komfort bei intensiver Nutzung. Vollst\u00e4ndig verstellbar, mit strapazierf\u00e4higem Stoff und mehr.","og_url":"https:\/\/portal.schaffenburg.nl\/de\/produkt\/drehstuhl-serie-npr1813-plus\/","og_site_name":"Schaffenburg","og_image":[{"width":800,"height":800,"url":"https:\/\/portal.schaffenburg.nl\/wp-content\/uploads\/2024\/09\/NPR1813PLUS_PROD.jpg?wsr","type":"image\/jpeg"}],"twitter_card":"summary_large_image","twitter_misc":{"Gesch\u00e4tzte Lesezeit":"2\u00a0Minuten"},"schema":{"@context":"https:\/\/schema.org","@graph":[{"@type":"WebPage","@id":"https:\/\/portal.schaffenburg.nl\/de\/produkt\/drehstuhl-serie-npr1813-plus\/","url":"https:\/\/portal.schaffenburg.nl\/de\/produkt\/drehstuhl-serie-npr1813-plus\/","name":"Drehstuhl Serie NPR1813 Plus - Schaffenburg","isPartOf":{"@id":"https:\/\/portal.schaffenburg.nl\/de\/#website"},"primaryImageOfPage":{"@id":"https:\/\/portal.schaffenburg.nl\/de\/produkt\/drehstuhl-serie-npr1813-plus\/#primaryimage"},"image":{"@id":"https:\/\/portal.schaffenburg.nl\/de\/produkt\/drehstuhl-serie-npr1813-plus\/#primaryimage"},"thumbnailUrl":"https:\/\/portal.schaffenburg.nl\/wp-content\/uploads\/2024\/09\/NPR1813PLUS_PROD.jpg?wsr","datePublished":"2018-10-02T13:58:17+00:00","description":"B\u00fcrostuhl der Serie NPR1813 Plus f\u00fcr optimale Unterst\u00fctzung und Komfort bei intensiver Nutzung. Vollst\u00e4ndig verstellbar, mit strapazierf\u00e4higem Stoff und mehr.","breadcrumb":{"@id":"https:\/\/portal.schaffenburg.nl\/de\/produkt\/drehstuhl-serie-npr1813-plus\/#breadcrumb"},"inLanguage":"de","potentialAction":[{"@type":"ReadAction","target":["https:\/\/portal.schaffenburg.nl\/de\/produkt\/drehstuhl-serie-npr1813-plus\/"]}]},{"@type":"ImageObject","inLanguage":"de","@id":"https:\/\/portal.schaffenburg.nl\/de\/produkt\/drehstuhl-serie-npr1813-plus\/#primaryimage","url":"https:\/\/portal.schaffenburg.nl\/wp-content\/uploads\/2024\/09\/NPR1813PLUS_PROD.jpg?wsr","contentUrl":"https:\/\/portal.schaffenburg.nl\/wp-content\/uploads\/2024\/09\/NPR1813PLUS_PROD.jpg?wsr","width":800,"height":800,"caption":"Drehstuhl Serie NPR1813 Plus"},{"@type":"BreadcrumbList","@id":"https:\/\/portal.schaffenburg.nl\/de\/produkt\/drehstuhl-serie-npr1813-plus\/#breadcrumb","itemListElement":[{"@type":"ListItem","position":1,"name":"Home","item":"https:\/\/portal.schaffenburg.nl\/de\/"},{"@type":"ListItem","position":2,"name":"Drehstuhl Serie NPR1813 Plus"}]},{"@type":"WebSite","@id":"https:\/\/portal.schaffenburg.nl\/de\/#website","url":"https:\/\/portal.schaffenburg.nl\/de\/","name":"Schaffenburg","description":"","potentialAction":[{"@type":"SearchAction","target":{"@type":"EntryPoint","urlTemplate":"https:\/\/portal.schaffenburg.nl\/de\/?s={search_term_string}"},"query-input":{"@type":"PropertyValueSpecification","valueRequired":true,"valueName":"search_term_string"}}],"inLanguage":"de"}]}},"_links":{"self":[{"href":"https:\/\/portal.schaffenburg.nl\/de\/wp-json\/wp\/v2\/product\/33189","targetHints":{"allow":["GET"]}}],"collection":[{"href":"https:\/\/portal.schaffenburg.nl\/de\/wp-json\/wp\/v2\/product"}],"about":[{"href":"https:\/\/portal.schaffenburg.nl\/de\/wp-json\/wp\/v2\/types\/product"}],"replies":[{"embeddable":true,"href":"https:\/\/portal.schaffenburg.nl\/de\/wp-json\/wp\/v2\/comments?post=33189"}],"wp:featuredmedia":[{"embeddable":true,"href":"https:\/\/portal.schaffenburg.nl\/de\/wp-json\/wp\/v2\/media\/16830"}],"wp:attachment":[{"href":"https:\/\/portal.schaffenburg.nl\/de\/wp-json\/wp\/v2\/media?parent=33189"}],"wp:term":[{"taxonomy":"product_brand","embeddable":true,"href":"https:\/\/portal.schaffenburg.nl\/de\/wp-json\/wp\/v2\/product_brand?post=33189"},{"taxonomy":"product_cat","embeddable":true,"href":"https:\/\/portal.schaffenburg.nl\/de\/wp-json\/wp\/v2\/product_cat?post=33189"},{"taxonomy":"product_tag","embeddable":true,"href":"https:\/\/portal.schaffenburg.nl\/de\/wp-json\/wp\/v2\/product_tag?post=33189"}],"curies":[{"name":"wp","href":"https:\/\/api.w.org\/{rel}","templated":true}]}}