{"id":33195,"date":"2018-10-02T13:58:18","date_gmt":"2018-10-02T11:58:18","guid":{"rendered":"https:\/\/staging-schaffenburg.nl\/product\/drehstuhl-serie-105-abnehmbarer-sitzbezug\/"},"modified":"2018-10-02T13:58:18","modified_gmt":"2018-10-02T13:58:18","slug":"drehstuhl-serie-105-abnehmbarer-sitzbezug","status":"publish","type":"product","link":"https:\/\/portal.schaffenburg.nl\/de\/produkt\/drehstuhl-serie-105-abnehmbarer-sitzbezug\/","title":{"rendered":"Drehstuhl Serie 105 abnehmbarer Sitzbezug"},"content":{"rendered":"Der abnehmbare Sitzbezug f\u00fcr den B\u00fcrostuhl Series 105 ist eine hervorragende M\u00f6glichkeit, Ihren B\u00fcrostuhl aufzuwerten. Der Bezug ist f\u00fcr den <a href=\"https:\/\/www.schaffenburg.nl\/shop\/snellever\/zitten-snellever\/bureaustoelen-snellever\/bureaustoel-serie-105\/\">B\u00fcrostuhl der Serie 105 geeignet .<\/a> Egal, ob Sie zu Hause arbeiten oder in einem B\u00fcro sitzen, dieser Sitzbezug ist die perfekte L\u00f6sung, um Ihren B\u00fcrostuhl vor t\u00e4glicher Abnutzung und Schmutz zu sch\u00fctzen. Der hochwertige Stoff oder das Kunstleder, aus dem der Bezug besteht, ist strapazierf\u00e4hig und leicht zu reinigen, so dass Ihr Sitzbezug auch nach l\u00e4ngerem Gebrauch noch wie neu aussieht.  \nDie verschiedenen verf\u00fcgbaren Farben des Sitzbezugs sorgen daf\u00fcr, dass er zu fast jeder Einrichtung passt und sich perfekt mit anderen Farben und Materialien kombinieren l\u00e4sst. Ob Sie nun eine moderne, minimalistische oder klassische Einrichtung haben, dieser Sitzbezug verleiht Ihrem B\u00fcrostuhl einen Hauch von Stil. Au\u00dferdem l\u00e4sst sich der Bezug leicht anbringen und abnehmen, so dass Sie ihn austauschen k\u00f6nnen, wenn Sie den Stil \u00e4ndern m\u00f6chten oder wenn er schmutzig wird.  \nEine weitere gro\u00dfartige Eigenschaft des Sitzbezugs ist, dass er den Komfort Ihres B\u00fcrostuhls erh\u00f6ht. Sowohl der Stoff als auch das Kunstleder f\u00fchlen sich weich und geschmeidig an und bieten zus\u00e4tzlichen Halt und Komfort. Dies ist besonders n\u00fctzlich, wenn Sie lange am Schreibtisch sitzen und zus\u00e4tzliche Unterst\u00fctzung f\u00fcr Ihren R\u00fccken und Ihr Ges\u00e4\u00df ben\u00f6tigen.  \nKurzum, der abnehmbare Sitzbezug Office Chair Series 105 ist eine einfache und erschwingliche M\u00f6glichkeit, Ihren B\u00fcrostuhl aufzuwerten. Er bietet Schutz vor Abnutzung und Schmutz, erh\u00f6ht den Komfort und erm\u00f6glicht es Ihnen, mit verschiedenen Stilen zu experimentieren. Wenn Sie nach einer schnellen und einfachen M\u00f6glichkeit suchen, Ihren Arbeitsplatz zu verbessern, ist dies die perfekte L\u00f6sung f\u00fcr Sie.  \n<h6>Eigenschaften<\/h6>\n<ul>\n<li>Farben: schwarz, grau, taupe, blau, lila, gr\u00fcn, rot, dunkelrot<\/li>\n<li>Material: Stoff oder Kunstleder<\/li>\n<li>Leicht zu befestigen<\/li>\n<li>Leicht zu reinigen<\/li>\n<\/ul>\n","protected":false},"excerpt":{"rendered":"<p>Der abnehmbare Sitzbezug f\u00fcr den B\u00fcrostuhl Serie 105 bietet zus\u00e4tzlichen Komfort, Schutz und ist leicht zu reinigen. Geeignet f\u00fcr den B\u00fcrostuhl Serie 105. <\/p>\n","protected":false},"featured_media":33935,"comment_status":"closed","ping_status":"closed","template":"","meta":{"_acf_changed":false},"product_brand":[],"product_cat":[2140,3052],"product_tag":[2161,2721,5838,6064,2162,3054,5883,6065,2163,3115,5886,6066,2285,3168,5893,2289,3191,5894,2466,3323,5895,2142,2469,3622,6054,2143,2470,3678,6055,2145,2573,3681,6056,2148,2577,3745,6057,2150,2578,3997,6058,2151,2582,4158,6059,2155,2707,4279,6060,2156,2709,5400,6061,2157,2713,5471,6062,2158,2720,5665,6063],"class_list":{"0":"post-33195","1":"product","2":"type-product","3":"status-publish","4":"has-post-thumbnail","6":"product_cat-schnelle-lieferung","7":"product_cat-buerostuehle","8":"product_tag-einfach","9":"product_tag-interieur-de","10":"product_tag-lederimitat","11":"product_tag-erneuern","12":"product_tag-klassisch","13":"product_tag-buerostuhl","14":"product_tag-abnehmbarer-sitzbezug","15":"product_tag-schmutz","16":"product_tag-luxus","17":"product_tag-schaffenburg-de","18":"product_tag-dunkelrot","19":"product_tag-sitzbezug","20":"product_tag-buro","21":"product_tag-erschwinglich","22":"product_tag-lila","23":"product_tag-zeitlos","24":"product_tag-schutz","25":"product_tag-rot","26":"product_tag-qualitat","27":"product_tag-benutzerfreundlich","28":"product_tag-taupe-de","29":"product_tag-komfort","30":"product_tag-zubehor","31":"product_tag-asthetik-de","32":"product_tag-abnehmbarer-sitzbezug-de","33":"product_tag-nachhaltig","34":"product_tag-aktualisieren","35":"product_tag-unterstutzen-sie","36":"product_tag-schutzen","37":"product_tag-schwarz","38":"product_tag-stoff","39":"product_tag-von-zu-hause-aus-arbeiten-de","40":"product_tag-bestatigen","41":"product_tag-entwurf","42":"product_tag-blau","43":"product_tag-wartung","44":"product_tag-gesas","45":"product_tag-funktional","46":"product_tag-grau","47":"product_tag-zuruck","48":"product_tag-leicht-zu-reinigen-de","49":"product_tag-professionell","50":"product_tag-einfach-de-2","51":"product_tag-atmungsaktiv","52":"product_tag-experiment-de","53":"product_tag-grun","54":"product_tag-ergonomisch-de","55":"product_tag-reinigung","56":"product_tag-hygiene-de","57":"product_tag-hochwertige","58":"product_tag-sitzkomfort","59":"product_tag-abnutzung-und-verschleis","60":"product_tag-einfach-zu-benutzen","61":"product_tag-modern-de","62":"product_tag-minimalistisch-de","63":"product_tag-ersetzen","64":"product_tag-reinigung-de-2","65":"product_tag-stilvoll","66":"product_tag-flexibel-de","67":"product_tag-serie-105-de","68":"product_tag-erfrischung","70":"first","71":"instock","72":"purchasable","73":"product-type-variable"},"acf":{"downloads":null},"yoast_head":"<!-- This site is optimized with the Yoast SEO plugin v26.7 - https:\/\/yoast.com\/wordpress\/plugins\/seo\/ -->\n<title>Drehstuhl Serie 105 abnehmbarer Sitzbezug - Schaffenburg<\/title>\n<meta name=\"robots\" content=\"index, follow, max-snippet:-1, max-image-preview:large, max-video-preview:-1\" \/>\n<link rel=\"canonical\" href=\"https:\/\/portal.schaffenburg.nl\/de\/produkt\/drehstuhl-serie-105-abnehmbarer-sitzbezug\/\" \/>\n<meta property=\"og:locale\" content=\"de_DE\" \/>\n<meta property=\"og:type\" content=\"article\" \/>\n<meta property=\"og:title\" content=\"Drehstuhl Serie 105 abnehmbarer Sitzbezug - Schaffenburg\" \/>\n<meta property=\"og:description\" content=\"Der abnehmbare Sitzbezug f\u00fcr den B\u00fcrostuhl Serie 105 bietet zus\u00e4tzlichen Komfort, Schutz und ist leicht zu reinigen. Geeignet f\u00fcr den B\u00fcrostuhl Serie 105.\" \/>\n<meta property=\"og:url\" content=\"https:\/\/portal.schaffenburg.nl\/de\/produkt\/drehstuhl-serie-105-abnehmbarer-sitzbezug\/\" \/>\n<meta property=\"og:site_name\" content=\"Schaffenburg\" \/>\n<meta property=\"article:modified_time\" content=\"2018-10-02T13:58:18+00:00\" \/>\n<meta property=\"og:image\" content=\"https:\/\/portal.schaffenburg.nl\/wp-content\/uploads\/2018\/10\/ATO-105H-BL-BLC_003.jpg?wsr\" \/>\n\t<meta property=\"og:image:width\" content=\"1666\" \/>\n\t<meta property=\"og:image:height\" content=\"2500\" \/>\n\t<meta property=\"og:image:type\" content=\"image\/jpeg\" \/>\n<meta name=\"twitter:card\" content=\"summary_large_image\" \/>\n<meta name=\"twitter:label1\" content=\"Gesch\u00e4tzte Lesezeit\" \/>\n\t<meta name=\"twitter:data1\" content=\"2\u00a0Minuten\" \/>\n<script type=\"application\/ld+json\" class=\"yoast-schema-graph\">{\"@context\":\"https:\/\/schema.org\",\"@graph\":[{\"@type\":\"WebPage\",\"@id\":\"https:\/\/portal.schaffenburg.nl\/de\/produkt\/drehstuhl-serie-105-abnehmbarer-sitzbezug\/\",\"url\":\"https:\/\/portal.schaffenburg.nl\/de\/produkt\/drehstuhl-serie-105-abnehmbarer-sitzbezug\/\",\"name\":\"Drehstuhl Serie 105 abnehmbarer Sitzbezug - Schaffenburg\",\"isPartOf\":{\"@id\":\"https:\/\/portal.schaffenburg.nl\/de\/#website\"},\"primaryImageOfPage\":{\"@id\":\"https:\/\/portal.schaffenburg.nl\/de\/produkt\/drehstuhl-serie-105-abnehmbarer-sitzbezug\/#primaryimage\"},\"image\":{\"@id\":\"https:\/\/portal.schaffenburg.nl\/de\/produkt\/drehstuhl-serie-105-abnehmbarer-sitzbezug\/#primaryimage\"},\"thumbnailUrl\":\"https:\/\/portal.schaffenburg.nl\/wp-content\/uploads\/2018\/10\/ATO-105H-BL-BLC_003.jpg?wsr\",\"datePublished\":\"2018-10-02T11:58:18+00:00\",\"dateModified\":\"2018-10-02T13:58:18+00:00\",\"breadcrumb\":{\"@id\":\"https:\/\/portal.schaffenburg.nl\/de\/produkt\/drehstuhl-serie-105-abnehmbarer-sitzbezug\/#breadcrumb\"},\"inLanguage\":\"de\",\"potentialAction\":[{\"@type\":\"ReadAction\",\"target\":[\"https:\/\/portal.schaffenburg.nl\/de\/produkt\/drehstuhl-serie-105-abnehmbarer-sitzbezug\/\"]}]},{\"@type\":\"ImageObject\",\"inLanguage\":\"de\",\"@id\":\"https:\/\/portal.schaffenburg.nl\/de\/produkt\/drehstuhl-serie-105-abnehmbarer-sitzbezug\/#primaryimage\",\"url\":\"https:\/\/portal.schaffenburg.nl\/wp-content\/uploads\/2018\/10\/ATO-105H-BL-BLC_003.jpg?wsr\",\"contentUrl\":\"https:\/\/portal.schaffenburg.nl\/wp-content\/uploads\/2018\/10\/ATO-105H-BL-BLC_003.jpg?wsr\",\"width\":1666,\"height\":2500},{\"@type\":\"BreadcrumbList\",\"@id\":\"https:\/\/portal.schaffenburg.nl\/de\/produkt\/drehstuhl-serie-105-abnehmbarer-sitzbezug\/#breadcrumb\",\"itemListElement\":[{\"@type\":\"ListItem\",\"position\":1,\"name\":\"Home\",\"item\":\"https:\/\/portal.schaffenburg.nl\/de\/\"},{\"@type\":\"ListItem\",\"position\":2,\"name\":\"Drehstuhl Serie 105 abnehmbarer Sitzbezug\"}]},{\"@type\":\"WebSite\",\"@id\":\"https:\/\/portal.schaffenburg.nl\/de\/#website\",\"url\":\"https:\/\/portal.schaffenburg.nl\/de\/\",\"name\":\"Schaffenburg\",\"description\":\"\",\"potentialAction\":[{\"@type\":\"SearchAction\",\"target\":{\"@type\":\"EntryPoint\",\"urlTemplate\":\"https:\/\/portal.schaffenburg.nl\/de\/?s={search_term_string}\"},\"query-input\":{\"@type\":\"PropertyValueSpecification\",\"valueRequired\":true,\"valueName\":\"search_term_string\"}}],\"inLanguage\":\"de\"}]}<\/script>\n<!-- \/ Yoast SEO plugin. -->","yoast_head_json":{"title":"Drehstuhl Serie 105 abnehmbarer Sitzbezug - Schaffenburg","robots":{"index":"index","follow":"follow","max-snippet":"max-snippet:-1","max-image-preview":"max-image-preview:large","max-video-preview":"max-video-preview:-1"},"canonical":"https:\/\/portal.schaffenburg.nl\/de\/produkt\/drehstuhl-serie-105-abnehmbarer-sitzbezug\/","og_locale":"de_DE","og_type":"article","og_title":"Drehstuhl Serie 105 abnehmbarer Sitzbezug - Schaffenburg","og_description":"Der abnehmbare Sitzbezug f\u00fcr den B\u00fcrostuhl Serie 105 bietet zus\u00e4tzlichen Komfort, Schutz und ist leicht zu reinigen. Geeignet f\u00fcr den B\u00fcrostuhl Serie 105.","og_url":"https:\/\/portal.schaffenburg.nl\/de\/produkt\/drehstuhl-serie-105-abnehmbarer-sitzbezug\/","og_site_name":"Schaffenburg","article_modified_time":"2018-10-02T13:58:18+00:00","og_image":[{"width":1666,"height":2500,"url":"https:\/\/portal.schaffenburg.nl\/wp-content\/uploads\/2018\/10\/ATO-105H-BL-BLC_003.jpg?wsr","type":"image\/jpeg"}],"twitter_card":"summary_large_image","twitter_misc":{"Gesch\u00e4tzte Lesezeit":"2\u00a0Minuten"},"schema":{"@context":"https:\/\/schema.org","@graph":[{"@type":"WebPage","@id":"https:\/\/portal.schaffenburg.nl\/de\/produkt\/drehstuhl-serie-105-abnehmbarer-sitzbezug\/","url":"https:\/\/portal.schaffenburg.nl\/de\/produkt\/drehstuhl-serie-105-abnehmbarer-sitzbezug\/","name":"Drehstuhl Serie 105 abnehmbarer Sitzbezug - Schaffenburg","isPartOf":{"@id":"https:\/\/portal.schaffenburg.nl\/de\/#website"},"primaryImageOfPage":{"@id":"https:\/\/portal.schaffenburg.nl\/de\/produkt\/drehstuhl-serie-105-abnehmbarer-sitzbezug\/#primaryimage"},"image":{"@id":"https:\/\/portal.schaffenburg.nl\/de\/produkt\/drehstuhl-serie-105-abnehmbarer-sitzbezug\/#primaryimage"},"thumbnailUrl":"https:\/\/portal.schaffenburg.nl\/wp-content\/uploads\/2018\/10\/ATO-105H-BL-BLC_003.jpg?wsr","datePublished":"2018-10-02T11:58:18+00:00","dateModified":"2018-10-02T13:58:18+00:00","breadcrumb":{"@id":"https:\/\/portal.schaffenburg.nl\/de\/produkt\/drehstuhl-serie-105-abnehmbarer-sitzbezug\/#breadcrumb"},"inLanguage":"de","potentialAction":[{"@type":"ReadAction","target":["https:\/\/portal.schaffenburg.nl\/de\/produkt\/drehstuhl-serie-105-abnehmbarer-sitzbezug\/"]}]},{"@type":"ImageObject","inLanguage":"de","@id":"https:\/\/portal.schaffenburg.nl\/de\/produkt\/drehstuhl-serie-105-abnehmbarer-sitzbezug\/#primaryimage","url":"https:\/\/portal.schaffenburg.nl\/wp-content\/uploads\/2018\/10\/ATO-105H-BL-BLC_003.jpg?wsr","contentUrl":"https:\/\/portal.schaffenburg.nl\/wp-content\/uploads\/2018\/10\/ATO-105H-BL-BLC_003.jpg?wsr","width":1666,"height":2500},{"@type":"BreadcrumbList","@id":"https:\/\/portal.schaffenburg.nl\/de\/produkt\/drehstuhl-serie-105-abnehmbarer-sitzbezug\/#breadcrumb","itemListElement":[{"@type":"ListItem","position":1,"name":"Home","item":"https:\/\/portal.schaffenburg.nl\/de\/"},{"@type":"ListItem","position":2,"name":"Drehstuhl Serie 105 abnehmbarer Sitzbezug"}]},{"@type":"WebSite","@id":"https:\/\/portal.schaffenburg.nl\/de\/#website","url":"https:\/\/portal.schaffenburg.nl\/de\/","name":"Schaffenburg","description":"","potentialAction":[{"@type":"SearchAction","target":{"@type":"EntryPoint","urlTemplate":"https:\/\/portal.schaffenburg.nl\/de\/?s={search_term_string}"},"query-input":{"@type":"PropertyValueSpecification","valueRequired":true,"valueName":"search_term_string"}}],"inLanguage":"de"}]}},"_links":{"self":[{"href":"https:\/\/portal.schaffenburg.nl\/de\/wp-json\/wp\/v2\/product\/33195","targetHints":{"allow":["GET"]}}],"collection":[{"href":"https:\/\/portal.schaffenburg.nl\/de\/wp-json\/wp\/v2\/product"}],"about":[{"href":"https:\/\/portal.schaffenburg.nl\/de\/wp-json\/wp\/v2\/types\/product"}],"replies":[{"embeddable":true,"href":"https:\/\/portal.schaffenburg.nl\/de\/wp-json\/wp\/v2\/comments?post=33195"}],"wp:featuredmedia":[{"embeddable":true,"href":"https:\/\/portal.schaffenburg.nl\/de\/wp-json\/wp\/v2\/media\/33935"}],"wp:attachment":[{"href":"https:\/\/portal.schaffenburg.nl\/de\/wp-json\/wp\/v2\/media?parent=33195"}],"wp:term":[{"taxonomy":"product_brand","embeddable":true,"href":"https:\/\/portal.schaffenburg.nl\/de\/wp-json\/wp\/v2\/product_brand?post=33195"},{"taxonomy":"product_cat","embeddable":true,"href":"https:\/\/portal.schaffenburg.nl\/de\/wp-json\/wp\/v2\/product_cat?post=33195"},{"taxonomy":"product_tag","embeddable":true,"href":"https:\/\/portal.schaffenburg.nl\/de\/wp-json\/wp\/v2\/product_tag?post=33195"}],"curies":[{"name":"wp","href":"https:\/\/api.w.org\/{rel}","templated":true}]}}