{"id":33204,"date":"2018-10-02T15:39:49","date_gmt":"2018-10-02T13:39:49","guid":{"rendered":"https:\/\/staging-schaffenburg.nl\/product\/zelle-aufputzgeraet\/"},"modified":"2018-10-02T15:39:49","modified_gmt":"2018-10-02T15:39:49","slug":"zelle-aufputzgeraet","status":"publish","type":"product","link":"https:\/\/portal.schaffenburg.nl\/de\/produkt\/zelle-aufputzgeraet\/","title":{"rendered":"Zelle Aufputzger\u00e4t"},"content":{"rendered":"<ul>\n<li>Dieses Modell ist in 15 verschiedenen Versionen erh\u00e4ltlich;<\/li>\n<li>Dieses Modell ist in 3 Farben erh\u00e4ltlich: Edelstahl\/Schwarz, Wei\u00df, Schwarz;<\/li>\n<li>Inklusive 1 Meter Anschlusskabel mit 3-poligem Stecker;<\/li>\n<li>Einfach zu installieren, ohne Ihre Tischplatte zu besch\u00e4digen;<\/li>\n<li>Die maximale Blattst\u00e4rke betr\u00e4gt 37,5 mm;<\/li>\n<li>Zus\u00e4tzliche Module mit VGA, HDMI, USB, Audio- und Dateneingang;<\/li>\n<\/ul>\n","protected":false},"excerpt":{"rendered":"<p>Dieses Modell ist in 15 verschiedenen Versionen erh\u00e4ltlich; Dieses Modell ist in 3 Farben erh\u00e4ltlich: Edelstahl\/Schwarz, Wei\u00df, Schwarz; Inklusive 1 Meter Anschlusskabel mit 3-poligem Stecker; Einfach zu installieren, ohne Ihre Tischplatte zu besch\u00e4digen; Die maximale Blattst\u00e4rke betr\u00e4gt 37,5 mm; Zus\u00e4tzliche Module mit VGA, HDMI, USB, Audio- und Dateneingang;<\/p>\n","protected":false},"featured_media":22372,"comment_status":"closed","ping_status":"closed","template":"","meta":{"_acf_changed":false},"product_brand":[],"product_cat":[4490,4491,2137],"product_tag":[],"class_list":{"0":"post-33204","1":"product","2":"type-product","3":"status-publish","4":"has-post-thumbnail","6":"product_cat-projekte-zubehor","7":"product_cat-elektrifizierung-de","8":"product_cat-projekte","10":"first","11":"instock","12":"purchasable","13":"product-type-simple"},"acf":{"downloads":null},"yoast_head":"<!-- This site is optimized with the Yoast SEO plugin v26.7 - https:\/\/yoast.com\/wordpress\/plugins\/seo\/ -->\n<title>Zelle Aufputzger\u00e4t - Schaffenburg<\/title>\n<meta name=\"robots\" content=\"index, follow, max-snippet:-1, max-image-preview:large, max-video-preview:-1\" \/>\n<link rel=\"canonical\" href=\"https:\/\/portal.schaffenburg.nl\/de\/produkt\/zelle-aufputzgeraet\/\" \/>\n<meta property=\"og:locale\" content=\"de_DE\" \/>\n<meta property=\"og:type\" content=\"article\" \/>\n<meta property=\"og:title\" content=\"Zelle Aufputzger\u00e4t - Schaffenburg\" \/>\n<meta property=\"og:description\" content=\"Dieses Modell ist in 15 verschiedenen Versionen erh\u00e4ltlich; Dieses Modell ist in 3 Farben erh\u00e4ltlich: Edelstahl\/Schwarz, Wei\u00df, Schwarz; Inklusive 1 Meter Anschlusskabel mit 3-poligem Stecker; Einfach zu installieren, ohne Ihre Tischplatte zu besch\u00e4digen; Die maximale Blattst\u00e4rke betr\u00e4gt 37,5 mm; Zus\u00e4tzliche Module mit VGA, HDMI, USB, Audio- und Dateneingang;\" \/>\n<meta property=\"og:url\" content=\"https:\/\/portal.schaffenburg.nl\/de\/produkt\/zelle-aufputzgeraet\/\" \/>\n<meta property=\"og:site_name\" content=\"Schaffenburg\" \/>\n<meta property=\"article:modified_time\" content=\"2018-10-02T15:39:49+00:00\" \/>\n<meta property=\"og:image\" content=\"https:\/\/portal.schaffenburg.nl\/wp-content\/uploads\/2024\/09\/accessoire_cell-opbouwunit_3-voudig_zwart.jpg?wsr\" \/>\n\t<meta property=\"og:image:width\" content=\"900\" \/>\n\t<meta property=\"og:image:height\" content=\"900\" \/>\n\t<meta property=\"og:image:type\" content=\"image\/jpeg\" \/>\n<meta name=\"twitter:card\" content=\"summary_large_image\" \/>\n<script type=\"application\/ld+json\" class=\"yoast-schema-graph\">{\"@context\":\"https:\/\/schema.org\",\"@graph\":[{\"@type\":\"WebPage\",\"@id\":\"https:\/\/portal.schaffenburg.nl\/de\/produkt\/zelle-aufputzgeraet\/\",\"url\":\"https:\/\/portal.schaffenburg.nl\/de\/produkt\/zelle-aufputzgeraet\/\",\"name\":\"Zelle Aufputzger\u00e4t - Schaffenburg\",\"isPartOf\":{\"@id\":\"https:\/\/portal.schaffenburg.nl\/de\/#website\"},\"primaryImageOfPage\":{\"@id\":\"https:\/\/portal.schaffenburg.nl\/de\/produkt\/zelle-aufputzgeraet\/#primaryimage\"},\"image\":{\"@id\":\"https:\/\/portal.schaffenburg.nl\/de\/produkt\/zelle-aufputzgeraet\/#primaryimage\"},\"thumbnailUrl\":\"https:\/\/portal.schaffenburg.nl\/wp-content\/uploads\/2024\/09\/accessoire_cell-opbouwunit_3-voudig_zwart.jpg?wsr\",\"datePublished\":\"2018-10-02T13:39:49+00:00\",\"dateModified\":\"2018-10-02T15:39:49+00:00\",\"breadcrumb\":{\"@id\":\"https:\/\/portal.schaffenburg.nl\/de\/produkt\/zelle-aufputzgeraet\/#breadcrumb\"},\"inLanguage\":\"de\",\"potentialAction\":[{\"@type\":\"ReadAction\",\"target\":[\"https:\/\/portal.schaffenburg.nl\/de\/produkt\/zelle-aufputzgeraet\/\"]}]},{\"@type\":\"ImageObject\",\"inLanguage\":\"de\",\"@id\":\"https:\/\/portal.schaffenburg.nl\/de\/produkt\/zelle-aufputzgeraet\/#primaryimage\",\"url\":\"https:\/\/portal.schaffenburg.nl\/wp-content\/uploads\/2024\/09\/accessoire_cell-opbouwunit_3-voudig_zwart.jpg?wsr\",\"contentUrl\":\"https:\/\/portal.schaffenburg.nl\/wp-content\/uploads\/2024\/09\/accessoire_cell-opbouwunit_3-voudig_zwart.jpg?wsr\",\"width\":900,\"height\":900},{\"@type\":\"BreadcrumbList\",\"@id\":\"https:\/\/portal.schaffenburg.nl\/de\/produkt\/zelle-aufputzgeraet\/#breadcrumb\",\"itemListElement\":[{\"@type\":\"ListItem\",\"position\":1,\"name\":\"Home\",\"item\":\"https:\/\/portal.schaffenburg.nl\/de\/\"},{\"@type\":\"ListItem\",\"position\":2,\"name\":\"Zelle Aufputzger\u00e4t\"}]},{\"@type\":\"WebSite\",\"@id\":\"https:\/\/portal.schaffenburg.nl\/de\/#website\",\"url\":\"https:\/\/portal.schaffenburg.nl\/de\/\",\"name\":\"Schaffenburg\",\"description\":\"\",\"potentialAction\":[{\"@type\":\"SearchAction\",\"target\":{\"@type\":\"EntryPoint\",\"urlTemplate\":\"https:\/\/portal.schaffenburg.nl\/de\/?s={search_term_string}\"},\"query-input\":{\"@type\":\"PropertyValueSpecification\",\"valueRequired\":true,\"valueName\":\"search_term_string\"}}],\"inLanguage\":\"de\"}]}<\/script>\n<!-- \/ Yoast SEO plugin. -->","yoast_head_json":{"title":"Zelle Aufputzger\u00e4t - Schaffenburg","robots":{"index":"index","follow":"follow","max-snippet":"max-snippet:-1","max-image-preview":"max-image-preview:large","max-video-preview":"max-video-preview:-1"},"canonical":"https:\/\/portal.schaffenburg.nl\/de\/produkt\/zelle-aufputzgeraet\/","og_locale":"de_DE","og_type":"article","og_title":"Zelle Aufputzger\u00e4t - Schaffenburg","og_description":"Dieses Modell ist in 15 verschiedenen Versionen erh\u00e4ltlich; Dieses Modell ist in 3 Farben erh\u00e4ltlich: Edelstahl\/Schwarz, Wei\u00df, Schwarz; Inklusive 1 Meter Anschlusskabel mit 3-poligem Stecker; Einfach zu installieren, ohne Ihre Tischplatte zu besch\u00e4digen; Die maximale Blattst\u00e4rke betr\u00e4gt 37,5 mm; Zus\u00e4tzliche Module mit VGA, HDMI, USB, Audio- und Dateneingang;","og_url":"https:\/\/portal.schaffenburg.nl\/de\/produkt\/zelle-aufputzgeraet\/","og_site_name":"Schaffenburg","article_modified_time":"2018-10-02T15:39:49+00:00","og_image":[{"width":900,"height":900,"url":"https:\/\/portal.schaffenburg.nl\/wp-content\/uploads\/2024\/09\/accessoire_cell-opbouwunit_3-voudig_zwart.jpg?wsr","type":"image\/jpeg"}],"twitter_card":"summary_large_image","schema":{"@context":"https:\/\/schema.org","@graph":[{"@type":"WebPage","@id":"https:\/\/portal.schaffenburg.nl\/de\/produkt\/zelle-aufputzgeraet\/","url":"https:\/\/portal.schaffenburg.nl\/de\/produkt\/zelle-aufputzgeraet\/","name":"Zelle Aufputzger\u00e4t - Schaffenburg","isPartOf":{"@id":"https:\/\/portal.schaffenburg.nl\/de\/#website"},"primaryImageOfPage":{"@id":"https:\/\/portal.schaffenburg.nl\/de\/produkt\/zelle-aufputzgeraet\/#primaryimage"},"image":{"@id":"https:\/\/portal.schaffenburg.nl\/de\/produkt\/zelle-aufputzgeraet\/#primaryimage"},"thumbnailUrl":"https:\/\/portal.schaffenburg.nl\/wp-content\/uploads\/2024\/09\/accessoire_cell-opbouwunit_3-voudig_zwart.jpg?wsr","datePublished":"2018-10-02T13:39:49+00:00","dateModified":"2018-10-02T15:39:49+00:00","breadcrumb":{"@id":"https:\/\/portal.schaffenburg.nl\/de\/produkt\/zelle-aufputzgeraet\/#breadcrumb"},"inLanguage":"de","potentialAction":[{"@type":"ReadAction","target":["https:\/\/portal.schaffenburg.nl\/de\/produkt\/zelle-aufputzgeraet\/"]}]},{"@type":"ImageObject","inLanguage":"de","@id":"https:\/\/portal.schaffenburg.nl\/de\/produkt\/zelle-aufputzgeraet\/#primaryimage","url":"https:\/\/portal.schaffenburg.nl\/wp-content\/uploads\/2024\/09\/accessoire_cell-opbouwunit_3-voudig_zwart.jpg?wsr","contentUrl":"https:\/\/portal.schaffenburg.nl\/wp-content\/uploads\/2024\/09\/accessoire_cell-opbouwunit_3-voudig_zwart.jpg?wsr","width":900,"height":900},{"@type":"BreadcrumbList","@id":"https:\/\/portal.schaffenburg.nl\/de\/produkt\/zelle-aufputzgeraet\/#breadcrumb","itemListElement":[{"@type":"ListItem","position":1,"name":"Home","item":"https:\/\/portal.schaffenburg.nl\/de\/"},{"@type":"ListItem","position":2,"name":"Zelle Aufputzger\u00e4t"}]},{"@type":"WebSite","@id":"https:\/\/portal.schaffenburg.nl\/de\/#website","url":"https:\/\/portal.schaffenburg.nl\/de\/","name":"Schaffenburg","description":"","potentialAction":[{"@type":"SearchAction","target":{"@type":"EntryPoint","urlTemplate":"https:\/\/portal.schaffenburg.nl\/de\/?s={search_term_string}"},"query-input":{"@type":"PropertyValueSpecification","valueRequired":true,"valueName":"search_term_string"}}],"inLanguage":"de"}]}},"_links":{"self":[{"href":"https:\/\/portal.schaffenburg.nl\/de\/wp-json\/wp\/v2\/product\/33204","targetHints":{"allow":["GET"]}}],"collection":[{"href":"https:\/\/portal.schaffenburg.nl\/de\/wp-json\/wp\/v2\/product"}],"about":[{"href":"https:\/\/portal.schaffenburg.nl\/de\/wp-json\/wp\/v2\/types\/product"}],"replies":[{"embeddable":true,"href":"https:\/\/portal.schaffenburg.nl\/de\/wp-json\/wp\/v2\/comments?post=33204"}],"wp:featuredmedia":[{"embeddable":true,"href":"https:\/\/portal.schaffenburg.nl\/de\/wp-json\/wp\/v2\/media\/22372"}],"wp:attachment":[{"href":"https:\/\/portal.schaffenburg.nl\/de\/wp-json\/wp\/v2\/media?parent=33204"}],"wp:term":[{"taxonomy":"product_brand","embeddable":true,"href":"https:\/\/portal.schaffenburg.nl\/de\/wp-json\/wp\/v2\/product_brand?post=33204"},{"taxonomy":"product_cat","embeddable":true,"href":"https:\/\/portal.schaffenburg.nl\/de\/wp-json\/wp\/v2\/product_cat?post=33204"},{"taxonomy":"product_tag","embeddable":true,"href":"https:\/\/portal.schaffenburg.nl\/de\/wp-json\/wp\/v2\/product_tag?post=33204"}],"curies":[{"name":"wp","href":"https:\/\/api.w.org\/{rel}","templated":true}]}}