{"id":33208,"date":"2019-01-14T18:39:28","date_gmt":"2019-01-14T18:39:28","guid":{"rendered":"https:\/\/staging-schaffenburg.nl\/product\/rahmen-schreibtisch\/"},"modified":"2019-01-14T18:39:28","modified_gmt":"2019-01-14T18:39:28","slug":"rahmen-schreibtisch","status":"publish","type":"product","link":"https:\/\/portal.schaffenburg.nl\/de\/produkt\/rahmen-schreibtisch\/","title":{"rendered":"Rahmen-Schreibtisch"},"content":{"rendered":"Frame ist ein atemberaubendes &#8218;Statement&#8216;, entworfen von Ece Yalim Design Studio. Ein Produktmix aus Schreibtischen, Konferenztischen, Schr\u00e4nken und Accessoires aus starken Metallen, warmem Naturholz und lackiertem MDF schafft eine innovative \u00c4sthetik, die ein wohnliches Gef\u00fchl mit einer modernen Note verbindet. Diese Serie wurde bereits mit 6 Design Awards ausgezeichnet. Die Frame-Serie bietet viel Liebe zum Detail, darunter eine wundersch\u00f6ne Lampe aus massiver Eiche, die aus der Oberfl\u00e4che des Schreibtisches herauszuwachsen scheint.   \n<ul>\n<li>Der Schreibtisch ist mit einem schwarzen oder wei\u00dfen pulverbeschichteten Stahlgestell und einer Platte aus Vinterio-Eichenfurnier erh\u00e4ltlich.<\/li>\n<li>Ein erg\u00e4nzendes Angebot an passenden Schr\u00e4nken und Accessoires erm\u00f6glicht es dem Einrichter, eine sch\u00f6ne, ma\u00dfgeschneiderte Umgebung zu schaffen.<\/li>\n<li>Eine Kombination aus beschichtetem oder lackiertem 25mm MDF und Massivholz.<\/li>\n<li>Abmessungen: 240 x 90 x 77 cm<\/li>\n<li>Frontplatte aus 10 mm starkem Acryl in Orange oder Rauch mit abgeschnittenen Ecken.<\/li>\n<\/ul>\nDesigner: <a href=\"https:\/\/www.schaffenburg.nl\/designers\/ece-yalim-design-studio\/\">Ece Yalim Design Studio<\/a>\n","protected":false},"excerpt":{"rendered":"<p>Frame ist ein atemberaubendes &#8218;Statement&#8216;, entworfen von Ece Yalim Design Studio. Ein Produktmix aus Schreibtischen, Konferenztischen, Schr\u00e4nken und Accessoires aus starken Metallen, warmem Naturholz und lackiertem MDF schafft eine innovative \u00c4sthetik, die ein wohnliches Gef\u00fchl mit einer modernen Note verbindet. Diese Serie wurde bereits mit 6 Design Awards ausgezeichnet. Die Frame-Serie bietet viel Liebe zum [&hellip;]<\/p>\n","protected":false},"featured_media":22560,"comment_status":"closed","ping_status":"closed","template":"","meta":{"_acf_changed":false},"product_brand":[],"product_cat":[2137,4647,4276,4648],"product_tag":[],"class_list":{"0":"post-33208","1":"product","2":"type-product","3":"status-publish","4":"has-post-thumbnail","6":"product_cat-projekte","7":"product_cat-schreibtisch-tische","8":"product_cat-tische","9":"product_cat-executive-tische","10":"pa_blad-kleur-eiche","11":"pa_bladsoort-mdf-beschichtet","12":"pa_bladsoort-mdf-lackierung","13":"pa_diepte-90cm-de","14":"pa_frame-kleur-schwarz-ral9011","15":"pa_frame-kleur-weiss-ral9010","16":"pa_hoogte-77cm-de","17":"pa_lengte-240cm-de","18":"pa_onderstel-feste-hohe","19":"pa_soorten-poot-frame-de","20":"pa_vorm-rechtwinklig","22":"first","23":"outofstock","24":"purchasable","25":"product-type-simple"},"acf":{"downloads":null},"yoast_head":"<!-- This site is optimized with the Yoast SEO plugin v26.7 - https:\/\/yoast.com\/wordpress\/plugins\/seo\/ -->\n<title>Rahmen-Schreibtisch - Schaffenburg<\/title>\n<meta name=\"robots\" content=\"index, follow, max-snippet:-1, max-image-preview:large, max-video-preview:-1\" \/>\n<link rel=\"canonical\" href=\"https:\/\/portal.schaffenburg.nl\/de\/produkt\/rahmen-schreibtisch\/\" \/>\n<meta property=\"og:locale\" content=\"de_DE\" \/>\n<meta property=\"og:type\" content=\"article\" \/>\n<meta property=\"og:title\" content=\"Rahmen-Schreibtisch - Schaffenburg\" \/>\n<meta property=\"og:description\" content=\"Frame ist ein atemberaubendes &#8218;Statement&#8216;, entworfen von Ece Yalim Design Studio. Ein Produktmix aus Schreibtischen, Konferenztischen, Schr\u00e4nken und Accessoires aus starken Metallen, warmem Naturholz und lackiertem MDF schafft eine innovative \u00c4sthetik, die ein wohnliches Gef\u00fchl mit einer modernen Note verbindet. Diese Serie wurde bereits mit 6 Design Awards ausgezeichnet. Die Frame-Serie bietet viel Liebe zum [&hellip;]\" \/>\n<meta property=\"og:url\" content=\"https:\/\/portal.schaffenburg.nl\/de\/produkt\/rahmen-schreibtisch\/\" \/>\n<meta property=\"og:site_name\" content=\"Schaffenburg\" \/>\n<meta property=\"og:image\" content=\"https:\/\/portal.schaffenburg.nl\/wp-content\/uploads\/2024\/09\/frame-directietafel-1-1.jpg?wsr\" \/>\n\t<meta property=\"og:image:width\" content=\"933\" \/>\n\t<meta property=\"og:image:height\" content=\"933\" \/>\n\t<meta property=\"og:image:type\" content=\"image\/jpeg\" \/>\n<meta name=\"twitter:card\" content=\"summary_large_image\" \/>\n<meta name=\"twitter:label1\" content=\"Gesch\u00e4tzte Lesezeit\" \/>\n\t<meta name=\"twitter:data1\" content=\"1\u00a0Minute\" \/>\n<script type=\"application\/ld+json\" class=\"yoast-schema-graph\">{\"@context\":\"https:\/\/schema.org\",\"@graph\":[{\"@type\":\"WebPage\",\"@id\":\"https:\/\/portal.schaffenburg.nl\/de\/produkt\/rahmen-schreibtisch\/\",\"url\":\"https:\/\/portal.schaffenburg.nl\/de\/produkt\/rahmen-schreibtisch\/\",\"name\":\"Rahmen-Schreibtisch - Schaffenburg\",\"isPartOf\":{\"@id\":\"https:\/\/portal.schaffenburg.nl\/de\/#website\"},\"primaryImageOfPage\":{\"@id\":\"https:\/\/portal.schaffenburg.nl\/de\/produkt\/rahmen-schreibtisch\/#primaryimage\"},\"image\":{\"@id\":\"https:\/\/portal.schaffenburg.nl\/de\/produkt\/rahmen-schreibtisch\/#primaryimage\"},\"thumbnailUrl\":\"https:\/\/portal.schaffenburg.nl\/wp-content\/uploads\/2024\/09\/frame-directietafel-1-1.jpg?wsr\",\"datePublished\":\"2019-01-14T18:39:28+00:00\",\"breadcrumb\":{\"@id\":\"https:\/\/portal.schaffenburg.nl\/de\/produkt\/rahmen-schreibtisch\/#breadcrumb\"},\"inLanguage\":\"de\",\"potentialAction\":[{\"@type\":\"ReadAction\",\"target\":[\"https:\/\/portal.schaffenburg.nl\/de\/produkt\/rahmen-schreibtisch\/\"]}]},{\"@type\":\"ImageObject\",\"inLanguage\":\"de\",\"@id\":\"https:\/\/portal.schaffenburg.nl\/de\/produkt\/rahmen-schreibtisch\/#primaryimage\",\"url\":\"https:\/\/portal.schaffenburg.nl\/wp-content\/uploads\/2024\/09\/frame-directietafel-1-1.jpg?wsr\",\"contentUrl\":\"https:\/\/portal.schaffenburg.nl\/wp-content\/uploads\/2024\/09\/frame-directietafel-1-1.jpg?wsr\",\"width\":933,\"height\":933},{\"@type\":\"BreadcrumbList\",\"@id\":\"https:\/\/portal.schaffenburg.nl\/de\/produkt\/rahmen-schreibtisch\/#breadcrumb\",\"itemListElement\":[{\"@type\":\"ListItem\",\"position\":1,\"name\":\"Home\",\"item\":\"https:\/\/portal.schaffenburg.nl\/de\/\"},{\"@type\":\"ListItem\",\"position\":2,\"name\":\"Rahmen-Schreibtisch\"}]},{\"@type\":\"WebSite\",\"@id\":\"https:\/\/portal.schaffenburg.nl\/de\/#website\",\"url\":\"https:\/\/portal.schaffenburg.nl\/de\/\",\"name\":\"Schaffenburg\",\"description\":\"\",\"potentialAction\":[{\"@type\":\"SearchAction\",\"target\":{\"@type\":\"EntryPoint\",\"urlTemplate\":\"https:\/\/portal.schaffenburg.nl\/de\/?s={search_term_string}\"},\"query-input\":{\"@type\":\"PropertyValueSpecification\",\"valueRequired\":true,\"valueName\":\"search_term_string\"}}],\"inLanguage\":\"de\"}]}<\/script>\n<!-- \/ Yoast SEO plugin. -->","yoast_head_json":{"title":"Rahmen-Schreibtisch - Schaffenburg","robots":{"index":"index","follow":"follow","max-snippet":"max-snippet:-1","max-image-preview":"max-image-preview:large","max-video-preview":"max-video-preview:-1"},"canonical":"https:\/\/portal.schaffenburg.nl\/de\/produkt\/rahmen-schreibtisch\/","og_locale":"de_DE","og_type":"article","og_title":"Rahmen-Schreibtisch - Schaffenburg","og_description":"Frame ist ein atemberaubendes &#8218;Statement&#8216;, entworfen von Ece Yalim Design Studio. Ein Produktmix aus Schreibtischen, Konferenztischen, Schr\u00e4nken und Accessoires aus starken Metallen, warmem Naturholz und lackiertem MDF schafft eine innovative \u00c4sthetik, die ein wohnliches Gef\u00fchl mit einer modernen Note verbindet. Diese Serie wurde bereits mit 6 Design Awards ausgezeichnet. Die Frame-Serie bietet viel Liebe zum [&hellip;]","og_url":"https:\/\/portal.schaffenburg.nl\/de\/produkt\/rahmen-schreibtisch\/","og_site_name":"Schaffenburg","og_image":[{"width":933,"height":933,"url":"https:\/\/portal.schaffenburg.nl\/wp-content\/uploads\/2024\/09\/frame-directietafel-1-1.jpg?wsr","type":"image\/jpeg"}],"twitter_card":"summary_large_image","twitter_misc":{"Gesch\u00e4tzte Lesezeit":"1\u00a0Minute"},"schema":{"@context":"https:\/\/schema.org","@graph":[{"@type":"WebPage","@id":"https:\/\/portal.schaffenburg.nl\/de\/produkt\/rahmen-schreibtisch\/","url":"https:\/\/portal.schaffenburg.nl\/de\/produkt\/rahmen-schreibtisch\/","name":"Rahmen-Schreibtisch - Schaffenburg","isPartOf":{"@id":"https:\/\/portal.schaffenburg.nl\/de\/#website"},"primaryImageOfPage":{"@id":"https:\/\/portal.schaffenburg.nl\/de\/produkt\/rahmen-schreibtisch\/#primaryimage"},"image":{"@id":"https:\/\/portal.schaffenburg.nl\/de\/produkt\/rahmen-schreibtisch\/#primaryimage"},"thumbnailUrl":"https:\/\/portal.schaffenburg.nl\/wp-content\/uploads\/2024\/09\/frame-directietafel-1-1.jpg?wsr","datePublished":"2019-01-14T18:39:28+00:00","breadcrumb":{"@id":"https:\/\/portal.schaffenburg.nl\/de\/produkt\/rahmen-schreibtisch\/#breadcrumb"},"inLanguage":"de","potentialAction":[{"@type":"ReadAction","target":["https:\/\/portal.schaffenburg.nl\/de\/produkt\/rahmen-schreibtisch\/"]}]},{"@type":"ImageObject","inLanguage":"de","@id":"https:\/\/portal.schaffenburg.nl\/de\/produkt\/rahmen-schreibtisch\/#primaryimage","url":"https:\/\/portal.schaffenburg.nl\/wp-content\/uploads\/2024\/09\/frame-directietafel-1-1.jpg?wsr","contentUrl":"https:\/\/portal.schaffenburg.nl\/wp-content\/uploads\/2024\/09\/frame-directietafel-1-1.jpg?wsr","width":933,"height":933},{"@type":"BreadcrumbList","@id":"https:\/\/portal.schaffenburg.nl\/de\/produkt\/rahmen-schreibtisch\/#breadcrumb","itemListElement":[{"@type":"ListItem","position":1,"name":"Home","item":"https:\/\/portal.schaffenburg.nl\/de\/"},{"@type":"ListItem","position":2,"name":"Rahmen-Schreibtisch"}]},{"@type":"WebSite","@id":"https:\/\/portal.schaffenburg.nl\/de\/#website","url":"https:\/\/portal.schaffenburg.nl\/de\/","name":"Schaffenburg","description":"","potentialAction":[{"@type":"SearchAction","target":{"@type":"EntryPoint","urlTemplate":"https:\/\/portal.schaffenburg.nl\/de\/?s={search_term_string}"},"query-input":{"@type":"PropertyValueSpecification","valueRequired":true,"valueName":"search_term_string"}}],"inLanguage":"de"}]}},"_links":{"self":[{"href":"https:\/\/portal.schaffenburg.nl\/de\/wp-json\/wp\/v2\/product\/33208","targetHints":{"allow":["GET"]}}],"collection":[{"href":"https:\/\/portal.schaffenburg.nl\/de\/wp-json\/wp\/v2\/product"}],"about":[{"href":"https:\/\/portal.schaffenburg.nl\/de\/wp-json\/wp\/v2\/types\/product"}],"replies":[{"embeddable":true,"href":"https:\/\/portal.schaffenburg.nl\/de\/wp-json\/wp\/v2\/comments?post=33208"}],"wp:featuredmedia":[{"embeddable":true,"href":"https:\/\/portal.schaffenburg.nl\/de\/wp-json\/wp\/v2\/media\/22560"}],"wp:attachment":[{"href":"https:\/\/portal.schaffenburg.nl\/de\/wp-json\/wp\/v2\/media?parent=33208"}],"wp:term":[{"taxonomy":"product_brand","embeddable":true,"href":"https:\/\/portal.schaffenburg.nl\/de\/wp-json\/wp\/v2\/product_brand?post=33208"},{"taxonomy":"product_cat","embeddable":true,"href":"https:\/\/portal.schaffenburg.nl\/de\/wp-json\/wp\/v2\/product_cat?post=33208"},{"taxonomy":"product_tag","embeddable":true,"href":"https:\/\/portal.schaffenburg.nl\/de\/wp-json\/wp\/v2\/product_tag?post=33208"}],"curies":[{"name":"wp","href":"https:\/\/api.w.org\/{rel}","templated":true}]}}