{"id":33212,"date":"2019-01-14T18:49:34","date_gmt":"2019-01-14T18:49:34","guid":{"rendered":"https:\/\/staging-schaffenburg.nl\/product\/frame-besprechungstisch\/"},"modified":"2019-01-14T18:49:34","modified_gmt":"2019-01-14T18:49:34","slug":"frame-besprechungstisch","status":"publish","type":"product","link":"https:\/\/portal.schaffenburg.nl\/de\/produkt\/frame-besprechungstisch\/","title":{"rendered":"Frame Besprechungstisch"},"content":{"rendered":"Frame ist ein atemberaubendes &#8218;Statement&#8216;, entworfen von Ece Yalim Design Studio. Ein Produktmix aus Schreibtischen, Konferenztischen, Schr\u00e4nken und Accessoires aus starken Metallen, warmem Naturholz und lackiertem MDF schafft eine innovative \u00c4sthetik, die ein wohnliches Gef\u00fchl mit einer modernen Note verbindet. Diese Serie wurde bereits mit 6 Design Awards ausgezeichnet.  \n<ul>\n<li>Feste H\u00f6he von 77 cm.<\/li>\n<li>Abmessungen Option 1: 144 x 144 cm<\/li>\n<li>Abmessungen Option 2: 270 x 120 cm<\/li>\n<li>Der Schreibtisch ist mit einem schwarzen oder wei\u00dfen pulverbeschichteten Stahlgestell und einer Platte aus Vinterio-Eichenfurnier erh\u00e4ltlich.<\/li>\n<li>Ein erg\u00e4nzendes Angebot an passenden Schr\u00e4nken und Accessoires erm\u00f6glicht es dem Einrichter, eine sch\u00f6ne, ma\u00dfgeschneiderte Umgebung zu schaffen.<\/li>\n<li>Konferenztisch quadratisch, inkl. Powerbox 1xups-2, 2x Strom 1x Daten 1x RJ45.<\/li>\n<li>Konferenztisch rechteckig, inkl. 2 xpowerbox mit 1xups-2, 2x Strom 1x Daten 1x RJ45.<\/li>\n<\/ul>\nDesigner: <a href=\"https:\/\/www.schaffenburg.nl\/designers\/ece-yalim-design-studio\/\">Ece Yalim Design Studio<\/a>\n","protected":false},"excerpt":{"rendered":"<p>Frame ist ein atemberaubendes &#8218;Statement&#8216;, entworfen von Ece Yalim Design Studio. Ein Produktmix aus Schreibtischen, Konferenztischen, Schr\u00e4nken und Accessoires aus starken Metallen, warmem Naturholz und lackiertem MDF schafft eine innovative \u00c4sthetik, die ein wohnliches Gef\u00fchl mit einer modernen Note verbindet. Diese Serie wurde bereits mit 6 Design Awards ausgezeichnet. Feste H\u00f6he von 77 cm. Abmessungen [&hellip;]<\/p>\n","protected":false},"featured_media":22582,"comment_status":"closed","ping_status":"closed","template":"","meta":{"_acf_changed":false},"product_brand":[],"product_cat":[4277,2137,4276],"product_tag":[],"class_list":{"0":"post-33212","1":"product","2":"type-product","3":"status-publish","4":"has-post-thumbnail","6":"product_cat-besprechungstische","7":"product_cat-projekte","8":"product_cat-tische","9":"pa_blad-kleur-eiche","10":"pa_bladsoort-mdf-lackierung","11":"pa_diepte-120cm-de","12":"pa_diepte-140cm-de","13":"pa_frame-kleur-schwarz-ral9011","14":"pa_frame-kleur-weiss-ral9010","15":"pa_hoogte-77cm-de","16":"pa_lengte-140cm-de","17":"pa_lengte-270cm-de","18":"pa_onderstel-feste-hohe","19":"pa_soorten-poot-frame-de","20":"pa_vorm-quadratisch","21":"pa_vorm-rechtwinklig","23":"first","24":"instock","25":"product-type-variable"},"acf":{"downloads":null},"yoast_head":"<!-- This site is optimized with the Yoast SEO plugin v26.7 - https:\/\/yoast.com\/wordpress\/plugins\/seo\/ -->\n<title>Frame Besprechungstisch - Schaffenburg<\/title>\n<meta name=\"robots\" content=\"index, follow, max-snippet:-1, max-image-preview:large, max-video-preview:-1\" \/>\n<link rel=\"canonical\" href=\"https:\/\/portal.schaffenburg.nl\/de\/produkt\/frame-besprechungstisch\/\" \/>\n<meta property=\"og:locale\" content=\"de_DE\" \/>\n<meta property=\"og:type\" content=\"article\" \/>\n<meta property=\"og:title\" content=\"Frame Besprechungstisch - Schaffenburg\" \/>\n<meta property=\"og:description\" content=\"Frame ist ein atemberaubendes &#8218;Statement&#8216;, entworfen von Ece Yalim Design Studio. Ein Produktmix aus Schreibtischen, Konferenztischen, Schr\u00e4nken und Accessoires aus starken Metallen, warmem Naturholz und lackiertem MDF schafft eine innovative \u00c4sthetik, die ein wohnliches Gef\u00fchl mit einer modernen Note verbindet. Diese Serie wurde bereits mit 6 Design Awards ausgezeichnet. Feste H\u00f6he von 77 cm. Abmessungen [&hellip;]\" \/>\n<meta property=\"og:url\" content=\"https:\/\/portal.schaffenburg.nl\/de\/produkt\/frame-besprechungstisch\/\" \/>\n<meta property=\"og:site_name\" content=\"Schaffenburg\" \/>\n<meta property=\"og:image\" content=\"https:\/\/portal.schaffenburg.nl\/wp-content\/uploads\/2024\/09\/frame-vierkant-vergadertafel.jpg?wsr\" \/>\n\t<meta property=\"og:image:width\" content=\"800\" \/>\n\t<meta property=\"og:image:height\" content=\"800\" \/>\n\t<meta property=\"og:image:type\" content=\"image\/jpeg\" \/>\n<meta name=\"twitter:card\" content=\"summary_large_image\" \/>\n<meta name=\"twitter:label1\" content=\"Gesch\u00e4tzte Lesezeit\" \/>\n\t<meta name=\"twitter:data1\" content=\"1\u00a0Minute\" \/>\n<script type=\"application\/ld+json\" class=\"yoast-schema-graph\">{\"@context\":\"https:\/\/schema.org\",\"@graph\":[{\"@type\":\"WebPage\",\"@id\":\"https:\/\/portal.schaffenburg.nl\/de\/produkt\/frame-besprechungstisch\/\",\"url\":\"https:\/\/portal.schaffenburg.nl\/de\/produkt\/frame-besprechungstisch\/\",\"name\":\"Frame Besprechungstisch - Schaffenburg\",\"isPartOf\":{\"@id\":\"https:\/\/portal.schaffenburg.nl\/de\/#website\"},\"primaryImageOfPage\":{\"@id\":\"https:\/\/portal.schaffenburg.nl\/de\/produkt\/frame-besprechungstisch\/#primaryimage\"},\"image\":{\"@id\":\"https:\/\/portal.schaffenburg.nl\/de\/produkt\/frame-besprechungstisch\/#primaryimage\"},\"thumbnailUrl\":\"https:\/\/portal.schaffenburg.nl\/wp-content\/uploads\/2024\/09\/frame-vierkant-vergadertafel.jpg?wsr\",\"datePublished\":\"2019-01-14T18:49:34+00:00\",\"breadcrumb\":{\"@id\":\"https:\/\/portal.schaffenburg.nl\/de\/produkt\/frame-besprechungstisch\/#breadcrumb\"},\"inLanguage\":\"de\",\"potentialAction\":[{\"@type\":\"ReadAction\",\"target\":[\"https:\/\/portal.schaffenburg.nl\/de\/produkt\/frame-besprechungstisch\/\"]}]},{\"@type\":\"ImageObject\",\"inLanguage\":\"de\",\"@id\":\"https:\/\/portal.schaffenburg.nl\/de\/produkt\/frame-besprechungstisch\/#primaryimage\",\"url\":\"https:\/\/portal.schaffenburg.nl\/wp-content\/uploads\/2024\/09\/frame-vierkant-vergadertafel.jpg?wsr\",\"contentUrl\":\"https:\/\/portal.schaffenburg.nl\/wp-content\/uploads\/2024\/09\/frame-vierkant-vergadertafel.jpg?wsr\",\"width\":800,\"height\":800},{\"@type\":\"BreadcrumbList\",\"@id\":\"https:\/\/portal.schaffenburg.nl\/de\/produkt\/frame-besprechungstisch\/#breadcrumb\",\"itemListElement\":[{\"@type\":\"ListItem\",\"position\":1,\"name\":\"Home\",\"item\":\"https:\/\/portal.schaffenburg.nl\/de\/\"},{\"@type\":\"ListItem\",\"position\":2,\"name\":\"Frame Besprechungstisch\"}]},{\"@type\":\"WebSite\",\"@id\":\"https:\/\/portal.schaffenburg.nl\/de\/#website\",\"url\":\"https:\/\/portal.schaffenburg.nl\/de\/\",\"name\":\"Schaffenburg\",\"description\":\"\",\"potentialAction\":[{\"@type\":\"SearchAction\",\"target\":{\"@type\":\"EntryPoint\",\"urlTemplate\":\"https:\/\/portal.schaffenburg.nl\/de\/?s={search_term_string}\"},\"query-input\":{\"@type\":\"PropertyValueSpecification\",\"valueRequired\":true,\"valueName\":\"search_term_string\"}}],\"inLanguage\":\"de\"}]}<\/script>\n<!-- \/ Yoast SEO plugin. -->","yoast_head_json":{"title":"Frame Besprechungstisch - Schaffenburg","robots":{"index":"index","follow":"follow","max-snippet":"max-snippet:-1","max-image-preview":"max-image-preview:large","max-video-preview":"max-video-preview:-1"},"canonical":"https:\/\/portal.schaffenburg.nl\/de\/produkt\/frame-besprechungstisch\/","og_locale":"de_DE","og_type":"article","og_title":"Frame Besprechungstisch - Schaffenburg","og_description":"Frame ist ein atemberaubendes &#8218;Statement&#8216;, entworfen von Ece Yalim Design Studio. Ein Produktmix aus Schreibtischen, Konferenztischen, Schr\u00e4nken und Accessoires aus starken Metallen, warmem Naturholz und lackiertem MDF schafft eine innovative \u00c4sthetik, die ein wohnliches Gef\u00fchl mit einer modernen Note verbindet. Diese Serie wurde bereits mit 6 Design Awards ausgezeichnet. Feste H\u00f6he von 77 cm. Abmessungen [&hellip;]","og_url":"https:\/\/portal.schaffenburg.nl\/de\/produkt\/frame-besprechungstisch\/","og_site_name":"Schaffenburg","og_image":[{"width":800,"height":800,"url":"https:\/\/portal.schaffenburg.nl\/wp-content\/uploads\/2024\/09\/frame-vierkant-vergadertafel.jpg?wsr","type":"image\/jpeg"}],"twitter_card":"summary_large_image","twitter_misc":{"Gesch\u00e4tzte Lesezeit":"1\u00a0Minute"},"schema":{"@context":"https:\/\/schema.org","@graph":[{"@type":"WebPage","@id":"https:\/\/portal.schaffenburg.nl\/de\/produkt\/frame-besprechungstisch\/","url":"https:\/\/portal.schaffenburg.nl\/de\/produkt\/frame-besprechungstisch\/","name":"Frame Besprechungstisch - Schaffenburg","isPartOf":{"@id":"https:\/\/portal.schaffenburg.nl\/de\/#website"},"primaryImageOfPage":{"@id":"https:\/\/portal.schaffenburg.nl\/de\/produkt\/frame-besprechungstisch\/#primaryimage"},"image":{"@id":"https:\/\/portal.schaffenburg.nl\/de\/produkt\/frame-besprechungstisch\/#primaryimage"},"thumbnailUrl":"https:\/\/portal.schaffenburg.nl\/wp-content\/uploads\/2024\/09\/frame-vierkant-vergadertafel.jpg?wsr","datePublished":"2019-01-14T18:49:34+00:00","breadcrumb":{"@id":"https:\/\/portal.schaffenburg.nl\/de\/produkt\/frame-besprechungstisch\/#breadcrumb"},"inLanguage":"de","potentialAction":[{"@type":"ReadAction","target":["https:\/\/portal.schaffenburg.nl\/de\/produkt\/frame-besprechungstisch\/"]}]},{"@type":"ImageObject","inLanguage":"de","@id":"https:\/\/portal.schaffenburg.nl\/de\/produkt\/frame-besprechungstisch\/#primaryimage","url":"https:\/\/portal.schaffenburg.nl\/wp-content\/uploads\/2024\/09\/frame-vierkant-vergadertafel.jpg?wsr","contentUrl":"https:\/\/portal.schaffenburg.nl\/wp-content\/uploads\/2024\/09\/frame-vierkant-vergadertafel.jpg?wsr","width":800,"height":800},{"@type":"BreadcrumbList","@id":"https:\/\/portal.schaffenburg.nl\/de\/produkt\/frame-besprechungstisch\/#breadcrumb","itemListElement":[{"@type":"ListItem","position":1,"name":"Home","item":"https:\/\/portal.schaffenburg.nl\/de\/"},{"@type":"ListItem","position":2,"name":"Frame Besprechungstisch"}]},{"@type":"WebSite","@id":"https:\/\/portal.schaffenburg.nl\/de\/#website","url":"https:\/\/portal.schaffenburg.nl\/de\/","name":"Schaffenburg","description":"","potentialAction":[{"@type":"SearchAction","target":{"@type":"EntryPoint","urlTemplate":"https:\/\/portal.schaffenburg.nl\/de\/?s={search_term_string}"},"query-input":{"@type":"PropertyValueSpecification","valueRequired":true,"valueName":"search_term_string"}}],"inLanguage":"de"}]}},"_links":{"self":[{"href":"https:\/\/portal.schaffenburg.nl\/de\/wp-json\/wp\/v2\/product\/33212","targetHints":{"allow":["GET"]}}],"collection":[{"href":"https:\/\/portal.schaffenburg.nl\/de\/wp-json\/wp\/v2\/product"}],"about":[{"href":"https:\/\/portal.schaffenburg.nl\/de\/wp-json\/wp\/v2\/types\/product"}],"replies":[{"embeddable":true,"href":"https:\/\/portal.schaffenburg.nl\/de\/wp-json\/wp\/v2\/comments?post=33212"}],"wp:featuredmedia":[{"embeddable":true,"href":"https:\/\/portal.schaffenburg.nl\/de\/wp-json\/wp\/v2\/media\/22582"}],"wp:attachment":[{"href":"https:\/\/portal.schaffenburg.nl\/de\/wp-json\/wp\/v2\/media?parent=33212"}],"wp:term":[{"taxonomy":"product_brand","embeddable":true,"href":"https:\/\/portal.schaffenburg.nl\/de\/wp-json\/wp\/v2\/product_brand?post=33212"},{"taxonomy":"product_cat","embeddable":true,"href":"https:\/\/portal.schaffenburg.nl\/de\/wp-json\/wp\/v2\/product_cat?post=33212"},{"taxonomy":"product_tag","embeddable":true,"href":"https:\/\/portal.schaffenburg.nl\/de\/wp-json\/wp\/v2\/product_tag?post=33212"}],"curies":[{"name":"wp","href":"https:\/\/api.w.org\/{rel}","templated":true}]}}