{"id":33218,"date":"2019-01-15T14:17:39","date_gmt":"2019-01-15T14:17:39","guid":{"rendered":"https:\/\/staging-schaffenburg.nl\/product\/drehstuhl-serie-400-npr-komfort\/"},"modified":"2019-01-15T14:17:39","modified_gmt":"2019-01-15T14:17:39","slug":"drehstuhl-serie-400-npr-komfort","status":"publish","type":"product","link":"https:\/\/portal.schaffenburg.nl\/de\/produkt\/drehstuhl-serie-400-npr-komfort\/","title":{"rendered":"Drehstuhl Serie 400-NPR Komfort"},"content":{"rendered":"Sie suchen einen bequemen B\u00fcrostuhl, der alle Ihre Anforderungen erf\u00fcllt? Dann ist der B\u00fcrostuhl der Serie 400-NPR comfort genau das Richtige f\u00fcr Sie! Dieser B\u00fcrostuhl bietet Ihnen ein H\u00f6chstma\u00df an Komfort und Funktionalit\u00e4t zu einem erschwinglichen Preis.  \nMit seiner hohen, dick gepolsterten R\u00fcckenlehne und Sitzfl\u00e4che in Schwarz sieht dieser B\u00fcrostuhl nicht nur stilvoll aus, sondern bietet auch optimalen Komfort beim Arbeiten. Die Sitzh\u00f6henverstellung sorgt daf\u00fcr, dass Sie die richtige Sitzposition finden, und die h\u00f6henverstellbare hohe R\u00fcckenlehne bietet ausreichend Halt f\u00fcr Ihren R\u00fccken. \nNicht nur die R\u00fcckenlehne ist verstellbar, auch die tiefenverstellbare Lendenwirbelst\u00fctze erm\u00f6glicht es Ihnen, Ihre Sitzposition zu optimieren. Dar\u00fcber hinaus ist der Sitz neigbar und Sie k\u00f6nnen die Sitztiefe um nicht weniger als 10 cm verstellen. Die B\u00fcrostuhlserie 400-NPR comfort bietet auch eine H\u00f6hen- und Breitenverstellung der Armlehnen, die mit 4D-Armpads ausgestattet sind, um Ihre Arme optimal zu st\u00fctzen.  \nDie Synchronmechanik sorgt daf\u00fcr, dass die R\u00fcckenlehne im richtigen Winkel zum Sitz bleibt, und die permanente R\u00fcckenkontaktfunktion h\u00e4lt Ihren R\u00fccken immer in Kontakt mit der R\u00fcckenlehne f\u00fcr eine korrekte Sitzposition. Der B\u00fcrostuhl der Serie 400-NPR comfort verf\u00fcgt au\u00dferdem \u00fcber eine gewichtsabh\u00e4ngige Neigungsverstellung und eine Gasfeder der Klasse 3, d.h. er ist f\u00fcr Personen bis zu 125 kg geeignet. \nDas verst\u00e4rkte Kunststoff-Fu\u00dfkreuz sorgt daf\u00fcr, dass dieser B\u00fcrostuhl sehr stabil ist, und die halbgebremsten Rollen sind f\u00fcr harte und weiche B\u00f6den geeignet. Der hochwertige, 100.000 Martindale abriebfeste Stoff macht diesen B\u00fcrostuhl f\u00fcr eine intensive Nutzung geeignet und entspricht der Norm NPR 1813:2016. \nAls i-T\u00fcpfelchen bieten wir Ihnen die M\u00f6glichkeit, sich ohne Aufpreis f\u00fcr einen Donati-Mechanismus mit automatischer Gewichtseinstellung zu entscheiden. Beachten Sie jedoch, dass bei dieser Option der kippbare Sitz entf\u00e4llt. \nDie Ma\u00dfe des B\u00fcrostuhls der Serie 400-NPR comfort betragen 62,5 x 45\/55 x 100\/123 cm (BxTxH). Damit ist er f\u00fcr jeden geeignet, der einen bequemen B\u00fcrostuhl sucht. Kurzum, dieser B\u00fcrostuhl bietet alles, was Sie f\u00fcr eine gute Sitzposition und bequemes Arbeiten brauchen! \n<h6>Eigenschaften<\/h6>\n<ul>\n<li class=\"p1\">Gepolsterte hohe dicke R\u00fcckenlehne und Sitz schwarz<\/li>\n<li class=\"p1\">Einstellung der Sitzh\u00f6he<\/li>\n<li class=\"p1\">H\u00f6henverstellbare hohe R\u00fcckenlehne<\/li>\n<li class=\"p1\">In der Tiefe verstellbare Lendenwirbelst\u00fctze<\/li>\n<li class=\"p1\">Kippbarer Sitz<\/li>\n<li class=\"p1\">Einstellbare Sitztiefe 10 cm<\/li>\n<li class=\"p1\">H\u00f6hen- und breitenverstellbare Armlehne<\/li>\n<li class=\"p1\">4D Achselpolster<\/li>\n<li class=\"p1\">Synchroner Mechanismus<\/li>\n<li class=\"p1\">Permanenter R\u00fcckkontakt<\/li>\n<li class=\"p1\">Gewichtsabh\u00e4ngige Neigungsverstellung<\/li>\n<li class=\"p1\">Gasfeder Klasse 3<\/li>\n<li class=\"p1\">Schwarzer verst\u00e4rkter Kunststoffsockel (optionaler Aluminiumsockel)<\/li>\n<li class=\"p1\">Halbgebremste R\u00e4der f\u00fcr harte und weiche B\u00f6den<\/li>\n<li class=\"p1\">Hochwertiger, strapazierf\u00e4higer Stoff 100.000 Martindale f\u00fcr intensiven Gebrauch<\/li>\n<li class=\"p1\">Gepr\u00fcft und zertifiziert nach der Norm NPR 1813:2016<\/li>\n<li class=\"p1\">Abmessungen: 62,5 x 45\/55 x 100\/123 cm (BxTxH)<\/li>\n<li>Maximale Tragf\u00e4higkeit 125 kg<\/li>\n<\/ul>\nOPTIONAL, OHNE PREIS: Donati-Mechanismus mit automatischer Gewichtseinstellung. (Dieser Mechanismus beinhaltet nicht den kippbaren Sitz) \nAuch in verschiedenen Stoff-, Kunstleder- und Lederfarben erh\u00e4ltlich, allerdings auf Bestellung. Siehe Farbkarten unter Downloads. \n","protected":false},"excerpt":{"rendered":"<p>Der B\u00fcrostuhl der Serie 400-NPR comfort bietet optimalen Komfort und Funktionalit\u00e4t mit verstellbarer R\u00fcckenlehne, Sitz und Armlehnen, Synchronmechanik und strapazierf\u00e4higem Stoff. Entspricht der Norm NPR 1813:2016 und ist f\u00fcr intensive Nutzung geeignet. Optionale Donati-Mechanik mit automatischer Gewichtseinstellung ohne Aufpreis.  <\/p>\n","protected":false},"featured_media":22588,"comment_status":"closed","ping_status":"closed","template":"","meta":{"_acf_changed":false},"product_brand":[],"product_cat":[2140,3052],"product_tag":[2142,3057,4155,2143,3063,4157,2144,3066,4162,2151,3067,4163,2159,3110,4341,2285,3114,4656,2466,3526,5884,2467,3677,5935,2632,3680,5960,2707,3681,5972,2711,3683,5985,2718,3685,6005,2884,3686,6093,2902,3741,6094,2924,4090,6095,3054,4154,6096],"class_list":{"0":"post-33218","1":"product","2":"type-product","3":"status-publish","4":"has-post-thumbnail","6":"product_cat-schnelle-lieferung","7":"product_cat-buerostuehle","8":"product_tag-komfort","9":"product_tag-harte-boeden","10":"product_tag-fuskreuz","11":"product_tag-nachhaltig","12":"product_tag-halbgebremste-raeder","13":"product_tag-sitztiefe","14":"product_tag-stuhl","15":"product_tag-zertifiziert","16":"product_tag-synchroner-mechanismus","17":"product_tag-professionell","18":"product_tag-getestet","19":"product_tag-gewichtsabhangig","20":"product_tag-funktionalitat","21":"product_tag-raeder","22":"product_tag-kippen-de","23":"product_tag-buro","24":"product_tag-strapazierfaehig","25":"product_tag-hohe-ruckenlehne","26":"product_tag-qualitat","27":"product_tag-gasfeder","28":"product_tag-aluminium-basis","29":"product_tag-produktivitat","30":"product_tag-npr-de","31":"product_tag-intensive-nutzung","32":"product_tag-kippen","33":"product_tag-ruckenlehne","34":"product_tag-donati-mechanismus","35":"product_tag-ergonomisch-de","36":"product_tag-von-zu-hause-aus-arbeiten-de","37":"product_tag-schwarze-farbe","38":"product_tag-bequem-de","39":"product_tag-einstellbar-de","40":"product_tag-hochwertiger-stoff","41":"product_tag-sitzhohe","42":"product_tag-gesundheit","43":"product_tag-npr-18132016-de","44":"product_tag-npr-1813-de","45":"product_tag-armlehnen","46":"product_tag-400-de","47":"product_tag-hoehenverstellbar","48":"product_tag-weiche-boden","49":"product_tag-4d-achselpolster","50":"product_tag-npr-1813-richtlinie","51":"product_tag-sitz","52":"product_tag-dicker-rucken","53":"product_tag-buerostuhl","54":"product_tag-lendenwirbelstutze","55":"product_tag-schwarzer-sockel","56":"pa_kruisvoetkleur-poliertes-aluminium","57":"pa_kruisvoetkleur-schwarz","58":"pa_stoffering-schwarz","60":"first","61":"instock","62":"purchasable","63":"product-type-variable"},"acf":{"downloads":[{"label":"factsheet_400npr-comfort-2020-frans-1","bestand":26876,"toegankelijkheid":"resellers"},{"label":"Factsheet_400npr-COMFORT-ENG","bestand":34776,"toegankelijkheid":"resellers"},{"label":"Factsheet_NPR400Komfort","bestand":34779,"toegankelijkheid":"resellers"},{"label":"Handbuch-Montage-400-Komfort-franz\u00f6sisch","bestand":34782,"toegankelijkheid":"resellers"},{"label":"Factsheet_400npr-COMFORT_V1-englisch-1","bestand":34806,"toegankelijkheid":"resellers"},{"label":"factsheet_400npr-comfort-2020-frans","bestand":34809,"toegankelijkheid":"resellers"},{"label":"Factsheet_400npr-COMFORT_V1-englisch","bestand":34812,"toegankelijkheid":"resellers"}]},"yoast_head":"<!-- This site is optimized with the Yoast SEO plugin v26.7 - https:\/\/yoast.com\/wordpress\/plugins\/seo\/ -->\n<title>Drehstuhl Serie 400-NPR Komfort - Schaffenburg<\/title>\n<meta name=\"robots\" content=\"index, follow, max-snippet:-1, max-image-preview:large, max-video-preview:-1\" \/>\n<link rel=\"canonical\" href=\"https:\/\/portal.schaffenburg.nl\/de\/produkt\/drehstuhl-serie-400-npr-komfort\/\" \/>\n<meta property=\"og:locale\" content=\"de_DE\" \/>\n<meta property=\"og:type\" content=\"article\" \/>\n<meta property=\"og:title\" content=\"Drehstuhl Serie 400-NPR Komfort - Schaffenburg\" \/>\n<meta property=\"og:description\" content=\"Der B\u00fcrostuhl der Serie 400-NPR comfort bietet optimalen Komfort und Funktionalit\u00e4t mit verstellbarer R\u00fcckenlehne, Sitz und Armlehnen, Synchronmechanik und strapazierf\u00e4higem Stoff. Entspricht der Norm NPR 1813:2016 und ist f\u00fcr intensive Nutzung geeignet. Optionale Donati-Mechanik mit automatischer Gewichtseinstellung ohne Aufpreis.\" \/>\n<meta property=\"og:url\" content=\"https:\/\/portal.schaffenburg.nl\/de\/produkt\/drehstuhl-serie-400-npr-komfort\/\" \/>\n<meta property=\"og:site_name\" content=\"Schaffenburg\" \/>\n<meta property=\"og:image\" content=\"https:\/\/portal.schaffenburg.nl\/wp-content\/uploads\/2024\/09\/400-comfort-3kwart-WEB.png?wsr\" \/>\n\t<meta property=\"og:image:width\" content=\"1417\" \/>\n\t<meta property=\"og:image:height\" content=\"1417\" \/>\n\t<meta property=\"og:image:type\" content=\"image\/png\" \/>\n<meta name=\"twitter:card\" content=\"summary_large_image\" \/>\n<meta name=\"twitter:label1\" content=\"Gesch\u00e4tzte Lesezeit\" \/>\n\t<meta name=\"twitter:data1\" content=\"2\u00a0Minuten\" \/>\n<script type=\"application\/ld+json\" class=\"yoast-schema-graph\">{\"@context\":\"https:\/\/schema.org\",\"@graph\":[{\"@type\":\"WebPage\",\"@id\":\"https:\/\/portal.schaffenburg.nl\/de\/produkt\/drehstuhl-serie-400-npr-komfort\/\",\"url\":\"https:\/\/portal.schaffenburg.nl\/de\/produkt\/drehstuhl-serie-400-npr-komfort\/\",\"name\":\"Drehstuhl Serie 400-NPR Komfort - Schaffenburg\",\"isPartOf\":{\"@id\":\"https:\/\/portal.schaffenburg.nl\/de\/#website\"},\"primaryImageOfPage\":{\"@id\":\"https:\/\/portal.schaffenburg.nl\/de\/produkt\/drehstuhl-serie-400-npr-komfort\/#primaryimage\"},\"image\":{\"@id\":\"https:\/\/portal.schaffenburg.nl\/de\/produkt\/drehstuhl-serie-400-npr-komfort\/#primaryimage\"},\"thumbnailUrl\":\"https:\/\/portal.schaffenburg.nl\/wp-content\/uploads\/2024\/09\/400-comfort-3kwart-WEB.png?wsr\",\"datePublished\":\"2019-01-15T14:17:39+00:00\",\"breadcrumb\":{\"@id\":\"https:\/\/portal.schaffenburg.nl\/de\/produkt\/drehstuhl-serie-400-npr-komfort\/#breadcrumb\"},\"inLanguage\":\"de\",\"potentialAction\":[{\"@type\":\"ReadAction\",\"target\":[\"https:\/\/portal.schaffenburg.nl\/de\/produkt\/drehstuhl-serie-400-npr-komfort\/\"]}]},{\"@type\":\"ImageObject\",\"inLanguage\":\"de\",\"@id\":\"https:\/\/portal.schaffenburg.nl\/de\/produkt\/drehstuhl-serie-400-npr-komfort\/#primaryimage\",\"url\":\"https:\/\/portal.schaffenburg.nl\/wp-content\/uploads\/2024\/09\/400-comfort-3kwart-WEB.png?wsr\",\"contentUrl\":\"https:\/\/portal.schaffenburg.nl\/wp-content\/uploads\/2024\/09\/400-comfort-3kwart-WEB.png?wsr\",\"width\":1417,\"height\":1417},{\"@type\":\"BreadcrumbList\",\"@id\":\"https:\/\/portal.schaffenburg.nl\/de\/produkt\/drehstuhl-serie-400-npr-komfort\/#breadcrumb\",\"itemListElement\":[{\"@type\":\"ListItem\",\"position\":1,\"name\":\"Home\",\"item\":\"https:\/\/portal.schaffenburg.nl\/de\/\"},{\"@type\":\"ListItem\",\"position\":2,\"name\":\"Drehstuhl Serie 400-NPR Komfort\"}]},{\"@type\":\"WebSite\",\"@id\":\"https:\/\/portal.schaffenburg.nl\/de\/#website\",\"url\":\"https:\/\/portal.schaffenburg.nl\/de\/\",\"name\":\"Schaffenburg\",\"description\":\"\",\"potentialAction\":[{\"@type\":\"SearchAction\",\"target\":{\"@type\":\"EntryPoint\",\"urlTemplate\":\"https:\/\/portal.schaffenburg.nl\/de\/?s={search_term_string}\"},\"query-input\":{\"@type\":\"PropertyValueSpecification\",\"valueRequired\":true,\"valueName\":\"search_term_string\"}}],\"inLanguage\":\"de\"}]}<\/script>\n<!-- \/ Yoast SEO plugin. -->","yoast_head_json":{"title":"Drehstuhl Serie 400-NPR Komfort - Schaffenburg","robots":{"index":"index","follow":"follow","max-snippet":"max-snippet:-1","max-image-preview":"max-image-preview:large","max-video-preview":"max-video-preview:-1"},"canonical":"https:\/\/portal.schaffenburg.nl\/de\/produkt\/drehstuhl-serie-400-npr-komfort\/","og_locale":"de_DE","og_type":"article","og_title":"Drehstuhl Serie 400-NPR Komfort - Schaffenburg","og_description":"Der B\u00fcrostuhl der Serie 400-NPR comfort bietet optimalen Komfort und Funktionalit\u00e4t mit verstellbarer R\u00fcckenlehne, Sitz und Armlehnen, Synchronmechanik und strapazierf\u00e4higem Stoff. Entspricht der Norm NPR 1813:2016 und ist f\u00fcr intensive Nutzung geeignet. Optionale Donati-Mechanik mit automatischer Gewichtseinstellung ohne Aufpreis.","og_url":"https:\/\/portal.schaffenburg.nl\/de\/produkt\/drehstuhl-serie-400-npr-komfort\/","og_site_name":"Schaffenburg","og_image":[{"width":1417,"height":1417,"url":"https:\/\/portal.schaffenburg.nl\/wp-content\/uploads\/2024\/09\/400-comfort-3kwart-WEB.png?wsr","type":"image\/png"}],"twitter_card":"summary_large_image","twitter_misc":{"Gesch\u00e4tzte Lesezeit":"2\u00a0Minuten"},"schema":{"@context":"https:\/\/schema.org","@graph":[{"@type":"WebPage","@id":"https:\/\/portal.schaffenburg.nl\/de\/produkt\/drehstuhl-serie-400-npr-komfort\/","url":"https:\/\/portal.schaffenburg.nl\/de\/produkt\/drehstuhl-serie-400-npr-komfort\/","name":"Drehstuhl Serie 400-NPR Komfort - Schaffenburg","isPartOf":{"@id":"https:\/\/portal.schaffenburg.nl\/de\/#website"},"primaryImageOfPage":{"@id":"https:\/\/portal.schaffenburg.nl\/de\/produkt\/drehstuhl-serie-400-npr-komfort\/#primaryimage"},"image":{"@id":"https:\/\/portal.schaffenburg.nl\/de\/produkt\/drehstuhl-serie-400-npr-komfort\/#primaryimage"},"thumbnailUrl":"https:\/\/portal.schaffenburg.nl\/wp-content\/uploads\/2024\/09\/400-comfort-3kwart-WEB.png?wsr","datePublished":"2019-01-15T14:17:39+00:00","breadcrumb":{"@id":"https:\/\/portal.schaffenburg.nl\/de\/produkt\/drehstuhl-serie-400-npr-komfort\/#breadcrumb"},"inLanguage":"de","potentialAction":[{"@type":"ReadAction","target":["https:\/\/portal.schaffenburg.nl\/de\/produkt\/drehstuhl-serie-400-npr-komfort\/"]}]},{"@type":"ImageObject","inLanguage":"de","@id":"https:\/\/portal.schaffenburg.nl\/de\/produkt\/drehstuhl-serie-400-npr-komfort\/#primaryimage","url":"https:\/\/portal.schaffenburg.nl\/wp-content\/uploads\/2024\/09\/400-comfort-3kwart-WEB.png?wsr","contentUrl":"https:\/\/portal.schaffenburg.nl\/wp-content\/uploads\/2024\/09\/400-comfort-3kwart-WEB.png?wsr","width":1417,"height":1417},{"@type":"BreadcrumbList","@id":"https:\/\/portal.schaffenburg.nl\/de\/produkt\/drehstuhl-serie-400-npr-komfort\/#breadcrumb","itemListElement":[{"@type":"ListItem","position":1,"name":"Home","item":"https:\/\/portal.schaffenburg.nl\/de\/"},{"@type":"ListItem","position":2,"name":"Drehstuhl Serie 400-NPR Komfort"}]},{"@type":"WebSite","@id":"https:\/\/portal.schaffenburg.nl\/de\/#website","url":"https:\/\/portal.schaffenburg.nl\/de\/","name":"Schaffenburg","description":"","potentialAction":[{"@type":"SearchAction","target":{"@type":"EntryPoint","urlTemplate":"https:\/\/portal.schaffenburg.nl\/de\/?s={search_term_string}"},"query-input":{"@type":"PropertyValueSpecification","valueRequired":true,"valueName":"search_term_string"}}],"inLanguage":"de"}]}},"_links":{"self":[{"href":"https:\/\/portal.schaffenburg.nl\/de\/wp-json\/wp\/v2\/product\/33218","targetHints":{"allow":["GET"]}}],"collection":[{"href":"https:\/\/portal.schaffenburg.nl\/de\/wp-json\/wp\/v2\/product"}],"about":[{"href":"https:\/\/portal.schaffenburg.nl\/de\/wp-json\/wp\/v2\/types\/product"}],"replies":[{"embeddable":true,"href":"https:\/\/portal.schaffenburg.nl\/de\/wp-json\/wp\/v2\/comments?post=33218"}],"wp:featuredmedia":[{"embeddable":true,"href":"https:\/\/portal.schaffenburg.nl\/de\/wp-json\/wp\/v2\/media\/22588"}],"wp:attachment":[{"href":"https:\/\/portal.schaffenburg.nl\/de\/wp-json\/wp\/v2\/media?parent=33218"}],"wp:term":[{"taxonomy":"product_brand","embeddable":true,"href":"https:\/\/portal.schaffenburg.nl\/de\/wp-json\/wp\/v2\/product_brand?post=33218"},{"taxonomy":"product_cat","embeddable":true,"href":"https:\/\/portal.schaffenburg.nl\/de\/wp-json\/wp\/v2\/product_cat?post=33218"},{"taxonomy":"product_tag","embeddable":true,"href":"https:\/\/portal.schaffenburg.nl\/de\/wp-json\/wp\/v2\/product_tag?post=33218"}],"curies":[{"name":"wp","href":"https:\/\/api.w.org\/{rel}","templated":true}]}}