{"id":33278,"date":"2019-01-15T14:55:04","date_gmt":"2019-01-15T12:55:04","guid":{"rendered":"https:\/\/staging-schaffenburg.nl\/product\/drehstuhl-serie-300-nen-komfort\/"},"modified":"2019-01-15T14:55:04","modified_gmt":"2019-01-15T14:55:04","slug":"drehstuhl-serie-300-nen-komfort","status":"publish","type":"product","link":"https:\/\/portal.schaffenburg.nl\/de\/produkt\/drehstuhl-serie-300-nen-komfort\/","title":{"rendered":"Drehstuhl Serie 300-NEN Komfort"},"content":{"rendered":"Der B\u00fcrostuhl der Serie 300-NEN comfort ist der perfekte B\u00fcrostuhl f\u00fcr alle, die Wert auf einen bequemen und ergonomischen Arbeitsplatz legen. Die hoch gepolsterte, dicke R\u00fcckenlehne und der Sitz in Schwarz bieten eine hervorragende Unterst\u00fctzung f\u00fcr Ihren K\u00f6rper. \nDank der Sitzh\u00f6henverstellung und der h\u00f6henverstellbaren R\u00fcckenlehne ist dieser B\u00fcrostuhl f\u00fcr Menschen jeder K\u00f6rpergr\u00f6\u00dfe geeignet. Die tiefenverstellbare Lendenwirbelst\u00fctze und die um 7 cm verstellbare Sitztiefe sorgen f\u00fcr einen perfekten Sitz. Sie werden weniger schnell erm\u00fcden und mehr Arbeit erledigen k\u00f6nnen.  \nDie h\u00f6henverstellbaren Armlehnen sind mit 3D-Armpads ausgestattet. Sie k\u00f6nnen die Armlehnen auf die richtige H\u00f6he einstellen, um Ihre Schultern und Arme optimal zu st\u00fctzen. Die Synchronmechanik sorgt daf\u00fcr, dass der Stuhl automatisch den richtigen Winkel einnimmt, damit Sie immer in einer gesunden Position sitzen.  \nDer permanente R\u00fcckenkontakt und die gewichtsabh\u00e4ngige Neigungsverstellung sorgen daf\u00fcr, dass Ihr R\u00fccken und Ihr K\u00f6rper perfekt unterst\u00fctzt werden. Dadurch wird das Risiko von R\u00fcckenschmerzen reduziert. Die Gasfeder der Klasse 3 macht es einfach, die H\u00f6he des Stuhls an Ihren Arbeitsplatz anzupassen.  \nDie halbgebremsten Rollen sind f\u00fcr harte und weiche B\u00f6den geeignet und machen den Stuhl leicht beweglich. Der hochwertige, 100.000 Martindale abriebfeste Stoff ist speziell f\u00fcr intensive Nutzung ausgelegt. Er sorgt auch daf\u00fcr, dass Ihr B\u00fcrostuhl \u00fcber Jahre hinweg wie neu aussehen wird.  \nDer B\u00fcrostuhl der Serie 300-NEN comfort entspricht der strengen Norm NEN-EN 1335-1:20. Dieser Stuhl wurde f\u00fcr die Verwendung im B\u00fcro getestet und zertifiziert. Mit Abmessungen von 45,5 x 46,5\/51,5 x 105\/126 cm (BxTxH) und einem maximal belastbaren Gewicht von 110 kg ist dieser B\u00fcrostuhl f\u00fcr fast jeden geeignet.  \nWenn Sie auf der Suche nach einem B\u00fcrostuhl sind, der Komfort, Unterst\u00fctzung und Langlebigkeit bietet, ist der Komfort-B\u00fcrostuhl der Serie 300-NEN die perfekte Wahl f\u00fcr Sie. Bestellen Sie noch heute und erleben Sie den Unterschied, den dieser Stuhl an Ihrem Arbeitsplatz machen kann! \n<h6>Eigenschaften<\/h6>\n<ul>\n<li>Gepolsterte hohe dicke R\u00fcckenlehne und Sitz schwarz<\/li>\n<li>Einstellung der Sitzh\u00f6he<\/li>\n<li>H\u00f6henverstellbare R\u00fcckenlehne<\/li>\n<li>In der Tiefe verstellbare Lendenwirbelst\u00fctze<\/li>\n<li>Einstellbare Sitztiefe 7 cm<\/li>\n<li>H\u00f6henverstellbare Armlehne<\/li>\n<li>3D-Armlehnen (optional: 4D)<\/li>\n<li>Synchroner Mechanismus<\/li>\n<li>Permanenter R\u00fcckkontakt<\/li>\n<li>Gewichtsabh\u00e4ngige Neigungsverstellung<\/li>\n<li>Gasfeder Klasse 3<\/li>\n<li>Schwarzer verst\u00e4rkter Kunststoffsockel (optionaler Aluminiumsockel)<\/li>\n<li>Halbgebremste R\u00e4der f\u00fcr harte und weiche B\u00f6den<\/li>\n<li>Hochwertiger, strapazierf\u00e4higer Stoff 100.000 Martindale f\u00fcr intensiven Gebrauch<\/li>\n<li>Getestet und zertifiziert nach der Norm NEN-EN 1335-1:20<\/li>\n<li>Abmessungen: 45,5 x 46,5\/51,5 x 105\/126 cm (BxTxH)<\/li>\n<li>Maximale Tragf\u00e4higkeit 110 kg<\/li>\n<\/ul>\nAuch in verschiedenen Stoff-, Kunstleder- und Lederfarben erh\u00e4ltlich, allerdings auf Bestellung. Siehe Farbkarten unter Downloads. \n","protected":false},"excerpt":{"rendered":"<p>Der B\u00fcrostuhl der Serie 300-NEN comfort ist ein ergonomischer B\u00fcrostuhl mit gepolsterter, hoher, dicker R\u00fcckenlehne und Sitz in Schwarz, Sitzh\u00f6hen- und R\u00fcckenlehnenverstellung, verstellbarer Sitztiefe und 3D-Armpolstern. Der Stuhl verf\u00fcgt \u00fcber eine Synchronmechanik, permanenten R\u00fcckenkontakt, gewichtsabh\u00e4ngige Neigungsverstellung und ist nach der Norm NEN-EN 1335-1:20 getestet und zertifiziert. <\/p>\n","protected":false},"featured_media":22628,"comment_status":"closed","ping_status":"closed","template":"","meta":{"_acf_changed":false},"product_brand":[],"product_cat":[2140,3052],"product_tag":[2142,3110,4155,6109,2143,3114,4157,6110,2145,3132,4161,6111,2156,3246,4162,2167,3526,4163,2285,3678,4164,2466,3679,4230,2707,3680,4341,2711,3682,4344,2731,3685,5229,3053,3688,5647,3054,3957,5652,3055,4054,5843,3058,4057,5983,3066,4092,6006,3068,4154,6045],"class_list":{"0":"post-33278","1":"product","2":"type-product","3":"status-publish","4":"has-post-thumbnail","6":"product_cat-schnelle-lieferung","7":"product_cat-buerostuehle","8":"product_tag-komfort","9":"product_tag-raeder","10":"product_tag-fuskreuz","11":"product_tag-steuerpflichtig","12":"product_tag-nachhaltig","13":"product_tag-strapazierfaehig","14":"product_tag-sitztiefe","15":"product_tag-standard","16":"product_tag-schwarz","17":"product_tag-arbeitsplatz-de","18":"product_tag-martindale-de","19":"product_tag-korperhaltung-de-2","20":"product_tag-hochwertige","21":"product_tag-plastik","22":"product_tag-synchroner-mechanismus","23":"product_tag-intensiv","24":"product_tag-gasfeder","25":"product_tag-gewichtsabhangig","26":"product_tag-buro","27":"product_tag-unterstutzen-sie","28":"product_tag-kontakt-zuruck","29":"product_tag-qualitat","30":"product_tag-ruckenschmerzen","31":"product_tag-einstellung","32":"product_tag-ergonomisch-de","33":"product_tag-ruckenlehne","34":"product_tag-kippen-de","35":"product_tag-bequem-de","36":"product_tag-mudigkeit","37":"product_tag-nen-en-1335-de","38":"product_tag-abmessungen","39":"product_tag-gesundheit","40":"product_tag-anpassung","41":"product_tag-3d-armpads-de","42":"product_tag-nen-de","43":"product_tag-waffen","44":"product_tag-buerostuhl","45":"product_tag-umweltfreundlich","46":"product_tag-schultern","47":"product_tag-gepolstert","48":"product_tag-verstarkte-basis-aus-poliertem-aluminium","49":"product_tag-gasfeder-klasse-3","50":"product_tag-einstellung-der-sitzhoehe","51":"product_tag-nen-1335-de","52":"product_tag-armlehne","53":"product_tag-zertifiziert","54":"product_tag-bewegung","55":"product_tag-anpassungsfahigkeit-de","56":"product_tag-nen-en-1335-120-norm-de","57":"product_tag-lendenwirbelstutze","58":"product_tag-halbgebremst","59":"pa_kruisvoetkleur-poliertes-aluminium","60":"pa_kruisvoetkleur-schwarz","61":"pa_stoffering-schwarz","63":"first","64":"instock","65":"purchasable","66":"product-type-variable"},"acf":{"downloads":[{"label":"Certificaat-300-NEN-EN1335","bestand":26848,"toegankelijkheid":"resellers"},{"label":"factsheet_300nen-comfort_2020-frans","bestand":26858,"toegankelijkheid":"resellers"},{"label":"Handbuch-Montage-300-Komfort-Franz\u00f6sisch","bestand":26860,"toegankelijkheid":"resellers"},{"label":"factsheet_300nen-comfort_2020-engels","bestand":26854,"toegankelijkheid":"resellers"},{"label":"Handbuch-Montage-300-Komfort-Engel","bestand":26856,"toegankelijkheid":"resellers"},{"label":"factsheet_300nen-comfort_2017-v1_opzet4","bestand":"","toegankelijkheid":"resellers"},{"label":"Handbuch-Montage-300-Komfort","bestand":"","toegankelijkheid":"resellers"},{"label":"factsheet_300nen-comfort_2017-v1_opzet3","bestand":26850,"toegankelijkheid":"resellers"},{"label":"factsheet_300nen-comfort_2019-versie-1factsheet_300nen-comfort_2019-versie-1","bestand":26852,"toegankelijkheid":"resellers"}]},"yoast_head":"<!-- This site is optimized with the Yoast SEO plugin v26.7 - https:\/\/yoast.com\/wordpress\/plugins\/seo\/ -->\n<title>Drehstuhl Serie 300-NEN Komfort - Schaffenburg<\/title>\n<meta name=\"robots\" content=\"index, follow, max-snippet:-1, max-image-preview:large, max-video-preview:-1\" \/>\n<link rel=\"canonical\" href=\"https:\/\/portal.schaffenburg.nl\/de\/produkt\/drehstuhl-serie-300-nen-komfort\/\" \/>\n<meta property=\"og:locale\" content=\"de_DE\" \/>\n<meta property=\"og:type\" content=\"article\" \/>\n<meta property=\"og:title\" content=\"Drehstuhl Serie 300-NEN Komfort - Schaffenburg\" \/>\n<meta property=\"og:description\" content=\"Der B\u00fcrostuhl der Serie 300-NEN comfort ist ein ergonomischer B\u00fcrostuhl mit gepolsterter, hoher, dicker R\u00fcckenlehne und Sitz in Schwarz, Sitzh\u00f6hen- und R\u00fcckenlehnenverstellung, verstellbarer Sitztiefe und 3D-Armpolstern. Der Stuhl verf\u00fcgt \u00fcber eine Synchronmechanik, permanenten R\u00fcckenkontakt, gewichtsabh\u00e4ngige Neigungsverstellung und ist nach der Norm NEN-EN 1335-1:20 getestet und zertifiziert.\" \/>\n<meta property=\"og:url\" content=\"https:\/\/portal.schaffenburg.nl\/de\/produkt\/drehstuhl-serie-300-nen-komfort\/\" \/>\n<meta property=\"og:site_name\" content=\"Schaffenburg\" \/>\n<meta property=\"article:modified_time\" content=\"2019-01-15T14:55:04+00:00\" \/>\n<meta property=\"og:image\" content=\"https:\/\/portal.schaffenburg.nl\/wp-content\/uploads\/2024\/09\/300_comfort.jpg?wsr\" \/>\n\t<meta property=\"og:image:width\" content=\"800\" \/>\n\t<meta property=\"og:image:height\" content=\"800\" \/>\n\t<meta property=\"og:image:type\" content=\"image\/jpeg\" \/>\n<meta name=\"twitter:card\" content=\"summary_large_image\" \/>\n<meta name=\"twitter:label1\" content=\"Gesch\u00e4tzte Lesezeit\" \/>\n\t<meta name=\"twitter:data1\" content=\"2\u00a0Minuten\" \/>\n<script type=\"application\/ld+json\" class=\"yoast-schema-graph\">{\"@context\":\"https:\/\/schema.org\",\"@graph\":[{\"@type\":\"WebPage\",\"@id\":\"https:\/\/portal.schaffenburg.nl\/de\/produkt\/drehstuhl-serie-300-nen-komfort\/\",\"url\":\"https:\/\/portal.schaffenburg.nl\/de\/produkt\/drehstuhl-serie-300-nen-komfort\/\",\"name\":\"Drehstuhl Serie 300-NEN Komfort - Schaffenburg\",\"isPartOf\":{\"@id\":\"https:\/\/portal.schaffenburg.nl\/de\/#website\"},\"primaryImageOfPage\":{\"@id\":\"https:\/\/portal.schaffenburg.nl\/de\/produkt\/drehstuhl-serie-300-nen-komfort\/#primaryimage\"},\"image\":{\"@id\":\"https:\/\/portal.schaffenburg.nl\/de\/produkt\/drehstuhl-serie-300-nen-komfort\/#primaryimage\"},\"thumbnailUrl\":\"https:\/\/portal.schaffenburg.nl\/wp-content\/uploads\/2024\/09\/300_comfort.jpg?wsr\",\"datePublished\":\"2019-01-15T12:55:04+00:00\",\"dateModified\":\"2019-01-15T14:55:04+00:00\",\"breadcrumb\":{\"@id\":\"https:\/\/portal.schaffenburg.nl\/de\/produkt\/drehstuhl-serie-300-nen-komfort\/#breadcrumb\"},\"inLanguage\":\"de\",\"potentialAction\":[{\"@type\":\"ReadAction\",\"target\":[\"https:\/\/portal.schaffenburg.nl\/de\/produkt\/drehstuhl-serie-300-nen-komfort\/\"]}]},{\"@type\":\"ImageObject\",\"inLanguage\":\"de\",\"@id\":\"https:\/\/portal.schaffenburg.nl\/de\/produkt\/drehstuhl-serie-300-nen-komfort\/#primaryimage\",\"url\":\"https:\/\/portal.schaffenburg.nl\/wp-content\/uploads\/2024\/09\/300_comfort.jpg?wsr\",\"contentUrl\":\"https:\/\/portal.schaffenburg.nl\/wp-content\/uploads\/2024\/09\/300_comfort.jpg?wsr\",\"width\":800,\"height\":800,\"caption\":\"Drehstuhl Serie 300-NEN Komfort\"},{\"@type\":\"BreadcrumbList\",\"@id\":\"https:\/\/portal.schaffenburg.nl\/de\/produkt\/drehstuhl-serie-300-nen-komfort\/#breadcrumb\",\"itemListElement\":[{\"@type\":\"ListItem\",\"position\":1,\"name\":\"Home\",\"item\":\"https:\/\/portal.schaffenburg.nl\/de\/\"},{\"@type\":\"ListItem\",\"position\":2,\"name\":\"Drehstuhl Serie 300-NEN Komfort\"}]},{\"@type\":\"WebSite\",\"@id\":\"https:\/\/portal.schaffenburg.nl\/de\/#website\",\"url\":\"https:\/\/portal.schaffenburg.nl\/de\/\",\"name\":\"Schaffenburg\",\"description\":\"\",\"potentialAction\":[{\"@type\":\"SearchAction\",\"target\":{\"@type\":\"EntryPoint\",\"urlTemplate\":\"https:\/\/portal.schaffenburg.nl\/de\/?s={search_term_string}\"},\"query-input\":{\"@type\":\"PropertyValueSpecification\",\"valueRequired\":true,\"valueName\":\"search_term_string\"}}],\"inLanguage\":\"de\"}]}<\/script>\n<!-- \/ Yoast SEO plugin. -->","yoast_head_json":{"title":"Drehstuhl Serie 300-NEN Komfort - Schaffenburg","robots":{"index":"index","follow":"follow","max-snippet":"max-snippet:-1","max-image-preview":"max-image-preview:large","max-video-preview":"max-video-preview:-1"},"canonical":"https:\/\/portal.schaffenburg.nl\/de\/produkt\/drehstuhl-serie-300-nen-komfort\/","og_locale":"de_DE","og_type":"article","og_title":"Drehstuhl Serie 300-NEN Komfort - Schaffenburg","og_description":"Der B\u00fcrostuhl der Serie 300-NEN comfort ist ein ergonomischer B\u00fcrostuhl mit gepolsterter, hoher, dicker R\u00fcckenlehne und Sitz in Schwarz, Sitzh\u00f6hen- und R\u00fcckenlehnenverstellung, verstellbarer Sitztiefe und 3D-Armpolstern. Der Stuhl verf\u00fcgt \u00fcber eine Synchronmechanik, permanenten R\u00fcckenkontakt, gewichtsabh\u00e4ngige Neigungsverstellung und ist nach der Norm NEN-EN 1335-1:20 getestet und zertifiziert.","og_url":"https:\/\/portal.schaffenburg.nl\/de\/produkt\/drehstuhl-serie-300-nen-komfort\/","og_site_name":"Schaffenburg","article_modified_time":"2019-01-15T14:55:04+00:00","og_image":[{"width":800,"height":800,"url":"https:\/\/portal.schaffenburg.nl\/wp-content\/uploads\/2024\/09\/300_comfort.jpg?wsr","type":"image\/jpeg"}],"twitter_card":"summary_large_image","twitter_misc":{"Gesch\u00e4tzte Lesezeit":"2\u00a0Minuten"},"schema":{"@context":"https:\/\/schema.org","@graph":[{"@type":"WebPage","@id":"https:\/\/portal.schaffenburg.nl\/de\/produkt\/drehstuhl-serie-300-nen-komfort\/","url":"https:\/\/portal.schaffenburg.nl\/de\/produkt\/drehstuhl-serie-300-nen-komfort\/","name":"Drehstuhl Serie 300-NEN Komfort - Schaffenburg","isPartOf":{"@id":"https:\/\/portal.schaffenburg.nl\/de\/#website"},"primaryImageOfPage":{"@id":"https:\/\/portal.schaffenburg.nl\/de\/produkt\/drehstuhl-serie-300-nen-komfort\/#primaryimage"},"image":{"@id":"https:\/\/portal.schaffenburg.nl\/de\/produkt\/drehstuhl-serie-300-nen-komfort\/#primaryimage"},"thumbnailUrl":"https:\/\/portal.schaffenburg.nl\/wp-content\/uploads\/2024\/09\/300_comfort.jpg?wsr","datePublished":"2019-01-15T12:55:04+00:00","dateModified":"2019-01-15T14:55:04+00:00","breadcrumb":{"@id":"https:\/\/portal.schaffenburg.nl\/de\/produkt\/drehstuhl-serie-300-nen-komfort\/#breadcrumb"},"inLanguage":"de","potentialAction":[{"@type":"ReadAction","target":["https:\/\/portal.schaffenburg.nl\/de\/produkt\/drehstuhl-serie-300-nen-komfort\/"]}]},{"@type":"ImageObject","inLanguage":"de","@id":"https:\/\/portal.schaffenburg.nl\/de\/produkt\/drehstuhl-serie-300-nen-komfort\/#primaryimage","url":"https:\/\/portal.schaffenburg.nl\/wp-content\/uploads\/2024\/09\/300_comfort.jpg?wsr","contentUrl":"https:\/\/portal.schaffenburg.nl\/wp-content\/uploads\/2024\/09\/300_comfort.jpg?wsr","width":800,"height":800,"caption":"Drehstuhl Serie 300-NEN Komfort"},{"@type":"BreadcrumbList","@id":"https:\/\/portal.schaffenburg.nl\/de\/produkt\/drehstuhl-serie-300-nen-komfort\/#breadcrumb","itemListElement":[{"@type":"ListItem","position":1,"name":"Home","item":"https:\/\/portal.schaffenburg.nl\/de\/"},{"@type":"ListItem","position":2,"name":"Drehstuhl Serie 300-NEN Komfort"}]},{"@type":"WebSite","@id":"https:\/\/portal.schaffenburg.nl\/de\/#website","url":"https:\/\/portal.schaffenburg.nl\/de\/","name":"Schaffenburg","description":"","potentialAction":[{"@type":"SearchAction","target":{"@type":"EntryPoint","urlTemplate":"https:\/\/portal.schaffenburg.nl\/de\/?s={search_term_string}"},"query-input":{"@type":"PropertyValueSpecification","valueRequired":true,"valueName":"search_term_string"}}],"inLanguage":"de"}]}},"_links":{"self":[{"href":"https:\/\/portal.schaffenburg.nl\/de\/wp-json\/wp\/v2\/product\/33278","targetHints":{"allow":["GET"]}}],"collection":[{"href":"https:\/\/portal.schaffenburg.nl\/de\/wp-json\/wp\/v2\/product"}],"about":[{"href":"https:\/\/portal.schaffenburg.nl\/de\/wp-json\/wp\/v2\/types\/product"}],"replies":[{"embeddable":true,"href":"https:\/\/portal.schaffenburg.nl\/de\/wp-json\/wp\/v2\/comments?post=33278"}],"wp:featuredmedia":[{"embeddable":true,"href":"https:\/\/portal.schaffenburg.nl\/de\/wp-json\/wp\/v2\/media\/22628"}],"wp:attachment":[{"href":"https:\/\/portal.schaffenburg.nl\/de\/wp-json\/wp\/v2\/media?parent=33278"}],"wp:term":[{"taxonomy":"product_brand","embeddable":true,"href":"https:\/\/portal.schaffenburg.nl\/de\/wp-json\/wp\/v2\/product_brand?post=33278"},{"taxonomy":"product_cat","embeddable":true,"href":"https:\/\/portal.schaffenburg.nl\/de\/wp-json\/wp\/v2\/product_cat?post=33278"},{"taxonomy":"product_tag","embeddable":true,"href":"https:\/\/portal.schaffenburg.nl\/de\/wp-json\/wp\/v2\/product_tag?post=33278"}],"curies":[{"name":"wp","href":"https:\/\/api.w.org\/{rel}","templated":true}]}}